{"id":36135,"date":"2026-01-24T09:33:48","date_gmt":"2026-01-24T08:33:48","guid":{"rendered":"https:\/\/fvcomponentes.com\/?post_type=product&#038;p=36135"},"modified":"2026-02-06T15:58:44","modified_gmt":"2026-02-06T14:58:44","slug":"maxge-alpha-kombinierter-uberspannungsschutz-pt-2p-40a-typ-2-klasse-c-15ka-imax-en50550","status":"publish","type":"product","link":"https:\/\/fvcomponentes.com\/de\/producto\/protector-combinado-maxge-alpha-sobretensiones-pt-2p-40a-tipo-2-clase-c-15ka-imax-en50550\/","title":{"rendered":"Maxge Alpha+ 2P P+T \u00dcberspannungsschutzger\u00e4t, 40A, Typ 2\/Klasse C, 15kA Max, - EPBOV2SC40"},"content":{"rendered":"<h2>Maxge Alpha+ 2P P+T \u00dcberspannungsschutzger\u00e4t, 40A, Typ 2\/Klasse C, 15kA Max, - EPBOV2SC40<\/h2>\n<p>Der Maxge Alpha+ 2P, 40A P+T Surge Protector ist ein Schutzger\u00e4t, das transiente \u00dcberspannungen begrenzt und umleitet. Diese \u00dcberspannungen k\u00f6nnen \u00fcber das Stromversorgungsnetz in eine elektrische Anlage eindringen und empfindliche Ger\u00e4te besch\u00e4digen sowie die Lebensdauer elektronischer Ger\u00e4te verk\u00fcrzen.<br \/>\nDar\u00fcber hinaus k\u00f6nnen sie in extremen F\u00e4llen katastrophale Ausf\u00e4lle oder Br\u00e4nde verursachen.<\/p>\n<p>Die Schutzeinrichtung wirkt automatisch und sehr schnell und leitet Spannungsspitzen gegen Erde ab, um die Stabilit\u00e4t und Sicherheit des Systems zu gew\u00e4hrleisten.<\/p>\n<p>Dieses Modell aus der Alpha+-Reihe von Maxge vereint hohe Absorptionskapazit\u00e4t, schnelle Reaktion und Robustheit.<br \/>\nDies macht sie zu einer idealen L\u00f6sung f\u00fcr den Schutz von Wohn- und Gewerbeanlagen. Sie ist auch f\u00fcr terti\u00e4re und leichtindustrielle Anlagen geeignet.<\/p>\n<h2>Hauptmerkmale des P+T Maxge Alpha+ 2P, 40A \u00dcberspannungsschutzes P+T Maxge Alpha+ 2P, 40A<\/h2>\n<h3>Konfiguration und elektrische Leistung<\/h3>\n<p>Dieser Protektor ist <strong>konfiguriert mit 2 Polen (P + T)<\/strong>, Das bedeutet, dass er den Phasenleiter (P) und den Schutzleiter (T) vor \u00dcberspannung sch\u00fctzt.<br \/>\nDiese Konfiguration ist <strong>ideal f\u00fcr einphasige Installationen<\/strong> wenn es darum geht, elektrische Ger\u00e4te angemessen zu sch\u00fctzen.<\/p>\n<p>Es hat auch eine <strong>40 A Nennstrom<\/strong>, Er eignet sich daher f\u00fcr die Integration in Schaltungen, deren Gesamtschutz um diesen Wert herum bemessen ist.<br \/>\nAus diesem Grund ist es mit den Hauptverteilungsleitungen in privaten oder mittelgro\u00dfen gewerblichen Schaltanlagen kompatibel.<\/p>\n<h3>Wirksamer Schutz vor transienten \u00dcberspannungen<\/h3>\n<p>Der P+T Maxge Alpha+ 2P, 40A \u00dcberspannungsableiter ist klassifiziert als <strong>Typ 2 \/ C-Klasse<\/strong>.<br \/>\nDiese Bezeichnung weist darauf hin, dass sie in der Lage sind, transiente \u00dcberspannungen zu bew\u00e4ltigen, die innerhalb der Anlage erzeugt oder durch indirekte Blitzeinschl\u00e4ge induziert werden.<\/p>\n<p>Schutzvorrichtungen des Typs 2 werden in der Regel in der Hauptverteilung installiert.<\/p>\n<p>Die Klasse C bei \u00dcberspannungsableitern bezieht sich auf die Form und die Wirksamkeit des \u00dcberspannungsschutzes.<br \/>\nDiese Klasse sch\u00fctzt vor mittleren bis hohen Spannungsschwankungen ohne unbeabsichtigte Ausl\u00f6sung.<\/p>\n<h3>Widerstandsf\u00e4higkeit gegen\u00fcber hohen Spitzenwerten<\/h3>\n<p>Der Protektor bietet eine <strong>maximale Impulskapazit\u00e4t<\/strong> (I max) von <strong>15<\/strong> <strong>kA<\/strong>, Das bedeutet, dass er \u00dcberspannungsspitzen von bis zu 15.000 Ampere schadlos aufnehmen und ableiten kann.<br \/>\nDieses Absorptionsverm\u00f6gen ist entscheidend f\u00fcr den angemessenen Schutz elektrischer Systeme gegen Spitzen, die durch transiente Ph\u00e4nomene entstehen.<br \/>\nEs ist daher besonders n\u00fctzlich in Gebieten mit Blitzeinschlag oder h\u00e4ufigen Netzst\u00f6rungen.<\/p>\n<h3>Mechanismus zur schnellen Bedienung<\/h3>\n<p>Dieser Protektor wurde entwickelt, um <strong>fast sofort handeln<\/strong>, Erkennung von Spannungsspitzen und Ableitung der \u00fcbersch\u00fcssigen Energie zur Erde, bevor sie die angeschlossenen Ger\u00e4te erreicht.<br \/>\nDiese schnelle Reaktion minimiert somit das Risiko kostspieliger Sch\u00e4den.<br \/>\nAu\u00dferdem verl\u00e4ngert es die Lebensdauer von elektrischen und elektronischen Ger\u00e4ten.<\/p>\n<h3>Sichere und saubere Installation<\/h3>\n<p>Der \u00dcberspannungsschutz ist ausgelegt f\u00fcr <strong>Montage auf DIN-Schiene<\/strong>.<br \/>\nDies erm\u00f6glicht eine saubere und professionelle Integration in modulare Schalttafeln zusammen mit anderen Schutzelementen wie Leistungsschaltern, Differenzialschaltern oder Sch\u00fctzen.<br \/>\nDieses Format erleichtert k\u00fcnftige Wartungsarbeiten und Erweiterungen, ohne die Organisation der Schalttafel zu beeintr\u00e4chtigen.<\/p>\n<h2>Betrieb des \u00dcberspannungsableiters P+T Maxge Alpha+ 2P, 40A P+T Maxge Alpha+ 2P, 40A<\/h2>\n<p>Dieser Protektor hat folgendes Innenleben:<\/p>\n<ul>\n<li><strong>Erkennt \u00dcberspannung:<\/strong> Die Schutzeinrichtung \u00fcberwacht st\u00e4ndig die Phasenspannung.<\/li>\n<li><strong>Gibt eine Antwort auf die Spitzenspannung: <\/strong>Wenn er eine transiente \u00dcberspannung erkennt, die einen sicheren Schwellenwert \u00fcberschreitet, aktiviert der Schutz seine interne Bypass-Schaltung.<\/li>\n<li><strong>Leitet die \u00dcberspannung gegen Erde ab:<\/strong> Die \u00fcbersch\u00fcssige Energie wird in den Schutzleiter abgeleitet, wodurch verhindert wird, dass die Spitzenspannung die Ger\u00e4te erreicht.<\/li>\n<li><strong>R\u00fcckkehr zum Normalzustand:<\/strong> Sobald die \u00dcberspannung abklingt, kehrt das Ger\u00e4t in den Standby-Zustand zur\u00fcck, um vor der n\u00e4chsten Spannungsspitze zu sch\u00fctzen.<\/li>\n<\/ul>\n<h2>Technische Daten f\u00fcr \u00dcberspannungs-Ableiter P+T Maxge Alpha+ 2P, 40A, Typ 2\/Klasse C, 15kA Max, - EPBOV2SC40<\/h2>\n<p><a href=\"https:\/\/fvcomponentes.com\/wp-content\/uploads\/2026\/02\/es_fichas-tecnicas_EPBOVS-20251107.pdf\" target=\"_blank\" rel=\"noopener\">P+T Maxge Alpha+ 2P, 40A \u00dcberspannungsschutzger\u00e4t P+T Maxge Alpha+ 2P, 40A Datenblatt<\/a><\/p>\n<p><a href=\"https:\/\/fvcomponentes.com\/wp-content\/uploads\/2026\/02\/es_manuales_Manual_ficha_EPBOVS.pdf\" target=\"_blank\" rel=\"noopener\">P+T Maxge Alpha+ 2P, 40A \u00dcberspannungsschutzger\u00e4t P+T Maxge Alpha+ 2P, 40A Handbuch<\/a><\/p>","protected":false},"excerpt":{"rendered":"<ul>\n<li>Konfiguration: 2-polig<\/li>\n<li>Nennstrom: 40 A<\/li>\n<li>Maximale Impulsbelastbarkeit (I max): 15 kA<\/li>\n<li>Typ 2 \/ C-Klasse<\/li>\n<li>Dauerhafte \u00dcberspannungsausl\u00f6seschwelle: 280 V<\/li>\n<li>IGA-Schaltverm\u00f6gen: 10KA<\/li>\n<li>Vorverdrahtet, einbaufertig.<\/li>\n<li>Nicht auf Leitungen ohne Nullleiter installieren<\/li>\n<li>Fenster f\u00fcr Schaltkreis-Marker.<\/li>\n<li>Abmessungen (L x B x H): 66,6m x 54mm x 81,5 mm<\/li>\n<li>Normen: EN50550 \/ IEC61643-1 \/ IEC60898-1<\/li>\n<\/ul>","protected":false},"featured_media":36582,"comment_status":"closed","ping_status":"closed","template":"","meta":{"site-sidebar-layout":"default","site-content-layout":"","ast-site-content-layout":"default","site-content-style":"default","site-sidebar-style":"default","ast-global-header-display":"","ast-banner-title-visibility":"","ast-main-header-display":"","ast-hfb-above-header-display":"","ast-hfb-below-header-display":"","ast-hfb-mobile-header-display":"","site-post-title":"","ast-breadcrumbs-content":"","ast-featured-img":"","footer-sml-layout":"","ast-disable-related-posts":"","theme-transparent-header-meta":"default","adv-header-id-meta":"","stick-header-meta":"","header-above-stick-meta":"","header-main-stick-meta":"","header-below-stick-meta":"","astra-migrate-meta-layouts":"set","ast-page-background-enabled":"default","ast-page-background-meta":{"desktop":{"background-color":"var(--ast-global-color-4)","background-image":"","background-repeat":"repeat","background-position":"center center","background-size":"auto","background-attachment":"scroll","background-type":"","background-media":"","overlay-type":"","overlay-color":"","overlay-opacity":"","overlay-gradient":""},"tablet":{"background-color":"","background-image":"","background-repeat":"repeat","background-position":"center center","background-size":"auto","background-attachment":"scroll","background-type":"","background-media":"","overlay-type":"","overlay-color":"","overlay-opacity":"","overlay-gradient":""},"mobile":{"background-color":"","background-image":"","background-repeat":"repeat","background-position":"center center","background-size":"auto","background-attachment":"scroll","background-type":"","background-media":"","overlay-type":"","overlay-color":"","overlay-opacity":"","overlay-gradient":""}},"ast-content-background-meta":{"desktop":{"background-color":"var(--ast-global-color-5)","background-image":"","background-repeat":"repeat","background-position":"center center","background-size":"auto","background-attachment":"scroll","background-type":"","background-media":"","overlay-type":"","overlay-color":"","overlay-opacity":"","overlay-gradient":""},"tablet":{"background-color":"var(--ast-global-color-5)","background-image":"","background-repeat":"repeat","background-position":"center center","background-size":"auto","background-attachment":"scroll","background-type":"","background-media":"","overlay-type":"","overlay-color":"","overlay-opacity":"","overlay-gradient":""},"mobile":{"background-color":"var(--ast-global-color-5)","background-image":"","background-repeat":"repeat","background-position":"center center","background-size":"auto","background-attachment":"scroll","background-type":"","background-media":"","overlay-type":"","overlay-color":"","overlay-opacity":"","overlay-gradient":""}}},"pwb-brand":[1018],"product_brand":[],"product_cat":[1017,410],"product_tag":[],"class_list":{"0":"post-36135","1":"product","2":"type-product","3":"status-publish","4":"has-post-thumbnail","6":"pwb-brand-maxge","7":"product_cat-protecciones-contra-sobretensiones","8":"product_cat-material-electrico","9":"desktop-align-left","10":"tablet-align-left","11":"mobile-align-left","12":"ast-product-gallery-layout-horizontal-slider","13":"ast-product-gallery-with-no-image","14":"ast-product-tabs-layout-horizontal","16":"first","17":"instock","18":"taxable","19":"shipping-taxable","20":"purchasable","21":"product-type-simple"},"wcpa_form_fields":null,"brands":[{"id":1018,"name":"Maxge Elektrische Schutzeinrichtungen","slug":"maxge"}],"_links":{"self":[{"href":"https:\/\/fvcomponentes.com\/de\/wp-json\/wp\/v2\/product\/36135","targetHints":{"allow":["GET"]}}],"collection":[{"href":"https:\/\/fvcomponentes.com\/de\/wp-json\/wp\/v2\/product"}],"about":[{"href":"https:\/\/fvcomponentes.com\/de\/wp-json\/wp\/v2\/types\/product"}],"replies":[{"embeddable":true,"href":"https:\/\/fvcomponentes.com\/de\/wp-json\/wp\/v2\/comments?post=36135"}],"wp:featuredmedia":[{"embeddable":true,"href":"https:\/\/fvcomponentes.com\/de\/wp-json\/wp\/v2\/media\/36582"}],"wp:attachment":[{"href":"https:\/\/fvcomponentes.com\/de\/wp-json\/wp\/v2\/media?parent=36135"}],"wp:term":[{"taxonomy":"pwb-brand","embeddable":true,"href":"https:\/\/fvcomponentes.com\/de\/wp-json\/wp\/v2\/pwb-brand?post=36135"},{"taxonomy":"product_brand","embeddable":true,"href":"https:\/\/fvcomponentes.com\/de\/wp-json\/wp\/v2\/product_brand?post=36135"},{"taxonomy":"product_cat","embeddable":true,"href":"https:\/\/fvcomponentes.com\/de\/wp-json\/wp\/v2\/product_cat?post=36135"},{"taxonomy":"product_tag","embeddable":true,"href":"https:\/\/fvcomponentes.com\/de\/wp-json\/wp\/v2\/product_tag?post=36135"}],"curies":[{"name":"wp","href":"https:\/\/api.w.org\/{rel}","templated":true}]}}