{"id":36134,"date":"2026-01-24T09:32:50","date_gmt":"2026-01-24T08:32:50","guid":{"rendered":"https:\/\/fvcomponentes.com\/?post_type=product&#038;p=36134"},"modified":"2026-02-06T15:41:24","modified_gmt":"2026-02-06T14:41:24","slug":"differential-maxge-alpha-industriell-und-tertiar-4p-63a-300ma-klasse-a-superimmunisiert-10ka","status":"publish","type":"product","link":"https:\/\/fvcomponentes.com\/de\/producto\/diferencial-maxge-alpha-industrial-y-terciario-4p-63a-300ma-clase-a-superinmunizado-10ka\/","title":{"rendered":"Maxge Alpha+ 4P Differential, 63A, 300mA. Klasse A superimmunisiert. 10kA - EPR4A063300"},"content":{"rendered":"<h2>Maxge Alpha+ 4P Differential, 63A, 300mA. Klasse A superimmunisiert. 10kA - EPR4A063300<\/h2>\n<p>Der Maxge Alpha+ 4P, 63A, 300mA ist ein Fehlerstromschutzschalter mit hoher Kapazit\u00e4t, der den Stromkreis automatisch unterbricht, wenn ein signifikanter Unterschied zwischen den Str\u00f6men besteht, die in die aktiven Leiter (Phase und Nullleiter) hinein- und herausflie\u00dfen.<\/p>\n<p>Das Differenzial ist f\u00fcr den erweiterten Schutz von dreiphasigen elektrischen Anlagen mit Nullleiter ausgelegt.<br \/>\nSie sch\u00fctzt insbesondere vor Erdschlussstr\u00f6men, die Sch\u00e4den oder gef\u00e4hrliche Situationen wie Stromschl\u00e4ge oder Br\u00e4nde verursachen k\u00f6nnen.<\/p>\n<p>Dieser Differenzialschalter kombiniert spezifische Empfindlichkeiten, Immunisierung gegen St\u00f6rungen und mechanische und elektrische Robustheit.<br \/>\nSie eignet sich daher f\u00fcr den Einsatz in Privathaushalten, im Gewerbe, im Dienstleistungssektor sowie in der leichten und mittleren Industrie, wo ein hohes Ma\u00df an Sicherheit und Zuverl\u00e4ssigkeit erforderlich ist.<\/p>\n<h2>Maxge Alpha+ 4P, 63A, 300mA Differenzielle Eigenschaften<\/h2>\n<h3>Konfiguration und elektrische Leistung<\/h3>\n<p>Dieses Differential ist mit einem\u00a0<strong>4-polige Konfiguration, <\/strong>der den gleichzeitigen Schutz der drei Phasen und des Neutralleiters in dreiphasigen Anlagen erm\u00f6glicht.<br \/>\nDies ist unerl\u00e4sslich, um sicherzustellen, dass jeder Leckstrom in einem Leiter sofort erkannt und behandelt wird, was eine umfassende \u00dcberwachung des Stromkreises erm\u00f6glicht.<\/p>\n<p>Mit einem <strong>Nennstrom 63 Ampere<\/strong>, Dieses Differenzial ist f\u00fcr Hauptstromleitungen oder Unterverteilungen mit hohen Lasten geeignet.<br \/>\nDiese Kapazit\u00e4t erm\u00f6glicht es, Anlagen mit Ger\u00e4ten mittlerer Leistung zu unterst\u00fctzen. Dar\u00fcber hinaus ist es n\u00fctzlich in Hauptverzweigungen zu bedeutenden Verbrauchsbereichen und Systemen, in denen mehrere Stromkreise mit intensiver Nutzung konzentriert sind.<\/p>\n<p>Ihr <strong>Empfindlichkeit von 300 Milliampere (mA)<\/strong> dient der Erkennung und Unterbrechung von Leckstr\u00f6men erheblichen Ausma\u00dfes<br \/>\nDiese stellen m\u00f6glicherweise keine unmittelbare Gefahr f\u00fcr Menschen dar (wie eine Differenz von 30 mA).  Sie k\u00f6nnen jedoch zu gef\u00e4hrlichen Situationen auf der Installationsebene f\u00fchren, z. B. zu Br\u00e4nden oder Sch\u00e4den durch \u00dcberhitzung.<\/p>\n<p>300-mA-Fehlerstromschutzeinrichtungen werden h\u00e4ufig als allgemeiner Schutz f\u00fcr die Hauptschalttafel verwendet und erg\u00e4nzen die 30-mA-Einrichtungen, die Personen direkt sch\u00fctzen.<\/p>\n<h3>Schutz und Technologie<\/h3>\n<p>Die Maxge Alpha+ 4P, 63A, 300mA differential ist von<strong> Klasse A<\/strong>, Das Differenzial der Klasse A ist in der Lage, sowohl Restwechselstrom (AC) als auch pulsierenden Strom mit einer Gleichstromkomponente (pulsierender DC) zu erkennen. Ein Klasse-A-Differential ist bei der Erkennung dieser komplexen Leckagen effektiver als ein Standard-Klasse-AC-Differential.<br \/>\nDadurch wird die Sicherheit verbessert und ein wirksamer Schutz in bestehenden Anlagen gew\u00e4hrleistet.<\/p>\n<p>Es ist auch n\u00fctzlich, wenn Ger\u00e4te mit integrierter Elektronik oder nichtlinearen Lasten verwendet werden. Dazu geh\u00f6ren moderne Haushaltsger\u00e4te, Computer, LED-Beleuchtung, Ladeger\u00e4te, Klimaanlagen, Antriebe mit variabler Frequenz und Schaltnetzteile.<\/p>\n<p>Die <strong>super-immunisierte Technologie<\/strong> Die Alpha+-Reihe verbessert die Stabilit\u00e4t des Ger\u00e4ts gegen\u00fcber transienten St\u00f6rungen, Spannungsspitzen oder elektrischen Interferenzen im Netz.<br \/>\nDadurch werden unbeabsichtigte oder unerw\u00fcnschte Ausl\u00f6sungen reduziert. Es ist daher besonders n\u00fctzlich in Anlagen mit empfindlichen Ger\u00e4ten, induktiven Lasten oder lauten elektrischen Umgebungen. Sie bietet mehr Stabilit\u00e4t und Zuverl\u00e4ssigkeit und vermeidet unn\u00f6tige Unterbrechungen.<\/p>\n<h3>Robustheit im Kurzschlussfall<\/h3>\n<p>Mit einem <strong>10 kA Ausschaltverm\u00f6gen<\/strong>, Der Fehlerstromschutzschalter kann Kurzschlussstr\u00f6me von bis zu 10.000 Ampere sicher unterbrechen, ohne die Anlage zu besch\u00e4digen oder deren Sicherheit zu gef\u00e4hrden. Dies ist entscheidend in gut gespeisten Schaltanlagen oder Schaltanlagen mit hoher Kurzschlussverf\u00fcgbarkeit.<br \/>\nSie bietet somit ein zus\u00e4tzliches Ma\u00df an Robustheit, Sicherheit und Zuverl\u00e4ssigkeit sowie Schutz vor gr\u00f6\u00dferen Ausf\u00e4llen.<br \/>\nAu\u00dferdem sorgt sie f\u00fcr eine korrekte Koordination mit den Schutzschaltern der Schalttafel.<\/p>\n<h3>Einrichtung<\/h3>\n<p>Dieses Differential ist dazu bestimmt <strong>Standard DIN-Schienenmontage,<\/strong> Dies erleichtert den Einbau in modulare Schalttafeln zusammen mit anderen Schutzeinrichtungen wie Leistungsschaltern, Sicherungen oder Sch\u00fctzen.<br \/>\nDieses Format erm\u00f6glicht einen geordneten, sicheren und leicht erweiterbaren Aufbau der Schalttafel.<\/p>\n<h2>Maxge Alpha+ 4P, 63A, 300mA Maxge Alpha+ 4P, 63A, 300mA Differenzbetrieb<\/h2>\n<p>Dieses Differential hat die folgenden inneren Werte:<\/p>\n<ul>\n<li><strong>St\u00e4ndige \u00dcberwachung:<\/strong> Das Differenzial vergleicht in Echtzeit die Summe der Str\u00f6me, die \u00fcber die Phasen eintreten und \u00fcber den Nullleiter austreten.<\/li>\n<li><strong>Erkennung von Ungleichgewichten:<\/strong> Bei einer Differenz von mehr als 300 mA interpretiert das Differenzial, dass ein erheblicher Leckstrom vorhanden ist.<\/li>\n<li><strong>Automatische Abschaltung:<\/strong> Das Differenzial unterbricht den Stromkreis innerhalb von Millisekunden, um das Risiko von Sch\u00e4den oder Br\u00e4nden zu vermeiden.<\/li>\n<\/ul>\n<p>Es ist die ideale Wahl f\u00fcr Umgebungen, in denen Sicherheit und Betriebskontinuit\u00e4t eine Priorit\u00e4t sind. Er wird zum Beispiel f\u00fcr Wohnh\u00e4user mit hohem Stromverbrauch, Gesch\u00e4ftsr\u00e4ume, B\u00fcros und kleine Industrieanlagen empfohlen.<\/p>\n<h2>Technische Informationen f\u00fcr Maxge Alpha+ 4P, 63A, 300mA differential. Klasse A superimmunisiert. 10kA - EPR4A063300<\/h2>\n<p><a href=\"https:\/\/fvcomponentes.com\/wp-content\/uploads\/2026\/02\/es_fichas-tecnicas_EPR_A-20251104.pdf\" target=\"_blank\" rel=\"noopener\">Datenblatt f\u00fcr Maxge Alpha+ 4P, 63A, 300mA differential<\/a><\/p>\n<p><a href=\"https:\/\/fvcomponentes.com\/wp-content\/uploads\/2026\/02\/es_fichas-tecnicas_Ficha_tecnica_EPR.pdf\" target=\"_blank\" rel=\"noopener\">Maxge Alpha+ 4P, 63A, 300mA Differential Technische Daten<\/a><\/p>","protected":false},"excerpt":{"rendered":"<ul>\n<li>Anzahl der Pole: 4-polig (3 Phasen + Nullleiter)<\/li>\n<li>Nennstrom (In): 63 Ampere<\/li>\n<li>Empfindlichkeit: 300 mA<\/li>\n<li>Betriebsspannung: 415V AC (zwischen den Phasen)<\/li>\n<li>Lokale Statussignalisierung<\/li>\n<li>Fenster f\u00fcr Schaltkreismarker<\/li>\n<li>Klemmenanschluss f\u00fcr Kupferkabel: 25 mm\u00b2 (flexibel) \/ 35 mm\u00b2 (starr)<\/li>\n<li>Klasse A: detektiert Wechsel- und Gleichstr\u00f6me.<\/li>\n<li>Selektiv: enth\u00e4lt eine Ausl\u00f6severz\u00f6gerung.<\/li>\n<li>Ableitstrom im Ruhezustand: 0,5xIDn<\/li>\n<li>Abmessungen: 72 mm breit (18 mm pro Pol)<\/li>\n<li>Erm\u00f6glicht die Anbringung von Zubeh\u00f6r und Betriebsmitteln<\/li>\n<li>Isolationsspannung (Ui): 500VA<\/li>\n<li>Verschmutzungsgrad 3<\/li>\n<li>Sto\u00dfspannung (Uimp): 4kV<\/li>\n<li>Doppelte Isolationsklasse 2<\/li>\n<li>Arbeitstemperatur: -5 \u00b0C bis +40 \u00b0C<\/li>\n<li>Internationale Norm: EN\/IEC60898-1<\/li>\n<\/ul>","protected":false},"featured_media":36579,"comment_status":"closed","ping_status":"closed","template":"","meta":{"site-sidebar-layout":"default","site-content-layout":"","ast-site-content-layout":"default","site-content-style":"default","site-sidebar-style":"default","ast-global-header-display":"","ast-banner-title-visibility":"","ast-main-header-display":"","ast-hfb-above-header-display":"","ast-hfb-below-header-display":"","ast-hfb-mobile-header-display":"","site-post-title":"","ast-breadcrumbs-content":"","ast-featured-img":"","footer-sml-layout":"","ast-disable-related-posts":"","theme-transparent-header-meta":"default","adv-header-id-meta":"","stick-header-meta":"","header-above-stick-meta":"","header-main-stick-meta":"","header-below-stick-meta":"","astra-migrate-meta-layouts":"set","ast-page-background-enabled":"default","ast-page-background-meta":{"desktop":{"background-color":"var(--ast-global-color-4)","background-image":"","background-repeat":"repeat","background-position":"center center","background-size":"auto","background-attachment":"scroll","background-type":"","background-media":"","overlay-type":"","overlay-color":"","overlay-opacity":"","overlay-gradient":""},"tablet":{"background-color":"","background-image":"","background-repeat":"repeat","background-position":"center center","background-size":"auto","background-attachment":"scroll","background-type":"","background-media":"","overlay-type":"","overlay-color":"","overlay-opacity":"","overlay-gradient":""},"mobile":{"background-color":"","background-image":"","background-repeat":"repeat","background-position":"center center","background-size":"auto","background-attachment":"scroll","background-type":"","background-media":"","overlay-type":"","overlay-color":"","overlay-opacity":"","overlay-gradient":""}},"ast-content-background-meta":{"desktop":{"background-color":"var(--ast-global-color-5)","background-image":"","background-repeat":"repeat","background-position":"center center","background-size":"auto","background-attachment":"scroll","background-type":"","background-media":"","overlay-type":"","overlay-color":"","overlay-opacity":"","overlay-gradient":""},"tablet":{"background-color":"var(--ast-global-color-5)","background-image":"","background-repeat":"repeat","background-position":"center center","background-size":"auto","background-attachment":"scroll","background-type":"","background-media":"","overlay-type":"","overlay-color":"","overlay-opacity":"","overlay-gradient":""},"mobile":{"background-color":"var(--ast-global-color-5)","background-image":"","background-repeat":"repeat","background-position":"center center","background-size":"auto","background-attachment":"scroll","background-type":"","background-media":"","overlay-type":"","overlay-color":"","overlay-opacity":"","overlay-gradient":""}}},"pwb-brand":[1018],"product_brand":[],"product_cat":[989,410],"product_tag":[],"class_list":{"0":"post-36134","1":"product","2":"type-product","3":"status-publish","4":"has-post-thumbnail","6":"pwb-brand-maxge","7":"product_cat-interruptores-diferenciales","8":"product_cat-material-electrico","9":"desktop-align-left","10":"tablet-align-left","11":"mobile-align-left","12":"ast-product-gallery-layout-horizontal-slider","13":"ast-product-gallery-with-no-image","14":"ast-product-tabs-layout-horizontal","16":"first","17":"instock","18":"taxable","19":"shipping-taxable","20":"purchasable","21":"product-type-simple"},"wcpa_form_fields":null,"brands":[{"id":1018,"name":"Maxge Elektrische Schutzeinrichtungen","slug":"maxge"}],"_links":{"self":[{"href":"https:\/\/fvcomponentes.com\/de\/wp-json\/wp\/v2\/product\/36134","targetHints":{"allow":["GET"]}}],"collection":[{"href":"https:\/\/fvcomponentes.com\/de\/wp-json\/wp\/v2\/product"}],"about":[{"href":"https:\/\/fvcomponentes.com\/de\/wp-json\/wp\/v2\/types\/product"}],"replies":[{"embeddable":true,"href":"https:\/\/fvcomponentes.com\/de\/wp-json\/wp\/v2\/comments?post=36134"}],"wp:featuredmedia":[{"embeddable":true,"href":"https:\/\/fvcomponentes.com\/de\/wp-json\/wp\/v2\/media\/36579"}],"wp:attachment":[{"href":"https:\/\/fvcomponentes.com\/de\/wp-json\/wp\/v2\/media?parent=36134"}],"wp:term":[{"taxonomy":"pwb-brand","embeddable":true,"href":"https:\/\/fvcomponentes.com\/de\/wp-json\/wp\/v2\/pwb-brand?post=36134"},{"taxonomy":"product_brand","embeddable":true,"href":"https:\/\/fvcomponentes.com\/de\/wp-json\/wp\/v2\/product_brand?post=36134"},{"taxonomy":"product_cat","embeddable":true,"href":"https:\/\/fvcomponentes.com\/de\/wp-json\/wp\/v2\/product_cat?post=36134"},{"taxonomy":"product_tag","embeddable":true,"href":"https:\/\/fvcomponentes.com\/de\/wp-json\/wp\/v2\/product_tag?post=36134"}],"curies":[{"name":"wp","href":"https:\/\/api.w.org\/{rel}","templated":true}]}}