{"id":36133,"date":"2026-01-24T09:32:13","date_gmt":"2026-01-24T08:32:13","guid":{"rendered":"https:\/\/fvcomponentes.com\/?post_type=product&#038;p=36133"},"modified":"2026-02-06T10:57:02","modified_gmt":"2026-02-06T09:57:02","slug":"maxge-alpha-industrie-und-tertiardifferential-4p-40a-300ma-klasse-a-super-immunisiert-10ka","status":"publish","type":"product","link":"https:\/\/fvcomponentes.com\/de\/producto\/diferencial-maxge-alpha-industrial-y-terciario-4p-40a-300ma-clase-a-superinmunizado-10ka\/","title":{"rendered":"Maxge Alpha+ 4P Differential, 40A, 300mA. Klasse A superimmunisiert. 10kA - EPR4A040300"},"content":{"rendered":"<h2>Maxge Alpha+ 4P Differential, 40A, 300mA. Klasse A superimmunisiert. 10kA - EPR4A040300<\/h2>\n<p>Der Maxge Alpha+ 4P, 40A, 300mA ist ein hochleistungsf\u00e4higer und zuverl\u00e4ssiger Fehlerstromschutzschalter, der die Anlage automatisch abschaltet, wenn er Fehlerstr\u00f6me (Shunts) erkennt, die eine Brandgefahr oder Sch\u00e4den an elektrischen Ger\u00e4ten verursachen k\u00f6nnen.<\/p>\n<p>Es handelt sich um ein 4-poliges (4P) Differenzial, das hei\u00dft, es ist f\u00fcr Dreiphasennetze mit Nullleiter (3 Phasen + N) ausgelegt.<br \/>\nAuf diese Weise wird eine vollst\u00e4ndige \u00dcberwachung aller aktiven Fahrer gew\u00e4hrleistet.<\/p>\n<p>Als Teil der Alpha+-Reihe von Maxge zielt es darauf ab, mehr Zuverl\u00e4ssigkeit und Stabilit\u00e4t in modernen Anlagen zu bieten.<br \/>\nEr ist ideal f\u00fcr Anwendungen in Wohn-, Gewerbe-, Dienstleistungs- und Industrieanlagen, bei denen ein erh\u00f6hter Schutz des gesamten elektrischen Systems erforderlich ist.<\/p>\n<h2>Maxge Alpha+ 4P, 40A, 300mA Differenzielle Eigenschaften<\/h2>\n<h3>Konfiguration und elektrische Leistung<\/h3>\n<p>Dieses Differential ist mit einem\u00a0<strong>4-polige Konfiguration, <\/strong>wodurch alle aktiven Leitungen und der Nullleiter gleichzeitig \u00fcberwacht werden k\u00f6nnen.<br \/>\nDies gew\u00e4hrleistet eine vollst\u00e4ndige Erkennung von Erdschlussstr\u00f6men, die in der Anlage auftreten k\u00f6nnen.<\/p>\n<p>Das Differential arbeitet mit einem <strong>40 Ampere Nennstrom<\/strong>, Dadurch eignet er sich f\u00fcr Hauptstromleitungen oder Unterverteilungen, in denen eine gro\u00dfe elektrische Last konzentriert ist.<br \/>\nDieser Bemessungsstrom ist der maximale Strom, dem der Schutzschalter dauerhaft standhalten kann, ohne aufgrund von \u00dcberlast auszul\u00f6sen, vorausgesetzt, es liegt kein Erdschluss vor.<\/p>\n<p>Ihr <strong>Empfindlichkeit von 300 Milliampere (mA)<\/strong> ist zum Schutz der Anlage vor gr\u00f6\u00dferen Leckstr\u00f6men vorgesehen.<br \/>\nDiese stellen vielleicht keine unmittelbare Gefahr f\u00fcr Menschen dar (wie eine Differenz von 30 mA).  Sie stellen jedoch ein erhebliches Risiko f\u00fcr die gesamte elektrische Anlage dar, insbesondere in Bezug auf elektrische Br\u00e4nde.<\/p>\n<p>300-mA-Fehlerstromschutzeinrichtungen werden h\u00e4ufig als allgemeiner Schutz f\u00fcr die Schalttafel verwendet. Dar\u00fcber hinaus erg\u00e4nzen sie die 30-mA-Differentialschutzeinrichtungen, die Personen direkt sch\u00fctzen.<\/p>\n<h3>Schutz und Technologie<\/h3>\n<p>Die Maxge Alpha+ 4P, 40A, 300mA differential ist von<strong> Klasse A<\/strong>, Das Differenzial der Klasse A ist in der Lage, sowohl Fehlerwechselstrom (AC) als auch pulsierenden Strom mit einer Gleichstromkomponente (pulsierender DC) zu erkennen. Ein Fehlerstromschutzschalter der Klasse A kann komplexere Leckagen erkennen als ein einfacher Fehlerstromschutzschalter der Klasse AC.<br \/>\nDadurch wird die Sicherheit verbessert und ein wirksamer Schutz in bestehenden Anlagen gew\u00e4hrleistet.<\/p>\n<p>Es ist auch n\u00fctzlich, wenn Ger\u00e4te mit integrierter Elektronik oder nichtlinearen Lasten verwendet werden. Dazu geh\u00f6ren moderne Haushaltsger\u00e4te, Computer, LED-Beleuchtung, Ladeger\u00e4te, Klimaanlagen, Antriebe mit variabler Frequenz und Schaltnetzteile.<\/p>\n<p>Die <strong>super-immunisierte Technologie<\/strong> in der Alpha+-Reihe macht dieses Differenzial weniger empfindlich gegen\u00fcber Fehlausl\u00f6sungen durch transiente St\u00f6rungen im Netz, wie Spannungsspitzen, elektrisches Rauschen oder kurzzeitige St\u00f6rungen.<br \/>\nDies f\u00fchrt zu gr\u00f6\u00dferer Stabilit\u00e4t und Zuverl\u00e4ssigkeit bei Installationen mit empfindlichen Ger\u00e4ten oder bei h\u00e4ufigen elektrischen St\u00f6rungen und vermeidet unn\u00f6tige Unterbrechungen.<\/p>\n<h3>Robustheit im Kurzschlussfall<\/h3>\n<p>Mit einem <strong>10 kA Ausschaltverm\u00f6gen<\/strong>, Der Fehlerstromschutzschalter kann Fehlerstr\u00f6me von bis zu 10.000 Ampere ohne Besch\u00e4digung oder Verlust der Schutzfunktion unterbrechen. Dies ist in Anlagen mit einer hohen Kurzschlusswahrscheinlichkeit von entscheidender Bedeutung.<br \/>\nDadurch wird eine gr\u00f6\u00dfere Robustheit, Sicherheit und Zuverl\u00e4ssigkeit gew\u00e4hrleistet und eine korrekte Koordinierung mit den magnetothermischen Schutzeinrichtungen der Schalttafel sichergestellt.<\/p>\n<h3>Einrichtung<\/h3>\n<p>Dieses Differential ist dazu bestimmt <strong>Standard DIN-Schienenmontage,<\/strong> Dadurch lassen sie sich problemlos und sicher in modulare Schalttafeln zusammen mit anderen Schutzelementen (Leistungsschalter, Sicherungen, Sch\u00fctze usw.) integrieren, wobei ein sauberes und professionelles Design erhalten bleibt.<\/p>\n<h2>Maxge Alpha+ 4P, 40A, 300mA Maxge Alpha+ 4P, 40A, 300mA Differenzbetrieb<\/h2>\n<p>Dieses Differential hat die folgenden inneren Werte:<\/p>\n<ul>\n<li><strong>St\u00e4ndige \u00dcberwachung:<\/strong> Das Differenzial vergleicht in Echtzeit die Summe der Str\u00f6me, die \u00fcber die Phasen eintreten und \u00fcber den Nullleiter austreten.<\/li>\n<li><strong>Erkennung von Ungleichgewichten:<\/strong> Bei einer Differenz von mehr als 300 mA interpretiert das Differenzial, dass ein erheblicher Leckstrom vorhanden ist.<\/li>\n<li><strong>Automatische Abschaltung:<\/strong> Das Differenzial unterbricht den Stromkreis innerhalb von Millisekunden, um das Risiko von Sch\u00e4den oder Br\u00e4nden zu vermeiden.<\/li>\n<\/ul>\n<p>Es ist die ideale Wahl f\u00fcr Umgebungen, in denen Sicherheit und Betriebskontinuit\u00e4t eine Priorit\u00e4t sind. Er wird zum Beispiel f\u00fcr Wohnh\u00e4user mit hohem Stromverbrauch, Gesch\u00e4ftsr\u00e4ume, B\u00fcros und kleine Industrieanlagen empfohlen.<\/p>\n<h2>Technische Informationen f\u00fcr Maxge Alpha+ 4P, 40A, 300mA differential. Klasse A superimmunisiert. 10kA - EPR4A040300<\/h2>\n<p><a href=\"https:\/\/fvcomponentes.com\/wp-content\/uploads\/2026\/02\/es_fichas-tecnicas_EPR_A-20251104.pdf\" target=\"_blank\" rel=\"noopener\">Maxge Alpha+ 4P, 40A, 300mA Differential-Datenblatt<\/a><\/p>\n<p><a href=\"https:\/\/fvcomponentes.com\/wp-content\/uploads\/2026\/02\/es_fichas-tecnicas_Ficha_tecnica_EPR.pdf\" target=\"_blank\" rel=\"noopener\">Maxge Alpha+ 4P, 40A, 300mA Differential Technische Daten<\/a><\/p>","protected":false},"excerpt":{"rendered":"<ul>\n<li>Anzahl der Pole: 4-polig (3 Phasen + Nullleiter)<\/li>\n<li>Nennstrom (In): 40 Ampere<\/li>\n<li>Empfindlichkeit: 300 mA<\/li>\n<li>Betriebsspannung: 415V AC (zwischen den Phasen)<\/li>\n<li>Lokale Statussignalisierung<\/li>\n<li>Fenster f\u00fcr Schaltkreismarker<\/li>\n<li>Klemmenanschluss f\u00fcr Kupferkabel: 25 mm\u00b2 (flexibel) \/ 35 mm\u00b2 (starr)<\/li>\n<li>Klasse A: detektiert Wechsel- und Gleichstr\u00f6me.<\/li>\n<li>Selektiv: enth\u00e4lt eine Ausl\u00f6severz\u00f6gerung.<\/li>\n<li>Ableitstrom im Ruhezustand: 0,5xIDn<\/li>\n<li>Abmessungen: 72 mm breit (18 mm pro Pol)<\/li>\n<li>Erm\u00f6glicht die Anbringung von Zubeh\u00f6r und Betriebsmitteln<\/li>\n<li>Isolationsspannung (Ui): 500VA<\/li>\n<li>Verschmutzungsgrad 3<\/li>\n<li>Sto\u00dfspannung (Uimp): 4kV<\/li>\n<li>Doppelte Isolationsklasse 2<\/li>\n<li>Arbeitstemperatur: -5 \u00b0C bis +40 \u00b0C<\/li>\n<li>Internationale Norm: EN\/IEC60898-1<\/li>\n<\/ul>","protected":false},"featured_media":36576,"comment_status":"closed","ping_status":"closed","template":"","meta":{"site-sidebar-layout":"default","site-content-layout":"","ast-site-content-layout":"default","site-content-style":"default","site-sidebar-style":"default","ast-global-header-display":"","ast-banner-title-visibility":"","ast-main-header-display":"","ast-hfb-above-header-display":"","ast-hfb-below-header-display":"","ast-hfb-mobile-header-display":"","site-post-title":"","ast-breadcrumbs-content":"","ast-featured-img":"","footer-sml-layout":"","ast-disable-related-posts":"","theme-transparent-header-meta":"default","adv-header-id-meta":"","stick-header-meta":"","header-above-stick-meta":"","header-main-stick-meta":"","header-below-stick-meta":"","astra-migrate-meta-layouts":"set","ast-page-background-enabled":"default","ast-page-background-meta":{"desktop":{"background-color":"var(--ast-global-color-4)","background-image":"","background-repeat":"repeat","background-position":"center center","background-size":"auto","background-attachment":"scroll","background-type":"","background-media":"","overlay-type":"","overlay-color":"","overlay-opacity":"","overlay-gradient":""},"tablet":{"background-color":"","background-image":"","background-repeat":"repeat","background-position":"center center","background-size":"auto","background-attachment":"scroll","background-type":"","background-media":"","overlay-type":"","overlay-color":"","overlay-opacity":"","overlay-gradient":""},"mobile":{"background-color":"","background-image":"","background-repeat":"repeat","background-position":"center center","background-size":"auto","background-attachment":"scroll","background-type":"","background-media":"","overlay-type":"","overlay-color":"","overlay-opacity":"","overlay-gradient":""}},"ast-content-background-meta":{"desktop":{"background-color":"var(--ast-global-color-5)","background-image":"","background-repeat":"repeat","background-position":"center center","background-size":"auto","background-attachment":"scroll","background-type":"","background-media":"","overlay-type":"","overlay-color":"","overlay-opacity":"","overlay-gradient":""},"tablet":{"background-color":"var(--ast-global-color-5)","background-image":"","background-repeat":"repeat","background-position":"center center","background-size":"auto","background-attachment":"scroll","background-type":"","background-media":"","overlay-type":"","overlay-color":"","overlay-opacity":"","overlay-gradient":""},"mobile":{"background-color":"var(--ast-global-color-5)","background-image":"","background-repeat":"repeat","background-position":"center center","background-size":"auto","background-attachment":"scroll","background-type":"","background-media":"","overlay-type":"","overlay-color":"","overlay-opacity":"","overlay-gradient":""}}},"pwb-brand":[1018],"product_brand":[],"product_cat":[989,410],"product_tag":[],"class_list":{"0":"post-36133","1":"product","2":"type-product","3":"status-publish","4":"has-post-thumbnail","6":"pwb-brand-maxge","7":"product_cat-interruptores-diferenciales","8":"product_cat-material-electrico","9":"desktop-align-left","10":"tablet-align-left","11":"mobile-align-left","12":"ast-product-gallery-layout-horizontal-slider","13":"ast-product-gallery-with-no-image","14":"ast-product-tabs-layout-horizontal","16":"first","17":"instock","18":"taxable","19":"shipping-taxable","20":"purchasable","21":"product-type-simple"},"wcpa_form_fields":null,"brands":[{"id":1018,"name":"Maxge Elektrische Schutzeinrichtungen","slug":"maxge"}],"_links":{"self":[{"href":"https:\/\/fvcomponentes.com\/de\/wp-json\/wp\/v2\/product\/36133","targetHints":{"allow":["GET"]}}],"collection":[{"href":"https:\/\/fvcomponentes.com\/de\/wp-json\/wp\/v2\/product"}],"about":[{"href":"https:\/\/fvcomponentes.com\/de\/wp-json\/wp\/v2\/types\/product"}],"replies":[{"embeddable":true,"href":"https:\/\/fvcomponentes.com\/de\/wp-json\/wp\/v2\/comments?post=36133"}],"wp:featuredmedia":[{"embeddable":true,"href":"https:\/\/fvcomponentes.com\/de\/wp-json\/wp\/v2\/media\/36576"}],"wp:attachment":[{"href":"https:\/\/fvcomponentes.com\/de\/wp-json\/wp\/v2\/media?parent=36133"}],"wp:term":[{"taxonomy":"pwb-brand","embeddable":true,"href":"https:\/\/fvcomponentes.com\/de\/wp-json\/wp\/v2\/pwb-brand?post=36133"},{"taxonomy":"product_brand","embeddable":true,"href":"https:\/\/fvcomponentes.com\/de\/wp-json\/wp\/v2\/product_brand?post=36133"},{"taxonomy":"product_cat","embeddable":true,"href":"https:\/\/fvcomponentes.com\/de\/wp-json\/wp\/v2\/product_cat?post=36133"},{"taxonomy":"product_tag","embeddable":true,"href":"https:\/\/fvcomponentes.com\/de\/wp-json\/wp\/v2\/product_tag?post=36133"}],"curies":[{"name":"wp","href":"https:\/\/api.w.org\/{rel}","templated":true}]}}