{"id":36132,"date":"2026-01-24T09:31:02","date_gmt":"2026-01-24T08:31:02","guid":{"rendered":"https:\/\/fvcomponentes.com\/?post_type=product&#038;p=36132"},"modified":"2026-02-06T10:53:16","modified_gmt":"2026-02-06T09:53:16","slug":"maxge-alpha-industrie-und-tertiardifferential-4p-40a-30ma-klasse-a-super-immunisiert-10ka","status":"publish","type":"product","link":"https:\/\/fvcomponentes.com\/de\/producto\/diferencial-maxge-alpha-industrial-y-terciario-4p-40a-30ma-clase-a-superinmunizado-10ka\/","title":{"rendered":"Maxge Alpha+ 4P Differential, 40A, 30mA. Klasse A superimmunisiert. 10kA - EPR4A040030"},"content":{"rendered":"<h2>Maxge Alpha+ 4P Differential, 40A, 30mA. Klasse A superimmunisiert. 10kA - EPR4A040030<\/h2>\n<p>Der Fehlerstromschutzschalter Maxge Alpha+ 4P, 30mA ist eine Schutzeinrichtung, die die Anlage automatisch abschaltet, wenn sie Erdschlussstr\u00f6me (Nebenschl\u00fcsse) feststellt. Diese Nebenschl\u00fcsse k\u00f6nnen aufgrund von Isolationsfehlern die Gefahr eines Stromschlags oder eines Brands verursachen.<br \/>\nSie soll auch die Sicherheit der Menschen gew\u00e4hrleisten.<\/p>\n<p>Es handelt sich um ein 4-poliges (4P) Differenzial, das hei\u00dft, es ist f\u00fcr Dreiphasensysteme mit Nullleiter (3 Phasen + N) ausgelegt.<br \/>\nAuf diese Weise wird eine vollst\u00e4ndige \u00dcberwachung aller aktiven Fahrer gew\u00e4hrleistet.<\/p>\n<p>Als Teil der Alpha+-Reihe von Maxge zielt sie darauf ab, mehr Zuverl\u00e4ssigkeit und Stabilit\u00e4t in modernen Anlagen zu bieten. Dies ist besonders n\u00fctzlich an Orten mit vielen elektronischen Lasten.<\/p>\n<h2>Maxge Alpha+ 4P, 40A, 30mA Differenzielle Eigenschaften<\/h2>\n<h3>Konfiguration und elektrische Leistung<\/h3>\n<p>Dieses Differential ist mit einem\u00a0<strong>4-polige Konfiguration, <\/strong>wodurch alle aktiven Leitungen und der Nullleiter gleichzeitig \u00fcberwacht werden k\u00f6nnen.<br \/>\nDies gew\u00e4hrleistet eine vollst\u00e4ndige Erkennung von Erdschlussstr\u00f6men, die in der Anlage auftreten k\u00f6nnen.<\/p>\n<p>Das Differential arbeitet mit einem <strong>40 Ampere Nennstrom<\/strong>, Dadurch eignet er sich f\u00fcr Haupt- oder Nebenstrecken mit mittelhohem Stromverbrauch.<br \/>\nDieser Bemessungsstrom ist der maximale Strom, dem der Schutzschalter dauerhaft standhalten kann, ohne aufgrund von \u00dcberlast auszul\u00f6sen, vorausgesetzt, es liegt kein Erdschluss vor.<\/p>\n<p>Ihr <strong>Empfindlichkeit von 30 Milliampere (mA)<\/strong> ist der f\u00fcr den pers\u00f6nlichen Schutz empfohlene Standardschutzwert.<br \/>\nWenn ein Leckstrom von 30 mA oder mehr festgestellt wird, schaltet das Ger\u00e4t den Stromkreis sofort ab. Dies verhindert schwere Personensch\u00e4den.<\/p>\n<h3>Schutz und Technologie<\/h3>\n<p>Da es sich um eine <strong>Klasse A Differential<\/strong>, ist in der Lage, sowohl Restwechselstr\u00f6me (AC) als auch pulsierende Str\u00f6me mit einer Gleichstromkomponente (pulsierender DC) zu erfassen.<br \/>\nEin Differenzial der Klasse A kann komplexere Lecks erkennen als ein einfaches Differenzial der Klasse AC. Dadurch wird die Sicherheit verbessert und ein wirksamer Schutz in bestehenden Anlagen gew\u00e4hrleistet.<br \/>\nEs ist auch n\u00fctzlich, wenn Ger\u00e4te mit integrierter Elektronik oder nichtlinearen Lasten verwendet werden, wie z. B. moderne Haushaltsger\u00e4te, Computer, LED-Beleuchtung, Ladeger\u00e4te, Klimaanlagen, Frequenzumrichter und Schaltnetzteile.<\/p>\n<p>Die <strong>super-immunisierte Technologie<\/strong> Die in die Alpha+-Reihe integrierte Technologie erm\u00f6glicht eine h\u00f6here Stabilit\u00e4t gegen\u00fcber elektrischem Rauschen, Spannungsspitzen oder vor\u00fcbergehenden elektrischen St\u00f6rungen im Netz. Dies reduziert unerw\u00fcnschte Ausl\u00f6sungen und gew\u00e4hrleistet eine bessere Kontinuit\u00e4t der Versorgung, ohne die Sicherheit zu beeintr\u00e4chtigen.<\/p>\n<h3>Robustheit im Kurzschlussfall<\/h3>\n<p>Mit einem <strong>10 kA Ausschaltverm\u00f6gen<\/strong>, Der Fehlerstromschutzschalter kann Fehlerstr\u00f6me von bis zu 10.000 Ampere ohne Besch\u00e4digung oder Verlust der Schutzfunktion unterbrechen. Dies ist in Anlagen mit einer hohen Kurzschlusswahrscheinlichkeit von entscheidender Bedeutung.<br \/>\nDadurch wird eine gr\u00f6\u00dfere Robustheit, Sicherheit und Zuverl\u00e4ssigkeit gew\u00e4hrleistet und eine korrekte Koordinierung mit den magnetothermischen Schutzeinrichtungen der Schalttafel sichergestellt.<\/p>\n<h3>Einrichtung<\/h3>\n<p>Dieses Differential ist dazu bestimmt <strong>Standard DIN-Schienenmontage,<\/strong> Dadurch lassen sie sich problemlos in modulare Schalttafeln zusammen mit anderen Ger\u00e4ten wie Leistungsschaltern, Sicherungen oder Sch\u00fctzen integrieren.<\/p>\n<h2>Maxge Alpha+ 4P, 40A, 30mA Differenzbetrieb<\/h2>\n<p>Dieses Differential hat die folgenden inneren Werte:<\/p>\n<ul>\n<li><strong>St\u00e4ndige \u00dcberwachung:<\/strong> Das Differenzial vergleicht in Echtzeit die Summe der Str\u00f6me, die \u00fcber die Phasen eintreten und \u00fcber den Nullleiter austreten.<\/li>\n<li><strong>Lecksuche:<\/strong> Bei einer Differenz von mehr als 30 mA (ein Hinweis auf Erdschluss) interpretiert das Differenzial, dass ein Teil des Stroms durch einen unerw\u00fcnschten Pfad flie\u00dft.<\/li>\n<li><strong>Sofortige Entlassung:<\/strong> Das Differenzial unterbricht den Stromkreis innerhalb von Millisekunden, um eine gef\u00e4hrliche Ber\u00fchrung oder Brandausl\u00f6sung zu verhindern.<\/li>\n<\/ul>\n<p>Es ist die ideale Wahl f\u00fcr Umgebungen, in denen Sicherheit und Betriebskontinuit\u00e4t Priorit\u00e4t haben, wie z. B. in Haushalten mit einem hohen Grad an Elektrifizierung, in Gesch\u00e4ftsr\u00e4umen, B\u00fcros und kleinen Industrieanlagen.<\/p>\n<h2>Technische Informationen f\u00fcr Maxge Alpha+ 4P, 40A, 30mA differential. Klasse A superimmunisiert. 10kA - EPR4A040030<\/h2>\n<p><a href=\"https:\/\/fvcomponentes.com\/wp-content\/uploads\/2026\/02\/es_fichas-tecnicas_EPR_A-20251104.pdf\" target=\"_blank\" rel=\"noopener\">Maxge Alpha+ 4P, 40A, 30mA Differential Technisches Datenblatt<\/a><\/p>\n<p><a href=\"https:\/\/fvcomponentes.com\/wp-content\/uploads\/2026\/02\/es_fichas-tecnicas_Ficha_tecnica_EPR.pdf\" target=\"_blank\" rel=\"noopener\">Maxge Alpha+ 4P, 40A, 30mA Differential Technische Daten<\/a><\/p>","protected":false},"excerpt":{"rendered":"<ul>\n<li>Anzahl der Pole: 4-polig (3 Phasen + Nullleiter)<\/li>\n<li>Nennstrom (In): 40 Ampere<\/li>\n<li>Empfindlichkeit: 30 mA<\/li>\n<li>Betriebsspannung: 415V AC (zwischen den Phasen)<\/li>\n<li>Lokale Statussignalisierung<\/li>\n<li>Fenster f\u00fcr Schaltkreismarker<\/li>\n<li>Klemmenanschluss f\u00fcr Kupferkabel: 25 mm\u00b2 (flexibel) \/ 35 mm\u00b2 (starr)<\/li>\n<li>Klasse A: detektiert Wechsel- und Gleichstr\u00f6me.<\/li>\n<li>Selektiv: enth\u00e4lt eine Ausl\u00f6severz\u00f6gerung.<\/li>\n<li>Ableitstrom im Ruhezustand: 0,5xIDn<\/li>\n<li>Abmessungen: 72 mm breit (18 mm pro Pol)<\/li>\n<li>Erm\u00f6glicht die Anbringung von Zubeh\u00f6r und Betriebsmitteln<\/li>\n<li>Isolationsspannung (Ui): 500VA<\/li>\n<li>Verschmutzungsgrad 3<\/li>\n<li>Sto\u00dfspannung (Uimp): 4kV<\/li>\n<li>Doppelte Isolationsklasse 2<\/li>\n<li>Arbeitstemperatur: -5 \u00b0C bis +40 \u00b0C<\/li>\n<li>Internationale Norm: EN\/IEC60898-1<\/li>\n<\/ul>","protected":false},"featured_media":36564,"comment_status":"closed","ping_status":"closed","template":"","meta":{"site-sidebar-layout":"default","site-content-layout":"","ast-site-content-layout":"default","site-content-style":"default","site-sidebar-style":"default","ast-global-header-display":"","ast-banner-title-visibility":"","ast-main-header-display":"","ast-hfb-above-header-display":"","ast-hfb-below-header-display":"","ast-hfb-mobile-header-display":"","site-post-title":"","ast-breadcrumbs-content":"","ast-featured-img":"","footer-sml-layout":"","ast-disable-related-posts":"","theme-transparent-header-meta":"default","adv-header-id-meta":"","stick-header-meta":"","header-above-stick-meta":"","header-main-stick-meta":"","header-below-stick-meta":"","astra-migrate-meta-layouts":"set","ast-page-background-enabled":"default","ast-page-background-meta":{"desktop":{"background-color":"var(--ast-global-color-4)","background-image":"","background-repeat":"repeat","background-position":"center center","background-size":"auto","background-attachment":"scroll","background-type":"","background-media":"","overlay-type":"","overlay-color":"","overlay-opacity":"","overlay-gradient":""},"tablet":{"background-color":"","background-image":"","background-repeat":"repeat","background-position":"center center","background-size":"auto","background-attachment":"scroll","background-type":"","background-media":"","overlay-type":"","overlay-color":"","overlay-opacity":"","overlay-gradient":""},"mobile":{"background-color":"","background-image":"","background-repeat":"repeat","background-position":"center center","background-size":"auto","background-attachment":"scroll","background-type":"","background-media":"","overlay-type":"","overlay-color":"","overlay-opacity":"","overlay-gradient":""}},"ast-content-background-meta":{"desktop":{"background-color":"var(--ast-global-color-5)","background-image":"","background-repeat":"repeat","background-position":"center center","background-size":"auto","background-attachment":"scroll","background-type":"","background-media":"","overlay-type":"","overlay-color":"","overlay-opacity":"","overlay-gradient":""},"tablet":{"background-color":"var(--ast-global-color-5)","background-image":"","background-repeat":"repeat","background-position":"center center","background-size":"auto","background-attachment":"scroll","background-type":"","background-media":"","overlay-type":"","overlay-color":"","overlay-opacity":"","overlay-gradient":""},"mobile":{"background-color":"var(--ast-global-color-5)","background-image":"","background-repeat":"repeat","background-position":"center center","background-size":"auto","background-attachment":"scroll","background-type":"","background-media":"","overlay-type":"","overlay-color":"","overlay-opacity":"","overlay-gradient":""}}},"pwb-brand":[1018],"product_brand":[],"product_cat":[989,410],"product_tag":[],"class_list":{"0":"post-36132","1":"product","2":"type-product","3":"status-publish","4":"has-post-thumbnail","6":"pwb-brand-maxge","7":"product_cat-interruptores-diferenciales","8":"product_cat-material-electrico","9":"desktop-align-left","10":"tablet-align-left","11":"mobile-align-left","12":"ast-product-gallery-layout-horizontal-slider","13":"ast-product-gallery-with-no-image","14":"ast-product-tabs-layout-horizontal","16":"first","17":"instock","18":"taxable","19":"shipping-taxable","20":"purchasable","21":"product-type-simple"},"wcpa_form_fields":null,"brands":[{"id":1018,"name":"Maxge Elektrische Schutzeinrichtungen","slug":"maxge"}],"_links":{"self":[{"href":"https:\/\/fvcomponentes.com\/de\/wp-json\/wp\/v2\/product\/36132","targetHints":{"allow":["GET"]}}],"collection":[{"href":"https:\/\/fvcomponentes.com\/de\/wp-json\/wp\/v2\/product"}],"about":[{"href":"https:\/\/fvcomponentes.com\/de\/wp-json\/wp\/v2\/types\/product"}],"replies":[{"embeddable":true,"href":"https:\/\/fvcomponentes.com\/de\/wp-json\/wp\/v2\/comments?post=36132"}],"wp:featuredmedia":[{"embeddable":true,"href":"https:\/\/fvcomponentes.com\/de\/wp-json\/wp\/v2\/media\/36564"}],"wp:attachment":[{"href":"https:\/\/fvcomponentes.com\/de\/wp-json\/wp\/v2\/media?parent=36132"}],"wp:term":[{"taxonomy":"pwb-brand","embeddable":true,"href":"https:\/\/fvcomponentes.com\/de\/wp-json\/wp\/v2\/pwb-brand?post=36132"},{"taxonomy":"product_brand","embeddable":true,"href":"https:\/\/fvcomponentes.com\/de\/wp-json\/wp\/v2\/product_brand?post=36132"},{"taxonomy":"product_cat","embeddable":true,"href":"https:\/\/fvcomponentes.com\/de\/wp-json\/wp\/v2\/product_cat?post=36132"},{"taxonomy":"product_tag","embeddable":true,"href":"https:\/\/fvcomponentes.com\/de\/wp-json\/wp\/v2\/product_tag?post=36132"}],"curies":[{"name":"wp","href":"https:\/\/api.w.org\/{rel}","templated":true}]}}