{"id":36131,"date":"2026-01-24T09:28:52","date_gmt":"2026-01-24T08:28:52","guid":{"rendered":"https:\/\/fvcomponentes.com\/?post_type=product&#038;p=36131"},"modified":"2026-02-05T15:00:30","modified_gmt":"2026-02-05T14:00:30","slug":"magnetothermischer-schalter-maxge-alpha-industrial-4p-40a-kurve-c-10ka","status":"publish","type":"product","link":"https:\/\/fvcomponentes.com\/de\/producto\/interruptor-magnetotermico-maxge-alpha-industrial-4p-40a-curva-c-10ka\/","title":{"rendered":"Maxge Alpha+ 4P, 40A, C-Kurve, 10kA - EPB63H4C40"},"content":{"rendered":"<h2>Maxge Alpha+ 4P, 40A, C-Kurve, 10kA - EPB63H4C40<\/h2>\n<p>Der magnetothermische Schutzschalter Maxge Alpha+ 4P, 40A ist ein magnetothermischer Schutzschalter, der dreiphasige elektrische Anlagen mit Neutralleiter umfassend gegen die wichtigsten Stromanomalien wie \u00dcberlastungen und Kurzschl\u00fcsse sch\u00fctzt.<\/p>\n<p>Es handelt sich um ein robustes und vielseitiges Ger\u00e4t, das thermischen und magnetischen Ausl\u00f6seschutz kombiniert, um einen wirksamen, sicheren und zuverl\u00e4ssigen Schutz in fortschrittlichen Wohnumgebungen sowie in gewerblichen oder industriellen Anlagen zu gew\u00e4hrleisten.<\/p>\n<h2>Hauptmerkmale des Leistungsschalters Maxge Alpha+ 4P, 40A<\/h2>\n<h3>Umfassender Schutz<\/h3>\n<p>Dieser Schutzschalter ist hergestellt aus <strong>4-polig (4P)<\/strong>, Das bedeutet, dass er gleichzeitig alle drei Phasen und den Neutralleiter sch\u00fctzt.<\/p>\n<p>Diese Konfiguration ist in dreiphasigen Schalttafeln unerl\u00e4sslich, da sie eine vollst\u00e4ndige Isolierung des Stromkreises w\u00e4hrend des Betriebs gew\u00e4hrleistet, wodurch verhindert wird, dass Restspannungen in einem der Leiter verbleiben und die Sicherheit f\u00fcr Personen und angeschlossene Ger\u00e4te verbessert wird.<\/p>\n<p>Diese Konfiguration wird h\u00e4ufig in allgemeinen Stromversorgungen, Verteilungsleitungen zu Unterverteilungen, dreiphasigen Maschinen mit Nullleiter, Klimaanlagen, Pumpen, kleinen Motoren und Stromkreisen verwendet, in denen eine gleichm\u00e4\u00dfige Abschaltung aller Pole erforderlich ist.<\/p>\n<h3>Ausgewogene Leistung und Tragf\u00e4higkeit<\/h3>\n<p>Mit einem <strong>Nennstrom (In) von 40 Ampere<\/strong>, Dieser Leistungsschalter ist f\u00fcr Stromkreise mittlerer Leistung oder Haupt-\/Ableitungsleitungen konzipiert, in denen gro\u00dfe Lasten gehandhabt werden. Diese Leistung erm\u00f6glicht die Versorgung von Ger\u00e4ten mit m\u00e4\u00dfigem Verbrauch und von mehreren Ger\u00e4ten gleichzeitig in einer Anlage.<\/p>\n<p>In der Praxis erm\u00f6glicht ein 40-A-Leistungsschalter die Arbeit mit Dauerlasten innerhalb des von der Schaltung vorgesehenen Bereichs, vorausgesetzt, der Kabelabschnitt und die \u00fcbrigen Schutzelemente der Schaltanlage (Differential- und andere Schutzelemente) sind angemessen dimensioniert.<\/p>\n<p>Dar\u00fcber hinaus ist seine <strong>Betriebsspannung<\/strong> ist bis zu <strong>415\/240 V AC<\/strong>.<br \/>\nDamit ist es f\u00fcr die meisten Standard-Drehstromanlagen geeignet.<\/p>\n<h3>Robustheit im Kurzschlussfall<\/h3>\n<p>Die <strong>10 kA Ausschaltverm\u00f6gen<\/strong> gibt die F\u00e4higkeit des Ger\u00e4ts an, einen hohen Kurzschlussstrom sicher zu unterbrechen, ohne die Anlage zu besch\u00e4digen oder zu gef\u00e4hrden.<\/p>\n<p>Mit einer Nennleistung von 10.000 Ampere kann dieses Ger\u00e4t schwere Kurzschlussfehler unterbrechen, die relativ nahe am Umwandlungspunkt oder an einer Versorgung mit hoher verf\u00fcgbarer Leistung auftreten.<\/p>\n<p>Dies bietet ein hohes Ma\u00df an Sicherheit auch in extremen Fehlersituationen und macht diesen Leistungsschalter zu einer empfehlenswerten Option f\u00fcr Schalttafeln, in denen zus\u00e4tzliche Widerstandsf\u00e4higkeit und Zuverl\u00e4ssigkeit erforderlich sind.<\/p>\n<h3>Empfindlichkeit und Toleranz gegen\u00fcber Spitzenbelastungen<\/h3>\n<p>Die Maxge Alpha+ 4P, 40A Magnetotermico Maxge Alpha+ 4P, 40A verf\u00fcgt \u00fcber eine <strong>Brennkurve C<\/strong> toleriert besser Stromspitzen, die durch das Anlaufen kleiner Motoren, Anlasser, Transformatoren oder Stromversorgungen verursacht werden, reduziert unzeitige Ausl\u00f6sungen und h\u00e4lt ein effektives Schutzniveau gegen gef\u00e4hrliche \u00dcberstr\u00f6me aufrecht<\/p>\n<p>Dies macht ihn zu einer sehr vielseitigen und h\u00e4ufigen Wahl in verschiedenen Installationen, in denen eine Mischung aus Widerstandslasten und moderaten Spitzenlasten beim Start vorhanden ist.<\/p>\n<h3>Einbau und Gestaltung<\/h3>\n<p>Was die Installation betrifft, so ist sie so konzipiert, dass <strong>Montage auf DIN-Schiene<\/strong>.<br \/>\nDies erleichtert die Integration in Standardschalttafeln und erm\u00f6glicht eine schnelle, saubere und professionelle Installation.<\/p>\n<p>Ihr <strong>Terminals<\/strong> f\u00fcr die Aufnahme von Leitern mit einem f\u00fcr diese Stromst\u00e4rke geeigneten Querschnitt vorbereitet sind <strong>(25 mm\u00b2 f\u00fcr flexible Kabel und 35 mm\u00b2 f\u00fcr starre Kabel)<\/strong>. Dies gew\u00e4hrleistet feste und sichere Verbindungen, die das Risiko von Fehlkontakten oder \u00dcberhitzung verringern.<\/p>\n<p>Die Konstruktion dieses Leistungsschalters zeichnet sich durch seine robuste Bauweise und seine <strong>kompakte Abmessungen<\/strong> <strong>(72 mm breit)<\/strong>.<\/p>\n<p>Es bietet eine komfortable Bedienung durch die <strong>Fenster f\u00fcr Schaltkreismarker<\/strong> und eine <strong>visuelle Statusanzeige (ein\/aus), <\/strong>die die Identifizierung des zu sch\u00fctzenden Stromkreises erleichtern.<br \/>\nAu\u00dferdem erm\u00f6glicht es eine schnelle Diagnose und Wartung.<\/p>\n<h2>Maxge Alpha+ 4P, 40A, C-Kurve, 10kA - EPB63H4C40 - Betrieb und Anwendungen<\/h2>\n<p>Dieser Leistungsschalter ist ein grundlegendes Schutzelement in der Stromverteilung, da er thermischen und magnetischen Schutz in einem einzigen Mechanismus vereint:<\/p>\n<ul>\n<li><strong>Thermischer Schutz (\u00dcberlast):<\/strong> wirkt gegen anhaltende \u00dcberlastungen und unterbricht den Stromkreis, wenn der Strom die sicheren Werte \u00fcberschreitet. Dadurch wird eine \u00dcberhitzung der Leiter verhindert und Sch\u00e4den an Kabeln und Ger\u00e4ten sowie Brandgefahr vermieden.<\/li>\n<li><strong>Magnetischer Schutz (Kurzschluss): <\/strong>wirkt im Falle eines Kurzschlusses sehr schnell, unterbricht hohe Fehlerstr\u00f6me und sch\u00fctzt sowohl die Anlage als auch die angeschlossenen Ger\u00e4te.<\/li>\n<\/ul>\n<p>Er ist ideal f\u00fcr den Einsatz in Haupt- oder Nebenschalttafeln in Industrie-, Gewerbe- oder Wohngeb\u00e4uden mit anspruchsvollen Lasten. Er bietet somit einen robusten und wirksamen Schutz.<\/p>\n<p>Seine 4-polige Ausf\u00fchrung deckt sowohl den Schutz der dreiphasigen Einspeisung als auch den Schutz des Neutralleiters ab, was bei symmetrischen Systemen oder bei kombinierten einphasigen Lasten von entscheidender Bedeutung ist.<\/p>\n<h2>Die wichtigsten Vorteile von Maxge Alpha+ 4P, 40A<\/h2>\n<p>Die Vorteile dieses Leistungsschalters sind wie folgt:<\/p>\n<ul>\n<li><strong>Wirksamer Schutz:<\/strong> bietet einen gr\u00f6\u00dferen Schutz vor \u00dcberlastungen und Kurzschl\u00fcssen und verringert die Wahrscheinlichkeit schwerer Sch\u00e4den in Drehstromnetzen mit Nullleiter.<\/li>\n<li><strong>Hohe Schnittleistung:<\/strong> mit 10 kA, geeignet f\u00fcr anspruchsvolle Umgebungen.<\/li>\n<li><strong>Brennkurve:<\/strong> Typ C symmetrisch, ideal f\u00fcr zahlreiche industrielle Anwendungen.<\/li>\n<li><strong>Kompatibilit\u00e4t:<\/strong> l\u00e4sst sich nahtlos in Kabel mit gro\u00dfem Querschnitt, in Zusatzger\u00e4te und in Standardverteilersysteme integrieren.<\/li>\n<li><strong>Einfache Installation und Wartung:<\/strong> Das modulare Format und die gut dimensionierten Klemmen erm\u00f6glichen sichere und schnelle Verbindungen und eine einfache Identifizierung der Stromkreise.<\/li>\n<li><strong>Vorschriften und Zertifizierungen:<\/strong> Die Einhaltung anerkannter internationaler Normen garantiert Qualit\u00e4t und Zuverl\u00e4ssigkeit f\u00fcr anspruchsvolle Anlagen.<\/li>\n<\/ul>\n<h2>Technische Informationen zu Maxge Alpha+ 4P, 40A, Kurve C. 10kA - EPB63H4C40<\/h2>\n<p><a href=\"https:\/\/fvcomponentes.com\/wp-content\/uploads\/2026\/02\/es_fichas-tecnicas_EPB63H-20251104.pdf\" target=\"_blank\" rel=\"noopener\">Datenblatt Maxge Alpha+ 4P, 40A Leistungsschalter<\/a><\/p>\n<p><a href=\"https:\/\/fvcomponentes.com\/wp-content\/uploads\/2026\/02\/es_fichas-tecnicas_Ficha_tecnica_EPB63H.pdf\" target=\"_blank\" rel=\"noopener\">Technische Daten des Leistungsschalters Maxge Alpha+ 4P, 40A<\/a><\/p>","protected":false},"excerpt":{"rendered":"<ul>\n<li>Anzahl der Pole: 4-polig (3 Phasen + Nullleiter)<\/li>\n<li>Nennstrom (In): 40 Ampere<\/li>\n<li>Betriebsspannung: 415\/240V AC<\/li>\n<li>Internationale Norm EN\/IEC60898-1<\/li>\n<li>Lokale Statussignalisierung<\/li>\n<li>Fenster f\u00fcr Schaltkreismarker<\/li>\n<li>Klemmenanschluss f\u00fcr Kupferkabel: 25 mm\u00b2 (flexibel) \/ 35 mm\u00b2 (starr)<\/li>\n<li>Abmessungen: 72 mm breit (18 mm pro Pol)<\/li>\n<li>Erm\u00f6glicht die Anbringung von Zubeh\u00f6r und Betriebsmitteln<\/li>\n<li>Isolationsspannung (Ui): 500VA<\/li>\n<li>Verschmutzungsgrad 3<\/li>\n<li>Sto\u00dfspannung (Uimp): 4kV<\/li>\n<li>Doppelte Isolationsklasse 2<\/li>\n<li>Geeignet f\u00fcr die Sektionierung<\/li>\n<li>Arbeitstemperatur: -5 \u00b0C bis +40 \u00b0C<\/li>\n<\/ul>","protected":false},"featured_media":36553,"comment_status":"closed","ping_status":"closed","template":"","meta":{"site-sidebar-layout":"default","site-content-layout":"","ast-site-content-layout":"default","site-content-style":"default","site-sidebar-style":"default","ast-global-header-display":"","ast-banner-title-visibility":"","ast-main-header-display":"","ast-hfb-above-header-display":"","ast-hfb-below-header-display":"","ast-hfb-mobile-header-display":"","site-post-title":"","ast-breadcrumbs-content":"","ast-featured-img":"","footer-sml-layout":"","ast-disable-related-posts":"","theme-transparent-header-meta":"default","adv-header-id-meta":"","stick-header-meta":"","header-above-stick-meta":"","header-main-stick-meta":"","header-below-stick-meta":"","astra-migrate-meta-layouts":"set","ast-page-background-enabled":"default","ast-page-background-meta":{"desktop":{"background-color":"var(--ast-global-color-4)","background-image":"","background-repeat":"repeat","background-position":"center center","background-size":"auto","background-attachment":"scroll","background-type":"","background-media":"","overlay-type":"","overlay-color":"","overlay-opacity":"","overlay-gradient":""},"tablet":{"background-color":"","background-image":"","background-repeat":"repeat","background-position":"center center","background-size":"auto","background-attachment":"scroll","background-type":"","background-media":"","overlay-type":"","overlay-color":"","overlay-opacity":"","overlay-gradient":""},"mobile":{"background-color":"","background-image":"","background-repeat":"repeat","background-position":"center center","background-size":"auto","background-attachment":"scroll","background-type":"","background-media":"","overlay-type":"","overlay-color":"","overlay-opacity":"","overlay-gradient":""}},"ast-content-background-meta":{"desktop":{"background-color":"var(--ast-global-color-5)","background-image":"","background-repeat":"repeat","background-position":"center center","background-size":"auto","background-attachment":"scroll","background-type":"","background-media":"","overlay-type":"","overlay-color":"","overlay-opacity":"","overlay-gradient":""},"tablet":{"background-color":"var(--ast-global-color-5)","background-image":"","background-repeat":"repeat","background-position":"center center","background-size":"auto","background-attachment":"scroll","background-type":"","background-media":"","overlay-type":"","overlay-color":"","overlay-opacity":"","overlay-gradient":""},"mobile":{"background-color":"var(--ast-global-color-5)","background-image":"","background-repeat":"repeat","background-position":"center center","background-size":"auto","background-attachment":"scroll","background-type":"","background-media":"","overlay-type":"","overlay-color":"","overlay-opacity":"","overlay-gradient":""}}},"pwb-brand":[1018],"product_brand":[],"product_cat":[990,410],"product_tag":[],"class_list":{"0":"post-36131","1":"product","2":"type-product","3":"status-publish","4":"has-post-thumbnail","6":"pwb-brand-maxge","7":"product_cat-magnetotermicos","8":"product_cat-material-electrico","9":"desktop-align-left","10":"tablet-align-left","11":"mobile-align-left","12":"ast-product-gallery-layout-horizontal-slider","13":"ast-product-tabs-layout-horizontal","15":"first","16":"instock","17":"taxable","18":"shipping-taxable","19":"purchasable","20":"product-type-simple"},"wcpa_form_fields":null,"brands":[{"id":1018,"name":"Maxge Elektrische Schutzeinrichtungen","slug":"maxge"}],"_links":{"self":[{"href":"https:\/\/fvcomponentes.com\/de\/wp-json\/wp\/v2\/product\/36131","targetHints":{"allow":["GET"]}}],"collection":[{"href":"https:\/\/fvcomponentes.com\/de\/wp-json\/wp\/v2\/product"}],"about":[{"href":"https:\/\/fvcomponentes.com\/de\/wp-json\/wp\/v2\/types\/product"}],"replies":[{"embeddable":true,"href":"https:\/\/fvcomponentes.com\/de\/wp-json\/wp\/v2\/comments?post=36131"}],"wp:featuredmedia":[{"embeddable":true,"href":"https:\/\/fvcomponentes.com\/de\/wp-json\/wp\/v2\/media\/36553"}],"wp:attachment":[{"href":"https:\/\/fvcomponentes.com\/de\/wp-json\/wp\/v2\/media?parent=36131"}],"wp:term":[{"taxonomy":"pwb-brand","embeddable":true,"href":"https:\/\/fvcomponentes.com\/de\/wp-json\/wp\/v2\/pwb-brand?post=36131"},{"taxonomy":"product_brand","embeddable":true,"href":"https:\/\/fvcomponentes.com\/de\/wp-json\/wp\/v2\/product_brand?post=36131"},{"taxonomy":"product_cat","embeddable":true,"href":"https:\/\/fvcomponentes.com\/de\/wp-json\/wp\/v2\/product_cat?post=36131"},{"taxonomy":"product_tag","embeddable":true,"href":"https:\/\/fvcomponentes.com\/de\/wp-json\/wp\/v2\/product_tag?post=36131"}],"curies":[{"name":"wp","href":"https:\/\/api.w.org\/{rel}","templated":true}]}}