{"id":36130,"date":"2026-01-24T09:28:16","date_gmt":"2026-01-24T08:28:16","guid":{"rendered":"https:\/\/fvcomponentes.com\/?post_type=product&#038;p=36130"},"modified":"2026-02-05T14:02:43","modified_gmt":"2026-02-05T13:02:43","slug":"magnetothermischer-schalter-maxge-alpha-industrial-4p-32a-kurve-c-10ka","status":"publish","type":"product","link":"https:\/\/fvcomponentes.com\/de\/producto\/interruptor-magnetotermico-maxge-alpha-industrial-4p-32a-curva-c-10ka\/","title":{"rendered":"Maxge Alpha+ 4P, 32A, C-Kurve, 10kA - EPB63H4C32"},"content":{"rendered":"<h2>Maxge Alpha+ 4P, 32A, C-Kurve, 10kA - EPB63H4C32<\/h2>\n<p>Der Maxge Alpha+ 4P, 32A ist eine elektrische Schutzvorrichtung, die die Sicherheit und den korrekten Betrieb von dreiphasigen Installationen mit Nullleiter gew\u00e4hrleistet. Dies ist wichtig f\u00fcr den Schutz vor \u00dcberlastungen und Kurzschl\u00fcssen in gro\u00dfen gewerblichen, industriellen und privaten Anlagen.<\/p>\n<p>Es handelt sich um einen Leistungsschalter, der aufgrund seiner Konstruktion und Leistung sicher, zuverl\u00e4ssig und mit modernen elektrischen Anlagen kompatibel ist.<\/p>\n<h2>Hauptmerkmale des Leistungsschalters Maxge Alpha+ 4P, 32A<\/h2>\n<p>Ihr <strong>vierpolige Anordnung<\/strong> erm\u00f6glicht die gleichzeitige Abschaltung der drei Phasen und des Nullleiters.<br \/>\nDies ist besonders in modernen Drehstromnetzen wichtig, da es die Sicherheit bei Wartungsarbeiten erh\u00f6ht.<br \/>\nDar\u00fcber hinaus bietet sie einen umfassenderen Schutz f\u00fcr die gesamte Anlage.<\/p>\n<p>Dank seiner <strong>10 kA (10.000 Ampere) Ausschaltverm\u00f6gen<\/strong>, Der Leistungsschalter Alpha+ bietet ein hohes Schutzniveau auch in Netzen mit hohen Kurzschlusswerten.<br \/>\nSie bringt also mehr Sicherheit und Zuverl\u00e4ssigkeit in das Stromsystem.<\/p>\n<p>Dieser Schutzschalter ist au\u00dferdem mit einem <strong>Nennstrom (In) von 32 Ampere<\/strong>, der dem maximalen Dauerstrom entspricht, f\u00fcr den der thermisch-magnetische Ausl\u00f6ser kalibriert ist.<\/p>\n<p>Dar\u00fcber hinaus ist seine <strong>Betriebsspannung<\/strong> ist <strong>bis zu 415\/240 V AC<\/strong>.<br \/>\nDamit ist es f\u00fcr die meisten Standard-Drehstromanlagen geeignet.<\/p>\n<p>Auf der anderen Seite, seine <strong>Ausl\u00f6sekurve Typ C<\/strong> erm\u00f6glicht es, m\u00e4\u00dfige Stromspitzen, wie sie beim Anlassen von Motoren, Maschinen oder Ger\u00e4ten mit induktiven Bauteilen auftreten, zu bew\u00e4ltigen, ohne dass es zu einer vorzeitigen Ausl\u00f6sung kommt.<br \/>\nDadurch eignet sich dieser Leistungsschalter ideal f\u00fcr allgemeine Verteilungsstromkreise, Stromversorgungsleitungen f\u00fcr Maschinen, industrielle Schalttafeln oder gewerbliche Anlagen, in denen ohmsche und induktive Lasten kombiniert werden.<\/p>\n<h2>Installation und Auslegung des Leistungsschalters Maxge Alpha+ 4P, 32A<\/h2>\n<p>Was die Installation betrifft, so ist sie so konzipiert, dass <strong>Montage auf DIN-Schiene<\/strong>.<br \/>\nDies erleichtert die Integration in Standardschalttafeln und erm\u00f6glicht eine schnelle, saubere und professionelle Installation.<\/p>\n<p>Ihr <strong>Terminals<\/strong> f\u00fcr die Aufnahme von Leitern mit einem f\u00fcr diese Stromst\u00e4rke geeigneten Querschnitt vorbereitet sind <strong>(25 mm\u00b2 f\u00fcr flexible Kabel und 35 mm\u00b2 f\u00fcr starre Kabel)<\/strong>. Dies gew\u00e4hrleistet feste und sichere Verbindungen, die das Risiko von Fehlkontakten oder \u00dcberhitzung verringern.<\/p>\n<p>Die Konstruktion dieses Leistungsschalters zeichnet sich durch seine robuste Bauweise und seine <strong>kompakte Abmessungen<\/strong> <strong>(72 mm breit)<\/strong>.<\/p>\n<p>Es bietet eine komfortable Bedienung durch die <strong>Fenster f\u00fcr Schaltkreismarker<\/strong> und eine <strong>visuelle Statusanzeige (ein\/aus), <\/strong>die die Identifizierung des zu sch\u00fctzenden Stromkreises erleichtern.<br \/>\nAu\u00dferdem erm\u00f6glicht es eine schnelle Diagnose und Wartung.<\/p>\n<h2>Maxge Alpha+ 4P, 32A, C-Kurve, 10kA - EPB63H4C32 - Betrieb und Anwendungen<\/h2>\n<p>Dieser Leistungsschalter ist ein grundlegendes Schutzelement in der Stromverteilung, da er thermischen und magnetischen Schutz in einem einzigen Mechanismus vereint:<\/p>\n<ul>\n<li><strong>Thermischer Schutz:<\/strong> wirkt gegen anhaltende \u00dcberlastungen und unterbricht den Stromkreis, wenn der Strom die sicheren Werte \u00fcberschreitet. Dadurch wird eine \u00dcberhitzung der Leiter verhindert und Sch\u00e4den an Kabeln und Ger\u00e4ten sowie Brandgefahr vermieden.<\/li>\n<li><strong>Magnetischer Schutz: <\/strong>Reagiert sofort auf Kurzschl\u00fcsse und unterbricht hohe Fehlerstr\u00f6me schnell und sicher.<\/li>\n<\/ul>\n<p>Er ist ideal f\u00fcr den Einsatz in Haupt- oder Nebenschalttafeln in Industrie-, Gewerbe- oder Wohngeb\u00e4uden mit anspruchsvollen Lasten. Er bietet somit einen robusten und wirksamen Schutz.<\/p>\n<p>Seine 4-polige Ausf\u00fchrung deckt sowohl den Schutz der dreiphasigen Einspeisung als auch den Schutz des Neutralleiters ab, was bei symmetrischen Systemen oder bei kombinierten einphasigen Lasten von entscheidender Bedeutung ist.<\/p>\n<h2>Die wichtigsten Vorteile des Maxge Alpha+ 4P, 32A Leistungsschalters<\/h2>\n<p>Die Vorteile dieses Leistungsschalters sind wie folgt:<\/p>\n<ul>\n<li><strong>Wirksamer Schutz:<\/strong> bietet einen gr\u00f6\u00dferen Schutz vor \u00dcberlastungen und Kurzschl\u00fcssen und verringert die Wahrscheinlichkeit schwerer Sch\u00e4den in Drehstromnetzen mit Nullleiter.<\/li>\n<li><strong>Hohe Schnittleistung:<\/strong> mit 10 kA, geeignet f\u00fcr anspruchsvolle Umgebungen.<\/li>\n<li><strong>Brennkurve:<\/strong> Typ C symmetrisch, ideal f\u00fcr zahlreiche industrielle Anwendungen.<\/li>\n<li><strong>Kompatibilit\u00e4t:<\/strong> l\u00e4sst sich nahtlos in Kabel mit gro\u00dfem Querschnitt, in Zusatzger\u00e4te und in Standardverteilersysteme integrieren.<\/li>\n<li><strong>Einfache Installation und Wartung:<\/strong> Das modulare Format und die gut dimensionierten Klemmen erm\u00f6glichen sichere und schnelle Verbindungen und eine einfache Identifizierung der Stromkreise.<\/li>\n<li><strong>Vorschriften und Zertifizierungen:<\/strong> Die Einhaltung anerkannter internationaler Normen garantiert Qualit\u00e4t und Zuverl\u00e4ssigkeit f\u00fcr anspruchsvolle Anlagen.<\/li>\n<\/ul>\n<h2>Maxge Alpha+ 4P, 32A, C-Kurve, 10kA - EPB63H4C32 - Technische Informationen<\/h2>\n<p><a href=\"https:\/\/fvcomponentes.com\/wp-content\/uploads\/2026\/02\/es_fichas-tecnicas_EPB63H-20251104.pdf\" target=\"_blank\" rel=\"noopener\">Technisches Datenblatt Maxge Alpha+ 4P, 32A Leistungsschalter<\/a><\/p>\n<p><a href=\"https:\/\/fvcomponentes.com\/wp-content\/uploads\/2026\/02\/es_fichas-tecnicas_Ficha_tecnica_EPB63H.pdf\" target=\"_blank\" rel=\"noopener\">Technische Daten des Leistungsschalters Maxge Alpha+ 4P, 32A<\/a><\/p>","protected":false},"excerpt":{"rendered":"<ul>\n<li>Anzahl der Pole: 4-polig (3 Phasen + Nullleiter)<\/li>\n<li>Nennstrom (In): 32 Ampere<\/li>\n<li>Betriebsspannung: 415\/240V AC<\/li>\n<li>Internationale Norm EN\/IEC60898-1<\/li>\n<li>Lokale Statussignalisierung<\/li>\n<li>Fenster f\u00fcr Schaltkreismarker<\/li>\n<li>Klemmenanschluss f\u00fcr Kupferkabel: 25 mm\u00b2 (flexibel) \/ 35 mm\u00b2 (starr)<\/li>\n<li>Abmessungen: 72 mm breit (18 mm pro Pol)<\/li>\n<li>Erm\u00f6glicht die Anbringung von Zubeh\u00f6r und Betriebsmitteln<\/li>\n<li>Isolationsspannung (Ui): 500VA<\/li>\n<li>Verschmutzungsgrad 3<\/li>\n<li>Sto\u00dfspannung (Uimp): 4kV<\/li>\n<li>Doppelte Isolationsklasse 2<\/li>\n<li>Geeignet f\u00fcr die Sektionierung<\/li>\n<li>Arbeitstemperatur: -5 \u00b0C bis +40 \u00b0C<\/li>\n<\/ul>","protected":false},"featured_media":36547,"comment_status":"closed","ping_status":"closed","template":"","meta":{"site-sidebar-layout":"default","site-content-layout":"","ast-site-content-layout":"default","site-content-style":"default","site-sidebar-style":"default","ast-global-header-display":"","ast-banner-title-visibility":"","ast-main-header-display":"","ast-hfb-above-header-display":"","ast-hfb-below-header-display":"","ast-hfb-mobile-header-display":"","site-post-title":"","ast-breadcrumbs-content":"","ast-featured-img":"","footer-sml-layout":"","ast-disable-related-posts":"","theme-transparent-header-meta":"default","adv-header-id-meta":"","stick-header-meta":"","header-above-stick-meta":"","header-main-stick-meta":"","header-below-stick-meta":"","astra-migrate-meta-layouts":"set","ast-page-background-enabled":"default","ast-page-background-meta":{"desktop":{"background-color":"var(--ast-global-color-4)","background-image":"","background-repeat":"repeat","background-position":"center center","background-size":"auto","background-attachment":"scroll","background-type":"","background-media":"","overlay-type":"","overlay-color":"","overlay-opacity":"","overlay-gradient":""},"tablet":{"background-color":"","background-image":"","background-repeat":"repeat","background-position":"center center","background-size":"auto","background-attachment":"scroll","background-type":"","background-media":"","overlay-type":"","overlay-color":"","overlay-opacity":"","overlay-gradient":""},"mobile":{"background-color":"","background-image":"","background-repeat":"repeat","background-position":"center center","background-size":"auto","background-attachment":"scroll","background-type":"","background-media":"","overlay-type":"","overlay-color":"","overlay-opacity":"","overlay-gradient":""}},"ast-content-background-meta":{"desktop":{"background-color":"var(--ast-global-color-5)","background-image":"","background-repeat":"repeat","background-position":"center center","background-size":"auto","background-attachment":"scroll","background-type":"","background-media":"","overlay-type":"","overlay-color":"","overlay-opacity":"","overlay-gradient":""},"tablet":{"background-color":"var(--ast-global-color-5)","background-image":"","background-repeat":"repeat","background-position":"center center","background-size":"auto","background-attachment":"scroll","background-type":"","background-media":"","overlay-type":"","overlay-color":"","overlay-opacity":"","overlay-gradient":""},"mobile":{"background-color":"var(--ast-global-color-5)","background-image":"","background-repeat":"repeat","background-position":"center center","background-size":"auto","background-attachment":"scroll","background-type":"","background-media":"","overlay-type":"","overlay-color":"","overlay-opacity":"","overlay-gradient":""}}},"pwb-brand":[1018],"product_brand":[],"product_cat":[990,410],"product_tag":[],"class_list":{"0":"post-36130","1":"product","2":"type-product","3":"status-publish","4":"has-post-thumbnail","6":"pwb-brand-maxge","7":"product_cat-magnetotermicos","8":"product_cat-material-electrico","9":"desktop-align-left","10":"tablet-align-left","11":"mobile-align-left","12":"ast-product-gallery-layout-horizontal-slider","13":"ast-product-tabs-layout-horizontal","15":"first","16":"instock","17":"taxable","18":"shipping-taxable","19":"purchasable","20":"product-type-simple"},"wcpa_form_fields":null,"brands":[{"id":1018,"name":"Maxge Elektrische Schutzeinrichtungen","slug":"maxge"}],"_links":{"self":[{"href":"https:\/\/fvcomponentes.com\/de\/wp-json\/wp\/v2\/product\/36130","targetHints":{"allow":["GET"]}}],"collection":[{"href":"https:\/\/fvcomponentes.com\/de\/wp-json\/wp\/v2\/product"}],"about":[{"href":"https:\/\/fvcomponentes.com\/de\/wp-json\/wp\/v2\/types\/product"}],"replies":[{"embeddable":true,"href":"https:\/\/fvcomponentes.com\/de\/wp-json\/wp\/v2\/comments?post=36130"}],"wp:featuredmedia":[{"embeddable":true,"href":"https:\/\/fvcomponentes.com\/de\/wp-json\/wp\/v2\/media\/36547"}],"wp:attachment":[{"href":"https:\/\/fvcomponentes.com\/de\/wp-json\/wp\/v2\/media?parent=36130"}],"wp:term":[{"taxonomy":"pwb-brand","embeddable":true,"href":"https:\/\/fvcomponentes.com\/de\/wp-json\/wp\/v2\/pwb-brand?post=36130"},{"taxonomy":"product_brand","embeddable":true,"href":"https:\/\/fvcomponentes.com\/de\/wp-json\/wp\/v2\/product_brand?post=36130"},{"taxonomy":"product_cat","embeddable":true,"href":"https:\/\/fvcomponentes.com\/de\/wp-json\/wp\/v2\/product_cat?post=36130"},{"taxonomy":"product_tag","embeddable":true,"href":"https:\/\/fvcomponentes.com\/de\/wp-json\/wp\/v2\/product_tag?post=36130"}],"curies":[{"name":"wp","href":"https:\/\/api.w.org\/{rel}","templated":true}]}}