{"id":36128,"date":"2026-01-24T09:27:03","date_gmt":"2026-01-24T08:27:03","guid":{"rendered":"https:\/\/fvcomponentes.com\/?post_type=product&#038;p=36128"},"modified":"2026-02-05T11:06:29","modified_gmt":"2026-02-05T10:06:29","slug":"magnetothermischer-schalter-maxge-alpha-industrial-4p-20a-kurve-c-10ka","status":"publish","type":"product","link":"https:\/\/fvcomponentes.com\/de\/producto\/interruptor-magnetotermico-maxge-alpha-industrial-4p-20a-curva-c-10ka\/","title":{"rendered":"Maxge Alpha+ 4P, 20A, C-Kurve, 10kA - EPB63H4C20"},"content":{"rendered":"<h2>Maxge Alpha+ 4P, 20A, C-Kurve, 10kA - EPB63H4C20<\/h2>\n<p>Der Maxge Alpha+ 4P, 20A ist ein automatischer Schutzschalter, der dreiphasige Anlagen mit Neutralleiter gegen \u00dcberlast und Kurzschluss sch\u00fctzt.<\/p>\n<p>Es ist eine weit verbreitete Option in industriellen und kommerziellen Umgebungen.<br \/>\nEs passt auch perfekt in komplexere Schaltanlagen, in denen Zuverl\u00e4ssigkeit, Sicherheit und Kontinuit\u00e4t des Betriebs erforderlich sind.<\/p>\n<p>Dieser Schutzschalter kombiniert ein robustes Design mit fortschrittlichen technischen Merkmalen.<br \/>\nEr ist daher eine wirksame und zuverl\u00e4ssige L\u00f6sung f\u00fcr den Schutz von Stromkreisen unter anspruchsvollen Arbeitsbedingungen.<br \/>\nDies hilft, Ausf\u00e4lle, Ger\u00e4tesch\u00e4den und elektrische Gefahren zu vermeiden.<\/p>\n<h2>Hauptmerkmale des Maxge Alpha+ 4P, 20A Schutzschalters<\/h2>\n<h3>Konfiguration und elektrische Leistung<\/h3>\n<p>Die Maxge Alpha+ 4P, 20A magneto-phonisch hat eine <strong>4-polige Konfiguration (3 Phasen + Nullleiter)<\/strong>, Dies erm\u00f6glicht den vollst\u00e4ndigen Schutz aller Leiter in einer dreiphasigen Installation zur gleichen Zeit.<\/p>\n<p>Dieser Schutzschalter hat einen <strong>Nennstrom von 20 Ampere,<\/strong> Wert, f\u00fcr den sein thermisches und magnetisches Ausl\u00f6sesystem ausgelegt ist.<br \/>\nDies gew\u00e4hrleistet einen genauen und zuverl\u00e4ssigen Schutz.<\/p>\n<p>Dar\u00fcber hinaus hat es eine <strong>Betriebsspannung<\/strong>\u00a0von bis zu <strong>415\/240 V AC<\/strong>, Damit ist es f\u00fcr die meisten Standard-Drehstromanlagen geeignet.<\/p>\n<h3>Brennkurve und Art der Ladung<\/h3>\n<p>Sie enth\u00e4lt eine <strong>Ausl\u00f6sekurve Typ C<\/strong>, Das bedeutet, dass er kleine Stromspitzen beim Einschalten (zwischen dem 5- und 10-fachen des Nennstroms) aushalten kann, ohne unn\u00f6tig zu \u00fcberschlagen.<\/p>\n<p>Dadurch eignet er sich besonders f\u00fcr Schaltungen mit induktiven Lasten oder Schaltungen, die beim Einschalten moderate Stromspitzen erzeugen.<br \/>\nDies macht ihn ideal f\u00fcr kleine Motoren, Beleuchtungsanlagen mit Vorschaltger\u00e4ten oder leichte Maschinen, da solche Spitzenwerte bei solchen Ger\u00e4ten h\u00e4ufig vorkommen.<\/p>\n<h3>Schutzkapazit\u00e4t<\/h3>\n<p>Der Leistungsschalter Maxge Alpha+ 4P, 20A bietet eine <strong>10 kA (10.000 A) Ausschaltverm\u00f6gen.<\/strong><br \/>\nSo k\u00f6nnen Sie Kurzschl\u00fcsse mit hohen Str\u00f6men sicher unterbrechen, ohne sich selbst, das Ger\u00e4t oder die Anlage zu besch\u00e4digen.<\/p>\n<h3>Anschluss und Installation<\/h3>\n<p>Hinsichtlich der Installation ist der Maxge Alpha+ MCB konzipiert f\u00fcr <strong>Montage auf DIN-Schiene.<\/strong><br \/>\nDies erleichtert ihre Integration in Standard-Schalttafeln und vereinfacht sowohl die Installation als auch die Wartung.<\/p>\n<p>Ihr <strong>Anschlussklemmen<\/strong> erm\u00f6glichen die Verwendung von relativ g\u00e4ngigen Kupferkabeln (<strong>25 mm\u00b2 bei flexiblen Kabeln und 35 mm\u00b2 bei starren Kabeln<\/strong>), was eine feste und zuverl\u00e4ssige Verbindung gew\u00e4hrleistet und die Montage erheblich erleichtert.<\/p>\n<h3>Abmessungen und Design<\/h3>\n<p>Dieser Schutzschalter hat einen <strong>kompaktes Design<\/strong>, besetzen einige <strong>72 mm breit (18 mm pro Pol)<\/strong>, Optimierung des Platzangebots in der Schalttafel.<br \/>\nSie umfasst auch eine <strong>visuelle Signalisierung des Zustands<\/strong> (ein\/aus) und eine <strong>Fenster f\u00fcr Schaltkreismarker<\/strong>, Dies erleichtert die schnelle Diagnose, Wartung und Identifizierung der gesch\u00fctzten Stromkreise.<\/p>\n<h3>Leistungsbedingungen<\/h3>\n<p>Die Maxge Alpha+ 4P, 20A ist f\u00fcr den Betrieb an einem einphasigen, einphasigen, einphasigen, zweiphasigen oder zweiphasigen Netz ausgelegt. <strong>Temperaturbereich von -5 \u00b0C bis +40 \u00b0C.<\/strong><br \/>\nEs ist daher f\u00fcr die meisten industriellen und gewerblichen Innenr\u00e4ume geeignet.<\/p>\n<h3>Vorschriften und Zertifizierungen<\/h3>\n<p>Dieser Leistungsschalter entspricht den Anforderungen der <strong>Norm EN\/IEC 60898-1<\/strong>, f\u00fcr Niederspannungs-Leistungsschaltern.<\/p>\n<p>Es hat auch <strong>Zertifizierungen wie CE, RoHS, VDE und KEMA-KEUR<\/strong>.<br \/>\nDies garantiert, dass es sich um einen hochwertigen, sicheren und zuverl\u00e4ssigen Schutzschalter handelt, der nach internationalen Normen hergestellt wird.<\/p>\n<h2>Maxge Alpha+ 4P, 20A, C-Kurve, 10kA - EPB63H4C20 - Betrieb und Anwendungen<\/h2>\n<p>Dieser Schutzschalter kombiniert zwei sich erg\u00e4nzende Schutzsysteme:<\/p>\n<ul>\n<li><strong>Thermische Ausl\u00f6sung<\/strong>, Das neue Kabelschutzsystem, das vor l\u00e4ngerer \u00dcberlastung sch\u00fctzt und eine \u00dcberhitzung der Kabel verhindert, ist ebenfalls als Option erh\u00e4ltlich.<\/li>\n<li><strong>Magnetische Ausl\u00f6sung<\/strong>, Das neue System, das bei Kurzschl\u00fcssen oder schweren St\u00f6rungen sofort reagiert, schaltet den Strom schnell und sicher ab.<\/li>\n<\/ul>\n<p>Dank dieser Eigenschaften ist der Maxge Alpha+ 4P, 16A, Kurve C. 10kA - EPB63H4C16 ideal f\u00fcr den Schutz von Dreiphasenstromkreisen in Werkst\u00e4tten, Industriegeb\u00e4uden, Gesch\u00e4ften oder Serviceeinrichtungen. Er wird dort eingesetzt, wo ein gutes Gleichgewicht zwischen schneller Ausl\u00f6sung, Spitzenstromtoleranz und hohem Ausschaltverm\u00f6gen erforderlich ist.<\/p>\n<h2>Die wichtigsten Vorteile von Maxge Alpha+ 4P, 20A<\/h2>\n<p>Die Vorteile dieses Leistungsschalters sind wie folgt:<\/p>\n<ul>\n<li><strong>Protege<\/strong> wirksam gegen <strong>\u00dcberlastungen und Kurzschl\u00fcsse<\/strong> in Dreiphasennetzen mit Nullleiter.<\/li>\n<li>Sie bietet eine <strong>hohes Ausschaltverm\u00f6gen von 10 kA<\/strong>, geeignet f\u00fcr anspruchsvolle Umgebungen.<\/li>\n<li>Sie enth\u00e4lt eine <strong>Brennkurve C<\/strong> ausgewogen, ideal f\u00fcr zahlreiche industrielle Anwendungen.<\/li>\n<li>Sie stellt eine <strong>modulare Montage<\/strong> und erm\u00f6glicht eine <strong>einfache Identifizierung von Schaltkreisen.<\/strong><\/li>\n<li>Es ist kompatibel mit <strong>Kabel mit gro\u00dfem Querschnitt<\/strong> und mit zus\u00e4tzlichem Zubeh\u00f6r.<\/li>\n<li>Es wird in \u00dcbereinstimmung mit folgenden Normen hergestellt <strong>internationale Vorschriften<\/strong>, und hat auch <strong>anerkannte Qualit\u00e4tszertifikate<\/strong>.<\/li>\n<\/ul>\n<h2>Technische Informationen zu Maxge Alpha+ 4P, 20A, C-Kurve 10kA - EPB63H4C20<\/h2>\n<p><a href=\"https:\/\/fvcomponentes.com\/wp-content\/uploads\/2026\/02\/es_fichas-tecnicas_EPB63H-20251104.pdf\" target=\"_blank\" rel=\"noopener\">Datenblatt Maxge Alpha+ 4P, 20A Leistungsschalter<\/a><\/p>\n<p><a href=\"https:\/\/fvcomponentes.com\/wp-content\/uploads\/2026\/02\/es_fichas-tecnicas_Ficha_tecnica_EPB63H.pdf\" target=\"_blank\" rel=\"noopener\">Technische Daten des Leistungsschalters Maxge Alpha+ 4P, 20A<\/a><\/p>","protected":false},"excerpt":{"rendered":"<ul>\n<li>Anzahl der Pole: 4-polig (3 Phasen + Nullleiter)<\/li>\n<li>Nennstrom (In): 20 Ampere<\/li>\n<li>Betriebsspannung: 415\/240V AC<\/li>\n<li>Internationale Norm EN\/IEC60898-1<\/li>\n<li>Lokale Statussignalisierung<\/li>\n<li>Fenster f\u00fcr Schaltkreismarker<\/li>\n<li>Klemmenanschluss f\u00fcr Kupferkabel: 25 mm\u00b2 (flexibel) \/ 35 mm\u00b2 (starr)<\/li>\n<li>Abmessungen: 72 mm breit (18 mm pro Pol)<\/li>\n<li>Erm\u00f6glicht die Anbringung von Zubeh\u00f6r und Betriebsmitteln<\/li>\n<li>Isolationsspannung (Ui): 500VA<\/li>\n<li>Verschmutzungsgrad 3<\/li>\n<li>Sto\u00dfspannung (Uimp): 4kV<\/li>\n<li>Doppelte Isolationsklasse 2<\/li>\n<li>Geeignet f\u00fcr die Sektionierung<\/li>\n<li>Arbeitstemperatur: -5 \u00b0C bis +40 \u00b0C<\/li>\n<\/ul>","protected":false},"featured_media":36541,"comment_status":"closed","ping_status":"closed","template":"","meta":{"site-sidebar-layout":"default","site-content-layout":"","ast-site-content-layout":"default","site-content-style":"default","site-sidebar-style":"default","ast-global-header-display":"","ast-banner-title-visibility":"","ast-main-header-display":"","ast-hfb-above-header-display":"","ast-hfb-below-header-display":"","ast-hfb-mobile-header-display":"","site-post-title":"","ast-breadcrumbs-content":"","ast-featured-img":"","footer-sml-layout":"","ast-disable-related-posts":"","theme-transparent-header-meta":"default","adv-header-id-meta":"","stick-header-meta":"","header-above-stick-meta":"","header-main-stick-meta":"","header-below-stick-meta":"","astra-migrate-meta-layouts":"set","ast-page-background-enabled":"default","ast-page-background-meta":{"desktop":{"background-color":"var(--ast-global-color-4)","background-image":"","background-repeat":"repeat","background-position":"center center","background-size":"auto","background-attachment":"scroll","background-type":"","background-media":"","overlay-type":"","overlay-color":"","overlay-opacity":"","overlay-gradient":""},"tablet":{"background-color":"","background-image":"","background-repeat":"repeat","background-position":"center center","background-size":"auto","background-attachment":"scroll","background-type":"","background-media":"","overlay-type":"","overlay-color":"","overlay-opacity":"","overlay-gradient":""},"mobile":{"background-color":"","background-image":"","background-repeat":"repeat","background-position":"center center","background-size":"auto","background-attachment":"scroll","background-type":"","background-media":"","overlay-type":"","overlay-color":"","overlay-opacity":"","overlay-gradient":""}},"ast-content-background-meta":{"desktop":{"background-color":"var(--ast-global-color-5)","background-image":"","background-repeat":"repeat","background-position":"center center","background-size":"auto","background-attachment":"scroll","background-type":"","background-media":"","overlay-type":"","overlay-color":"","overlay-opacity":"","overlay-gradient":""},"tablet":{"background-color":"var(--ast-global-color-5)","background-image":"","background-repeat":"repeat","background-position":"center center","background-size":"auto","background-attachment":"scroll","background-type":"","background-media":"","overlay-type":"","overlay-color":"","overlay-opacity":"","overlay-gradient":""},"mobile":{"background-color":"var(--ast-global-color-5)","background-image":"","background-repeat":"repeat","background-position":"center center","background-size":"auto","background-attachment":"scroll","background-type":"","background-media":"","overlay-type":"","overlay-color":"","overlay-opacity":"","overlay-gradient":""}}},"pwb-brand":[1018],"product_brand":[],"product_cat":[990,410],"product_tag":[],"class_list":{"0":"post-36128","1":"product","2":"type-product","3":"status-publish","4":"has-post-thumbnail","6":"pwb-brand-maxge","7":"product_cat-magnetotermicos","8":"product_cat-material-electrico","9":"desktop-align-left","10":"tablet-align-left","11":"mobile-align-left","12":"ast-product-gallery-layout-horizontal-slider","13":"ast-product-tabs-layout-horizontal","15":"first","16":"instock","17":"taxable","18":"shipping-taxable","19":"purchasable","20":"product-type-simple"},"wcpa_form_fields":null,"brands":[{"id":1018,"name":"Maxge Elektrische Schutzeinrichtungen","slug":"maxge"}],"_links":{"self":[{"href":"https:\/\/fvcomponentes.com\/de\/wp-json\/wp\/v2\/product\/36128","targetHints":{"allow":["GET"]}}],"collection":[{"href":"https:\/\/fvcomponentes.com\/de\/wp-json\/wp\/v2\/product"}],"about":[{"href":"https:\/\/fvcomponentes.com\/de\/wp-json\/wp\/v2\/types\/product"}],"replies":[{"embeddable":true,"href":"https:\/\/fvcomponentes.com\/de\/wp-json\/wp\/v2\/comments?post=36128"}],"wp:featuredmedia":[{"embeddable":true,"href":"https:\/\/fvcomponentes.com\/de\/wp-json\/wp\/v2\/media\/36541"}],"wp:attachment":[{"href":"https:\/\/fvcomponentes.com\/de\/wp-json\/wp\/v2\/media?parent=36128"}],"wp:term":[{"taxonomy":"pwb-brand","embeddable":true,"href":"https:\/\/fvcomponentes.com\/de\/wp-json\/wp\/v2\/pwb-brand?post=36128"},{"taxonomy":"product_brand","embeddable":true,"href":"https:\/\/fvcomponentes.com\/de\/wp-json\/wp\/v2\/product_brand?post=36128"},{"taxonomy":"product_cat","embeddable":true,"href":"https:\/\/fvcomponentes.com\/de\/wp-json\/wp\/v2\/product_cat?post=36128"},{"taxonomy":"product_tag","embeddable":true,"href":"https:\/\/fvcomponentes.com\/de\/wp-json\/wp\/v2\/product_tag?post=36128"}],"curies":[{"name":"wp","href":"https:\/\/api.w.org\/{rel}","templated":true}]}}