{"id":36126,"date":"2026-01-24T09:25:19","date_gmt":"2026-01-24T08:25:19","guid":{"rendered":"https:\/\/fvcomponentes.com\/?post_type=product&#038;p=36126"},"modified":"2026-02-05T10:47:46","modified_gmt":"2026-02-05T09:47:46","slug":"magnetothermischer-schalter-maxge-alpha-industrial-4-p-10a-kurve-c-10ka","status":"publish","type":"product","link":"https:\/\/fvcomponentes.com\/de\/producto\/interruptor-magnetotermico-maxge-alpha-industrial-4-p-10a-curva-c-10ka\/","title":{"rendered":"Maxge Alpha+ 4P, 10A, C-Kurve, 10kA - EPB63H4C10"},"content":{"rendered":"<h2>Maxge Alpha+ 4P, 10A, C-Kurve, 10kA - EPB63H4C10<\/h2>\n<p>Der Sicherungsautomat Maxge Alpha+ 4P, 10A ist ein automatisches Schutzger\u00e4t, das dreiphasige elektrische Anlagen mit Neutralleiter vor \u00dcberlast und Kurzschluss sch\u00fctzt.<\/p>\n<p>Es eignet sich besonders f\u00fcr den Einsatz in der Industrie und im Dienstleistungssektor, kann aber auch in komplexen Schalttafeln eingesetzt werden, wenn ein hohes Ma\u00df an Sicherheit und Zuverl\u00e4ssigkeit bei Stromausf\u00e4llen erforderlich ist.<\/p>\n<h2>Hauptmerkmale des Leistungsschalters Maxge Alpha+ 4P, 10A<\/h2>\n<h3>Konfiguration und elektrische Leistung<\/h3>\n<p>Erstens ist es durch seine Polanordnung bemerkenswert, da es <strong>hat 4 Pole (3 Phasen + Nullleiter)<\/strong>, Damit k\u00f6nnen komplette Drehstromnetze wirksam gesch\u00fctzt werden.<\/p>\n<p>Es hat auch eine <strong>Nennstrom (In) von 10 Ampere<\/strong>, der dem maximalen Dauerstrom entspricht, f\u00fcr den der thermisch-magnetische Ausl\u00f6ser kalibriert ist.<\/p>\n<p>Auf der anderen Seite, seine <strong>Betriebsspannung <\/strong>ist bis zu <strong>415\/240 V AC<\/strong>, Damit ist es f\u00fcr die meisten Standard-Drehstromanlagen geeignet.<\/p>\n<h3>Brennkurve und Art der Ladung<\/h3>\n<p>Hinsichtlich des \u00dcberstromverhaltens verf\u00fcgt es \u00fcber eine <strong>Ausl\u00f6sekurve Typ C<\/strong>, Dadurch k\u00f6nnen transiente \u00dcberstr\u00f6me vom 5- bis 10-fachen des Nennstroms toleriert werden, bevor eine Ausl\u00f6sung erfolgt.<br \/>\nDadurch eignet er sich besonders f\u00fcr Stromkreise mit induktiven Lasten oder solchen, die beim Einschalten m\u00e4\u00dfige Stromspitzen erzeugen, wie z. B. kleine Motoren, Beleuchtungsanlagen mit Vorschaltger\u00e4ten oder leichte Industrieanlagen, wodurch unn\u00f6tige Ausl\u00f6sungen vermieden werden.<\/p>\n<h3>Schutzkapazit\u00e4t<\/h3>\n<p>Dieser Schutzschalter hat einen <strong>10 kA (10.000 Ampere) Ausschaltverm\u00f6gen.<\/strong><br \/>\nDank dieser Eigenschaft ist das Ger\u00e4t in der Lage, Hochstromkurzschl\u00fcsse sicher zu unterbrechen, ohne besch\u00e4digt zu werden oder gef\u00e4hrliche Lichtb\u00f6gen entstehen zu lassen, was die Sicherheit der Anlage erheblich erh\u00f6ht.<\/p>\n<h3>Anschluss und Installation<\/h3>\n<p>Auf der Installationsseite ist die <strong>Klemmen und Terminals<\/strong> sind f\u00fcr Kupferleiter mit einem Querschnitt von bis zu <strong>25 mm\u00b2 bei flexiblen Kabeln und 35 mm\u00b2 bei starren Kabeln.<\/strong><br \/>\nDadurch ist es einfach anzuschlie\u00dfen und mit den meisten in Schalttafeln verwendeten Kabeln kompatibel.<\/p>\n<p>Dar\u00fcber hinaus ist seine <strong>Montage auf DIN-Schiene<\/strong>, Dank seines standardm\u00e4\u00dfigen modularen Aufbaus erleichtert es sowohl die Integration als auch die Wartung des Ger\u00e4ts.<\/p>\n<h3>Abmessungen und Design<\/h3>\n<p>Die Abmessungen des Leistungsschalters sind kompakt, mit einem <strong>72 mm breit (18 mm pro Pol)<\/strong>, Der Platz auf der DIN-Schiene ist so optimiert, dass der verf\u00fcgbare Platz auf der DIN-Schiene optimal genutzt wird.<\/p>\n<p>Au\u00dferdem enth\u00e4lt es eine <strong>visuelle Signalisierung des Zustands<\/strong> (ein\/aus), was eine schnelle Diagnose und Wartung erm\u00f6glicht.<\/p>\n<p>Schlie\u00dflich enth\u00e4lt sie eine <strong>Fenster f\u00fcr Schaltkreismarker<\/strong>, Der zu sch\u00fctzende Stromkreis kann eindeutig identifiziert werden.<\/p>\n<h3>Leistungsbedingungen<\/h3>\n<p>Der Schutzschalter ist f\u00fcr den Betrieb in einem <strong>Temperaturbereich von -5 \u00b0C bis +40 \u00b0C.<\/strong><br \/>\nEs ist daher f\u00fcr die meisten industriellen und gewerblichen Innenr\u00e4ume geeignet.<\/p>\n<h3>Vorschriften und Zertifizierungen<\/h3>\n<p>Aus rechtlicher Sicht entspricht es den Anforderungen der <strong>die Norm EN\/IEC 60898-1,<\/strong> f\u00fcr Niederspannungs-Leistungsschalter.<\/p>\n<p>Es hat auch <strong>Zertifizierungen<\/strong> international anerkannt als <strong>CE, RoHS, VDE und KEMA-KEUR<\/strong>, Dies garantiert hohe Qualit\u00e4t, Sicherheit und internationale Kompatibilit\u00e4t.<\/p>\n<h2>Maxge Alpha+ 4P, 10A, C-Kurve, 10kA - EPB63H4C10 - Betrieb und Anwendungen<\/h2>\n<p>Dieser Schutzschalter kombiniert zwei Schutzmechanismen:<\/p>\n<ul>\n<li><strong>Thermischer Sensor<\/strong>, zum Schutz vor l\u00e4ngeren \u00dcberlastungen (Str\u00f6me, die f\u00fcr eine bestimmte Zeit leicht \u00fcber dem Nennstrom liegen), die Kabel oder Ger\u00e4te besch\u00e4digen k\u00f6nnten.<\/li>\n<li><strong>Magnetischer Sensor<\/strong>, der bei Kurzschl\u00fcssen oder schwerwiegenden Fehlern sofort eingreift und den Stromkreis schnell unterbricht, um gr\u00f6\u00dfere Sch\u00e4den zu vermeiden, wie z. B. Sch\u00e4den an Kabeln, Ger\u00e4ten oder Brandgefahr.<\/li>\n<\/ul>\n<p>Dieser Schalter ist f\u00fcr den Schutz von dreiphasigen Stromkreisen in industriellen, kommerziellen oder komplexeren Schaltanlagenumgebungen konzipiert, in denen Widerstandsf\u00e4higkeit und Zuverl\u00e4ssigkeit gegen elektrische Fehler erforderlich sind.<br \/>\nSeine C-Kurve und sein hohes Ausschaltverm\u00f6gen erm\u00f6glichen ein ausgewogenes Verh\u00e4ltnis zwischen schnellem Ansprechen und Toleranz gegen\u00fcber transienten Stromspitzen beim Einschalten, wie sie f\u00fcr moderate induktive Lasten typisch sind, ohne dass es zu einer vorzeitigen Ausl\u00f6sung kommt.<\/p>\n<h2>Die wichtigsten Vorteile von Maxge Alpha+ 4P, 10A<\/h2>\n<p>Die Vorteile dieses Leistungsschalters sind wie folgt:<\/p>\n<ul>\n<li><strong>Protege<\/strong> wirksam gegen <strong>\u00dcberlastungen und Kurzschl\u00fcsse<\/strong> in Dreiphasennetzen mit Nullleiter.<\/li>\n<li>Sie bietet eine <strong>hohes Ausschaltverm\u00f6gen von 10 kA<\/strong>, geeignet f\u00fcr anspruchsvolle Umgebungen.<\/li>\n<li>Sie enth\u00e4lt eine <strong>Brennkurve C<\/strong> ausgewogen, ideal f\u00fcr zahlreiche industrielle Anwendungen.<\/li>\n<li>Sie stellt eine <strong>modulare Montage<\/strong> und erm\u00f6glicht eine <strong>einfache Identifizierung von Schaltkreisen.<\/strong><\/li>\n<li>Es ist kompatibel mit <strong>Kabel mit gro\u00dfem Querschnitt<\/strong> und mit zus\u00e4tzlichem Zubeh\u00f6r.<\/li>\n<li>Es wird in \u00dcbereinstimmung mit folgenden Normen hergestellt <strong>internationale Vorschriften<\/strong>, und hat auch <strong>anerkannte Qualit\u00e4tszertifikate<\/strong>.<\/li>\n<\/ul>\n<h2>Technische Informationen zum Maxge Alpha+ 4P, 10A, C-Kurve 10kA - EPB63H4C10<\/h2>\n<p><a href=\"https:\/\/fvcomponentes.com\/wp-content\/uploads\/2026\/02\/es_fichas-tecnicas_EPB63H-20251104.pdf\" target=\"_blank\" rel=\"noopener\">Technisches Datenblatt Maxge Alpha+ 4P, 10A Leistungsschalter<\/a><\/p>\n<p><a href=\"https:\/\/fvcomponentes.com\/wp-content\/uploads\/2026\/02\/es_fichas-tecnicas_Ficha_tecnica_EPB63H.pdf\" target=\"_blank\" rel=\"noopener\">Technische Daten des Leistungsschalters Maxge Alpha+ 4P, 10A<\/a><\/p>","protected":false},"excerpt":{"rendered":"<ul>\n<li>Anzahl der Pole: 4-polig (3 Phasen + Nullleiter)<\/li>\n<li>Nennstrom (In): 10 Ampere<\/li>\n<li>Betriebsspannung: 415\/240V AC<\/li>\n<li>Internationale Norm EN\/IEC60898-1<\/li>\n<li>Lokale Statussignalisierung<\/li>\n<li>Fenster f\u00fcr Schaltkreismarker<\/li>\n<li>Klemmenanschluss f\u00fcr Kupferkabel: 25 mm\u00b2 (flexibel) \/ 35 mm\u00b2 (starr)<\/li>\n<li>Abmessungen: 72 mm breit (18 mm pro Pol)<\/li>\n<li>Erm\u00f6glicht die Anbringung von Zubeh\u00f6r und Betriebsmitteln<\/li>\n<li>Isolationsspannung (Ui): 500VA<\/li>\n<li>Verschmutzungsgrad 3<\/li>\n<li>Sto\u00dfspannung (Uimp): 4kV<\/li>\n<li>Doppelte Isolationsklasse 2<\/li>\n<li>Geeignet f\u00fcr die Sektionierung<\/li>\n<li>Arbeitstemperatur: -5 \u00b0C bis +40 \u00b0C<\/li>\n<\/ul>","protected":false},"featured_media":36540,"comment_status":"closed","ping_status":"closed","template":"","meta":{"site-sidebar-layout":"default","site-content-layout":"","ast-site-content-layout":"default","site-content-style":"default","site-sidebar-style":"default","ast-global-header-display":"","ast-banner-title-visibility":"","ast-main-header-display":"","ast-hfb-above-header-display":"","ast-hfb-below-header-display":"","ast-hfb-mobile-header-display":"","site-post-title":"","ast-breadcrumbs-content":"","ast-featured-img":"","footer-sml-layout":"","ast-disable-related-posts":"","theme-transparent-header-meta":"default","adv-header-id-meta":"","stick-header-meta":"","header-above-stick-meta":"","header-main-stick-meta":"","header-below-stick-meta":"","astra-migrate-meta-layouts":"set","ast-page-background-enabled":"default","ast-page-background-meta":{"desktop":{"background-color":"var(--ast-global-color-4)","background-image":"","background-repeat":"repeat","background-position":"center center","background-size":"auto","background-attachment":"scroll","background-type":"","background-media":"","overlay-type":"","overlay-color":"","overlay-opacity":"","overlay-gradient":""},"tablet":{"background-color":"","background-image":"","background-repeat":"repeat","background-position":"center center","background-size":"auto","background-attachment":"scroll","background-type":"","background-media":"","overlay-type":"","overlay-color":"","overlay-opacity":"","overlay-gradient":""},"mobile":{"background-color":"","background-image":"","background-repeat":"repeat","background-position":"center center","background-size":"auto","background-attachment":"scroll","background-type":"","background-media":"","overlay-type":"","overlay-color":"","overlay-opacity":"","overlay-gradient":""}},"ast-content-background-meta":{"desktop":{"background-color":"var(--ast-global-color-5)","background-image":"","background-repeat":"repeat","background-position":"center center","background-size":"auto","background-attachment":"scroll","background-type":"","background-media":"","overlay-type":"","overlay-color":"","overlay-opacity":"","overlay-gradient":""},"tablet":{"background-color":"var(--ast-global-color-5)","background-image":"","background-repeat":"repeat","background-position":"center center","background-size":"auto","background-attachment":"scroll","background-type":"","background-media":"","overlay-type":"","overlay-color":"","overlay-opacity":"","overlay-gradient":""},"mobile":{"background-color":"var(--ast-global-color-5)","background-image":"","background-repeat":"repeat","background-position":"center center","background-size":"auto","background-attachment":"scroll","background-type":"","background-media":"","overlay-type":"","overlay-color":"","overlay-opacity":"","overlay-gradient":""}}},"pwb-brand":[1018],"product_brand":[],"product_cat":[990,410],"product_tag":[],"class_list":{"0":"post-36126","1":"product","2":"type-product","3":"status-publish","4":"has-post-thumbnail","6":"pwb-brand-maxge","7":"product_cat-magnetotermicos","8":"product_cat-material-electrico","9":"desktop-align-left","10":"tablet-align-left","11":"mobile-align-left","12":"ast-product-gallery-layout-horizontal-slider","13":"ast-product-tabs-layout-horizontal","15":"first","16":"instock","17":"taxable","18":"shipping-taxable","19":"purchasable","20":"product-type-simple"},"wcpa_form_fields":null,"brands":[{"id":1018,"name":"Maxge Elektrische Schutzeinrichtungen","slug":"maxge"}],"_links":{"self":[{"href":"https:\/\/fvcomponentes.com\/de\/wp-json\/wp\/v2\/product\/36126","targetHints":{"allow":["GET"]}}],"collection":[{"href":"https:\/\/fvcomponentes.com\/de\/wp-json\/wp\/v2\/product"}],"about":[{"href":"https:\/\/fvcomponentes.com\/de\/wp-json\/wp\/v2\/types\/product"}],"replies":[{"embeddable":true,"href":"https:\/\/fvcomponentes.com\/de\/wp-json\/wp\/v2\/comments?post=36126"}],"wp:featuredmedia":[{"embeddable":true,"href":"https:\/\/fvcomponentes.com\/de\/wp-json\/wp\/v2\/media\/36540"}],"wp:attachment":[{"href":"https:\/\/fvcomponentes.com\/de\/wp-json\/wp\/v2\/media?parent=36126"}],"wp:term":[{"taxonomy":"pwb-brand","embeddable":true,"href":"https:\/\/fvcomponentes.com\/de\/wp-json\/wp\/v2\/pwb-brand?post=36126"},{"taxonomy":"product_brand","embeddable":true,"href":"https:\/\/fvcomponentes.com\/de\/wp-json\/wp\/v2\/product_brand?post=36126"},{"taxonomy":"product_cat","embeddable":true,"href":"https:\/\/fvcomponentes.com\/de\/wp-json\/wp\/v2\/product_cat?post=36126"},{"taxonomy":"product_tag","embeddable":true,"href":"https:\/\/fvcomponentes.com\/de\/wp-json\/wp\/v2\/product_tag?post=36126"}],"curies":[{"name":"wp","href":"https:\/\/api.w.org\/{rel}","templated":true}]}}