{"id":36110,"date":"2026-01-29T20:44:23","date_gmt":"2026-01-29T19:44:23","guid":{"rendered":"https:\/\/fvcomponentes.com\/?post_type=product&#038;p=36110"},"modified":"2026-04-08T21:30:36","modified_gmt":"2026-04-08T19:30:36","slug":"victron-bluesolar-95w-12v-monokristalline-4c-serie-solarmodul-spm040953003","status":"publish","type":"product","link":"https:\/\/fvcomponentes.com\/de\/producto\/placa-solar-victron-bluesolar-95w-12v-monocristalino-serie-4c-spm040953003\/","title":{"rendered":"Victron BlueSolar 95W-12V monokristallines Solarmodul der Serie 4c - SPM040953003"},"content":{"rendered":"<h2>Victron BlueSolar 95W-12V monokristallines Solarmodul der Serie 4c - SPM040953003<\/h2>\n<p>Dieses monokristalline Modul ist ein kompaktes 95-W-Solarmodul, das speziell f\u00fcr 12-V-Systeme entwickelt wurde.<\/p>\n<p>Dieses Panel ist ein BlueSolar und geh\u00f6rt zur 4c-Serie von Victron Energy, einer Reihe von Solarmodulen, die f\u00fcr ihre Zuverl\u00e4ssigkeit, Effizienz unter verschiedenen Lichtverh\u00e4ltnissen und Robustheit f\u00fcr den Au\u00dfeneinsatz bekannt sind.<\/p>\n<p>Mit einer Leistung von 95 W eignet es sich hervorragend zum schnelleren Laden von 12-V-Batterien, zur Versorgung von Zusatzlasten oder zur Erg\u00e4nzung von Solaranlagen.<\/p>\n<p>Das 95-W-Solarmodul wurde speziell f\u00fcr Boote, Wohnwagen, Wohnmobile und netzunabh\u00e4ngige Systeme entwickelt, bei denen nur wenig Platz zur Verf\u00fcgung steht und ein ausgewogenes Verh\u00e4ltnis zwischen Leistung, Effizienz und Haltbarkeit erforderlich ist.<\/p>\n<h2>Merkmale des 95W-Solarmoduls der Serie 4c<\/h2>\n<h3>Leistung<\/h3>\n<p>Das 95-W-Solarmodul hat eine Betriebsspannung von 17,6 V bei maximaler Leistung und erm\u00f6glicht ein effizientes Aufladen der Batterien.<\/p>\n<p>Au\u00dferdem hat es eine Leerlaufspannung von 20,4 V, die sicherstellt, dass das Board auch bei schwachem Licht oder nicht optimalen Sonnenlichtverh\u00e4ltnissen gut funktioniert und Strom erzeugt.<\/p>\n<p>Dar\u00fcber hinaus tragen die leistungsstarken Bypass-Dioden dazu bei, die Verluste zu verringern, die durch eine teilweise Abschattung der Platine entstehen, und verbessern so die Gesamteffizienz der Platine, wenn einige Zellen nicht vollst\u00e4ndig beleuchtet sind.<\/p>\n<h3>Konstruktion und Design<\/h3>\n<p>Das BlueSolar 95W Solarmodul wird mit Materialien und Verfahren hergestellt, die seine Robustheit, Langlebigkeit und Widerstandsf\u00e4higkeit gegen\u00fcber anspruchsvollen Umweltbedingungen gew\u00e4hrleisten.<\/p>\n<p>Das Solarmodul verwendet 30 monokristalline Solarzellen, die eine bessere Energieeffizienz und h\u00f6here Ertr\u00e4ge gew\u00e4hrleisten.<br \/>\nDiese Art von Zelle bietet eine bessere Reaktion bei begrenzten Lichtverh\u00e4ltnissen und maximiert die Energiegewinnung.<\/p>\n<p>Diese Platte hat einen robusten, eloxierten Aluminiumrahmen, der sehr korrosionsbest\u00e4ndig ist.<br \/>\nDies macht es ideal f\u00fcr Installationen im Freien und bei schlechtem Wetter.<\/p>\n<p>Die Vorderseite ist durch hochtransparentes, geh\u00e4rtetes Glas gesch\u00fctzt, das die Zellen vor St\u00f6\u00dfen, Abrieb und ung\u00fcnstigen Witterungsbedingungen bewahrt.<\/p>\n<p>Dar\u00fcber hinaus verf\u00fcgt diese Karte \u00fcber eine versiegelte, wasser- und staubdichte Anschlussdose, die sichere Verbindungen mit 900-mm-MC4-Steckern erm\u00f6glicht.<br \/>\nSie sch\u00fctzt Ihre elektrischen Anschl\u00fcsse vor Feuchtigkeit und gew\u00e4hrleistet langfristige Sicherheit und Zuverl\u00e4ssigkeit.<\/p>\n<h3>Ausfallsicherheit und Skalierbarkeit<\/h3>\n<p>Dieses Solarmodul funktioniert in einem weiten Temperaturbereich von -40 \u00baC bis 85 \u00baC und ist damit sowohl f\u00fcr hei\u00dfe als auch f\u00fcr kalte Klimazonen geeignet, ohne dass die Leistung oder Haltbarkeit beeintr\u00e4chtigt wird.<\/p>\n<p>Es h\u00e4lt auch hohen Oberfl\u00e4chenbelastungen (z. B. durch Schnee oder Wind) stand und ist resistent gegen Hagelschlag.<\/p>\n<p>Au\u00dferdem betr\u00e4gt die maximale Systemspannung 1.000 Volt, so dass jederzeit mehrere Solarmodule in Reihe oder parallel geschaltet werden k\u00f6nnen, wenn das System erweitert werden soll.<\/p>\n<h2>Vorteile des 95 W Solarmoduls der Serie 4c<\/h2>\n<p>Das BlueSolar 95W Solarmodul, Serie 4c, hat die folgenden Vorteile:<\/p>\n<ul>\n<li><strong>Hohe Energieeffizienz, <\/strong>Aufgrund ihrer monokristallinen Solarzellen bietet sie eine h\u00f6here Leistung pro Fl\u00e4cheneinheit.<\/li>\n<li><strong>Ausgezeichnete Leistung auch bei schwachem Licht, <\/strong>da sie eine hohe Lichtempfindlichkeit hat und auch bei schlechten Lichtverh\u00e4ltnissen gut funktioniert.<\/li>\n<li><strong>Weniger Schattenverluste, <\/strong>weil seine Hochleistungs-Bypass-Dioden dazu beitragen, die Leistungsverluste zu minimieren.<\/li>\n<li><strong>Breiter Bereich von Betriebstemperaturen,<\/strong>\u00a0da es unter extremen klimatischen Bedingungen eingesetzt werden kann, ohne seine Leistung zu beeintr\u00e4chtigen.<\/li>\n<li><strong>Robuste und langlebige Konstruktion<\/strong>, Sicherheit und Schutz f\u00fcr Au\u00dfenbereiche, Boote oder Fahrzeuge.<\/li>\n<li><strong>Integration und Skalierbarkeit, <\/strong>weil es in gr\u00f6\u00dfere Anlagen integriert werden kann, indem es in Reihe oder parallel mit anderen Solarmodulen in Systemen von bis zu 1000 V verbunden wird.<\/li>\n<li><strong>Vielseitige Installation<\/strong>, Dank seines Designs mit der Option von MC4-Steckern ist die Installation einfach.<\/li>\n<\/ul>\n<h2>Technische Daten des Victron BlueSolar 95W-12V monokristallinen Solarmoduls der 4c-Serie - SPM040953003<\/h2>\n<table>\n<thead>\n<tr>\n<th><strong>Merkmal<\/strong><\/th>\n<th><strong>Wert<\/strong><\/th>\n<\/tr>\n<\/thead>\n<tbody>\n<tr>\n<td><b>Strom<\/b><\/td>\n<td>95 W<\/td>\n<\/tr>\n<tr>\n<td><strong>Panel-Typ<\/strong><\/td>\n<td>Monokristallin<\/td>\n<\/tr>\n<tr>\n<td><b>Anzahl der Zellen<\/b><\/td>\n<td>30<\/td>\n<\/tr>\n<tr>\n<td><strong>Maximale Leistungsspannung\u00a0<\/strong><\/td>\n<td>17,6 V<\/td>\n<\/tr>\n<tr>\n<td><strong>Maximaler Leistungsstrom\u00a0<\/strong><\/td>\n<td>5,42 A<\/td>\n<\/tr>\n<tr>\n<td><strong>Leerlaufspannung\u00a0<\/strong><\/td>\n<td>20,4 V<\/td>\n<\/tr>\n<tr>\n<td><strong>Kurzschlussstrom\u00a0<\/strong><\/td>\n<td>5,7 A<\/td>\n<\/tr>\n<tr>\n<td><strong>Maximale Systemspannung<\/strong><\/td>\n<td>1.000 V<\/td>\n<\/tr>\n<tr>\n<td><strong>Temperaturbereich<\/strong><\/td>\n<td>Zwischen -40\u00b0C und +85\u00b0C<\/td>\n<\/tr>\n<tr>\n<td><strong>Maximale Tragf\u00e4higkeit der Oberfl\u00e4che<\/strong><\/td>\n<td>200 kg\/m\u00b2 (200 kg\/m\u00b2)<\/td>\n<\/tr>\n<tr>\n<td><strong>Victron-Garantie<\/strong><\/td>\n<td>5 Jahre<\/td>\n<\/tr>\n<\/tbody>\n<\/table>\n<h2>Technische Informationen \u00fcber das Victron BlueSolar 95W-12V monokristalline Solarmodul der Serie 4c - SPM040953003<\/h2>\n<p><a href=\"https:\/\/fvcomponentes.com\/wp-content\/uploads\/2026\/01\/Datasheet-BlueSolar-Monocrystalline-Panels-latest-models-ES.pdf\" target=\"_blank\" rel=\"noopener\">95W Solarmodul Serie 4c technisches Datenblatt<\/a><\/p>\n<p><a href=\"https:\/\/fvcomponentes.com\/wp-content\/uploads\/2026\/01\/Installation-Manual-BlueSolar-Panels-EN-NL-FR-DE-ES-SE-1.pdf\" target=\"_blank\" rel=\"noopener\">95W Solarmodul Serie 4c Handbuch<\/a><\/p>","protected":false},"excerpt":{"rendered":"<p><strong><span style=\"color: #ff9900;\">Bild zur Orientierung<\/span><\/strong><\/p>\n<p>Leistung: 95 W<br \/>\nMaximale Systemspannung: 1.000 V<br \/>\nSolarzellen (St\u00fcck\/Platte): 30<br \/>\nPanel-Technologie: Monokristallin<br \/>\nBluetooth: Nein<br \/>\nFernbedienung ein\/aus: Nein<br \/>\nKabel und andere Anschl\u00fcsse: PV-LH0801<br \/>\nSteckertyp: 900 mm MC4<br \/>\nAbmessungen: 30 x 668 x 770 mm<br \/>\nGewicht: 5,4 kg<\/p>","protected":false},"featured_media":36117,"comment_status":"closed","ping_status":"closed","template":"","meta":{"site-sidebar-layout":"default","site-content-layout":"","ast-site-content-layout":"default","site-content-style":"default","site-sidebar-style":"default","ast-global-header-display":"","ast-banner-title-visibility":"","ast-main-header-display":"","ast-hfb-above-header-display":"","ast-hfb-below-header-display":"","ast-hfb-mobile-header-display":"","site-post-title":"","ast-breadcrumbs-content":"","ast-featured-img":"","footer-sml-layout":"","ast-disable-related-posts":"","theme-transparent-header-meta":"default","adv-header-id-meta":"","stick-header-meta":"","header-above-stick-meta":"","header-main-stick-meta":"","header-below-stick-meta":"","astra-migrate-meta-layouts":"set","ast-page-background-enabled":"default","ast-page-background-meta":{"desktop":{"background-color":"var(--ast-global-color-4)","background-image":"","background-repeat":"repeat","background-position":"center center","background-size":"auto","background-attachment":"scroll","background-type":"","background-media":"","overlay-type":"","overlay-color":"","overlay-opacity":"","overlay-gradient":""},"tablet":{"background-color":"","background-image":"","background-repeat":"repeat","background-position":"center center","background-size":"auto","background-attachment":"scroll","background-type":"","background-media":"","overlay-type":"","overlay-color":"","overlay-opacity":"","overlay-gradient":""},"mobile":{"background-color":"","background-image":"","background-repeat":"repeat","background-position":"center center","background-size":"auto","background-attachment":"scroll","background-type":"","background-media":"","overlay-type":"","overlay-color":"","overlay-opacity":"","overlay-gradient":""}},"ast-content-background-meta":{"desktop":{"background-color":"var(--ast-global-color-5)","background-image":"","background-repeat":"repeat","background-position":"center center","background-size":"auto","background-attachment":"scroll","background-type":"","background-media":"","overlay-type":"","overlay-color":"","overlay-opacity":"","overlay-gradient":""},"tablet":{"background-color":"var(--ast-global-color-5)","background-image":"","background-repeat":"repeat","background-position":"center center","background-size":"auto","background-attachment":"scroll","background-type":"","background-media":"","overlay-type":"","overlay-color":"","overlay-opacity":"","overlay-gradient":""},"mobile":{"background-color":"var(--ast-global-color-5)","background-image":"","background-repeat":"repeat","background-position":"center center","background-size":"auto","background-attachment":"scroll","background-type":"","background-media":"","overlay-type":"","overlay-color":"","overlay-opacity":"","overlay-gradient":""}}},"pwb-brand":[332],"product_brand":[],"product_cat":[395,396],"product_tag":[],"class_list":{"0":"post-36110","1":"product","2":"type-product","3":"status-publish","4":"has-post-thumbnail","6":"pwb-brand-victron","7":"product_cat-placas-solares","8":"product_cat-placas-solares-12-v","9":"product_shipping_class-paneles","10":"desktop-align-left","11":"tablet-align-left","12":"mobile-align-left","13":"ast-product-gallery-layout-horizontal-slider","14":"ast-product-gallery-with-no-image","15":"ast-product-tabs-layout-horizontal","17":"first","18":"instock","19":"taxable","20":"shipping-taxable","21":"purchasable","22":"product-type-simple"},"wcpa_form_fields":null,"brands":[{"id":332,"name":"Victron Energie","slug":"victron"}],"_links":{"self":[{"href":"https:\/\/fvcomponentes.com\/de\/wp-json\/wp\/v2\/product\/36110","targetHints":{"allow":["GET"]}}],"collection":[{"href":"https:\/\/fvcomponentes.com\/de\/wp-json\/wp\/v2\/product"}],"about":[{"href":"https:\/\/fvcomponentes.com\/de\/wp-json\/wp\/v2\/types\/product"}],"replies":[{"embeddable":true,"href":"https:\/\/fvcomponentes.com\/de\/wp-json\/wp\/v2\/comments?post=36110"}],"wp:featuredmedia":[{"embeddable":true,"href":"https:\/\/fvcomponentes.com\/de\/wp-json\/wp\/v2\/media\/36117"}],"wp:attachment":[{"href":"https:\/\/fvcomponentes.com\/de\/wp-json\/wp\/v2\/media?parent=36110"}],"wp:term":[{"taxonomy":"pwb-brand","embeddable":true,"href":"https:\/\/fvcomponentes.com\/de\/wp-json\/wp\/v2\/pwb-brand?post=36110"},{"taxonomy":"product_brand","embeddable":true,"href":"https:\/\/fvcomponentes.com\/de\/wp-json\/wp\/v2\/product_brand?post=36110"},{"taxonomy":"product_cat","embeddable":true,"href":"https:\/\/fvcomponentes.com\/de\/wp-json\/wp\/v2\/product_cat?post=36110"},{"taxonomy":"product_tag","embeddable":true,"href":"https:\/\/fvcomponentes.com\/de\/wp-json\/wp\/v2\/product_tag?post=36110"}],"curies":[{"name":"wp","href":"https:\/\/api.w.org\/{rel}","templated":true}]}}