{"id":36087,"date":"2026-01-29T20:44:26","date_gmt":"2026-01-29T19:44:26","guid":{"rendered":"https:\/\/fvcomponentes.com\/?post_type=product&#038;p=36087"},"modified":"2026-04-08T21:29:46","modified_gmt":"2026-04-08T19:29:46","slug":"victron-bluesolar-50w-12v-monokristalline-4c-serie-solarmodul-spm040553603","status":"publish","type":"product","link":"https:\/\/fvcomponentes.com\/de\/producto\/placa-solar-victron-bluesolar-50w-12v-monocristalino-series-4c-spm040553603\/","title":{"rendered":"Victron BlueSolar 55W-12V monokristallines Solarmodul der Serie 4c - SPM040553603"},"content":{"rendered":"<h2>Victron BlueSolar 55W-12V monokristallines Solarmodul der Serie 4c - SPM040553603<\/h2>\n<p>Das monokristalline Solarmodul der Serie 4c von Victron BlueSolar 55W-12V ist ein kompaktes Hochleistungs-Photovoltaikmodul, das f\u00fcr 12-Volt-Systeme entwickelt wurde.<\/p>\n<p>Dieses Panel ist Teil der BlueSolar-Serie und bietet eine zuverl\u00e4ssige Energiel\u00f6sung.<\/p>\n<p>Das 55-W-Solarmodul wurde speziell f\u00fcr mobile, maritime und netzunabh\u00e4ngige Anwendungen entwickelt, bei denen nur wenig Platz zur Verf\u00fcgung steht und ein ausgewogenes Verh\u00e4ltnis zwischen Leistung, Effizienz und Haltbarkeit erforderlich ist.<\/p>\n<h2>Eigenschaften des 55W Solarmoduls der Serie 4c<\/h2>\n<h3>Leistung<\/h3>\n<p>Dieses Solarmodul hat eine Betriebsspannung bei maximaler Leistung von 21 V, was es ideal f\u00fcr eine effiziente Ladesteuerung mit MPPT-Reglern macht.<\/p>\n<p>Au\u00dferdem hat es eine Leerlaufspannung von 24,8 V, die sicherstellt, dass die Karte auch bei schwachem Licht oder suboptimalen Sonneneinstrahlungen gut funktioniert und Strom erzeugt.<\/p>\n<p>Dar\u00fcber hinaus verf\u00fcgt er \u00fcber einen maximalen Leistungsstrom von 2,63 A und einen Kurzschlussstrom von 2,79 A, was dazu beitr\u00e4gt, die Last in kleinen Systemen konstant zu halten.<\/p>\n<h3>Hochwertige Konstruktion und Design<\/h3>\n<p>Das BlueSolar 55W Solarmodul wird mit Materialien und Verfahren hergestellt, die seine Robustheit, Langlebigkeit und Widerstandsf\u00e4higkeit gew\u00e4hrleisten, obwohl es ein leichtes und kompaktes Modul ist.<br \/>\nDiese Platte hat:<\/p>\n<ul>\n<li><strong>36 Hocheffiziente monokristalline Zellen<\/strong>, Die neuen LEDs bieten eine h\u00f6here Leistung, Effizienz und eine bessere Reaktion bei begrenzten Lichtverh\u00e4ltnissen.<\/li>\n<li><strong>Geh\u00e4rtetes Glas mit hoher Durchl\u00e4ssigkeit<\/strong>, das die Zellen sch\u00fctzt und die Haltbarkeit gegen St\u00f6\u00dfe, Hagel und widrige Wetterbedingungen verbessert.<\/li>\n<li><strong>Robuster und leichter Rahmen aus eloxiertem Aluminium<\/strong>, Die korrosionsbest\u00e4ndige, korrosionsbest\u00e4ndige, leicht zu installieren auf Rahmen, Decken oder feste Strukturen.<\/li>\n<li><strong>Versiegelte und wasserdichte Anschlussdose<\/strong>, zum Schutz der elektrischen Anschl\u00fcsse und zur Gew\u00e4hrleistung der Sicherheit in Au\u00dfenbereichen.<\/li>\n<li><strong>Integrierte Bypass-Dioden<\/strong>, die dazu beitragen, Energieverluste zu minimieren, wenn Teile des Panels verschattet sind.<\/li>\n<\/ul>\n<h3>Ausfallsicherheit und Skalierbarkeit<\/h3>\n<p>Dieses Solarmodul funktioniert in einem weiten Temperaturbereich von -40 \u00baC bis 85 \u00baC und ist damit sowohl f\u00fcr hei\u00dfe als auch f\u00fcr kalte Klimazonen geeignet, ohne dass die Leistung oder Haltbarkeit beeintr\u00e4chtigt wird.<\/p>\n<p>Au\u00dferdem betr\u00e4gt die maximale Systemspannung 1.000 Volt, so dass jederzeit mehrere Solarmodule in Reihe oder parallel geschaltet werden k\u00f6nnen, wenn das System erweitert werden soll.<\/p>\n<h2>Vorteile des 55 W Solarmoduls der Serie 4c<\/h2>\n<p>Das BlueSolar 55W Solarmodul, Serie 4c, hat die folgenden Vorteile:<\/p>\n<ul>\n<li><strong>Hohe Energieeffizienz, <\/strong>Aufgrund ihrer monokristallinen Solarzellen bietet sie eine h\u00f6here Leistung pro Fl\u00e4cheneinheit.<\/li>\n<li><strong>Gute Leistung auch bei schwachem Licht, <\/strong>da sie eine hohe Lichtempfindlichkeit hat und auch bei schlechten Lichtverh\u00e4ltnissen gut funktioniert.<\/li>\n<li><strong>Weniger Schattenverluste, <\/strong>weil seine Hochleistungs-Bypass-Dioden dazu beitragen, die Leistungsverluste zu minimieren.<\/li>\n<li><strong>Breiter Bereich von Betriebstemperaturen,<\/strong>\u00a0da es unter extremen klimatischen Bedingungen eingesetzt werden kann, ohne seine Leistung zu beeintr\u00e4chtigen.<\/li>\n<li><strong>Robuste und langlebige Konstruktion<\/strong>, Sicherheit und Schutz f\u00fcr Au\u00dfenbereiche, Boote oder Fahrzeuge.<\/li>\n<li><strong>Integration und Skalierbarkeit, <\/strong>weil es in gr\u00f6\u00dfere Anlagen integriert werden kann, indem es in Reihe oder parallel mit anderen Solarmodulen in Systemen von bis zu 1000 V verbunden wird.<\/li>\n<\/ul>\n<h2>Technische Daten des Victron BlueSolar 55W-12V monokristallinen Solarmoduls der 4c-Serie - SPM040553603<\/h2>\n<table>\n<thead>\n<tr>\n<th><strong>Merkmal<\/strong><\/th>\n<th><strong>Wert<\/strong><\/th>\n<\/tr>\n<\/thead>\n<tbody>\n<tr>\n<td><b>Strom<\/b><\/td>\n<td>55W<\/td>\n<\/tr>\n<tr>\n<td><strong>Panel-Typ<\/strong><\/td>\n<td>Monokristallin<\/td>\n<\/tr>\n<tr>\n<td><strong>Anzahl der Zellen<\/strong><\/td>\n<td>36<\/td>\n<\/tr>\n<tr>\n<td><strong>Maximale Leistungsspannung\u00a0<\/strong><\/td>\n<td>21 V<\/td>\n<\/tr>\n<tr>\n<td><strong>Maximaler Leistungsstrom\u00a0<\/strong><\/td>\n<td>2,63 A<\/td>\n<\/tr>\n<tr>\n<td><strong>Leerlaufspannung\u00a0<\/strong><\/td>\n<td>24,8 V<\/td>\n<\/tr>\n<tr>\n<td><strong>Kurzschlussstrom\u00a0<\/strong><\/td>\n<td>2,79 A<\/td>\n<\/tr>\n<tr>\n<td><strong>Maximale Systemspannung<\/strong><\/td>\n<td>1.000 V<\/td>\n<\/tr>\n<tr>\n<td><strong>Temperaturbereich<\/strong><\/td>\n<td>Von -40\u00baC bis +85\u00baC<\/td>\n<\/tr>\n<tr>\n<td><strong>Maximale Tragf\u00e4higkeit der Oberfl\u00e4che<\/strong><\/td>\n<td>200 kg\/m\u00b2 (200 kg\/m\u00b2)<\/td>\n<\/tr>\n<tr>\n<td><strong>Victron-Garantie<\/strong><\/td>\n<td>5 Jahre<\/td>\n<\/tr>\n<\/tbody>\n<\/table>\n<h2>Technische Informationen zum Victron BlueSolar 55W-12V monokristallinen Solarmodul 4c Serie - SPM040553603<\/h2>\n<p><a href=\"https:\/\/fvcomponentes.com\/wp-content\/uploads\/2026\/01\/Datasheet-BlueSolar-Monocrystalline-Panels-latest-models-ES.pdf\" target=\"_blank\" rel=\"noopener\">55W Solarmodul Serie 4c technisches Datenblatt<\/a><\/p>\n<p><a href=\"https:\/\/fvcomponentes.com\/wp-content\/uploads\/2026\/01\/Installation-Manual-BlueSolar-Panels-EN-NL-FR-DE-ES-SE-1.pdf\" target=\"_blank\" rel=\"noopener\">55W Solarmodul Handbuch Serie 4c<\/a><\/p>","protected":false},"excerpt":{"rendered":"<p><strong><span style=\"color: #ff9900;\">Bild zur Orientierung<\/span><\/strong><\/p>\n<p>Leistung: 55 W<br \/>\nMaximale Systemspannung: 1.000 V<br \/>\nSolarzellen (St\u00fcck\/Platte): 36<br \/>\nPanel-Technologie: Monokristallin<br \/>\nBluetooth: Nein<br \/>\nFernbedienung ein\/aus: Nein<br \/>\nKabel und andere Anschl\u00fcsse: PV-LH0801<br \/>\nAbmessungen: 25 x 445 x 715 mm<br \/>\nGewicht: 3,4 kg<\/p>","protected":false},"featured_media":36109,"comment_status":"closed","ping_status":"closed","template":"","meta":{"site-sidebar-layout":"default","site-content-layout":"","ast-site-content-layout":"default","site-content-style":"default","site-sidebar-style":"default","ast-global-header-display":"","ast-banner-title-visibility":"","ast-main-header-display":"","ast-hfb-above-header-display":"","ast-hfb-below-header-display":"","ast-hfb-mobile-header-display":"","site-post-title":"","ast-breadcrumbs-content":"","ast-featured-img":"","footer-sml-layout":"","ast-disable-related-posts":"","theme-transparent-header-meta":"default","adv-header-id-meta":"","stick-header-meta":"","header-above-stick-meta":"","header-main-stick-meta":"","header-below-stick-meta":"","astra-migrate-meta-layouts":"set","ast-page-background-enabled":"default","ast-page-background-meta":{"desktop":{"background-color":"var(--ast-global-color-4)","background-image":"","background-repeat":"repeat","background-position":"center center","background-size":"auto","background-attachment":"scroll","background-type":"","background-media":"","overlay-type":"","overlay-color":"","overlay-opacity":"","overlay-gradient":""},"tablet":{"background-color":"","background-image":"","background-repeat":"repeat","background-position":"center center","background-size":"auto","background-attachment":"scroll","background-type":"","background-media":"","overlay-type":"","overlay-color":"","overlay-opacity":"","overlay-gradient":""},"mobile":{"background-color":"","background-image":"","background-repeat":"repeat","background-position":"center center","background-size":"auto","background-attachment":"scroll","background-type":"","background-media":"","overlay-type":"","overlay-color":"","overlay-opacity":"","overlay-gradient":""}},"ast-content-background-meta":{"desktop":{"background-color":"var(--ast-global-color-5)","background-image":"","background-repeat":"repeat","background-position":"center center","background-size":"auto","background-attachment":"scroll","background-type":"","background-media":"","overlay-type":"","overlay-color":"","overlay-opacity":"","overlay-gradient":""},"tablet":{"background-color":"var(--ast-global-color-5)","background-image":"","background-repeat":"repeat","background-position":"center center","background-size":"auto","background-attachment":"scroll","background-type":"","background-media":"","overlay-type":"","overlay-color":"","overlay-opacity":"","overlay-gradient":""},"mobile":{"background-color":"var(--ast-global-color-5)","background-image":"","background-repeat":"repeat","background-position":"center center","background-size":"auto","background-attachment":"scroll","background-type":"","background-media":"","overlay-type":"","overlay-color":"","overlay-opacity":"","overlay-gradient":""}}},"pwb-brand":[332],"product_brand":[],"product_cat":[395,396],"product_tag":[],"class_list":{"0":"post-36087","1":"product","2":"type-product","3":"status-publish","4":"has-post-thumbnail","6":"pwb-brand-victron","7":"product_cat-placas-solares","8":"product_cat-placas-solares-12-v","9":"product_shipping_class-paneles","10":"desktop-align-left","11":"tablet-align-left","12":"mobile-align-left","13":"ast-product-gallery-layout-horizontal-slider","14":"ast-product-gallery-with-no-image","15":"ast-product-tabs-layout-horizontal","17":"first","18":"instock","19":"taxable","20":"shipping-taxable","21":"purchasable","22":"product-type-simple"},"wcpa_form_fields":null,"brands":[{"id":332,"name":"Victron Energie","slug":"victron"}],"_links":{"self":[{"href":"https:\/\/fvcomponentes.com\/de\/wp-json\/wp\/v2\/product\/36087","targetHints":{"allow":["GET"]}}],"collection":[{"href":"https:\/\/fvcomponentes.com\/de\/wp-json\/wp\/v2\/product"}],"about":[{"href":"https:\/\/fvcomponentes.com\/de\/wp-json\/wp\/v2\/types\/product"}],"replies":[{"embeddable":true,"href":"https:\/\/fvcomponentes.com\/de\/wp-json\/wp\/v2\/comments?post=36087"}],"wp:featuredmedia":[{"embeddable":true,"href":"https:\/\/fvcomponentes.com\/de\/wp-json\/wp\/v2\/media\/36109"}],"wp:attachment":[{"href":"https:\/\/fvcomponentes.com\/de\/wp-json\/wp\/v2\/media?parent=36087"}],"wp:term":[{"taxonomy":"pwb-brand","embeddable":true,"href":"https:\/\/fvcomponentes.com\/de\/wp-json\/wp\/v2\/pwb-brand?post=36087"},{"taxonomy":"product_brand","embeddable":true,"href":"https:\/\/fvcomponentes.com\/de\/wp-json\/wp\/v2\/product_brand?post=36087"},{"taxonomy":"product_cat","embeddable":true,"href":"https:\/\/fvcomponentes.com\/de\/wp-json\/wp\/v2\/product_cat?post=36087"},{"taxonomy":"product_tag","embeddable":true,"href":"https:\/\/fvcomponentes.com\/de\/wp-json\/wp\/v2\/product_tag?post=36087"}],"curies":[{"name":"wp","href":"https:\/\/api.w.org\/{rel}","templated":true}]}}