{"id":36082,"date":"2026-01-29T20:44:31","date_gmt":"2026-01-29T19:44:31","guid":{"rendered":"https:\/\/fvcomponentes.com\/?post_type=product&#038;p=36082"},"modified":"2026-04-08T21:28:31","modified_gmt":"2026-04-08T19:28:31","slug":"victron-bluesolar-30w-12v-monokristalline-4c-serie-spm040303603-solarmodul","status":"publish","type":"product","link":"https:\/\/fvcomponentes.com\/de\/producto\/placa-solar-victron-bluesolar-30w-12v-monocristalino-serie-4c-spm040303603\/","title":{"rendered":"Victron BlueSolar 30W-12V monokristallines Solarmodul der Serie 4c - SPM040303603"},"content":{"rendered":"<h2>Victron BlueSolar 30W-12V monokristallines Solarmodul der Serie 4c - SPM040303603<\/h2>\n<p>Die Victron BlueSolar 30W-12V monokristalline 4c-Serie ist ein kompaktes, robustes und effizientes monokristallines Photovoltaik-Solarmodul mit einer Nennleistung von 30W.<\/p>\n<p>Diese Karte ist Teil der BlueSolar-Serie und wurde entwickelt, um eine zuverl\u00e4ssige Stromversorgungsl\u00f6sung f\u00fcr kleine 12-V-Solarsysteme zu bieten.<\/p>\n<p>Die robuste Bauweise und die gute Leistung, auch bei schlechten Lichtverh\u00e4ltnissen, machen sie zu einer hervorragenden Wahl f\u00fcr netzunabh\u00e4ngige Installationen.<br \/>\nEs zeichnet sich auch durch seine einfache Integration aus.<\/p>\n<p>Es ist ideal f\u00fcr Boote, Wohnwagen, Wohnmobile und autonome Stromversorgungssysteme.<\/p>\n<h2>Merkmale des 30W-Solarmoduls der Serie 4c<\/h2>\n<h3>Optimierte Leistung<\/h3>\n<p>Dieses Solarmodul hat eine Betriebsspannung von 21,2 V bei maximaler Leistung.<br \/>\nDas macht die Integration mit MPPT-Reglern einfach.<\/p>\n<p>Au\u00dferdem hat er eine Leerlaufspannung von 24,7 V.<br \/>\nDadurch kann die Platte auch bei schwachem Licht oder nicht optimalen Sonnenscheinbedingungen Energie erzeugen.<\/p>\n<p>Dar\u00fcber hinaus tragen die leistungsstarken Bypass-Dioden dazu bei, die Verluste zu verringern, die durch eine teilweise Abschattung der Platine entstehen, und verbessern so die Gesamteffizienz der Platine, wenn einige Zellen nicht vollst\u00e4ndig beleuchtet sind.<\/p>\n<h3>Hocheffiziente Schaltanlagen<\/h3>\n<p>Das 30-W-Solarmodul verwendet 36 monokristalline Solarzellen, die eine bessere Energieeffizienz garantieren.<\/p>\n<p>Dieser Zellentyp bietet eine schnellere und stabilere Reaktion \u00fcber einen gr\u00f6\u00dferen Bereich der Bestrahlungsst\u00e4rke.<\/p>\n<h3>Gestaltung<\/h3>\n<p>Dieses 30-W-Solarmodul hat einen leichten, eloxierten Aluminiumrahmen, der sehr korrosionsbest\u00e4ndig ist.<br \/>\nDies macht es ideal f\u00fcr Installationen im Freien und bei schlechtem Wetter.<\/p>\n<p>Die Vorderseite ist durch hochtransparentes, geh\u00e4rtetes Glas gesch\u00fctzt, das die Widerstandsf\u00e4higkeit gegen St\u00f6\u00dfe, Hagel und widrige Wetterbedingungen erh\u00f6ht.<\/p>\n<p>Dar\u00fcber hinaus verf\u00fcgt diese Karte \u00fcber eine versiegelte, wasserdichte Anschlussdose.<br \/>\nSie sch\u00fctzt Ihre elektrischen Anschl\u00fcsse vor Feuchtigkeit und gew\u00e4hrleistet langfristige Sicherheit und Zuverl\u00e4ssigkeit.<\/p>\n<h3>Temperaturbereich<\/h3>\n<p>Das 30-W-Solarmodul funktioniert perfekt in einem breiten Temperaturbereich zwischen -40\u00baC und 85\u00baC.<br \/>\nDaher eignet er sich perfekt f\u00fcr hei\u00dfe und kalte Klimazonen, ohne dass Leistung oder Haltbarkeit beeintr\u00e4chtigt werden.<\/p>\n<h3>Kompatibilit\u00e4t und Flexibilit\u00e4t<\/h3>\n<p>Diese Karte ist mit Systemen mit einer Spannung von bis zu 1.000 V kompatibel, so dass sie durch Reihen- oder Parallelschaltung in gr\u00f6\u00dfere Systeme integriert werden kann.<\/p>\n<h2>Vorteile des 30W Solarmoduls der Serie 4c<\/h2>\n<p>Das BlueSolar 30W-12V Solarmodul der Serie 4c hat die folgenden Vorteile:<\/p>\n<ul>\n<li><strong>Hohe Energieeffizienz<\/strong>, dank seiner monokristallinen Solarzellen.<\/li>\n<li><strong>Gute Leistung unter variablen Bedingungen<\/strong>, Sie hat eine hohe Lichtempfindlichkeit und zeigt auch bei schlechten Lichtverh\u00e4ltnissen gute Leistungen.<\/li>\n<li><strong>H\u00f6here Ertr\u00e4ge im Halbschatten,<\/strong> weil seine Hochleistungs-Bypass-Dioden dazu beitragen, die Leistungsverluste zu minimieren.<\/li>\n<li><strong>Gro\u00dfer klimatischer Einsatzbereich<\/strong>, Das neue System kann unter extremen klimatischen Bedingungen eingesetzt werden, ohne dass seine Leistung nachl\u00e4sst.<\/li>\n<li><strong>Robuste und langlebige Konstruktion<\/strong>, Sicherheit und Schutz f\u00fcr Au\u00dfenbereiche, Boote oder Fahrzeuge.<\/li>\n<li><strong>Einfache Integration, Flexibilit\u00e4t und Skalierbarkeit<\/strong>, Es kann in gr\u00f6\u00dfere Anlagen integriert werden, indem es in Reihe oder parallel mit anderen Solarmodulen in Systemen von bis zu 1000 V verbunden wird.<\/li>\n<\/ul>\n<h2>Technische Daten des Victron BlueSolar 30W-12V monokristallinen Solarmoduls der 4c-Serie - SPM04030303603<\/h2>\n<table>\n<thead>\n<tr>\n<th><strong>Technische Daten<\/strong><\/th>\n<th><strong>Wert<\/strong><\/th>\n<\/tr>\n<\/thead>\n<tbody>\n<tr>\n<td><b>Strom<\/b><\/td>\n<td>30 W<\/td>\n<\/tr>\n<tr>\n<td><strong>Panel-Typ<\/strong><\/td>\n<td>Monokristallin<\/td>\n<\/tr>\n<tr>\n<td><b>Anzahl der Zellen<\/b><\/td>\n<td>36<\/td>\n<\/tr>\n<tr>\n<td><strong>Maximale Leistungsspannung\u00a0<\/strong><\/td>\n<td>21,2 V<\/td>\n<\/tr>\n<tr>\n<td><strong>Maximaler Leistungsstrom\u00a0<\/strong><\/td>\n<td>1,42 A<\/td>\n<\/tr>\n<tr>\n<td><strong>Leerlaufspannung\u00a0<\/strong><\/td>\n<td>24,7 V<\/td>\n<\/tr>\n<tr>\n<td><strong>Kurzschlussstrom\u00a0<\/strong><\/td>\n<td>1,49 A<\/td>\n<\/tr>\n<tr>\n<td><strong>Maximale Systemspannung<\/strong><\/td>\n<td>1.000 V<\/td>\n<\/tr>\n<tr>\n<td><strong>Temperaturbereich<\/strong><\/td>\n<td>Zwischen -40\u00b0C und +85\u00b0C<\/td>\n<\/tr>\n<tr>\n<td><strong>Maximale Tragf\u00e4higkeit der Oberfl\u00e4che<\/strong><\/td>\n<td>200 kg\/m\u00b2 (200 kg\/m\u00b2)<\/td>\n<\/tr>\n<tr>\n<td><strong>Victron-Garantie<\/strong><\/td>\n<td>5 Jahre<\/td>\n<\/tr>\n<\/tbody>\n<\/table>\n<h2>Technische Informationen zum Victron BlueSolar 30W-12V monokristallinen Solarmodul der 4c-Serie - SPM040303603<\/h2>\n<p><a href=\"https:\/\/fvcomponentes.com\/wp-content\/uploads\/2026\/01\/Datasheet-BlueSolar-Monocrystalline-Panels-latest-models-ES.pdf\" target=\"_blank\" rel=\"noopener\">Technisches Datenblatt 30W Solarmodul Serie 4c<\/a><\/p>\n<p><a href=\"https:\/\/fvcomponentes.com\/wp-content\/uploads\/2026\/01\/Installation-Manual-BlueSolar-Panels-EN-NL-FR-DE-ES-SE-1.pdf\" target=\"_blank\" rel=\"noopener\">Handbuch f\u00fcr das 30W-Solarmodul der Serie 4c<\/a><\/p>","protected":false},"excerpt":{"rendered":"<p><strong><span style=\"color: #ff9900;\">Bild zur Orientierung<\/span><\/strong><\/p>\n<p>Leistung: 30 W<br \/>\nMaximale Systemspannung: 1000 V<br \/>\nSolarzellen (St\u00fcck\/Platte): 36<br \/>\nPanel-Technologie: Monokristallin<br \/>\nBluetooth: Nein<br \/>\nFernbedienung ein\/aus: Nein<br \/>\nKabel und andere Anschl\u00fcsse: PV-LH0806<br \/>\nAbmessungen: 25 x 450 x 380 mm<br \/>\nGewicht: 1,8 kg<\/p>","protected":false},"featured_media":36086,"comment_status":"closed","ping_status":"closed","template":"","meta":{"site-sidebar-layout":"default","site-content-layout":"","ast-site-content-layout":"default","site-content-style":"default","site-sidebar-style":"default","ast-global-header-display":"","ast-banner-title-visibility":"","ast-main-header-display":"","ast-hfb-above-header-display":"","ast-hfb-below-header-display":"","ast-hfb-mobile-header-display":"","site-post-title":"","ast-breadcrumbs-content":"","ast-featured-img":"","footer-sml-layout":"","ast-disable-related-posts":"","theme-transparent-header-meta":"default","adv-header-id-meta":"","stick-header-meta":"","header-above-stick-meta":"","header-main-stick-meta":"","header-below-stick-meta":"","astra-migrate-meta-layouts":"set","ast-page-background-enabled":"default","ast-page-background-meta":{"desktop":{"background-color":"var(--ast-global-color-4)","background-image":"","background-repeat":"repeat","background-position":"center center","background-size":"auto","background-attachment":"scroll","background-type":"","background-media":"","overlay-type":"","overlay-color":"","overlay-opacity":"","overlay-gradient":""},"tablet":{"background-color":"","background-image":"","background-repeat":"repeat","background-position":"center center","background-size":"auto","background-attachment":"scroll","background-type":"","background-media":"","overlay-type":"","overlay-color":"","overlay-opacity":"","overlay-gradient":""},"mobile":{"background-color":"","background-image":"","background-repeat":"repeat","background-position":"center center","background-size":"auto","background-attachment":"scroll","background-type":"","background-media":"","overlay-type":"","overlay-color":"","overlay-opacity":"","overlay-gradient":""}},"ast-content-background-meta":{"desktop":{"background-color":"var(--ast-global-color-5)","background-image":"","background-repeat":"repeat","background-position":"center center","background-size":"auto","background-attachment":"scroll","background-type":"","background-media":"","overlay-type":"","overlay-color":"","overlay-opacity":"","overlay-gradient":""},"tablet":{"background-color":"var(--ast-global-color-5)","background-image":"","background-repeat":"repeat","background-position":"center center","background-size":"auto","background-attachment":"scroll","background-type":"","background-media":"","overlay-type":"","overlay-color":"","overlay-opacity":"","overlay-gradient":""},"mobile":{"background-color":"var(--ast-global-color-5)","background-image":"","background-repeat":"repeat","background-position":"center center","background-size":"auto","background-attachment":"scroll","background-type":"","background-media":"","overlay-type":"","overlay-color":"","overlay-opacity":"","overlay-gradient":""}}},"pwb-brand":[332],"product_brand":[],"product_cat":[395,396],"product_tag":[],"class_list":{"0":"post-36082","1":"product","2":"type-product","3":"status-publish","4":"has-post-thumbnail","6":"pwb-brand-victron","7":"product_cat-placas-solares","8":"product_cat-placas-solares-12-v","9":"product_shipping_class-paneles","10":"desktop-align-left","11":"tablet-align-left","12":"mobile-align-left","13":"ast-product-gallery-layout-horizontal-slider","14":"ast-product-gallery-with-no-image","15":"ast-product-tabs-layout-horizontal","17":"first","18":"instock","19":"taxable","20":"shipping-taxable","21":"purchasable","22":"product-type-simple"},"wcpa_form_fields":null,"brands":[{"id":332,"name":"Victron Energie","slug":"victron"}],"_links":{"self":[{"href":"https:\/\/fvcomponentes.com\/de\/wp-json\/wp\/v2\/product\/36082","targetHints":{"allow":["GET"]}}],"collection":[{"href":"https:\/\/fvcomponentes.com\/de\/wp-json\/wp\/v2\/product"}],"about":[{"href":"https:\/\/fvcomponentes.com\/de\/wp-json\/wp\/v2\/types\/product"}],"replies":[{"embeddable":true,"href":"https:\/\/fvcomponentes.com\/de\/wp-json\/wp\/v2\/comments?post=36082"}],"wp:featuredmedia":[{"embeddable":true,"href":"https:\/\/fvcomponentes.com\/de\/wp-json\/wp\/v2\/media\/36086"}],"wp:attachment":[{"href":"https:\/\/fvcomponentes.com\/de\/wp-json\/wp\/v2\/media?parent=36082"}],"wp:term":[{"taxonomy":"pwb-brand","embeddable":true,"href":"https:\/\/fvcomponentes.com\/de\/wp-json\/wp\/v2\/pwb-brand?post=36082"},{"taxonomy":"product_brand","embeddable":true,"href":"https:\/\/fvcomponentes.com\/de\/wp-json\/wp\/v2\/product_brand?post=36082"},{"taxonomy":"product_cat","embeddable":true,"href":"https:\/\/fvcomponentes.com\/de\/wp-json\/wp\/v2\/product_cat?post=36082"},{"taxonomy":"product_tag","embeddable":true,"href":"https:\/\/fvcomponentes.com\/de\/wp-json\/wp\/v2\/product_tag?post=36082"}],"curies":[{"name":"wp","href":"https:\/\/api.w.org\/{rel}","templated":true}]}}