{"id":36074,"date":"2026-01-29T20:38:26","date_gmt":"2026-01-29T19:38:26","guid":{"rendered":"https:\/\/fvcomponentes.com\/?post_type=product&#038;p=36074"},"modified":"2026-04-08T21:31:41","modified_gmt":"2026-04-08T19:31:41","slug":"victron-orion-24-12-80-wandler-nicht-isoliert-und-mit-anschlussklemmen-ori241280030","status":"publish","type":"product","link":"https:\/\/fvcomponentes.com\/de\/producto\/convertidor-victron-orion-24-12-80-no-aislado-y-con-terminales-de-conexion-ori241280030\/","title":{"rendered":"Victron Orion 24\/12-80 nicht isolierter Wandler mit Anschlussklemmen - ORI241280030"},"content":{"rendered":"<h2>Victron Orion 24\/12-80 nicht isolierter Wandler mit Anschlussklemmen - ORI241280030<\/h2>\n<p>Der Orion 24\/12-80 mit Anschlussklemmen ist ein kompakter DC\/DC-Wandler mit hoher Leistung.<br \/>\nEr wurde entwickelt, um den Gleichstrom (DC) eines 24-V-Systems stabil, effizient und sicher in 12 V umzuwandeln.<br \/>\nDar\u00fcber hinaus bietet er einen Dauerausgangsstrom von bis zu 80 Ampere.<\/p>\n<p>Dieser Wandler ist f\u00fcr Installationen mit zwei Batterieb\u00e4nken mit unterschiedlichen Spannungen vorgesehen.<br \/>\nEs wird auch verwendet, wenn 12-V-Ger\u00e4te von einem 24-V-Netz gespeist werden m\u00fcssen.<\/p>\n<p>Sie ist besonders n\u00fctzlich, wenn das Hauptsystem mit einer h\u00f6heren Spannung (24 V) arbeitet und eine niedrigere Spannung ben\u00f6tigt wird.<br \/>\nEs ist auch sehr n\u00fctzlich, wenn gen\u00fcgend Gleichstrom zur Verf\u00fcgung steht, um K\u00fchlschr\u00e4nke, Lampen, kritische Elektronik, Pumpen oder 12-V-Hilfsinverter zu laden.<\/p>\n<p>In vielen Fahrzeugen, Booten oder Solaranlagen beispielsweise ist die Hauptbatteriebank normalerweise auf 24 V eingestellt.<br \/>\nSie wird f\u00fcr die Versorgung von Gro\u00dfverbrauchern, Wechselrichtern oder Elektromotoren verwendet. Andererseits arbeiten viele elektrische Zubeh\u00f6rteile (Beleuchtung, Steuerungen, K\u00fchlschr\u00e4nke oder Navigationsger\u00e4te) mit 12 V.<\/p>\n<p>Der Orion entnimmt den Strom direkt aus dem 24-V-Netz und wandelt ihn zuverl\u00e4ssig und kontinuierlich in 12 V um. Dies gew\u00e4hrleistet eine stabile Versorgung.<\/p>\n<p>Da es sich um einen nicht isolierten Wandler handelt, sind der negative Eingangsanschluss und der negative Ausgangsanschluss miteinander verbunden, es gibt keine Trennung, also keine galvanische Trennung zwischen den beiden Stromkreisen.<br \/>\nDiese Konfiguration erm\u00f6glicht eine einfachere und effizientere Konstruktion, wenn in der Anlage keine Massentrennung erforderlich ist.<\/p>\n<h2>Merkmale des Orion 24\/12-80 nicht isoliert und mit Anschlussklemmen<\/h2>\n<h3>Leistung und Effizienz<\/h3>\n<p>Diese Orion arbeitet mit einem nominalen 24-Volt-Eingang und liefert einen 12-Volt-Ausgang mit bis zu 80 Ampere Gleichstrom.<br \/>\nEs ist daher eine ideale L\u00f6sung f\u00fcr die gleichzeitige Versorgung mehrerer 12-V-Lasten.<\/p>\n<p>Dar\u00fcber hinaus bietet der Orion 24\/12-80 einen hohen Wirkungsgrad (92%), so dass fast die gesamte bei 24 V ankommende Energie in nutzbare Energie bei 12 V umgewandelt wird.<br \/>\nDadurch werden Verluste und die Erw\u00e4rmung der Ger\u00e4te auch bei hohem Leistungsbedarf reduziert.<\/p>\n<h3>Anschlussklemmen<\/h3>\n<p>Einer der Hauptunterschiede dieses Orion ist, dass es \u00fcber starke und robuste Anschlussklemmen verf\u00fcgt.<br \/>\nDiese sind so konzipiert, dass Sie problemlos dickere Kabel verlegen k\u00f6nnen, was bei hohen Str\u00f6men sehr wichtig ist.<\/p>\n<p>Dank dieser Terminals ist die Verbindung sicherer und stabiler.<br \/>\nAu\u00dferdem wird der Spannungsabfall reduziert, und das System arbeitet zuverl\u00e4ssiger, selbst in Fahrzeugen, Schiffen oder Industriemaschinen, wo es zu Vibrationen und hohem Stromverbrauch kommt.<\/p>\n<h3>Konfiguration und Kontrolle<\/h3>\n<p>Mit dem Orion 24\/12-80 kann die Ausgangsspannung in einem sinnvollen Bereich eingestellt werden.<br \/>\nAus diesem Grund kann er nicht nur als DC-DC-Wandler, sondern auch als Ladeger\u00e4t f\u00fcr 12-V-Zusatzbatterien verwendet werden.<\/p>\n<p>Au\u00dferdem verf\u00fcgt er \u00fcber einen ON\/OFF-Fernbedienungsanschluss, der es erm\u00f6glicht, den Konverter \u00fcber einen Schwachstromschalter oder \u00fcber das System selbst (mit einer Schalttafel oder einem Relais) ein- oder auszuschalten, ohne dass ein Hochleistungsschalter in der Hauptverkabelung installiert werden muss.<br \/>\nDieses Detail vereinfacht sowohl die Nutzung als auch die Installation.<\/p>\n<p>Obwohl dieses Modell keine fortschrittlichen Funktionen wie Bluetooth-Konnektivit\u00e4t oder App-basierte \u00dcberwachung enth\u00e4lt, bietet es dennoch einen stabilen und zuverl\u00e4ssigen Betrieb mit reduziertem Ruhestrom.<\/p>\n<p>Dar\u00fcber hinaus kann dieser Orion mit anderen \u00e4hnlichen Orions parallel geschaltet werden, um den verf\u00fcgbaren Gesamtstrom zu erh\u00f6hen, wenn die Anlage mehr Leistung ben\u00f6tigt.<\/p>\n<h3>Kompatibilit\u00e4t und Zuverl\u00e4ssigkeit<\/h3>\n<p>Der Orion-Wandler ist mit Blei-S\u00e4ure-Batterien (AGM und GEL) und Lithium-Batterien (LiFePO\u2084) kompatibel.<br \/>\nEs bietet eine gro\u00dfe Vielseitigkeit f\u00fcr verschiedene Arten von Installationen.<\/p>\n<p>Dank der Victron Blue-Konstruktion mit hochwertigen Bauteilen ist er au\u00dferdem sehr zuverl\u00e4ssig.<br \/>\nDies erm\u00f6glicht einen kontinuierlichen Betrieb unter anspruchsvollen Bedingungen.<\/p>\n<h3>Schutzma\u00dfnahmen<\/h3>\n<p>Der Orion 24\/12-80 verf\u00fcgt \u00fcber einen \u00dcberlast-, \u00dcberspannungs-, Unterspannungs- und Kurzschlussschutz sowie einen thermischen Schutz.<\/p>\n<p>Wenn die Temperatur bestimmte Grenzwerte \u00fcberschreitet oder ein Kurzschluss festgestellt wird, reduziert der Orion automatisch die Leistung oder schaltet sich ab, um die Ger\u00e4te und den Rest des Systems vor Sch\u00e4den zu sch\u00fctzen.<\/p>\n<p>Dar\u00fcber hinaus verf\u00fcgt er \u00fcber die Schutzart IP43. Dies sch\u00fctzt den Konverter vor Wasser und Staub und macht ihn f\u00fcr den Einsatz in Fahrzeugen, Booten und technischen Umgebungen geeignet.<\/p>\n<h2>Vorteile des Victron Orion 24\/12-80 nicht isolierten Wandlers mit Anschlussklemmen - ORI241280030<\/h2>\n<p>Die nicht isolierten Wandler von Orion bieten eine Reihe sehr n\u00fctzlicher Vorteile, darunter:<\/p>\n<ul>\n<li>Erleichtert die <strong>Anschluss von Kabeln mit gro\u00dfem Querschnitt<\/strong> dank seiner Terminals<\/li>\n<li>Sie erm\u00f6glicht <strong>aus der Ferne ein- und ausgeschaltet werden<\/strong><\/li>\n<li>Sie k\u00f6nnen <strong>mehrere Ger\u00e4te parallel zu schalten<\/strong> die Leistung zu erh\u00f6hen<\/li>\n<li>Es funktioniert wie <strong>stabile DC-Stromversorgung f\u00fcr 12-V-Lasten<\/strong><\/li>\n<li>Sie hat <strong>integrierte Schutzvorrichtungen<\/strong> die Sch\u00e4den am Orion-Konverter und an den angeschlossenen Batterien verhindern.<\/li>\n<li>Es kann verwendet werden als <strong>Hilfsbatterieladeger\u00e4t<\/strong> 12 V.<\/li>\n<\/ul>\n<h2>Typischer Einsatz des Orion 24\/12-80 mit Anschlussklemmen<\/h2>\n<p>Der Orion 24\/12-80 Konverter wird typischerweise in Installationen von:<\/p>\n<ul>\n<li><strong>Lastkraftwagen, Wohnmobile und Wohnwagengespanne<\/strong>, wo die Batterie 24 V hat, aber mehrere 12-V-Ger\u00e4te ben\u00f6tigt werden.<\/li>\n<li><strong>Boote und Jachten<\/strong>, wo es ein 24-V-Netz und ein 12-V-Netz gibt.<\/li>\n<li><strong>Hybride Solaranlagen oder Anlagen mit mehreren Batteriespeichern<\/strong>, zur Versorgung von 12-V-Lasten \u00fcber Paneele, die an eine oder mehrere 24-V-Batterien angeschlossen sind.<\/li>\n<li><strong>Nutzfahrzeuge und Maschinen<\/strong>, wobei die Hilfssysteme mit 12 V und das \u00fcbrige elektrische System mit 24 V betrieben werden.<\/li>\n<\/ul>\n<h2>Technische Daten des Victron Orion 24\/12-80 Nicht isolierter Wandler mit Anschlussklemmen - ORI241280030<\/h2>\n<table>\n<thead>\n<tr>\n<th>Merkmal<\/th>\n<th><strong>Wert<\/strong><\/th>\n<\/tr>\n<\/thead>\n<tbody>\n<tr>\n<td><strong>Eingangsspannungsbereich<\/strong><\/td>\n<td>18-35 V<\/td>\n<\/tr>\n<tr>\n<td><strong>Abschaltung Unterspannung<\/strong><\/td>\n<td>14 V<\/td>\n<\/tr>\n<tr>\n<td><strong>Kontinuierlicher Ausgangsstrom<\/strong><\/td>\n<td>80 A<\/td>\n<\/tr>\n<tr>\n<td><strong>Einstellbare Ausgangsspannung<\/strong><\/td>\n<td>Ja (10 V bis 15 V)<\/td>\n<\/tr>\n<tr>\n<td><strong>Maximale Effizienz<\/strong><\/td>\n<td>92%<\/td>\n<\/tr>\n<tr>\n<td><strong>Verbrauch im ausgeschalteten Zustand (off)<\/strong><\/td>\n<td>&lt; 20 mA<\/td>\n<\/tr>\n<tr>\n<td><strong>Gewicht<\/strong><\/td>\n<td>0,9 kg<\/td>\n<\/tr>\n<tr>\n<td><strong>Abmessungen<\/strong><\/td>\n<td>195 x 88 x 65 mm<\/td>\n<\/tr>\n<tr>\n<td><strong>Fernsteuerung ON\/OFF<\/strong><\/td>\n<td>Ja<\/td>\n<\/tr>\n<\/tbody>\n<\/table>\n<h2>Technische Informationen Victron Orion 24\/12-80 nicht isolierter Wandler mit Anschlussklemmen - ORI241280030<\/h2>\n<p><a href=\"https:\/\/fvcomponentes.com\/wp-content\/uploads\/2026\/01\/Datasheet-Orion-DC-DC-converters-high-power-non-isolated-ES.pdf\" target=\"_blank\" rel=\"noopener\">Orion 24\/12-80 nicht isolierter Konverter mit Anschlussklemmen Datenblatt<\/a><\/p>","protected":false},"excerpt":{"rendered":"<p><span style=\"color: #ff0000\"><strong>Verf\u00fcgbar ab 15. Juni 2026!<\/strong><\/span><\/p>\n<p><strong><span style=\"color: #ff9900\">Bilder zur Anleitung<\/span><\/strong><\/p>\n<p><strong>Ger\u00e4te ohne Bluetooth<\/strong><\/p>\n<p>Eingangsspannungsbereich: 18-35 V<br \/>\nTrennungsunterspannung: 14 V<br \/>\nStromverbrauch aus: &lt; 20mA<br \/>\nWirkungsgrad: 92%<br \/>\nGewicht: 0,90 kg<br \/>\nAbmessungen: 195 x 88 x 65 mm<\/p>","protected":false},"featured_media":36075,"comment_status":"closed","ping_status":"closed","template":"","meta":{"site-sidebar-layout":"default","site-content-layout":"","ast-site-content-layout":"default","site-content-style":"default","site-sidebar-style":"default","ast-global-header-display":"","ast-banner-title-visibility":"","ast-main-header-display":"","ast-hfb-above-header-display":"","ast-hfb-below-header-display":"","ast-hfb-mobile-header-display":"","site-post-title":"","ast-breadcrumbs-content":"","ast-featured-img":"","footer-sml-layout":"","ast-disable-related-posts":"","theme-transparent-header-meta":"default","adv-header-id-meta":"","stick-header-meta":"","header-above-stick-meta":"","header-main-stick-meta":"","header-below-stick-meta":"","astra-migrate-meta-layouts":"set","ast-page-background-enabled":"default","ast-page-background-meta":{"desktop":{"background-color":"var(--ast-global-color-4)","background-image":"","background-repeat":"repeat","background-position":"center center","background-size":"auto","background-attachment":"scroll","background-type":"","background-media":"","overlay-type":"","overlay-color":"","overlay-opacity":"","overlay-gradient":""},"tablet":{"background-color":"","background-image":"","background-repeat":"repeat","background-position":"center center","background-size":"auto","background-attachment":"scroll","background-type":"","background-media":"","overlay-type":"","overlay-color":"","overlay-opacity":"","overlay-gradient":""},"mobile":{"background-color":"","background-image":"","background-repeat":"repeat","background-position":"center center","background-size":"auto","background-attachment":"scroll","background-type":"","background-media":"","overlay-type":"","overlay-color":"","overlay-opacity":"","overlay-gradient":""}},"ast-content-background-meta":{"desktop":{"background-color":"var(--ast-global-color-5)","background-image":"","background-repeat":"repeat","background-position":"center center","background-size":"auto","background-attachment":"scroll","background-type":"","background-media":"","overlay-type":"","overlay-color":"","overlay-opacity":"","overlay-gradient":""},"tablet":{"background-color":"var(--ast-global-color-5)","background-image":"","background-repeat":"repeat","background-position":"center center","background-size":"auto","background-attachment":"scroll","background-type":"","background-media":"","overlay-type":"","overlay-color":"","overlay-opacity":"","overlay-gradient":""},"mobile":{"background-color":"var(--ast-global-color-5)","background-image":"","background-repeat":"repeat","background-position":"center center","background-size":"auto","background-attachment":"scroll","background-type":"","background-media":"","overlay-type":"","overlay-color":"","overlay-opacity":"","overlay-gradient":""}}},"pwb-brand":[332],"product_brand":[],"product_cat":[419,901,865],"product_tag":[],"class_list":{"0":"post-36074","1":"product","2":"type-product","3":"status-publish","4":"has-post-thumbnail","6":"pwb-brand-victron","7":"product_cat-cargadores-de-baterias","8":"product_cat-24v-12v","9":"product_cat-convertidores","10":"desktop-align-left","11":"tablet-align-left","12":"mobile-align-left","13":"ast-product-gallery-layout-horizontal-slider","14":"ast-product-gallery-with-no-image","15":"ast-product-tabs-layout-horizontal","17":"first","18":"onbackorder","19":"taxable","20":"shipping-taxable","21":"purchasable","22":"product-type-simple"},"wcpa_form_fields":null,"brands":[{"id":332,"name":"Victron Energie","slug":"victron"}],"_links":{"self":[{"href":"https:\/\/fvcomponentes.com\/de\/wp-json\/wp\/v2\/product\/36074","targetHints":{"allow":["GET"]}}],"collection":[{"href":"https:\/\/fvcomponentes.com\/de\/wp-json\/wp\/v2\/product"}],"about":[{"href":"https:\/\/fvcomponentes.com\/de\/wp-json\/wp\/v2\/types\/product"}],"replies":[{"embeddable":true,"href":"https:\/\/fvcomponentes.com\/de\/wp-json\/wp\/v2\/comments?post=36074"}],"wp:featuredmedia":[{"embeddable":true,"href":"https:\/\/fvcomponentes.com\/de\/wp-json\/wp\/v2\/media\/36075"}],"wp:attachment":[{"href":"https:\/\/fvcomponentes.com\/de\/wp-json\/wp\/v2\/media?parent=36074"}],"wp:term":[{"taxonomy":"pwb-brand","embeddable":true,"href":"https:\/\/fvcomponentes.com\/de\/wp-json\/wp\/v2\/pwb-brand?post=36074"},{"taxonomy":"product_brand","embeddable":true,"href":"https:\/\/fvcomponentes.com\/de\/wp-json\/wp\/v2\/product_brand?post=36074"},{"taxonomy":"product_cat","embeddable":true,"href":"https:\/\/fvcomponentes.com\/de\/wp-json\/wp\/v2\/product_cat?post=36074"},{"taxonomy":"product_tag","embeddable":true,"href":"https:\/\/fvcomponentes.com\/de\/wp-json\/wp\/v2\/product_tag?post=36074"}],"curies":[{"name":"wp","href":"https:\/\/api.w.org\/{rel}","templated":true}]}}