{"id":36023,"date":"2026-01-22T15:15:20","date_gmt":"2026-01-22T14:15:20","guid":{"rendered":"https:\/\/fvcomponentes.com\/?post_type=product&#038;p=36023"},"modified":"2026-03-24T10:10:10","modified_gmt":"2026-03-24T09:10:10","slug":"upower-lithium-batterie-12v-300ah-ue-12li300","status":"publish","type":"product","link":"https:\/\/fvcomponentes.com\/de\/producto\/bateria-de-litio-upower-12v-300ah-ue-12li300\/","title":{"rendered":"Upower Lithium-Batterie 12,8V\/300Ah - UE-12LI300"},"content":{"rendered":"<h2>Upower Lithium-Batterie 12,8V\/300Ah - UE-12LI300<\/h2>\n<p>Die Upower 12,8V\/200Ah Lithium-Batterie ist eine leistungsstarke Batterie, die f\u00fcr diejenigen entwickelt wurde, die viel Energie, gro\u00dfe Autonomie und maximale Zuverl\u00e4ssigkeit f\u00fcr viele Jahre und ohne Komplikationen ben\u00f6tigen, denn Sie wollen sich nicht darum k\u00fcmmern m\u00fcssen. Einfach einbauen, anschlie\u00dfen und die Sache vergessen.<\/p>\n<p>Es handelt sich um eine sehr effiziente Batterie, die eine h\u00f6here Nutzkapazit\u00e4t, eine bessere Leistung und eine viel l\u00e4ngere Lebensdauer als herk\u00f6mmliche Batterien bietet.<br \/>\nIm Gegensatz zu AGM- oder GEL-Batterien gibt es bei dieser Batterie keine pl\u00f6tzlichen Spannungsabf\u00e4lle oder Leistungseinbu\u00dfen beim Entladen.<\/p>\n<p>Dank der Lithium-Eisenphosphat-Technologie (LiFePO\u2084) ist dieser Akku besonders sicher, stabil und langlebig.<br \/>\nEs ist wartungsfrei, ben\u00f6tigt keine Bel\u00fcftung, erzeugt keine Abgase und beh\u00e4lt w\u00e4hrend seiner gesamten Lebensdauer eine konstante Leistung bei, was es zu einer modernen und effizienten Option f\u00fcr feste und mobile Installationen macht.<\/p>\n<p>Die Upower-Batterie verf\u00fcgt \u00fcber ein integriertes Batteriemanagementsystem (BMS), d. h. sie ist gegen Situationen wie \u00dcberladung, \u00dcberentladung, Stromspitzen, Kurzschl\u00fcsse oder extreme Temperaturen gesch\u00fctzt.<br \/>\nDas bedeutet, dass es sowohl auf seine eigene Gesundheit als auch auf die der angeschlossenen Ger\u00e4te achtet und selbst bei anspruchsvoller Nutzung einen stabilen und sicheren Betrieb gew\u00e4hrleistet.<\/p>\n<p>Es wird h\u00e4ufig in Solaranlagen, Wohnwagen, Wohnmobilen, Booten, Reisebussen, Stromversorgungssystemen, Elektrofahrzeugen, Telekommunikation und Anwendungen, bei denen die Stromversorgung nicht ausfallen darf, eingesetzt.<\/p>\n<h2>Upower 12,8V\/300Ah Batterie Eigenschaften<\/h2>\n<h3>Leistung<\/h3>\n<p>Die Upower-Batterie hat eine Kapazit\u00e4t von 300 Ah und eine Nennspannung von 12,8 V und liefert 3.840 Wh nutzbare Energie.<br \/>\nKurz gesagt: Die Energie bleibt l\u00e4nger erhalten und wird fast vollst\u00e4ndig genutzt, ohne dass man sie so oft aufladen muss und ohne sich Gedanken \u00fcber Spannungsabf\u00e4lle zu machen.<\/p>\n<p>Es kann hohe Str\u00f6me stabil liefern, auch wenn Sie stromhungrige Ger\u00e4te anschlie\u00dfen, ohne pl\u00f6tzliche Spannungseinbr\u00fcche.<br \/>\nIhre Zyklenlebensdauer betr\u00e4gt \u00fcber 2.500 Zyklen bei einer Entladetiefe von 100 % (DoD), was bedeutet, dass sie bis zu 10-mal l\u00e4nger h\u00e4lt als viele herk\u00f6mmliche Batterien, so dass sie eine sehr lange Lebensdauer ohne Leistungseinbu\u00dfen aufweist.<\/p>\n<p>Dank ihrer hohen Entladekapazit\u00e4t kann sie au\u00dferdem Verbrauchsspitzen beim gleichzeitigen Anschluss stromhungriger Ger\u00e4te verkraften, und die Batterie beh\u00e4lt beim Entladen eine sehr stabile Spannung bei, so dass die Ger\u00e4te ohne pl\u00f6tzlichen Spannungsabfall arbeiten.<br \/>\nSo funktionieren Ihre Ger\u00e4te genauso gut, sind gesch\u00fctzt und schalten sich nicht vorzeitig ab, auch wenn die Batterie schon ziemlich entladen ist.<br \/>\nDies ist besonders wertvoll in Systemen, in denen eine stabile 12-V-Quelle f\u00fcr Elektromotoren, Beleuchtung, Pumpen, Elektronik oder Solarwechselrichter ben\u00f6tigt wird.<\/p>\n<h3>Gestaltung<\/h3>\n<p>Der Upower 12,8V\/200Ah wird in einem robusten Monoblock-Format geliefert, d.h. alle Zellen sind in einer einzigen kompakten Einheit unter Verwendung von Lithium-Eisenphosphat-Zellen (LiFePO\u2084) integriert.<br \/>\nDiese Art von Lithium ist viel sicherer als andere Technologien, da sie sich nicht so leicht erhitzt und keine Risiken birgt (Feuer oder vorzeitiges Versagen) wie andere Batterietypen, was sie zu einer sehr sicheren Option macht.<\/p>\n<p>Obwohl sie eine hohe Kapazit\u00e4t hat, wiegt sie deutlich weniger als eine vergleichbare AGM- oder GEL-Batterie, wodurch sie sich leicht in Wohnwagen, Wohnmobilen oder Booten installieren l\u00e4sst.<\/p>\n<p>Dar\u00fcber hinaus besteht sein interner Aufbau aus 4 in Reihe und 4 parallel geschalteten Zellen, was eine ausgewogene Energieverteilung und einen zuverl\u00e4ssigen Betrieb \u00fcber Jahre hinweg gew\u00e4hrleistet.<br \/>\nDie Upower-Batterie kann in Parallelkonfigurationen (bis zu 4 Einheiten) betrieben werden, wodurch sowohl die Spannung als auch die Gesamtkapazit\u00e4t der Batteriebank je nach Bedarf des Systems erweitert werden kann.<\/p>\n<h3>Intelligentes Batterie-Management-System (BMS)<\/h3>\n<p>Die Upower-Batterie verf\u00fcgt \u00fcber ein internes intelligentes Batteriemanagementsystem (BMS), das als Schutzsystem jederzeit f\u00fcr die Batterie sorgt.<\/p>\n<p>Das BMS \u00fcberwacht st\u00e4ndig, wie jede einzelne Batteriezelle geladen und entladen wird, und verhindert Probleme wie \u00dcberladung, Tiefentladung, Kurzschl\u00fcsse oder extreme Temperaturen, so dass die Batterie stets innerhalb sicherer Parameter bleibt.<\/p>\n<p>Dank dieses Systems sch\u00fctzt sich die Batterie selbst, was die Lebensdauer der Batterie verl\u00e4ngert, Sch\u00e4den an der Batterie und den angeschlossenen Ger\u00e4ten verhindert und Sie beruhigt.<\/p>\n<h3>Temperatur<\/h3>\n<p>Die Upower 12,8V\/200Ah-Batterie kann ohne Probleme unter recht anspruchsvollen Temperaturbedingungen arbeiten, sowohl beim Laden als auch beim Entladen:<\/p>\n<ul>\n<li>Temperatur von <strong>Fracht<\/strong>zwischen 0\u00baC und 45\u00baC<\/li>\n<li>Temperatur von <strong>herunterladen<\/strong>: zwischen -20\u00baC und 60\u00baC<\/li>\n<\/ul>\n<p>Es kann daher sowohl im Innen- als auch im Au\u00dfenbereich verwendet werden.<br \/>\nWenn Sie es jedoch l\u00e4ngere Zeit nicht benutzen, wird empfohlen, es zwischen -10\u00baC und 35\u00baC zu lagern.<\/p>\n<h3>Schutzma\u00dfnahmen<\/h3>\n<p>Die Upower-Batterie verf\u00fcgt neben dem BMS \u00fcber zahlreiche Sicherheitsmerkmale, die ihre Zuverl\u00e4ssigkeit erh\u00f6hen, so dass sie sehr gut gesch\u00fctzt ist.<\/p>\n<p>Es verf\u00fcgt \u00fcber Systeme zum Schutz vor \u00dcberlastungen, Tiefentladungen, \u00dcberspannungen, Kurzschl\u00fcssen und extremen Temperaturen.<\/p>\n<p>Au\u00dferdem verf\u00fcgt es \u00fcber zus\u00e4tzliche Sicherheitskomponenten wie Hochtemperatur-Thermosicherungen, flammhemmende Zus\u00e4tze und \u00dcberdruckventile.<\/p>\n<p>Dar\u00fcber hinaus ist das Geh\u00e4use nach IP65 gesch\u00fctzt und somit staub- und spritzwassergesch\u00fctzt, was auf Booten, in Wohnmobilen oder bei Installationen im Freien sehr n\u00fctzlich ist.<\/p>\n<h3>Installation und Wartung<\/h3>\n<p>Dank ihres Einzelblockformats ist diese Batterie sehr einfach und schnell zu installieren. Es ist keine komplexe Konfiguration oder fortgeschrittenes technisches Wissen erforderlich.<\/p>\n<p>Sie l\u00e4sst sich leicht in 12-Volt-Systeme integrieren und erm\u00f6glicht auch Reihen- und Parallelschaltungen, um gr\u00f6\u00dfere Batterieb\u00e4nke zu schaffen, wenn mehr Spannung oder Kapazit\u00e4t ben\u00f6tigt wird.<\/p>\n<p>Es handelt sich au\u00dferdem um eine wartungsfreie Batterie, da sie keine Bel\u00fcftung ben\u00f6tigt, keine Gase erzeugt, nicht nachgef\u00fcllt und nicht regelm\u00e4\u00dfig \u00fcberpr\u00fcft werden muss, was sie langfristig zu einer sehr bequemen und sicheren Option macht, insbesondere in geschlossenen oder schlecht bel\u00fcfteten Umgebungen. Er ist installiert und funktioniert, so dass Sie ihn vergessen k\u00f6nnen.<\/p>\n<h2>Vorteile der Upower 12,8V\/300Ah Batterie<\/h2>\n<p>Die Vorteile dieser Batterie sind vielf\u00e4ltig, unter anderem:<\/p>\n<ul>\n<li><strong>Viel l\u00e4ngere Lebensdauer<\/strong> als eine herk\u00f6mmliche Batterie, hat sie eine lange Lebensdauer.<\/li>\n<li><strong>Tausende von Zyklen<\/strong> Be- und Entladen.<\/li>\n<li><strong>Sie verbrauchen fast 100 % an Energie<\/strong>, ohne sie zu verderben.<\/li>\n<li><strong>Stabile Spannung<\/strong>, ideal zum Schutz elektronischer Ger\u00e4te.<\/li>\n<li><strong>Viel leichter<\/strong> als eine vergleichbare AGM- oder GEL-Batterie.<\/li>\n<li><strong>Schnelleres und effizienteres Laden<\/strong>.<\/li>\n<li><strong>Modularer Aufbau<\/strong>.<\/li>\n<li><strong>Es entstehen keine Gase<\/strong> keine Ger\u00fcche.<\/li>\n<li><strong>Nein<\/strong> braucht <strong>Wartung<\/strong>.<\/li>\n<li><strong>Breiter W\u00e4rmebereich.<\/strong><\/li>\n<li><strong>Erh\u00f6hte Sicherheit<\/strong> dank seiner LiFePO\u2084-Chemie und dem integrierten BMS.<\/li>\n<\/ul>\n<h2>Typische Upower 12.8V\/300Ah Batterie verwendet<\/h2>\n<p>Diese Upower-Batterie ist ideal f\u00fcr eine Vielzahl von Anwendungen, darunter:<\/p>\n<ul>\n<li><strong>Solarsysteme f\u00fcr Privathaushalte und Unternehmen<\/strong>, um gro\u00dfe Mengen von Energie zu speichern, die von Sonnenkollektoren erzeugt wird.<\/li>\n<li>S<strong>Energiespeicher und Back-up-Systeme<\/strong>, Das neue Energiesparsystem sorgt daf\u00fcr, dass Sie auch bei l\u00e4ngeren Stromausf\u00e4llen nicht ohne Strom dastehen.<\/li>\n<li><strong>Wohnwagen, Wohnmobile und Reisemobile<\/strong>, die \u00fcber l\u00e4ngere Zeitr\u00e4ume ohne Netzanschluss betrieben werden und ohne Wartung autonom sein m\u00fcssen.<\/li>\n<li><strong>Boote, Yachten und Wohnmobile<\/strong>, Stromversorgung elektrischer und elektronischer Systeme, wie z. B. Beleuchtung und K\u00fchlschr\u00e4nke.<\/li>\n<li><strong>Leichte Elektromobilit\u00e4t<\/strong>, wie Elektroroller, Fahrr\u00e4der oder Leichtfahrzeuge f\u00fcr den pers\u00f6nlichen Gebrauch.<\/li>\n<li><span style=\"font-size: 16px;\"><strong>Telekommunikation, Netzwerke und kritische Ger\u00e4te<\/strong>, wo der Strom nicht ausfallen darf und konstant, stabil und zuverl\u00e4ssig sein muss.\u00a0<\/span><\/li>\n<li><strong>Tragbare Ger\u00e4te und leichte industrielle Anwendungen<\/strong>, die eine stabile, zuverl\u00e4ssige und lang anhaltende Energiequelle ben\u00f6tigen.<\/li>\n<\/ul>\n<h2>Technische Daten der Upower Lithium-Batterie 12.8V\/300Ah - UE-12LI300<\/h2>\n<table>\n<thead>\n<tr>\n<th><strong>Merkmal<\/strong><\/th>\n<th><strong>Wert<\/strong><\/th>\n<\/tr>\n<\/thead>\n<tbody>\n<tr>\n<td>Batterietechnik<\/td>\n<td>LiFePO\u2084 (Lithium-Ferrophosphat)<\/td>\n<\/tr>\n<tr>\n<td>Nennspannung<\/td>\n<td>12,8 V<\/td>\n<\/tr>\n<tr>\n<td>Nennkapazit\u00e4t<\/td>\n<td>300 Ah<\/td>\n<\/tr>\n<tr>\n<td>Energie insgesamt<\/td>\n<td>3840 Wh<\/td>\n<\/tr>\n<tr>\n<td>Standard-Ladestrom<\/td>\n<td>60 A<\/td>\n<\/tr>\n<tr>\n<td>Maximaler Laststrom<\/td>\n<td>100 A<\/td>\n<\/tr>\n<tr>\n<td>Standard-Entladestrom<\/td>\n<td>60 A<\/td>\n<\/tr>\n<tr>\n<td>Maximaler Dauerentladestrom<\/td>\n<td>200 A<\/td>\n<\/tr>\n<tr>\n<td>Ladespannung<\/td>\n<td>14,6 V<\/td>\n<\/tr>\n<tr>\n<td>Mindestkapazit\u00e4t<\/td>\n<td>285 Ah<\/td>\n<\/tr>\n<tr>\n<td>Entladeschlussspannung<\/td>\n<td>10 V<\/td>\n<\/tr>\n<tr>\n<td>Innerer Widerstand<\/td>\n<td>\u2264 10 m\u03a9<\/td>\n<\/tr>\n<tr>\n<td>Lebenszyklen<\/td>\n<td>Mehr als 2.500 Zyklen<\/td>\n<\/tr>\n<tr>\n<td>Abmessungen (L \u00d7 B \u00d7 H)<\/td>\n<td>521 x 238 x 220 mm<\/td>\n<\/tr>\n<tr>\n<td>Gewicht<\/td>\n<td>28 kg<\/td>\n<\/tr>\n<tr>\n<td>Ladetemperatur<\/td>\n<td>0 \u00b0C bis 45 \u00b0C<\/td>\n<\/tr>\n<tr>\n<td>Temperatur im Auslass<\/td>\n<td>-20 \u00b0C bis 60 \u00b0C<\/td>\n<\/tr>\n<tr>\n<td>Lagertemperatur<\/td>\n<td>-10 \u00b0C bis 35 \u00b0C<\/td>\n<\/tr>\n<tr>\n<td>Schutzma\u00dfnahmen (BMS)<\/td>\n<td>\u00dcberlast, \u00dcberentladung, \u00dcberstrom, Kurzschluss und Temperatur<\/td>\n<\/tr>\n<tr>\n<td>Zertifizierungen<\/td>\n<td>UN 38.8, MSDS, DG Zertifikat, EC<\/td>\n<\/tr>\n<\/tbody>\n<\/table>\n<h2>Upower Lithium-Batterie 12,8V\/300Ah - UE-12LI300 Technische Informationen<\/h2>\n<p><a href=\"https:\/\/fvcomponentes.com\/wp-content\/uploads\/2026\/01\/ue-12li300-ficha-tecnica-hdi-battery.pdf\" target=\"_blank\" rel=\"noopener\">Datenblatt der Upower 12,8V\/300Ah Batterie<\/a><\/p>\n<p><a href=\"https:\/\/fvcomponentes.com\/wp-content\/uploads\/2026\/01\/manual-uso-litio-master-1.pdf\" target=\"_blank\" rel=\"noopener\">Upower 12,8V\/300Ah Batterie Handbuch<\/a><\/p>\n<p><a href=\"https:\/\/fvcomponentes.com\/wp-content\/uploads\/2026\/01\/UE-12LI300.pdf.pdf\" target=\"_blank\" rel=\"noopener\">Technische Eigenschaften der Upower 12,8V\/300Ah Batterie<\/a><\/p>","protected":false},"excerpt":{"rendered":"<p>Nennspannung: 12,8 V<br \/>\nNennkapazit\u00e4t: 300 Ah<br \/>\nGesamtenergie: 3.840 Wh<br \/>\nAnzahl der Zyklen: 2500 Zyklen bei 100%<\/p>","protected":false},"featured_media":36028,"comment_status":"closed","ping_status":"closed","template":"","meta":{"site-sidebar-layout":"default","site-content-layout":"","ast-site-content-layout":"default","site-content-style":"default","site-sidebar-style":"default","ast-global-header-display":"","ast-banner-title-visibility":"","ast-main-header-display":"","ast-hfb-above-header-display":"","ast-hfb-below-header-display":"","ast-hfb-mobile-header-display":"","site-post-title":"","ast-breadcrumbs-content":"","ast-featured-img":"","footer-sml-layout":"","ast-disable-related-posts":"","theme-transparent-header-meta":"default","adv-header-id-meta":"","stick-header-meta":"","header-above-stick-meta":"","header-main-stick-meta":"","header-below-stick-meta":"","astra-migrate-meta-layouts":"set","ast-page-background-enabled":"default","ast-page-background-meta":{"desktop":{"background-color":"var(--ast-global-color-4)","background-image":"","background-repeat":"repeat","background-position":"center center","background-size":"auto","background-attachment":"scroll","background-type":"","background-media":"","overlay-type":"","overlay-color":"","overlay-opacity":"","overlay-gradient":""},"tablet":{"background-color":"","background-image":"","background-repeat":"repeat","background-position":"center center","background-size":"auto","background-attachment":"scroll","background-type":"","background-media":"","overlay-type":"","overlay-color":"","overlay-opacity":"","overlay-gradient":""},"mobile":{"background-color":"","background-image":"","background-repeat":"repeat","background-position":"center center","background-size":"auto","background-attachment":"scroll","background-type":"","background-media":"","overlay-type":"","overlay-color":"","overlay-opacity":"","overlay-gradient":""}},"ast-content-background-meta":{"desktop":{"background-color":"var(--ast-global-color-5)","background-image":"","background-repeat":"repeat","background-position":"center center","background-size":"auto","background-attachment":"scroll","background-type":"","background-media":"","overlay-type":"","overlay-color":"","overlay-opacity":"","overlay-gradient":""},"tablet":{"background-color":"var(--ast-global-color-5)","background-image":"","background-repeat":"repeat","background-position":"center center","background-size":"auto","background-attachment":"scroll","background-type":"","background-media":"","overlay-type":"","overlay-color":"","overlay-opacity":"","overlay-gradient":""},"mobile":{"background-color":"var(--ast-global-color-5)","background-image":"","background-repeat":"repeat","background-position":"center center","background-size":"auto","background-attachment":"scroll","background-type":"","background-media":"","overlay-type":"","overlay-color":"","overlay-opacity":"","overlay-gradient":""}}},"pwb-brand":[1020],"product_brand":[],"product_cat":[431,340],"product_tag":[],"class_list":{"0":"post-36023","1":"product","2":"type-product","3":"status-publish","4":"has-post-thumbnail","6":"pwb-brand-upower","7":"product_cat-baterias-litio-12v","8":"product_cat-baterias","9":"product_shipping_class-baterias","10":"desktop-align-left","11":"tablet-align-left","12":"mobile-align-left","13":"ast-product-gallery-layout-horizontal-slider","14":"ast-product-tabs-layout-horizontal","16":"first","17":"instock","18":"taxable","19":"shipping-taxable","20":"purchasable","21":"product-type-simple"},"wcpa_form_fields":null,"brands":[{"id":1020,"name":"Upower-Batterien","slug":"upower"}],"_links":{"self":[{"href":"https:\/\/fvcomponentes.com\/de\/wp-json\/wp\/v2\/product\/36023","targetHints":{"allow":["GET"]}}],"collection":[{"href":"https:\/\/fvcomponentes.com\/de\/wp-json\/wp\/v2\/product"}],"about":[{"href":"https:\/\/fvcomponentes.com\/de\/wp-json\/wp\/v2\/types\/product"}],"replies":[{"embeddable":true,"href":"https:\/\/fvcomponentes.com\/de\/wp-json\/wp\/v2\/comments?post=36023"}],"wp:featuredmedia":[{"embeddable":true,"href":"https:\/\/fvcomponentes.com\/de\/wp-json\/wp\/v2\/media\/36028"}],"wp:attachment":[{"href":"https:\/\/fvcomponentes.com\/de\/wp-json\/wp\/v2\/media?parent=36023"}],"wp:term":[{"taxonomy":"pwb-brand","embeddable":true,"href":"https:\/\/fvcomponentes.com\/de\/wp-json\/wp\/v2\/pwb-brand?post=36023"},{"taxonomy":"product_brand","embeddable":true,"href":"https:\/\/fvcomponentes.com\/de\/wp-json\/wp\/v2\/product_brand?post=36023"},{"taxonomy":"product_cat","embeddable":true,"href":"https:\/\/fvcomponentes.com\/de\/wp-json\/wp\/v2\/product_cat?post=36023"},{"taxonomy":"product_tag","embeddable":true,"href":"https:\/\/fvcomponentes.com\/de\/wp-json\/wp\/v2\/product_tag?post=36023"}],"curies":[{"name":"wp","href":"https:\/\/api.w.org\/{rel}","templated":true}]}}