{"id":35950,"date":"2026-01-22T15:16:11","date_gmt":"2026-01-22T14:16:11","guid":{"rendered":"https:\/\/fvcomponentes.com\/?post_type=product&#038;p=35950"},"modified":"2026-01-22T15:16:13","modified_gmt":"2026-01-22T14:16:13","slug":"upower-lithium-batterie-12v-150ah-ue-12li150","status":"publish","type":"product","link":"https:\/\/fvcomponentes.com\/de\/producto\/bateria-de-litio-upower-12v-150ah-ue-12li150\/","title":{"rendered":"Upower Lithium-Batterie 12,8V\/150Ah - UE-12LI150"},"content":{"rendered":"<h2>Upower Lithium-Batterie 12,8V\/150Ah - UE-12LI150<\/h2>\n<p>Die Upower 12,8V \/ 150Ah Lithium-Batterie ist eine leistungsstarke Monoblock-Batterie, die f\u00fcr diejenigen entwickelt wurde, die mehr Kapazit\u00e4t, lange Autonomie, eine zuverl\u00e4ssige Stromquelle f\u00fcr viele Jahre und keine Komplikationen ben\u00f6tigen.<br \/>\nEs handelt sich um eine moderne Batterie, die weniger Platz beansprucht und eine viel bessere Leistung als eine AGM- oder GEL-Batterie aufweist.<\/p>\n<p>Dank der LiFePO\u2084-Lithium-Technologie ist dieser Akku sicherer, langlebiger und viel effizienter.<br \/>\nSie installieren sie und vergessen Wartung, Instandhaltung und Probleme, die f\u00fcr herk\u00f6mmliche Batterien typisch sind.<\/p>\n<p>Es eignet sich sowohl f\u00fcr feste Installationen als auch f\u00fcr mobile Anwendungen und wird h\u00e4ufig in Solaranlagen, Wohnwagen, Wohnmobilen, Booten, Notstromsystemen, Telekommunikationsanlagen und Ger\u00e4ten eingesetzt, bei denen die Stromversorgung nicht ausfallen darf.<\/p>\n<h2>Merkmale der Upower 12.8V\/150Ah Batterie<\/h2>\n<h3>Leistung<\/h3>\n<p>Diese Batterie arbeitet mit 12,8 Volt und hat eine Kapazit\u00e4t von 150 Ampere, die 1.920 Wh an nutzbarer Energie liefert.<br \/>\nSo k\u00f6nnen Sie Ihre Ger\u00e4te l\u00e4nger mit Strom versorgen, ohne sie so oft aufladen zu m\u00fcssen und ohne sich Sorgen \u00fcber Spannungseinbr\u00fcche machen zu m\u00fcssen.<\/p>\n<p>Es liefert eine stabile Leistung, auch wenn Sie stromhungrige Ger\u00e4te anschlie\u00dfen. Au\u00dferdem h\u00e4lt es mehr als 2.500 vollst\u00e4ndige Lade- und Entladezyklen bei 100 % (DoD) aus, sodass es viele Jahre lang ohne Leistungseinbu\u00dfen arbeiten kann.<\/p>\n<p>Ein weiterer sehr wichtiger Punkt ist, dass die Spannung fast bis zum Ende der Entladung stabil bleibt, was bedeutet, dass Ihre Ger\u00e4te gut funktionieren, gesch\u00fctzt sind und sich nicht vorzeitig abschalten, selbst wenn die Batterie ganz entladen ist.<\/p>\n<h3>Gestaltung<\/h3>\n<p>Die Upower 12,8V\/150Ah-Batterie wird in einem robusten Monoblock-Format geliefert, was bedeutet, dass alle Zellen in eine einzige kompakte Einheit integriert sind.<\/p>\n<p>Es besteht aus LiFePO\u2084-Zellen, einem Lithiumtyp, der viel sicherer ist als andere Technologien und ein geringeres \u00dcberhitzungs- oder Ausfallrisiko aufweist.<\/p>\n<p>Obwohl sie eine hohe Kapazit\u00e4t hat, wiegt sie deutlich weniger als eine vergleichbare AGM- oder GEL-Batterie, wodurch sie sich leicht in Wohnwagen, Wohnmobilen oder Booten installieren l\u00e4sst.<\/p>\n<p>Dar\u00fcber hinaus besteht sein interner Aufbau aus 4 in Reihe und 4 parallel geschalteten Zellen, die eine ausgewogene Energieverteilung und einen zuverl\u00e4ssigen Betrieb \u00fcber Jahre hinweg gew\u00e4hrleisten.<\/p>\n<h3>Intelligentes Batterie-Management-System (BMS)<\/h3>\n<p>Die Upower-Batterie verf\u00fcgt \u00fcber ein internes intelligentes Batteriemanagementsystem (BMS), das als Schutzsystem jederzeit f\u00fcr die Batterie sorgt.<\/p>\n<p>Das BMS \u00fcberwacht kontinuierlich, wie die einzelnen Batteriezellen geladen und entladen werden, und verhindert Probleme wie \u00dcberladung, Tiefentladung, Kurzschl\u00fcsse oder extreme Temperaturen.<\/p>\n<p>Dank dieses Systems sch\u00fctzt sich die Batterie selbst und arbeitet immer innerhalb sicherer Werte, was ihre Lebensdauer verl\u00e4ngert und Sch\u00e4den sowohl an der Batterie als auch an den angeschlossenen Ger\u00e4ten verhindert und Ihnen Sicherheit gibt.<\/p>\n<h3>Temperatur<\/h3>\n<p>Der Upower-Akku mit 12,8 V\/150 Ah ist f\u00fcr den Einsatz unter sehr anspruchsvollen Temperaturbedingungen ausgelegt:<\/p>\n<ul>\n<li>Temperatur von <strong>Fracht<\/strong>zwischen 0\u00baC und 45\u00baC<\/li>\n<li>Temperatur von <strong>herunterladen<\/strong>: zwischen -20\u00baC und 60\u00baC<\/li>\n<\/ul>\n<p>Es kann daher sowohl im Innen- als auch im Au\u00dfenbereich verwendet werden.<br \/>\nWenn Sie es jedoch l\u00e4ngere Zeit nicht benutzen, wird empfohlen, es zwischen -10\u00baC und 35\u00baC zu lagern.<\/p>\n<h3>Schutzma\u00dfnahmen<\/h3>\n<p>Der Upower 12,8V\/150Ah verf\u00fcgt neben dem BMS \u00fcber zahlreiche Sicherheitsmerkmale, die seine Zuverl\u00e4ssigkeit erh\u00f6hen, und ist somit sehr gut gesch\u00fctzt.<\/p>\n<p>Es verf\u00fcgt \u00fcber Systeme zum Schutz vor \u00dcberlastungen, Tiefentladungen, \u00dcberspannungen, Kurzschl\u00fcssen und extremen Temperaturen.<\/p>\n<p>Au\u00dferdem verf\u00fcgt es \u00fcber zus\u00e4tzliche Sicherheitskomponenten wie Hochtemperatur-Thermosicherungen, flammhemmende Zus\u00e4tze und \u00dcberdruckventile.<\/p>\n<p>Dar\u00fcber hinaus ist das Geh\u00e4use nach IP65 gesch\u00fctzt und somit staub- und spritzwassergesch\u00fctzt, was auf Booten, in Wohnmobilen oder bei Installationen im Freien sehr n\u00fctzlich ist.<\/p>\n<h3>Installation und Wartung<\/h3>\n<p>Dank ihres Einzelblockformats ist diese Batterie sehr einfach und schnell zu installieren. Es ist keine komplexe Konfiguration oder fortgeschrittenes technisches Wissen erforderlich.<\/p>\n<p>Sie l\u00e4sst sich leicht in 12-Volt-Systeme integrieren und erm\u00f6glicht auch Reihen- und Parallelschaltungen, um gr\u00f6\u00dfere Batterieb\u00e4nke zu schaffen, wenn mehr Spannung oder Kapazit\u00e4t ben\u00f6tigt wird.<\/p>\n<p>Es handelt sich au\u00dferdem um eine wartungsfreie Batterie, da sie keine Bel\u00fcftung ben\u00f6tigt, keine Gase erzeugt, nicht nachgef\u00fcllt und nicht regelm\u00e4\u00dfig \u00fcberpr\u00fcft werden muss, was sie langfristig zu einer sehr bequemen und sicheren Option macht, insbesondere in geschlossenen oder schlecht bel\u00fcfteten Umgebungen. Einfach einstecken und vergessen.<\/p>\n<h2>Vorteile der Upower 12,8V\/150Ah Batterie<\/h2>\n<p>Die Vorteile dieser Batterie sind vielf\u00e4ltig, unter anderem:<\/p>\n<ul>\n<li>Viel l\u00e4ngere Lebensdauer als eine herk\u00f6mmliche Batterie.<\/li>\n<li>Sie k\u00f6nnen fast 100 % der Energie verwenden, ohne sie zu verderben.<\/li>\n<li>Stabile Spannung, ideal zum Schutz elektronischer Ger\u00e4te.<\/li>\n<li>Viel leichter als eine \u00e4hnliche AGM- oder GEL-Batterie.<\/li>\n<li>Schnelleres und effizienteres Laden.<\/li>\n<li>Es entstehen keine Gase oder Ger\u00fcche.<\/li>\n<li>Wartungsfrei.<\/li>\n<li>Erh\u00f6hte Sicherheit dank der LiFePO\u2084-Chemie und dem integrierten BMS.<\/li>\n<\/ul>\n<h2>Typische Upower 12.8V\/150Ah Batterie verwendet<\/h2>\n<p>Diese Batterie eignet sich perfekt f\u00fcr Systeme, die eine hohe Autonomie und Zuverl\u00e4ssigkeit erfordern, wie z. B:<\/p>\n<ul>\n<li><strong>Solarsysteme f\u00fcr Privathaushalte und Unternehmen<\/strong>, um gro\u00dfe Mengen an Energie zu speichern.<\/li>\n<li>S<strong>Energie-Backup-Systeme<\/strong>, Das neue Energiesparsystem sorgt daf\u00fcr, dass Sie auch bei l\u00e4ngeren Stromausf\u00e4llen nicht ohne Strom dastehen.<\/li>\n<li><strong>Wohnwagen, Wohnmobile und Reisemobile<\/strong>, \u00fcber l\u00e4ngere Zeitr\u00e4ume ohne Netzverbindung.<\/li>\n<li><strong>Boote, Yachten und Wohnmobile<\/strong>, Stromversorgung elektrischer und elektronischer Systeme, wie z. B. Beleuchtung und K\u00fchlschr\u00e4nke.<\/li>\n<li><strong>Leichte Elektromobilit\u00e4t<\/strong>, wie Elektroroller, Fahrr\u00e4der oder Leichtfahrzeuge f\u00fcr den pers\u00f6nlichen Gebrauch.<\/li>\n<li><span style=\"font-size: 16px;\"><strong>Telekommunikation und kritische Ger\u00e4te<\/strong>, wo die Energie konstant sein muss und nicht ausfallen darf.<\/span><\/li>\n<li><strong>Tragbare Ger\u00e4te und leichte industrielle Anwendungen<\/strong>, die eine stabile, zuverl\u00e4ssige und lang anhaltende Energiequelle ben\u00f6tigen.<\/li>\n<\/ul>\n<h2>Technische Daten der Upower Lithium-Batterie 12.8V\/150Ah - UE-12LI150<\/h2>\n<table>\n<thead>\n<tr>\n<th><strong>Merkmal<\/strong><\/th>\n<th><strong>Wert<\/strong><\/th>\n<\/tr>\n<\/thead>\n<tbody>\n<tr>\n<td>Batterietechnik<\/td>\n<td>LiFePO\u2084 (Lithium-Ferrophosphat)<\/td>\n<\/tr>\n<tr>\n<td>Nennspannung<\/td>\n<td>12,8 V<\/td>\n<\/tr>\n<tr>\n<td>Nennkapazit\u00e4t<\/td>\n<td>150 Ah<\/td>\n<\/tr>\n<tr>\n<td>Energie insgesamt<\/td>\n<td>1.920 Wh<\/td>\n<\/tr>\n<tr>\n<td>Standard-Ladestrom<\/td>\n<td>30 A<\/td>\n<\/tr>\n<tr>\n<td>Maximaler Laststrom<\/td>\n<td>150 A<\/td>\n<\/tr>\n<tr>\n<td>Standard-Entladestrom<\/td>\n<td>30 A<\/td>\n<\/tr>\n<tr>\n<td>Maximaler Entladestrom<\/td>\n<td>150 A<\/td>\n<\/tr>\n<tr>\n<td>Ladespannung<\/td>\n<td>14,6 V<\/td>\n<\/tr>\n<tr>\n<td>Mindestkapazit\u00e4t<\/td>\n<td>142 Ah<\/td>\n<\/tr>\n<tr>\n<td>Entladeschlussspannung<\/td>\n<td>10 V<\/td>\n<\/tr>\n<tr>\n<td>Innerer Widerstand<\/td>\n<td>\u2264 10 m\u03a9<\/td>\n<\/tr>\n<tr>\n<td>Lebenszyklen<\/td>\n<td>Mehr als 2.500 Zyklen<\/td>\n<\/tr>\n<tr>\n<td>Abmessungen (L \u00d7 B \u00d7 H)<\/td>\n<td>490 x 171 x 240 mm<\/td>\n<\/tr>\n<tr>\n<td>Gewicht<\/td>\n<td>14,5 kg<\/td>\n<\/tr>\n<tr>\n<td>Ladetemperatur<\/td>\n<td>0 \u00b0C bis 45 \u00b0C<\/td>\n<\/tr>\n<tr>\n<td>Temperatur im Auslass<\/td>\n<td>-20 \u00b0C bis 60 \u00b0C<\/td>\n<\/tr>\n<tr>\n<td>Lagertemperatur<\/td>\n<td>-10 \u00b0C bis 35 \u00b0C<\/td>\n<\/tr>\n<tr>\n<td>Schutzma\u00dfnahmen (BMS)<\/td>\n<td>\u00dcberlast, \u00dcberentladung, \u00dcberstrom, Kurzschluss und Temperatur<\/td>\n<\/tr>\n<tr>\n<td>Zertifizierungen<\/td>\n<td>UN 38.8, MSDS, DG Zertifikat, EC<\/td>\n<\/tr>\n<\/tbody>\n<\/table>\n<h2>Technische Daten f\u00fcr Upower Lithium Batterie 12,8V\/150Ah - UE-12LI150<\/h2>\n<p><a href=\"https:\/\/fvcomponentes.com\/wp-content\/uploads\/2026\/01\/ficha-tecnica-UE-12LI150.pdf\" target=\"_blank\" rel=\"noopener\">Datenblatt der Upower 12.8V\/150Ah Batterie<\/a><\/p>\n<p><a href=\"https:\/\/fvcomponentes.com\/wp-content\/uploads\/2026\/01\/Manual-UE-12LI150.pdf\" target=\"_blank\" rel=\"noopener\">Upower 12,8V\/150Ah Batterie Handbuch<\/a><\/p>\n<p><a href=\"https:\/\/fvcomponentes.com\/wp-content\/uploads\/2026\/01\/caracteristicas-tecnicas-UE-12Li150.pdf\" target=\"_blank\" rel=\"noopener\">Technische Eigenschaften der Upower 12,8V\/150Ah Batterie<\/a><\/p>","protected":false},"excerpt":{"rendered":"<p>Nennspannung: 12,8 V<br \/>\nNennkapazit\u00e4t: 150 Ah<br \/>\nGesamtenergie: 1.920 Wh<br \/>\nWirkungsgrad: 92%<br \/>\nAnzahl der Zyklen: 2500 Zyklen bei 100%<\/p>","protected":false},"featured_media":35952,"comment_status":"closed","ping_status":"closed","template":"","meta":{"site-sidebar-layout":"default","site-content-layout":"","ast-site-content-layout":"default","site-content-style":"default","site-sidebar-style":"default","ast-global-header-display":"","ast-banner-title-visibility":"","ast-main-header-display":"","ast-hfb-above-header-display":"","ast-hfb-below-header-display":"","ast-hfb-mobile-header-display":"","site-post-title":"","ast-breadcrumbs-content":"","ast-featured-img":"","footer-sml-layout":"","ast-disable-related-posts":"","theme-transparent-header-meta":"default","adv-header-id-meta":"","stick-header-meta":"","header-above-stick-meta":"","header-main-stick-meta":"","header-below-stick-meta":"","astra-migrate-meta-layouts":"set","ast-page-background-enabled":"default","ast-page-background-meta":{"desktop":{"background-color":"var(--ast-global-color-4)","background-image":"","background-repeat":"repeat","background-position":"center center","background-size":"auto","background-attachment":"scroll","background-type":"","background-media":"","overlay-type":"","overlay-color":"","overlay-opacity":"","overlay-gradient":""},"tablet":{"background-color":"","background-image":"","background-repeat":"repeat","background-position":"center center","background-size":"auto","background-attachment":"scroll","background-type":"","background-media":"","overlay-type":"","overlay-color":"","overlay-opacity":"","overlay-gradient":""},"mobile":{"background-color":"","background-image":"","background-repeat":"repeat","background-position":"center center","background-size":"auto","background-attachment":"scroll","background-type":"","background-media":"","overlay-type":"","overlay-color":"","overlay-opacity":"","overlay-gradient":""}},"ast-content-background-meta":{"desktop":{"background-color":"var(--ast-global-color-5)","background-image":"","background-repeat":"repeat","background-position":"center center","background-size":"auto","background-attachment":"scroll","background-type":"","background-media":"","overlay-type":"","overlay-color":"","overlay-opacity":"","overlay-gradient":""},"tablet":{"background-color":"var(--ast-global-color-5)","background-image":"","background-repeat":"repeat","background-position":"center center","background-size":"auto","background-attachment":"scroll","background-type":"","background-media":"","overlay-type":"","overlay-color":"","overlay-opacity":"","overlay-gradient":""},"mobile":{"background-color":"var(--ast-global-color-5)","background-image":"","background-repeat":"repeat","background-position":"center center","background-size":"auto","background-attachment":"scroll","background-type":"","background-media":"","overlay-type":"","overlay-color":"","overlay-opacity":"","overlay-gradient":""}}},"pwb-brand":[1020],"product_brand":[],"product_cat":[431,340],"product_tag":[],"class_list":{"0":"post-35950","1":"product","2":"type-product","3":"status-publish","4":"has-post-thumbnail","6":"pwb-brand-upower","7":"product_cat-baterias-litio-12v","8":"product_cat-baterias","9":"product_shipping_class-baterias","10":"desktop-align-left","11":"tablet-align-left","12":"mobile-align-left","13":"ast-product-gallery-layout-horizontal-slider","14":"ast-product-tabs-layout-horizontal","16":"first","17":"instock","18":"taxable","19":"shipping-taxable","20":"purchasable","21":"product-type-simple"},"wcpa_form_fields":null,"brands":[{"id":1020,"name":"Upower-Batterien","slug":"upower"}],"_links":{"self":[{"href":"https:\/\/fvcomponentes.com\/de\/wp-json\/wp\/v2\/product\/35950","targetHints":{"allow":["GET"]}}],"collection":[{"href":"https:\/\/fvcomponentes.com\/de\/wp-json\/wp\/v2\/product"}],"about":[{"href":"https:\/\/fvcomponentes.com\/de\/wp-json\/wp\/v2\/types\/product"}],"replies":[{"embeddable":true,"href":"https:\/\/fvcomponentes.com\/de\/wp-json\/wp\/v2\/comments?post=35950"}],"wp:featuredmedia":[{"embeddable":true,"href":"https:\/\/fvcomponentes.com\/de\/wp-json\/wp\/v2\/media\/35952"}],"wp:attachment":[{"href":"https:\/\/fvcomponentes.com\/de\/wp-json\/wp\/v2\/media?parent=35950"}],"wp:term":[{"taxonomy":"pwb-brand","embeddable":true,"href":"https:\/\/fvcomponentes.com\/de\/wp-json\/wp\/v2\/pwb-brand?post=35950"},{"taxonomy":"product_brand","embeddable":true,"href":"https:\/\/fvcomponentes.com\/de\/wp-json\/wp\/v2\/product_brand?post=35950"},{"taxonomy":"product_cat","embeddable":true,"href":"https:\/\/fvcomponentes.com\/de\/wp-json\/wp\/v2\/product_cat?post=35950"},{"taxonomy":"product_tag","embeddable":true,"href":"https:\/\/fvcomponentes.com\/de\/wp-json\/wp\/v2\/product_tag?post=35950"}],"curies":[{"name":"wp","href":"https:\/\/api.w.org\/{rel}","templated":true}]}}