{"id":35889,"date":"2026-01-22T15:16:35","date_gmt":"2026-01-22T14:16:35","guid":{"rendered":"https:\/\/fvcomponentes.com\/?post_type=product&#038;p=35889"},"modified":"2026-01-22T15:16:37","modified_gmt":"2026-01-22T14:16:37","slug":"upower-lithium-batterie-12v-100ah-ue-12li100","status":"publish","type":"product","link":"https:\/\/fvcomponentes.com\/de\/producto\/bateria-de-litio-upower-12v-100ah-ue-12li100\/","title":{"rendered":"Upower Lithium-Batterie 12,8V\/100Ah - UE-12Li100"},"content":{"rendered":"<h2>Upower Lithium-Batterie 12,8V\/100Ah - UE-12Li100<\/h2>\n<p>Der Upower 12.8V\/100Ah ist ein Lithium-Ionen-Akku (LiFePO\u2084) f\u00fcr alle, die eine zuverl\u00e4ssige, langlebige und unkomplizierte M\u00f6glichkeit zur Energiespeicherung suchen.<br \/>\nEs handelt sich um eine sehr effiziente Batterie, die viel moderner ist als herk\u00f6mmliche Blei-S\u00e4ure-Batterien.<\/p>\n<p>Dank der LiFePO\u2084-Lithium-Technologie h\u00e4lt diese Batterie viel l\u00e4nger, ist viel sicherer und praktisch wartungsfrei.<br \/>\nEs ist ideal, wenn Sie eine stabile Energieversorgung w\u00fcnschen und st\u00e4ndige \u00dcberarbeitungen vergessen wollen.<\/p>\n<p>In der Praxis liefert diese Batterie 12 Volt und eine reale Kapazit\u00e4t von 100 Ampere, was bedeutet, dass Sie fast die gesamte Leistung nutzen k\u00f6nnen, ohne Angst zu haben, sie zu zerst\u00f6ren.<br \/>\nIm Gegensatz zu AGM- oder Gel-Batterien gibt es bei dieser Batterie keine pl\u00f6tzlichen Spannungseinbr\u00fcche oder Leistungsverluste, wenn die Batterie entladen wird.<\/p>\n<p>Dar\u00fcber hinaus verf\u00fcgt er \u00fcber ein internes Schutzsystem (BMS), das sich um das Innenleben k\u00fcmmert: Es verhindert \u00dcberlastungen, \u00fcberm\u00e4\u00dfige Entladungen, Kurzschl\u00fcsse oder Temperaturprobleme.<br \/>\nMan benutzt sie und sie sch\u00fctzt sich selbst.<\/p>\n<p>Sie wird h\u00e4ufig in Wohnwagen, Wohnmobilen, Booten, Reisebussen, Solarsystemen, Elektrofahrzeugen, Notbeleuchtungen, Sicherheitssystemen, Ger\u00e4ten, die eine zuverl\u00e4ssige und konstante Stromquelle ben\u00f6tigen, und generell \u00fcberall dort eingesetzt, wo eine zuverl\u00e4ssige, ausfallsichere Batterie ben\u00f6tigt wird.<\/p>\n<h2>Upower 12.8V\/100Ah Batterie Hauptmerkmale<\/h2>\n<h3>Technologie und Leistung<\/h3>\n<p>Die Upower-Batterie arbeitet mit einer Nennspannung von 12,8 Volt, einer Nutzkapazit\u00e4t von 100 Amperestunden, einer maximalen Lade- und Entladekapazit\u00e4t von bis zu 100 A und einer Nutzenergie von 1.280 Wh. Kurz gesagt: Er gibt Ihnen l\u00e4nger Strom und Sie verbrauchen ihn fast vollst\u00e4ndig.<br \/>\nSeine Ladespannungen sind an das LiFePO\u2084-Profil angepasst, mit 14,6 V in der Anfangsladephase (Absorption\/Bulk) und 13,8 V in der Erhaltungsladephase (Float), w\u00e4hrend die Entladeschlussspannung zum Schutz der Zellen 10 V betr\u00e4gt.<\/p>\n<p>Ihre Zyklenlebensdauer betr\u00e4gt mehr als 2.500 Zyklen bei einer Entladetiefe von 100 % (DoD), was bedeutet, dass sie bis zu 10-mal l\u00e4nger h\u00e4lt als viele herk\u00f6mmliche Blei-S\u00e4ure-Batterien, so dass sie eine sehr lange Lebensdauer ohne Leistungsverlust hat.<\/p>\n<p>Au\u00dferdem ist die Entladungskurve nahezu flach, so dass die Spannung fast bis zum Ende der Entladung sehr stabil bleibt, so dass Ihre Ger\u00e4te auch dann noch funktionieren, wenn die Batterie bereits ziemlich entladen ist.<br \/>\nDies ist besonders wertvoll in Systemen, in denen eine stabile 12-V-Quelle f\u00fcr Elektromotoren, Beleuchtung, Pumpen, Elektronik oder Solarwechselrichter ben\u00f6tigt wird.<\/p>\n<h3>Gestaltung<\/h3>\n<p>Die Upower-Batterie ist im Monoblock-Format konzipiert und verwendet Lithium-Eisenphosphat-Zellen (LiFePO\u2084). Diese Art von Lithium erhitzt sich nicht so leicht und birgt keine Risiken (Feuer oder vorzeitiges Versagen) wie andere Batterietypen, was sie zu einer sehr sicheren Wahl macht.<\/p>\n<p>Er ist intern mit seriellen und parallelen Zellen konfiguriert, was eine ausgewogene und gleichm\u00e4\u00dfige Lastverteilung sowie einen sicheren und stabilen Betrieb auch bei starker Beanspruchung erm\u00f6glicht.<\/p>\n<p>Dank ihrer kompakten und robusten Bauweise l\u00e4sst sie sich auch bei beengten Platzverh\u00e4ltnissen leicht installieren und ben\u00f6tigt viel weniger Platz als eine vergleichbare AGM- oder GEL-Batterie, was in Wohnwagen, Booten oder mobilen Anlagen sehr gesch\u00e4tzt wird.<\/p>\n<p>Dar\u00fcber hinaus kann diese Batterie in Parallelkonfigurationen (bis zu 4 Einheiten) betrieben werden, wodurch sowohl die Spannung als auch die Gesamtkapazit\u00e4t der Batteriebank je nach Bedarf des Systems erweitert werden kann.<\/p>\n<h3>Intelligentes Verwaltungssystem (BMS)<\/h3>\n<p>Der Upower 12,8V\/100Ah verf\u00fcgt \u00fcber ein eingebautes intelligentes Batteriemanagementsystem (BMS), das sich jederzeit um die Batterie k\u00fcmmert. Es steuert, wie die internen Zellen geladen und entladen werden.<\/p>\n<p>Dank dieses Systems sch\u00fctzt sich die Batterie selbst und arbeitet immer innerhalb sicherer Parameter, was ihre Lebensdauer verl\u00e4ngert, Ihnen Sicherheit gibt und konstante Lade- und Entladezyklen gew\u00e4hrleistet.<\/p>\n<p>Dar\u00fcber hinaus sch\u00fctzt das BMS die Batterie vor \u00dcberladung, \u00dcberentladung, Kurzschluss, \u00dcbertemperatur und sogar vor extremen Umweltbedingungen und gew\u00e4hrleistet so einen sicheren und zuverl\u00e4ssigen Betrieb \u00fcber Jahre hinweg.<\/p>\n<h3>Einsatzbereich<\/h3>\n<p>Die Upower-Batterie kann \u00fcber einen weiten Temperaturbereich hinweg reibungslos arbeiten, sowohl beim Laden als auch beim Entladen.<\/p>\n<ul>\n<li>Temperatur von <strong>Geb\u00fchr:<\/strong> 0 \u00b0C bis 45 \u00b0C<\/li>\n<li>Temperatur von <strong>Entladen:<\/strong> von -20 \u00b0C bis 60 \u00b0C<\/li>\n<\/ul>\n<p>Damit ist es sowohl f\u00fcr den Innen- als auch f\u00fcr den Au\u00dfenbereich geeignet. Wenn Sie es eine Zeit lang nicht benutzen, sollte es idealerweise zwischen -10\u00b0C und 35\u00b0C gelagert werden.<\/p>\n<h3>Installation und Wartung<\/h3>\n<p>Dank ihres Einzelblockformats ist diese Batterie sehr einfach und schnell zu installieren. Es ist keine komplexe Konfiguration oder fortgeschrittenes technisches Wissen erforderlich.<\/p>\n<p>Au\u00dferdem ist sie wartungsfrei, da sie nicht bel\u00fcftet werden muss, keine Gase erzeugt, nicht mit Fl\u00fcssigkeit aufgeladen werden muss und nicht regelm\u00e4\u00dfig \u00fcberpr\u00fcft werden muss, was sie langfristig zu einer sehr bequemen und sicheren Option macht, insbesondere in geschlossenen oder schlecht bel\u00fcfteten Umgebungen. Man installiert ihn und vergisst ihn.<\/p>\n<h3>Schutzma\u00dfnahmen<\/h3>\n<p>Die Upower-Batterie 12,8V\/100Ah ist sehr gut gesch\u00fctzt, da sie \u00fcber mehrere eingebaute Schutzvorrichtungen verf\u00fcgt, die ihre Lebensdauer verl\u00e4ngern und die Sicherheit des Systems erh\u00f6hen.<\/p>\n<p>Es umfasst \u00dcberlast-, \u00dcberentladungs-, \u00dcberstrom-, Kurzschluss- und Extremtemperaturschutz sowie zus\u00e4tzliche Sicherheitskomponenten wie Hochtemperatur-Thermosicherungen, flammhemmende Zus\u00e4tze und \u00dcberdruckventile.<\/p>\n<p>Dar\u00fcber hinaus ist das Geh\u00e4use nach IP65 gesch\u00fctzt, d. h. es ist staub- und spritzwassergesch\u00fctzt, was f\u00fcr mobile oder Au\u00dfeninstallationen sehr n\u00fctzlich ist.<\/p>\n<h2>Vorteile der Upower 12,8V\/100Ah Batterie<\/h2>\n<p>Die Vorteile dieser Batterie sind vielf\u00e4ltig, unter anderem:<\/p>\n<ul>\n<li>Lange Nutzungsdauer.<\/li>\n<li>H\u00f6chste Sicherheit.<\/li>\n<li>Tausende von Lade- und Entladezyklen.<\/li>\n<li>Sie verbrauchen fast 100 % der Energie.<\/li>\n<li>Integriertes BMS.<\/li>\n<li>Modularer Aufbau.<\/li>\n<li>Wartungsfrei.<\/li>\n<li>Breiter W\u00e4rmebereich.<\/li>\n<\/ul>\n<h2>Typische Upower 12.8V\/100Ah Batterieanwendungen<\/h2>\n<p>Diese Upower-Batterie ist ideal f\u00fcr eine Vielzahl von Anwendungen, darunter:<\/p>\n<ul>\n<li><strong>Energiespeicher und Back-up-Systeme<\/strong>, um die Stromversorgung bei Stromausf\u00e4llen sicherzustellen.<\/li>\n<li><strong>Solarsysteme f\u00fcr Privathaushalte und Unternehmen<\/strong>, Die von Sonnenkollektoren erzeugte Energie wird gespeichert.<\/li>\n<li><strong>Telekommunikations- und Netzwerkausr\u00fcstung<\/strong>, die eine stabile und zuverl\u00e4ssige Energieversorgung erfordern.<\/li>\n<li><strong>Tragbare oder Notfallausr\u00fcstung<\/strong>, wie Beleuchtungssysteme, Ladestationen oder tragbare Generatoren.<\/li>\n<li><strong>Elektrofahrzeuge, Wohnwagen und Wohnmobile<\/strong>, wo wartungsfreie Autonomie erforderlich ist.<\/li>\n<li><strong>Boote und Wohnmobile<\/strong>, zur Versorgung der elektrischen und elektronischen Systeme an Bord.<\/li>\n<\/ul>\n<h2>Upower Lithium-Batterie 12,8V\/100Ah - UE-12Li100 Technische Daten<\/h2>\n<table>\n<thead>\n<tr>\n<th><strong>Merkmal<\/strong><\/th>\n<th><strong>Wert<\/strong><\/th>\n<\/tr>\n<\/thead>\n<tbody>\n<tr>\n<td>Batterietechnik<\/td>\n<td>LiFePO\u2084 (Lithium-Ferrophosphat)<\/td>\n<\/tr>\n<tr>\n<td>Nennspannung<\/td>\n<td>12,8 V<\/td>\n<\/tr>\n<tr>\n<td>Nennkapazit\u00e4t<\/td>\n<td>100 Ah<\/td>\n<\/tr>\n<tr>\n<td>Energie insgesamt<\/td>\n<td>1.280 Wh<\/td>\n<\/tr>\n<tr>\n<td>Standard-Ladestrom<\/td>\n<td>20 A<\/td>\n<\/tr>\n<tr>\n<td>Maximaler Laststrom<\/td>\n<td>100 A<\/td>\n<\/tr>\n<tr>\n<td>Standard-Entladestrom<\/td>\n<td>20 A<\/td>\n<\/tr>\n<tr>\n<td>Maximaler Entladestrom<\/td>\n<td>100 A<\/td>\n<\/tr>\n<tr>\n<td>Ladespannung<\/td>\n<td>14,6 V<\/td>\n<\/tr>\n<tr>\n<td>Mindestkapazit\u00e4t<\/td>\n<td>95 Ah<\/td>\n<\/tr>\n<tr>\n<td>Entladeschlussspannung<\/td>\n<td>10 V<\/td>\n<\/tr>\n<tr>\n<td>Innerer Widerstand<\/td>\n<td>\u2264 10 m\u03a9<\/td>\n<\/tr>\n<tr>\n<td>Lebenszyklen<\/td>\n<td>Mehr als 2.500 Zyklen<\/td>\n<\/tr>\n<tr>\n<td>Abmessungen (L \u00d7 B \u00d7 H)<\/td>\n<td>330 \u00d7 172 \u00d7 220 mm<\/td>\n<\/tr>\n<tr>\n<td>Gewicht<\/td>\n<td>10 kg<\/td>\n<\/tr>\n<tr>\n<td>Ladetemperatur<\/td>\n<td>0 \u00b0C bis 45 \u00b0C<\/td>\n<\/tr>\n<tr>\n<td>Temperatur im Auslass<\/td>\n<td>-20 \u00b0C bis 60 \u00b0C<\/td>\n<\/tr>\n<tr>\n<td>Lagertemperatur<\/td>\n<td>-10 \u00b0C bis 35 \u00b0C<\/td>\n<\/tr>\n<tr>\n<td>Schutzma\u00dfnahmen (BMS)<\/td>\n<td>\u00dcberlast, \u00dcberentladung, \u00dcberstrom, Kurzschluss und Temperatur<\/td>\n<\/tr>\n<tr>\n<td>Zertifizierungen<\/td>\n<td>UN 38.8, MSDS, DG Zertifikat, EC<\/td>\n<\/tr>\n<\/tbody>\n<\/table>\n<h2>Upower Lithium Batterie 12,8V\/100Ah - UE-12Li100 Technische Informationen<\/h2>\n<p><a href=\"https:\/\/fvcomponentes.com\/wp-content\/uploads\/2026\/01\/ue-12li100-ficha-tecnica-hdibattery.pdf\" target=\"_blank\" rel=\"noopener\">Datenblatt der Upower 12.8V\/100Ah Batterie<\/a><\/p>\n<p><a href=\"https:\/\/fvcomponentes.com\/wp-content\/uploads\/2026\/01\/manual-usuario-ecoline.pdf\" target=\"_blank\" rel=\"noopener\">Upower 12,8V\/100Ah Batterie Handbuch<\/a><\/p>\n<p><a href=\"https:\/\/fvcomponentes.com\/wp-content\/uploads\/2026\/01\/Ficha-tecnica-Bateria-U-Power-UE-12Li100-3.pdf\" target=\"_blank\" rel=\"noopener\">Technische Eigenschaften der Upower 12,8V\/100Ah Batterie<\/a><\/p>","protected":false},"excerpt":{"rendered":"<p>Nennspannung: 12,8 V<br \/>\nNennkapazit\u00e4t: 100 Ah<br \/>\nGesamtenergie: 1280 Wh<br \/>\nAnzahl der Zyklen: 2500 Zyklen bei 100%<\/p>","protected":false},"featured_media":35892,"comment_status":"closed","ping_status":"closed","template":"","meta":{"site-sidebar-layout":"default","site-content-layout":"","ast-site-content-layout":"default","site-content-style":"default","site-sidebar-style":"default","ast-global-header-display":"","ast-banner-title-visibility":"","ast-main-header-display":"","ast-hfb-above-header-display":"","ast-hfb-below-header-display":"","ast-hfb-mobile-header-display":"","site-post-title":"","ast-breadcrumbs-content":"","ast-featured-img":"","footer-sml-layout":"","ast-disable-related-posts":"","theme-transparent-header-meta":"default","adv-header-id-meta":"","stick-header-meta":"","header-above-stick-meta":"","header-main-stick-meta":"","header-below-stick-meta":"","astra-migrate-meta-layouts":"set","ast-page-background-enabled":"default","ast-page-background-meta":{"desktop":{"background-color":"var(--ast-global-color-4)","background-image":"","background-repeat":"repeat","background-position":"center center","background-size":"auto","background-attachment":"scroll","background-type":"","background-media":"","overlay-type":"","overlay-color":"","overlay-opacity":"","overlay-gradient":""},"tablet":{"background-color":"","background-image":"","background-repeat":"repeat","background-position":"center center","background-size":"auto","background-attachment":"scroll","background-type":"","background-media":"","overlay-type":"","overlay-color":"","overlay-opacity":"","overlay-gradient":""},"mobile":{"background-color":"","background-image":"","background-repeat":"repeat","background-position":"center center","background-size":"auto","background-attachment":"scroll","background-type":"","background-media":"","overlay-type":"","overlay-color":"","overlay-opacity":"","overlay-gradient":""}},"ast-content-background-meta":{"desktop":{"background-color":"var(--ast-global-color-5)","background-image":"","background-repeat":"repeat","background-position":"center center","background-size":"auto","background-attachment":"scroll","background-type":"","background-media":"","overlay-type":"","overlay-color":"","overlay-opacity":"","overlay-gradient":""},"tablet":{"background-color":"var(--ast-global-color-5)","background-image":"","background-repeat":"repeat","background-position":"center center","background-size":"auto","background-attachment":"scroll","background-type":"","background-media":"","overlay-type":"","overlay-color":"","overlay-opacity":"","overlay-gradient":""},"mobile":{"background-color":"var(--ast-global-color-5)","background-image":"","background-repeat":"repeat","background-position":"center center","background-size":"auto","background-attachment":"scroll","background-type":"","background-media":"","overlay-type":"","overlay-color":"","overlay-opacity":"","overlay-gradient":""}}},"pwb-brand":[1020],"product_brand":[],"product_cat":[431,340],"product_tag":[],"class_list":{"0":"post-35889","1":"product","2":"type-product","3":"status-publish","4":"has-post-thumbnail","6":"pwb-brand-upower","7":"product_cat-baterias-litio-12v","8":"product_cat-baterias","9":"product_shipping_class-baterias","10":"desktop-align-left","11":"tablet-align-left","12":"mobile-align-left","13":"ast-product-gallery-layout-horizontal-slider","14":"ast-product-tabs-layout-horizontal","16":"first","17":"instock","18":"taxable","19":"shipping-taxable","20":"purchasable","21":"product-type-simple"},"wcpa_form_fields":null,"brands":[{"id":1020,"name":"Upower-Batterien","slug":"upower"}],"_links":{"self":[{"href":"https:\/\/fvcomponentes.com\/de\/wp-json\/wp\/v2\/product\/35889","targetHints":{"allow":["GET"]}}],"collection":[{"href":"https:\/\/fvcomponentes.com\/de\/wp-json\/wp\/v2\/product"}],"about":[{"href":"https:\/\/fvcomponentes.com\/de\/wp-json\/wp\/v2\/types\/product"}],"replies":[{"embeddable":true,"href":"https:\/\/fvcomponentes.com\/de\/wp-json\/wp\/v2\/comments?post=35889"}],"wp:featuredmedia":[{"embeddable":true,"href":"https:\/\/fvcomponentes.com\/de\/wp-json\/wp\/v2\/media\/35892"}],"wp:attachment":[{"href":"https:\/\/fvcomponentes.com\/de\/wp-json\/wp\/v2\/media?parent=35889"}],"wp:term":[{"taxonomy":"pwb-brand","embeddable":true,"href":"https:\/\/fvcomponentes.com\/de\/wp-json\/wp\/v2\/pwb-brand?post=35889"},{"taxonomy":"product_brand","embeddable":true,"href":"https:\/\/fvcomponentes.com\/de\/wp-json\/wp\/v2\/product_brand?post=35889"},{"taxonomy":"product_cat","embeddable":true,"href":"https:\/\/fvcomponentes.com\/de\/wp-json\/wp\/v2\/product_cat?post=35889"},{"taxonomy":"product_tag","embeddable":true,"href":"https:\/\/fvcomponentes.com\/de\/wp-json\/wp\/v2\/product_tag?post=35889"}],"curies":[{"name":"wp","href":"https:\/\/api.w.org\/{rel}","templated":true}]}}