{"id":35877,"date":"2026-01-22T15:18:09","date_gmt":"2026-01-22T14:18:09","guid":{"rendered":"https:\/\/fvcomponentes.com\/?post_type=product&#038;p=35877"},"modified":"2026-01-22T15:18:10","modified_gmt":"2026-01-22T14:18:10","slug":"upower-lithium-batterie-12v-50ah-ue-12li50","status":"publish","type":"product","link":"https:\/\/fvcomponentes.com\/de\/producto\/bateria-de-litio-upower-12v-50ah-ue-12li50\/","title":{"rendered":"Upower Lithium-Batterie 12,8V\/50Ah - UE-12Li50"},"content":{"rendered":"<h2>Upower Lithium-Batterie 12,8V\/50Ah - UE-12Li50<\/h2>\n<p>Die Upower 12,8 V \/ 50 Ah-Batterie ist ein Hochleistungs-Monoblock, der eine effiziente, langlebige und sichere Energiespeicherl\u00f6sung bietet.<\/p>\n<p>Dank der Lithium-Eisenphosphat-Technologie (LiFePO\u2084) hat dieser Akku eine lange Lebensdauer und ist praktisch wartungsfrei.<\/p>\n<p>Es wird h\u00e4ufig in Wohnwagen, Reisebussen, Elektrofahrzeugen wie Motorr\u00e4dern und Fahrr\u00e4dern, Notbeleuchtungen, Sicherheitssystemen und anderen Ger\u00e4ten, die eine zuverl\u00e4ssige Stromversorgung ben\u00f6tigen, eingesetzt.<\/p>\n<h2>Merkmale der Upower 12.8V\/50Ah Batterie<\/h2>\n<h3>Technologie und Leistung<\/h3>\n<p>Die Upower-Batterie hat eine Nennspannung von 12,8 Volt, eine nutzbare Kapazit\u00e4t von 50 Ampere, eine Entladekapazit\u00e4t von 100A und 640Wh nutzbare gespeicherte Energie.<\/p>\n<p>Ihre Zyklenlebensdauer betr\u00e4gt mehr als 2.500 Zyklen bei 100 % Entladung (DoD), was bedeutet, dass sie bis zu 10 Mal l\u00e4nger h\u00e4lt als viele Blei-S\u00e4ure-Batterien.<\/p>\n<p>Dar\u00fcber hinaus ist die Entladekurve nahezu flach, so dass die Spannung fast \u00fcber den gesamten Zyklus stabil bleibt und auch bei anspruchsvollen Lasten eine konstante Leistung gew\u00e4hrleistet ist.<\/p>\n<h3>Gestaltung<\/h3>\n<p>Die Upower-Batterie besteht aus einem einzigen Block mit Lithium-Eisen-Phosphat-Zellen (LiFePO\u2084), die ihr eine hohe thermische und chemische Stabilit\u00e4t verleihen und das Risiko einer \u00dcberhitzung oder eines vorzeitigen Ausfalls erheblich verringern.<\/p>\n<p>Dar\u00fcber hinaus ist er mit vier Zellen in Reihe (4S) und vier parallel (4P) konfiguriert und bietet so eine ausgewogene und sichere Leistung.<\/p>\n<h3>Intelligentes Verwaltungssystem (BMS)<\/h3>\n<p>Der Upower 12,8V\/50Ah verf\u00fcgt \u00fcber ein integriertes Batteriemanagementsystem (BMS), das die Batterie optimiert und die Ladung der Zellen automatisch ausgleicht und sie vor \u00dcberladung und \u00dcberentladung sch\u00fctzt.<\/p>\n<p>Dies gew\u00e4hrleistet eine l\u00e4ngere Lebensdauer und sicherere, gleichm\u00e4\u00dfigere Zyklen.<\/p>\n<h3>Einsatzbereich<\/h3>\n<p>Die Upower-Batterie kann in einem weiten Temperaturbereich betrieben werden, sowohl beim Laden (0 \u00b0C bis 45 \u00b0C) als auch beim Entladen (-20 \u00b0C bis 60 \u00b0C), so dass sie sowohl f\u00fcr den Innen- als auch f\u00fcr den Au\u00dfeneinsatz geeignet ist.<\/p>\n<p>F\u00fcr die Lagerung wird eine Temperatur zwischen -10 \u00b0C und 35 \u00b0C empfohlen.<\/p>\n<h3>Schutzma\u00dfnahmen<\/h3>\n<p>Diese Batterie verf\u00fcgt \u00fcber Schutzvorrichtungen gegen \u00dcberladung, \u00dcberentladung, \u00dcberstrom, Kurzschluss und extreme Temperaturen, was ihre Lebensdauer verl\u00e4ngert.<\/p>\n<p>Neben der Schutzart IP65 verf\u00fcgt es \u00fcber mehrere Schutzvorrichtungen, wie z. B. thermische Hochtemperatursicherungen, flammhemmende Zus\u00e4tze und \u00dcberdruckventile, die f\u00fcr zus\u00e4tzliche Sicherheit sorgen.<\/p>\n<h3>Installation und Wartung<\/h3>\n<p>Sein Monoblock-Format erm\u00f6glicht eine einfache Installation.<\/p>\n<p>Dar\u00fcber hinaus ist diese Batterie wartungsfrei, da sie weder bel\u00fcftet noch mit Elektrolyt aufgeladen oder regelm\u00e4\u00dfig gewartet werden muss.<\/p>\n<h2>Typische Upower 12.8V\/50Ah Batterie verwendet<\/h2>\n<p>Diese Upower-Batterie ist ideal f\u00fcr eine Vielzahl von Anwendungen, darunter:<\/p>\n<ul>\n<li><strong>Speicher- und Sicherungssysteme<\/strong>, um die Kontinuit\u00e4t der Stromversorgung im Falle eines Stromausfalls zu gew\u00e4hrleisten.<\/li>\n<li><strong>Solarsysteme f\u00fcr Privathaushalte und Unternehmen,<\/strong> zur Speicherung der von Sonnenkollektoren erzeugten Energie.<\/li>\n<li><strong>Telekommunikations- und Netzwerkausr\u00fcstung, <\/strong>die eine effiziente und zuverl\u00e4ssige Energiequelle ben\u00f6tigen<\/li>\n<li><strong>Elektrofahrzeuge als Caravans<\/strong>, die eine wartungsfreie Energieversorgung erfordern<\/li>\n<li><span style=\"font-size: 16px;\"><strong>Tragbare oder Notfallausr\u00fcstung<\/strong>, wie tragbare Generatoren, Beleuchtungssysteme oder Ladestationen.<\/span><\/li>\n<li><span style=\"font-size: 16px;\"><strong>Boote und Wohnmobile<\/strong>, die eine Stromquelle f\u00fcr elektrische Systeme ben\u00f6tigen.<\/span><\/li>\n<\/ul>\n<h2>Technische Daten der Upower Lithium-Batterie 12.8V\/50Ah - UE-12Li50<\/h2>\n<table>\n<thead>\n<tr>\n<th><strong>Merkmal<\/strong><\/th>\n<th><strong>Wert<\/strong><\/th>\n<\/tr>\n<\/thead>\n<tbody>\n<tr>\n<td><strong>Batterietechnik<\/strong><\/td>\n<td>LiFePO\u2084 (Lithium-Eisenphosphat)<\/td>\n<\/tr>\n<tr>\n<td><strong>Nennspannung<\/strong><\/td>\n<td>12,8 V<\/td>\n<\/tr>\n<tr>\n<td><strong>Nennkapazit\u00e4t<\/strong><\/td>\n<td>50 Ah<\/td>\n<\/tr>\n<tr>\n<td><strong>Energie insgesamt<\/strong><\/td>\n<td>640 Wh<\/td>\n<\/tr>\n<tr>\n<td><strong>Empfohlener Ladestrom<\/strong><\/td>\n<td>10 A<\/td>\n<\/tr>\n<tr>\n<td><strong>Maximaler Laststrom<\/strong><\/td>\n<td>50 A<\/td>\n<\/tr>\n<tr>\n<td><strong>Empfohlener Entladestrom<\/strong><\/td>\n<td>10 A<\/td>\n<\/tr>\n<tr>\n<td><strong>Maximaler Entladestrom<\/strong><\/td>\n<td>50 A<\/td>\n<\/tr>\n<tr>\n<td><strong>Ladespannung (Masse\/Absorption)<\/strong><\/td>\n<td>14,6 V<\/td>\n<\/tr>\n<tr>\n<td><strong>Mindestkapazit\u00e4t\u00a0<\/strong><\/td>\n<td>47,5 Ah<\/td>\n<\/tr>\n<tr>\n<td><strong>Entladeschlussspannung<\/strong><\/td>\n<td>10 V<\/td>\n<\/tr>\n<tr>\n<td><strong>Innerer Widerstand<\/strong><\/td>\n<td>\u2264 15 m\u03a9<\/td>\n<\/tr>\n<tr>\n<td><strong>Lebenszyklen\u00a0<\/strong><\/td>\n<td>2.500 Zyklen bei 100 % DoD<\/td>\n<\/tr>\n<tr>\n<td><strong>Abmessungen (L \u00d7 B \u00d7 H)<\/strong><\/td>\n<td>229 \u00d7 138 \u00d7 205 mm<\/td>\n<\/tr>\n<tr>\n<td><strong>Gewicht<\/strong><\/td>\n<td>5 kg<\/td>\n<\/tr>\n<tr>\n<td><strong>Betriebstemperatur - Last<\/strong><\/td>\n<td>0 \u00b0C bis 45 \u00b0C<\/td>\n<\/tr>\n<tr>\n<td><strong>Betriebstemperatur - Entladung<\/strong><\/td>\n<td>-20 \u00b0C bis 60 \u00b0C<\/td>\n<\/tr>\n<tr>\n<td><strong>Lagertemperatur<\/strong><\/td>\n<td>-10 \u00b0C bis 35 \u00b0C<\/td>\n<\/tr>\n<tr>\n<td><strong>Einschlie\u00dflich Schutzma\u00dfnahmen (BMS)<\/strong><\/td>\n<td>\u00dcberlast, \u00dcberentladung, \u00dcberstrom, Kurzschluss, thermischer Schutz<\/td>\n<\/tr>\n<tr>\n<td><strong>Zertifizierungen<\/strong><\/td>\n<td>UN 38.8, MSDS, DG Zertifikat, EC<\/td>\n<\/tr>\n<\/tbody>\n<\/table>\n<h2>Upower Lithium-Batterie 12,8V\/50Ah - UE-12Li50 Technische Informationen<\/h2>\n<p><a href=\"https:\/\/fvcomponentes.com\/wp-content\/uploads\/2026\/01\/ue-12li50-ficha-tecnica-hdibattery.pdf\" target=\"_blank\" rel=\"noopener\">Datenblatt der Upower 12.8V\/50Ah Batterie<\/a><\/p>\n<p><a href=\"https:\/\/fvcomponentes.com\/wp-content\/uploads\/2026\/01\/manual-uso-litio-master.pdf\" target=\"_blank\" rel=\"noopener\">Upower 12,8V\/50Ah Batterie Handbuch<\/a><\/p>","protected":false},"excerpt":{"rendered":"<p>Nennspannung: 12,8 V<br \/>\nNennkapazit\u00e4t: 50 Ah<br \/>\nGesamtenergie: 640 Wh<br \/>\nAnzahl der Zyklen: 2500 Zyklen bei 100%<\/p>","protected":false},"featured_media":35887,"comment_status":"closed","ping_status":"closed","template":"","meta":{"site-sidebar-layout":"default","site-content-layout":"","ast-site-content-layout":"default","site-content-style":"default","site-sidebar-style":"default","ast-global-header-display":"","ast-banner-title-visibility":"","ast-main-header-display":"","ast-hfb-above-header-display":"","ast-hfb-below-header-display":"","ast-hfb-mobile-header-display":"","site-post-title":"","ast-breadcrumbs-content":"","ast-featured-img":"","footer-sml-layout":"","ast-disable-related-posts":"","theme-transparent-header-meta":"default","adv-header-id-meta":"","stick-header-meta":"","header-above-stick-meta":"","header-main-stick-meta":"","header-below-stick-meta":"","astra-migrate-meta-layouts":"set","ast-page-background-enabled":"default","ast-page-background-meta":{"desktop":{"background-color":"var(--ast-global-color-4)","background-image":"","background-repeat":"repeat","background-position":"center center","background-size":"auto","background-attachment":"scroll","background-type":"","background-media":"","overlay-type":"","overlay-color":"","overlay-opacity":"","overlay-gradient":""},"tablet":{"background-color":"","background-image":"","background-repeat":"repeat","background-position":"center center","background-size":"auto","background-attachment":"scroll","background-type":"","background-media":"","overlay-type":"","overlay-color":"","overlay-opacity":"","overlay-gradient":""},"mobile":{"background-color":"","background-image":"","background-repeat":"repeat","background-position":"center center","background-size":"auto","background-attachment":"scroll","background-type":"","background-media":"","overlay-type":"","overlay-color":"","overlay-opacity":"","overlay-gradient":""}},"ast-content-background-meta":{"desktop":{"background-color":"var(--ast-global-color-5)","background-image":"","background-repeat":"repeat","background-position":"center center","background-size":"auto","background-attachment":"scroll","background-type":"","background-media":"","overlay-type":"","overlay-color":"","overlay-opacity":"","overlay-gradient":""},"tablet":{"background-color":"var(--ast-global-color-5)","background-image":"","background-repeat":"repeat","background-position":"center center","background-size":"auto","background-attachment":"scroll","background-type":"","background-media":"","overlay-type":"","overlay-color":"","overlay-opacity":"","overlay-gradient":""},"mobile":{"background-color":"var(--ast-global-color-5)","background-image":"","background-repeat":"repeat","background-position":"center center","background-size":"auto","background-attachment":"scroll","background-type":"","background-media":"","overlay-type":"","overlay-color":"","overlay-opacity":"","overlay-gradient":""}}},"pwb-brand":[1020],"product_brand":[],"product_cat":[431,340],"product_tag":[],"class_list":{"0":"post-35877","1":"product","2":"type-product","3":"status-publish","4":"has-post-thumbnail","6":"pwb-brand-upower","7":"product_cat-baterias-litio-12v","8":"product_cat-baterias","9":"product_shipping_class-baterias","10":"desktop-align-left","11":"tablet-align-left","12":"mobile-align-left","13":"ast-product-gallery-layout-horizontal-slider","14":"ast-product-tabs-layout-horizontal","16":"first","17":"instock","18":"taxable","19":"shipping-taxable","20":"purchasable","21":"product-type-simple"},"wcpa_form_fields":null,"brands":[{"id":1020,"name":"Upower-Batterien","slug":"upower"}],"_links":{"self":[{"href":"https:\/\/fvcomponentes.com\/de\/wp-json\/wp\/v2\/product\/35877","targetHints":{"allow":["GET"]}}],"collection":[{"href":"https:\/\/fvcomponentes.com\/de\/wp-json\/wp\/v2\/product"}],"about":[{"href":"https:\/\/fvcomponentes.com\/de\/wp-json\/wp\/v2\/types\/product"}],"replies":[{"embeddable":true,"href":"https:\/\/fvcomponentes.com\/de\/wp-json\/wp\/v2\/comments?post=35877"}],"wp:featuredmedia":[{"embeddable":true,"href":"https:\/\/fvcomponentes.com\/de\/wp-json\/wp\/v2\/media\/35887"}],"wp:attachment":[{"href":"https:\/\/fvcomponentes.com\/de\/wp-json\/wp\/v2\/media?parent=35877"}],"wp:term":[{"taxonomy":"pwb-brand","embeddable":true,"href":"https:\/\/fvcomponentes.com\/de\/wp-json\/wp\/v2\/pwb-brand?post=35877"},{"taxonomy":"product_brand","embeddable":true,"href":"https:\/\/fvcomponentes.com\/de\/wp-json\/wp\/v2\/product_brand?post=35877"},{"taxonomy":"product_cat","embeddable":true,"href":"https:\/\/fvcomponentes.com\/de\/wp-json\/wp\/v2\/product_cat?post=35877"},{"taxonomy":"product_tag","embeddable":true,"href":"https:\/\/fvcomponentes.com\/de\/wp-json\/wp\/v2\/product_tag?post=35877"}],"curies":[{"name":"wp","href":"https:\/\/api.w.org\/{rel}","templated":true}]}}