{"id":35809,"date":"2026-01-29T20:30:19","date_gmt":"2026-01-29T19:30:19","guid":{"rendered":"https:\/\/fvcomponentes.com\/?post_type=product&#038;p=35809"},"modified":"2026-04-08T21:35:24","modified_gmt":"2026-04-08T19:35:24","slug":"victron-spartransformator-120-240vac-50a-itr000100052","status":"publish","type":"product","link":"https:\/\/fvcomponentes.com\/de\/producto\/autotransformador-victron-120-240vac-50a-itr000100052\/","title":{"rendered":"Victron Spartransformator 120\/240VAC-50A - ITR000100052"},"content":{"rendered":"<h2>Victron Spartransformator 120\/240VAC-50A - ITR000100052<\/h2>\n<p>Der Victron 120\/240V-50A Spartransformator ist im Grunde ein Ger\u00e4t, das dazu dient, den Strom anzupassen, wenn die vorhandene Spannung nicht mit der Spannung \u00fcbereinstimmt, die Ihre Ger\u00e4te ben\u00f6tigen.<\/p>\n<p>Er erzeugt keinen Strom und l\u00e4dt keine Batterien auf, sondern dient lediglich als \u00dcbersetzer zwischen verschiedenen Spannungen.<\/p>\n<p>Sie ist sehr h\u00e4ufig in Installationen zu finden, in denen 120 Volt und 240 Volt verwendet werden, typischerweise auf Schiffen, in Solaranlagen, Generatoren und Hybridanlagen oder in aus anderen L\u00e4ndern importierten Anlagen.<\/p>\n<p>Wenn Sie schon einmal festgestellt haben, dass der Strom nicht zu dem passt, was Sie anschlie\u00dfen m\u00f6chten, dann ist dieses Ger\u00e4t genau das Richtige f\u00fcr Sie, denn es ist eine zuverl\u00e4ssige, stabile und sichere L\u00f6sung.<\/p>\n<h2>Merkmale des Spartransformators 120\/240VAC-50A<\/h2>\n<h3>Hauptfunktion<\/h3>\n<p>Seine Hauptfunktion ist die Umwandlung von 120 V in 240 V oder die korrekte Aufteilung eines 240-V-Netzes in zwei ausgeglichene 120-V-Leitungen.<br \/>\nSo k\u00f6nnen Ger\u00e4te mit unterschiedlichen Spannungen betrieben werden, ohne dass Wechselrichter, Generatoren oder Elektroger\u00e4te gewechselt werden m\u00fcssen.<\/p>\n<p>Der Spartransformator spielt auch eine sehr wichtige Rolle in Anlagen mit einem 240-V-Ausgang, der in zwei 120-V-Phasen aufgeteilt ist (Split-Phase). Er hilft, die Lasten zwischen diesen Phasen auszugleichen, damit kein Stromkreis \u00fcberlastet wird.<br \/>\nDadurch wird die Systemstabilit\u00e4t verbessert und das Risiko von Stromausf\u00e4llen verringert.<\/p>\n<p>In Systemen, in denen die Spannungskonfiguration des Netzes oder des Generators variiert, gibt Ihnen dieses Ger\u00e4t au\u00dferdem die Flexibilit\u00e4t, die Leistung an den tats\u00e4chlichen Bedarf Ihrer Ger\u00e4te anzupassen, ohne doppelte Wechselrichter oder komplexere L\u00f6sungen verwenden zu m\u00fcssen.<\/p>\n<h3>Spannung und Strom<\/h3>\n<p>Mit einer Nennleistung von bis zu 50 Ampere kann er eine beachtliche Leistung erbringen, die f\u00fcr gro\u00dfe Hausinstallationen, Boote, kleine Werkst\u00e4tten oder mittelgro\u00dfe Solaranlagen ausreicht.<br \/>\nEs handelt sich nicht um ein kleines Plug-in-Ger\u00e4t, sondern um etwas, das f\u00fcr ernsthafte und kontinuierliche Arbeit konzipiert ist.<\/p>\n<p>Es ist sowohl mit 50 Hz als auch mit 60 Hz kompatibel, so dass es problemlos in verschiedenen L\u00e4ndern, mit verschiedenen Generatoren oder mit unterschiedlichen Stromnetzen betrieben werden kann.<\/p>\n<h3>Gestaltung<\/h3>\n<p>Dieser Spartransformator hat ein solides und robustes Metallgeh\u00e4use und ist f\u00fcr die Innenaufstellung konzipiert.<\/p>\n<p>Er hat die Schutzart IP21 und eignet sich f\u00fcr trockene Umgebungen wie Elektror\u00e4ume, Schaltschr\u00e4nke oder Technikr\u00e4ume auf Schiffen.<\/p>\n<p>Im Inneren kommt ein Ringkerntransformator zum Einsatz, der effizienter, kompakter und leiser ist.<br \/>\nDas bedeutet, dass er weniger Energieverluste hat, sich weniger stark erw\u00e4rmt und im Laufe der Zeit stabiler arbeitet.<\/p>\n<p>Da es sich um ein passives Ger\u00e4t handelt, erzeugt es keine St\u00f6rungen, verursacht kein nennenswertes elektrisches Rauschen und erfordert nach der Installation nur wenig Wartung.<\/p>\n<h3>Sicherheit und Schutz<\/h3>\n<p>Der Spartransformator von Victron verf\u00fcgt \u00fcber eigene Schutzvorrichtungen, einschlie\u00dflich eines Leistungsschalters, der das System vor \u00dcberlastungen oder abnormalen Situationen sch\u00fctzt.<\/p>\n<p>Dies bietet zus\u00e4tzliche Sicherheit sowohl f\u00fcr die Ger\u00e4te selbst als auch f\u00fcr den Rest der elektrischen Anlage.<\/p>\n<h3>Anschl\u00fcsse und einfache Installation<\/h3>\n<p>Die Anschl\u00fcsse erfolgen \u00fcber robuste Schraubklemmen, die f\u00fcr gro\u00dfe Kabelquerschnitte ausgelegt sind und auch bei hohen Str\u00f6men eine sichere, feste und dauerhafte Verbindung gew\u00e4hrleisten.<\/p>\n<p>Das Design ist darauf ausgerichtet, eine saubere und professionelle Installation zu erm\u00f6glichen, die mit Standardschalttafeln kompatibel ist.<\/p>\n<h3>Kompatibilit\u00e4t<\/h3>\n<p>Dieser Spartransformator ist mit Victron Energy Systemen und Ger\u00e4ten anderer Hersteller kompatibel.<br \/>\nEs ist besonders n\u00fctzlich, wenn man mit Wechselrichtern arbeitet, die nur 120 V liefern, aber 240 V-Ger\u00e4te versorgen m\u00fcssen, oder wenn ein zweiphasiges System korrekt ausgeglichen werden muss.<\/p>\n<p>Auf Booten und in Wohnmobilen ist es besonders n\u00fctzlich, da es je nach Hafen, Land oder verf\u00fcgbarem Generator an verschiedene Stromversorgungsarten angeschlossen werden kann, ohne dass die bestehende Installation ge\u00e4ndert werden muss.<\/p>\n<h2>Vorteile des Spartransformators 120\/240VAC-50A<\/h2>\n<p>Der 50-Ampere-Spartransformator hat viele Vorteile, wie zum Beispiel:<\/p>\n<ul>\n<li>Es erm\u00f6glicht die problemlose Verwendung von Ger\u00e4ten mit unterschiedlichen Spannungen.<\/li>\n<li>Erh\u00f6ht die Flexibilit\u00e4t des Stromnetzes, ohne dass zus\u00e4tzliche komplexe Ger\u00e4te oder doppelte Wechselrichter erforderlich sind<\/li>\n<li>Verbessert den Wirkungsgrad und die Stromverteilung in 120\/240-V-Systemen.<\/li>\n<li>Hilft, Probleme durch unausgewogene Lasten zu vermeiden<\/li>\n<li>Einfach zu installieren und kompatibel mit Victron-Systemen und anderen elektrischen Ger\u00e4ten wie Wechselrichtern oder Generatoren.<\/li>\n<li>Langlebige Konstruktion und Design f\u00fcr viele Jahre Dauerbetrieb.<\/li>\n<li>Erfordert sehr wenig Wartung<\/li>\n<\/ul>\n<h2>Technische Daten des Victron Spartransformators 120\/240VAC-50A - ITR000100052<\/h2>\n<table>\n<thead>\n<tr>\n<th><strong>Merkmal<\/strong><\/th>\n<th><strong>Wert<\/strong><\/th>\n<\/tr>\n<\/thead>\n<tbody>\n<tr>\n<td><strong>Modell<\/strong><\/td>\n<td>Autotransformador 120\/240VAC-50A<\/td>\n<\/tr>\n<tr>\n<td><strong>Referenz des Herstellers<\/strong><\/td>\n<td>ITR000100052<\/td>\n<\/tr>\n<tr>\n<td><strong>Eingangs-\/Ausgangsspannung<\/strong><\/td>\n<td>120 V \/ 240 V WECHSELSTROM<\/td>\n<\/tr>\n<tr>\n<td><strong>Nennstrom\u00a0<\/strong><\/td>\n<td>50 A<\/td>\n<\/tr>\n<tr>\n<td><strong>Betriebsfrequenz<\/strong><\/td>\n<td>50 Hz \/ 60 Hz<\/td>\n<\/tr>\n<tr>\n<td><strong>Typ des Transformators<\/strong><\/td>\n<td>Toroidal<\/td>\n<\/tr>\n<tr>\n<td><strong>Integrierte Schutzma\u00dfnahmen<\/strong><\/td>\n<td>Stromkreisunterbrecher<\/td>\n<\/tr>\n<tr>\n<td><strong>Material des Geh\u00e4uses<\/strong><\/td>\n<td>Robustes Aluminium<\/td>\n<\/tr>\n<tr>\n<td><strong>Grad des Schutzes<\/strong><\/td>\n<td>IP21 (Innenanwendung)<\/td>\n<\/tr>\n<tr>\n<td><strong>Sicherheitsstandard<\/strong><\/td>\n<td>EN 60076<\/td>\n<\/tr>\n<tr>\n<td><strong>Abmessungen (H\u00f6he \u00d7 Breite \u00d7 Tiefe)<\/strong><\/td>\n<td>110 x 214 x 375 mm<\/td>\n<\/tr>\n<tr>\n<td><strong>Ungef\u00e4hres Gewicht<\/strong><\/td>\n<td>12 kg<\/td>\n<\/tr>\n<\/tbody>\n<\/table>","protected":false},"excerpt":{"rendered":"<p><span style=\"color: #ff0000;\"><strong>Verf\u00fcgbar ab M\u00e4rz!<\/strong><\/span><\/p>\n<p>Eingangs- und Ausgangsspannungen: 120\/240V<br \/>\nEingangsschutzschalter: 50A<br \/>\nFrequenz: 50\/60Hz<br \/>\nGewicht: 12 kg<br \/>\nAbmessungen: 110 x 214 x 375 mm<\/p>","protected":false},"featured_media":35811,"comment_status":"closed","ping_status":"closed","template":"","meta":{"site-sidebar-layout":"default","site-content-layout":"","ast-site-content-layout":"default","site-content-style":"default","site-sidebar-style":"default","ast-global-header-display":"","ast-banner-title-visibility":"","ast-main-header-display":"","ast-hfb-above-header-display":"","ast-hfb-below-header-display":"","ast-hfb-mobile-header-display":"","site-post-title":"","ast-breadcrumbs-content":"","ast-featured-img":"","footer-sml-layout":"","ast-disable-related-posts":"","theme-transparent-header-meta":"default","adv-header-id-meta":"","stick-header-meta":"","header-above-stick-meta":"","header-main-stick-meta":"","header-below-stick-meta":"","astra-migrate-meta-layouts":"set","ast-page-background-enabled":"default","ast-page-background-meta":{"desktop":{"background-color":"var(--ast-global-color-4)","background-image":"","background-repeat":"repeat","background-position":"center center","background-size":"auto","background-attachment":"scroll","background-type":"","background-media":"","overlay-type":"","overlay-color":"","overlay-opacity":"","overlay-gradient":""},"tablet":{"background-color":"","background-image":"","background-repeat":"repeat","background-position":"center center","background-size":"auto","background-attachment":"scroll","background-type":"","background-media":"","overlay-type":"","overlay-color":"","overlay-opacity":"","overlay-gradient":""},"mobile":{"background-color":"","background-image":"","background-repeat":"repeat","background-position":"center center","background-size":"auto","background-attachment":"scroll","background-type":"","background-media":"","overlay-type":"","overlay-color":"","overlay-opacity":"","overlay-gradient":""}},"ast-content-background-meta":{"desktop":{"background-color":"var(--ast-global-color-5)","background-image":"","background-repeat":"repeat","background-position":"center center","background-size":"auto","background-attachment":"scroll","background-type":"","background-media":"","overlay-type":"","overlay-color":"","overlay-opacity":"","overlay-gradient":""},"tablet":{"background-color":"var(--ast-global-color-5)","background-image":"","background-repeat":"repeat","background-position":"center center","background-size":"auto","background-attachment":"scroll","background-type":"","background-media":"","overlay-type":"","overlay-color":"","overlay-opacity":"","overlay-gradient":""},"mobile":{"background-color":"var(--ast-global-color-5)","background-image":"","background-repeat":"repeat","background-position":"center center","background-size":"auto","background-attachment":"scroll","background-type":"","background-media":"","overlay-type":"","overlay-color":"","overlay-opacity":"","overlay-gradient":""}}},"pwb-brand":[332],"product_brand":[],"product_cat":[895],"product_tag":[],"class_list":{"0":"post-35809","1":"product","2":"type-product","3":"status-publish","4":"has-post-thumbnail","6":"pwb-brand-victron","7":"product_cat-transformadores","8":"desktop-align-left","9":"tablet-align-left","10":"mobile-align-left","11":"ast-product-gallery-layout-horizontal-slider","12":"ast-product-gallery-with-no-image","13":"ast-product-tabs-layout-horizontal","15":"first","16":"onbackorder","17":"taxable","18":"shipping-taxable","19":"purchasable","20":"product-type-simple"},"wcpa_form_fields":null,"brands":[{"id":332,"name":"Victron Energie","slug":"victron"}],"_links":{"self":[{"href":"https:\/\/fvcomponentes.com\/de\/wp-json\/wp\/v2\/product\/35809","targetHints":{"allow":["GET"]}}],"collection":[{"href":"https:\/\/fvcomponentes.com\/de\/wp-json\/wp\/v2\/product"}],"about":[{"href":"https:\/\/fvcomponentes.com\/de\/wp-json\/wp\/v2\/types\/product"}],"replies":[{"embeddable":true,"href":"https:\/\/fvcomponentes.com\/de\/wp-json\/wp\/v2\/comments?post=35809"}],"wp:featuredmedia":[{"embeddable":true,"href":"https:\/\/fvcomponentes.com\/de\/wp-json\/wp\/v2\/media\/35811"}],"wp:attachment":[{"href":"https:\/\/fvcomponentes.com\/de\/wp-json\/wp\/v2\/media?parent=35809"}],"wp:term":[{"taxonomy":"pwb-brand","embeddable":true,"href":"https:\/\/fvcomponentes.com\/de\/wp-json\/wp\/v2\/pwb-brand?post=35809"},{"taxonomy":"product_brand","embeddable":true,"href":"https:\/\/fvcomponentes.com\/de\/wp-json\/wp\/v2\/product_brand?post=35809"},{"taxonomy":"product_cat","embeddable":true,"href":"https:\/\/fvcomponentes.com\/de\/wp-json\/wp\/v2\/product_cat?post=35809"},{"taxonomy":"product_tag","embeddable":true,"href":"https:\/\/fvcomponentes.com\/de\/wp-json\/wp\/v2\/product_tag?post=35809"}],"curies":[{"name":"wp","href":"https:\/\/api.w.org\/{rel}","templated":true}]}}