{"id":35700,"date":"2026-01-29T20:32:13","date_gmt":"2026-01-29T19:32:13","guid":{"rendered":"https:\/\/fvcomponentes.com\/?post_type=product&#038;p=35700"},"modified":"2026-04-08T21:38:11","modified_gmt":"2026-04-08T19:38:11","slug":"wechselrichter-lader-victron-multiplus-48v-20000va-250a-100-pmc483200400","status":"publish","type":"product","link":"https:\/\/fvcomponentes.com\/de\/producto\/inversor-cargador-victron-multiplus-48v-20000va-250a-100-pmc483200400\/","title":{"rendered":"Wechselrichter-Ladeger\u00e4t Victron Multiplus 48V\/20000VA 250A-100 - PMC483200400"},"content":{"rendered":"<h2>Wechselrichter-Ladeger\u00e4t Victron Multiplus 48V\/20000VA 250A-100 - PMC483200400<\/h2>\n<p>Der Victron MultiPlus 48V\/20000VA ist ein leistungsstarker und sehr zuverl\u00e4ssiger Wechselrichter mit Ladeger\u00e4t, der mehrere wichtige Funktionen in einem Ger\u00e4t vereint.<br \/>\nIm Grunde genommen sorgt es daf\u00fcr, dass Sie immer dann Strom haben, wenn Sie ihn brauchen, sei es in gro\u00dfen H\u00e4usern, Unternehmen, Booten oder Solaranlagen mit Batterien.<\/p>\n<p>Dieser Wechselrichter erf\u00fcllt drei Aufgaben auf einmal: Er wandelt Batteriestrom in Elektrizit\u00e4t um, er l\u00e4dt die Batterien schnell auf, weil er Hochstrom liefert, und er fungiert als automatischer Umschalter (UPS), der Ihre Ger\u00e4te bei einem Stromausfall sch\u00fctzt und jederzeit eine kontinuierliche Stromversorgung gew\u00e4hrleistet.<br \/>\nWenn das Netz ausf\u00e4llt, schaltet es in weniger als 20 Millisekunden auf Wechselrichterbetrieb um, so dass Ihre Ger\u00e4te reibungslos weiterlaufen, da selbst empfindliche Ger\u00e4te den Ausfall nicht bemerken.<\/p>\n<h2>Eigenschaften des Victron Multiplus 48V\/20000VA<\/h2>\n<h3>Kraft und Leistung<\/h3>\n<p>Dieser MultiPlus ist f\u00fcr 48-V-Batteriesysteme ausgelegt und kann bis zu 20 kW Dauerleistung liefern (genug f\u00fcr viele Ger\u00e4te gleichzeitig) und Spitzenleistungen von bis zu 25 kW verkraften, was den Einsatz von Motoren, Kompressoren, Pumpen oder professionellen Werkzeugen erm\u00f6glicht, die zus\u00e4tzliche Leistung zum Starten ben\u00f6tigen.<br \/>\nDas bedeutet, dass sie hohen Belastungen standhalten k\u00f6nnen, ohne dass die Ger\u00e4te sich abschalten oder ausfallen.<\/p>\n<p>Dar\u00fcber hinaus hat es einen Wirkungsgrad von 96 %, was bedeutet, dass es fast die gesamte Energie der Batterie nutzt und nicht verschwendet.<\/p>\n<h3>Entwurf und Konstruktion<\/h3>\n<p>Das Victron MultiPlus 48V\/20000VA verf\u00fcgt \u00fcber ein solides und widerstandsf\u00e4higes Aluminiumgeh\u00e4use, das f\u00fcr den Einsatz in Innenr\u00e4umen (Schutzart IP20) und den Dauerbetrieb in anspruchsvollen Umgebungen ausgelegt ist. Mit anderen Worten, es handelt sich um ein professionelles Ger\u00e4t, das f\u00fcr einen stundenlangen, st\u00f6rungsfreien Betrieb ausgelegt ist.<\/p>\n<p>Au\u00dferdem verf\u00fcgt es \u00fcber eine Zwangsbel\u00fcftung zur Vermeidung von \u00dcberhitzung, einen W\u00e4rmeschutz und einen vollst\u00e4ndigen elektrischen Schutz (gegen \u00dcberlast, Kurzschluss und Spannungsschwankungen).<br \/>\nDie Batterieanschl\u00fcsse und Wechselstromklemmen sind robust und sicher, und das Ger\u00e4t entspricht den europ\u00e4ischen Industriezertifizierungen, was eine langfristige Zuverl\u00e4ssigkeit und Sicherheit gew\u00e4hrleistet.<\/p>\n<h3>Integriertes Ladeger\u00e4t und Batteriemanagement<\/h3>\n<p>Eine der gro\u00dfen St\u00e4rken dieses Wechselrichters ist sein integriertes Ladeger\u00e4t mit bis zu 250 A, ideal f\u00fcr gro\u00dfe 48-V-Batterien. Sein Ladesystem arbeitet in 4 Stufen, was dazu beitr\u00e4gt, die Batterien zu schonen und ihre Lebensdauer zu verl\u00e4ngern.<\/p>\n<p>Es funktioniert mit herk\u00f6mmlichen Blei-S\u00e4ure-Batterien (AGM\/GEL) und auch mit Lithium-Batterien (LiFePO\u2084), sofern es richtig konfiguriert ist. So k\u00f6nnen sie schnell und effizient wieder aufgeladen werden, wenn Strom aus dem Netz oder von einem Generator zur Verf\u00fcgung steht.<\/p>\n<h3>Erweiterte und intelligente Funktionen<\/h3>\n<p>Dies ist kein gew\u00f6hnliches Wechselrichter-Ladeger\u00e4t. Der MultiPlus verf\u00fcgt \u00fcber fortschrittliche Energiemanagementfunktionen wie PowerControl und PowerAssist, die im Alltag einen gro\u00dfen Unterschied machen.<\/p>\n<p>Die PowerControl-Funktion begrenzt die vom Netz oder Generator entnommene Leistung, um eine \u00dcberlastung zu vermeiden, und nutzt bei Bedarf die Batterie.<\/p>\n<p>Die PowerAssist-Funktion liefert Strom aus der Batterie, wenn das Netz den Bedarf nicht deckt, und verhindert so, dass Sicherungen durchbrennen oder Ger\u00e4te abgeschaltet werden.<\/p>\n<p>Dar\u00fcber hinaus verf\u00fcgt dieses Multiplus \u00fcber eine automatische USV-Funktion, d. h. bei einem Netz- oder Generatorausfall schaltet es in weniger als 20 Millisekunden in den Wechselrichterbetrieb um, so dass Ihre Ger\u00e4te praktisch unbemerkt und sicher bleiben.<\/p>\n<h3>Konnektivit\u00e4t<\/h3>\n<p>Was die Konnektivit\u00e4t betrifft, so ist der MultiPlus mit Victron-Steuerungen wie Cerbo GX und Ekrano GX kompatibel und erm\u00f6glicht eine erweiterte Echtzeit\u00fcberwachung und -konfiguration \u00fcber die VictronConnect App und das VRM-Fernportal.<\/p>\n<p>Dank der VE.Bus-Kommunikation ist es m\u00f6glich, mehrere Ger\u00e4te parallel anzuschlie\u00dfen (bis zu 4 oder mehr), die eine Gesamtleistung von 60 kW \u00fcberschreiten, sowie dreiphasige Systeme oder komplexere Anlagen zu schaffen.<\/p>\n<p>Das bedeutet, dass das System im Laufe der Zeit erweitert werden kann, indem mehr Batterien, Solarpaneele oder zus\u00e4tzliche Generatoren eingebaut werden, ohne dass die Hauptausr\u00fcstung ge\u00e4ndert werden muss.<\/p>\n<h2>H\u00e4ufige Verwendung und Anwendungen des Victron Multiplus 48V\/20000VA<\/h2>\n<p>Dieses Wechselrichter-Ladeger\u00e4t eignet sich perfekt f\u00fcr Orte, an denen viel Leistung, zuverl\u00e4ssige Energie und Autonomie ben\u00f6tigt werden, wie zum Beispiel:<\/p>\n<ul>\n<li>Solaranlagen <strong>netzunabh\u00e4ngig oder hybrid mit Netzr\u00fcckspeisung<\/strong><\/li>\n<li><strong>Gro\u00dfe H\u00e4user<\/strong> mit Sonnenkollektoren<\/li>\n<li><strong>Boote und Jachten<\/strong> gro\u00df<\/li>\n<li>Kleine Rechenzentren oder <strong>Ger\u00e4te, die sich keine Stromausf\u00e4lle leisten k\u00f6nnen<\/strong><\/li>\n<li>Systeme, die Folgendes kombinieren <strong>Generator und Solarenergie<\/strong><\/li>\n<li>Kleine Anlagen <strong>gewerblich oder industriell<\/strong><\/li>\n<\/ul>\n<p>Der Multiplus 48V\/20000VA vereint also Leistung, Flexibilit\u00e4t und Kontrolle.<br \/>\nEs eignet sich sowohl f\u00fcr netzunabh\u00e4ngige als auch f\u00fcr hybride Systeme (Netz, Generator und Batterien) und ist f\u00fcr all diejenigen gedacht, die sich eine unkomplizierte und zuverl\u00e4ssige Energieversorgung w\u00fcnschen.<\/p>\n<h2>Technische Daten des Wechselrichter-Ladeger\u00e4ts Victron Multiplus 48V\/20000VA 250A-100 - PMC483200400<\/h2>\n<table>\n<thead>\n<tr>\n<th><strong>Eigenschaften<\/strong><\/th>\n<th><strong>Werte<\/strong><\/th>\n<\/tr>\n<\/thead>\n<tbody>\n<tr>\n<td><strong>Modell<\/strong><\/td>\n<td>Victron Energie MultiPlus 48\/20000\/250-100<\/td>\n<\/tr>\n<tr>\n<td><strong>Referenz des Herstellers<\/strong><\/td>\n<td>PMC483200400<\/td>\n<\/tr>\n<tr>\n<td><strong>Art der Ausr\u00fcstung<\/strong><\/td>\n<td>Wechselrichter-Ladeger\u00e4t<\/td>\n<\/tr>\n<tr>\n<td><strong>Nennspannung\u00a0<\/strong><\/td>\n<td>48 V<\/td>\n<\/tr>\n<tr>\n<td><strong>Kontinuierliche Leistung<\/strong><\/td>\n<td>20 kW<\/td>\n<\/tr>\n<tr>\n<td><strong>Spitzenleistung<\/strong><\/td>\n<td>25 kW\/1 min<\/td>\n<\/tr>\n<tr>\n<td><b>Wellenform<\/b><\/td>\n<td>Reine Sinuswelle<\/td>\n<\/tr>\n<tr>\n<td><strong>DC-Eingangsspannungsbereich<\/strong><\/td>\n<td>38-60 V<\/td>\n<\/tr>\n<tr>\n<td><strong>Ausgangsspannung\u00a0<\/strong><\/td>\n<td>230 VAC \u00b1 2 %<\/td>\n<\/tr>\n<tr>\n<td><strong>Ausgangsfrequenz<\/strong><\/td>\n<td>50 Hz \u00b1 0,1 %<\/td>\n<\/tr>\n<tr>\n<td><strong>Maximaler AC-Eingangsstrom<\/strong><\/td>\n<td>100 A<\/td>\n<\/tr>\n<tr>\n<td><strong>Maximaler Batterieladestrom <\/strong><\/td>\n<td>250 A<\/td>\n<\/tr>\n<tr>\n<td><strong>Algorithmus zum Laden<\/strong><\/td>\n<td>4 Anpassungsstufen<\/td>\n<\/tr>\n<tr>\n<td><strong>Kompatible Batterietypen<\/strong><\/td>\n<td>AGM, GEL und Lithium (LiFePO\u2084)<\/td>\n<\/tr>\n<tr>\n<td><strong>Umschalter<\/strong><\/td>\n<td>Ja (\u2264 20 ms, USV-Funktion)<\/td>\n<\/tr>\n<tr>\n<td><strong>Maximale Effizienz\u00a0<\/strong><\/td>\n<td>96 %<\/td>\n<\/tr>\n<tr>\n<td><strong>Verbrauch ohne Last<\/strong><\/td>\n<td>65 W<\/td>\n<\/tr>\n<tr>\n<td><strong>Verbrauch im Standby-Modus<\/strong><\/td>\n<td>13 W<\/td>\n<\/tr>\n<tr>\n<td><strong>Erweiterte Funktionen<\/strong><\/td>\n<td>PowerControl und PowerAssist<\/td>\n<\/tr>\n<tr>\n<td><strong>Parallelschaltung<\/strong><\/td>\n<td>Ja (bis zu mehreren Einheiten)<\/td>\n<\/tr>\n<tr>\n<td><strong>Dreiphasige Konfiguration<\/strong><\/td>\n<td>Ja (mit mehreren Einheiten)<\/td>\n<\/tr>\n<tr>\n<td><strong>Kommunikationsschnittstellen<\/strong><\/td>\n<td>VE.Bus<\/td>\n<\/tr>\n<tr>\n<td><strong>\u00dcberwachung der Kompatibilit\u00e4t<\/strong><\/td>\n<td>Cerbo GX, Ekrano GX, VictronConnect und VRM-Portal<\/td>\n<\/tr>\n<tr>\n<td><strong>Arbeitstemperaturbereich<\/strong><\/td>\n<td>-40 bis +65 \u00b0C<\/td>\n<\/tr>\n<tr>\n<td><strong>Grad des Schutzes<\/strong><\/td>\n<td>IP20 (Innenanwendung)<\/td>\n<\/tr>\n<tr>\n<td><strong>K\u00fchlung<\/strong><\/td>\n<td>Zwangsweise Bel\u00fcftung<\/td>\n<\/tr>\n<tr>\n<td><strong>Abmessungen (H \u00d7 B \u00d7 T)<\/strong><\/td>\n<td>616 \u00d7 422 \u00d7 357 mm<\/td>\n<\/tr>\n<tr>\n<td><strong>Gewicht<\/strong><\/td>\n<td>80 kg<\/td>\n<\/tr>\n<tr>\n<td><strong>Anschluss der Batterie <\/strong><\/td>\n<td>Vier M8-Bolzen (2 positive und 2 negative Anschl\u00fcsse)<\/td>\n<\/tr>\n<tr>\n<td><strong>Zertifizierungen<\/strong><\/td>\n<td>EN-IEC<\/td>\n<\/tr>\n<\/tbody>\n<\/table>\n<h2>Technische Informationen zum Wechselrichter-Ladeger\u00e4t Victron Multiplus 48V\/20000VA 250A-100 - PMC483200400<\/h2>\n<p><a href=\"https:\/\/fvcomponentes.com\/wp-content\/uploads\/2026\/01\/Datasheet-MultiPlus-48V-20k-ES.pdf\" target=\"_blank\" rel=\"noopener\">Datenblatt Multiplus 48V\/20000VA<\/a><\/p>\n<p><a href=\"https:\/\/fvcomponentes.com\/wp-content\/uploads\/2026\/01\/VICTRON-MULTIPLUS-230V-10KW-15KW-20KW-MANUAL-ES-1.pdf\" target=\"_blank\" rel=\"noopener\">Multiplus 48V\/20000VA Handbuch<\/a><\/p>","protected":false},"excerpt":{"rendered":"<p><span style=\"color: #ff0000\"><strong>Verf\u00fcgbar ab Oktober 2026!<\/strong><\/span><\/p>\n<p>Wechselrichter-Spitzenleistung: 25 kW\/1 min<br \/>\nWechselrichter Betriebsspannung: 48V<br \/>\nKontinuierliche Ausgangsleistung: 20 kW<br \/>\nWirkungsgrad des Wechselrichters: 96 %<br \/>\nWechselrichter Gewicht: 80Kg<br \/>\nWechselrichter Abmessungen: 61,6 x 42,2 x 35,7 cm<\/p>","protected":false},"featured_media":35791,"comment_status":"closed","ping_status":"closed","template":"","meta":{"site-sidebar-layout":"default","site-content-layout":"","ast-site-content-layout":"default","site-content-style":"default","site-sidebar-style":"default","ast-global-header-display":"","ast-banner-title-visibility":"","ast-main-header-display":"","ast-hfb-above-header-display":"","ast-hfb-below-header-display":"","ast-hfb-mobile-header-display":"","site-post-title":"","ast-breadcrumbs-content":"","ast-featured-img":"","footer-sml-layout":"","ast-disable-related-posts":"","theme-transparent-header-meta":"default","adv-header-id-meta":"","stick-header-meta":"","header-above-stick-meta":"","header-main-stick-meta":"","header-below-stick-meta":"","astra-migrate-meta-layouts":"set","ast-page-background-enabled":"default","ast-page-background-meta":{"desktop":{"background-color":"var(--ast-global-color-4)","background-image":"","background-repeat":"repeat","background-position":"center center","background-size":"auto","background-attachment":"scroll","background-type":"","background-media":"","overlay-type":"","overlay-color":"","overlay-opacity":"","overlay-gradient":""},"tablet":{"background-color":"","background-image":"","background-repeat":"repeat","background-position":"center center","background-size":"auto","background-attachment":"scroll","background-type":"","background-media":"","overlay-type":"","overlay-color":"","overlay-opacity":"","overlay-gradient":""},"mobile":{"background-color":"","background-image":"","background-repeat":"repeat","background-position":"center center","background-size":"auto","background-attachment":"scroll","background-type":"","background-media":"","overlay-type":"","overlay-color":"","overlay-opacity":"","overlay-gradient":""}},"ast-content-background-meta":{"desktop":{"background-color":"var(--ast-global-color-5)","background-image":"","background-repeat":"repeat","background-position":"center center","background-size":"auto","background-attachment":"scroll","background-type":"","background-media":"","overlay-type":"","overlay-color":"","overlay-opacity":"","overlay-gradient":""},"tablet":{"background-color":"var(--ast-global-color-5)","background-image":"","background-repeat":"repeat","background-position":"center center","background-size":"auto","background-attachment":"scroll","background-type":"","background-media":"","overlay-type":"","overlay-color":"","overlay-opacity":"","overlay-gradient":""},"mobile":{"background-color":"var(--ast-global-color-5)","background-image":"","background-repeat":"repeat","background-position":"center center","background-size":"auto","background-attachment":"scroll","background-type":"","background-media":"","overlay-type":"","overlay-color":"","overlay-opacity":"","overlay-gradient":""}}},"pwb-brand":[332],"product_brand":[],"product_cat":[333,334],"product_tag":[],"class_list":{"0":"post-35700","1":"product","2":"type-product","3":"status-publish","4":"has-post-thumbnail","6":"pwb-brand-victron","7":"product_cat-inversores","8":"product_cat-inversores-cargadores-48v","9":"desktop-align-left","10":"tablet-align-left","11":"mobile-align-left","12":"ast-product-gallery-layout-horizontal-slider","13":"ast-product-gallery-with-no-image","14":"ast-product-tabs-layout-horizontal","16":"first","17":"onbackorder","18":"taxable","19":"shipping-taxable","20":"purchasable","21":"product-type-simple"},"wcpa_form_fields":null,"brands":[{"id":332,"name":"Victron Energie","slug":"victron"}],"_links":{"self":[{"href":"https:\/\/fvcomponentes.com\/de\/wp-json\/wp\/v2\/product\/35700","targetHints":{"allow":["GET"]}}],"collection":[{"href":"https:\/\/fvcomponentes.com\/de\/wp-json\/wp\/v2\/product"}],"about":[{"href":"https:\/\/fvcomponentes.com\/de\/wp-json\/wp\/v2\/types\/product"}],"replies":[{"embeddable":true,"href":"https:\/\/fvcomponentes.com\/de\/wp-json\/wp\/v2\/comments?post=35700"}],"wp:featuredmedia":[{"embeddable":true,"href":"https:\/\/fvcomponentes.com\/de\/wp-json\/wp\/v2\/media\/35791"}],"wp:attachment":[{"href":"https:\/\/fvcomponentes.com\/de\/wp-json\/wp\/v2\/media?parent=35700"}],"wp:term":[{"taxonomy":"pwb-brand","embeddable":true,"href":"https:\/\/fvcomponentes.com\/de\/wp-json\/wp\/v2\/pwb-brand?post=35700"},{"taxonomy":"product_brand","embeddable":true,"href":"https:\/\/fvcomponentes.com\/de\/wp-json\/wp\/v2\/product_brand?post=35700"},{"taxonomy":"product_cat","embeddable":true,"href":"https:\/\/fvcomponentes.com\/de\/wp-json\/wp\/v2\/product_cat?post=35700"},{"taxonomy":"product_tag","embeddable":true,"href":"https:\/\/fvcomponentes.com\/de\/wp-json\/wp\/v2\/product_tag?post=35700"}],"curies":[{"name":"wp","href":"https:\/\/api.w.org\/{rel}","templated":true}]}}