{"id":35663,"date":"2026-01-14T11:13:51","date_gmt":"2026-01-14T10:13:51","guid":{"rendered":"https:\/\/fvcomponentes.com\/?post_type=product&#038;p=35663"},"modified":"2026-04-08T21:37:41","modified_gmt":"2026-04-08T19:37:41","slug":"wechselrichter-lader-victron-multiplus-ii-12v-4000va-160a-32-230v-pmp122405010","status":"publish","type":"product","link":"https:\/\/fvcomponentes.com\/de\/producto\/inversor-cargador-victron-multiplus-ii-12v-4000va-160a-32-230v-pmp122405010\/","title":{"rendered":"Wechselrichter-Ladeger\u00e4t Victron Multiplus II 12V\/4000VA 160A-32 230V - PMP122405010"},"content":{"rendered":"<h2>Wechselrichter-Ladeger\u00e4t Victron Multiplus II 12V\/4000VA 160A-32 230V - PMP122405010<\/h2>\n<p>Der Victron MultiPlus II 12\/4000 ist ein leistungsf\u00e4higes, vielseitiges und \u00e4u\u00dferst zuverl\u00e4ssiges Hybrid-Wechselrichter-Ladeger\u00e4t f\u00fcr die effiziente und sichere Verwaltung und Verteilung von Wechselstrom.<\/p>\n<p>Dieser Wechselrichter vereint drei wichtige Funktionen in einem einzigen Ger\u00e4t: einen Wechselrichter (12 V DC \u2192 230 V AC), ein Hochstrom-Batterieladeger\u00e4t und einen automatischen Wechselstrom-Umschalter mit USV-Funktion, der jederzeit eine kontinuierliche Stromversorgung gew\u00e4hrleistet.<\/p>\n<p>Dank seiner Robustheit und Flexibilit\u00e4t ist der MultiPlus II 12\/4000 eine ideale L\u00f6sung f\u00fcr private und professionelle Installationen sowie f\u00fcr Anwendungen auf dem Meer, f\u00fcr PV-Insell\u00f6sungen, Wohnmobile, Camper und Notstromanlagen.<\/p>\n<h2>Die wichtigsten Merkmale des Multiplus II 12\/4000<\/h2>\n<h3>Hohe Leistung<\/h3>\n<p>Das MultiPlus II liefert reinen Sinusstrom und eignet sich damit perfekt f\u00fcr die Stromversorgung empfindlicher Ger\u00e4te wie Computer, Pumpen, Haushaltsger\u00e4te und moderne Elektronik.<\/p>\n<p>Bei einem Netzausfall oder einer Generatorabschaltung schaltet der Wechselrichter innerhalb von Millisekunden automatisch in den Batteriebetrieb um, ohne dass es zu sp\u00fcrbaren Ausf\u00e4llen kommt, so dass der kontinuierliche Betrieb der angeschlossenen Ger\u00e4te gew\u00e4hrleistet ist (USV-Funktion).<\/p>\n<h3>Intelligentes Ladeger\u00e4t<\/h3>\n<p>Dieses Multiplus II verf\u00fcgt \u00fcber ein intelligentes, adaptives Batterieladeger\u00e4t, das in der Lage ist, die Ladeprofile automatisch an den Zustand und den Typ der Batteriebank anzupassen, um die Leistung zu maximieren und die Lebensdauer der Batterie zu verl\u00e4ngern.<\/p>\n<p>Dar\u00fcber hinaus erm\u00f6glicht es das Laden von Zusatzbatterien, wie z. B. Starterbatterien oder Sekund\u00e4rsystemen.<\/p>\n<h3>PowerControl<\/h3>\n<p>Die PowerControl-Funktion verhindert eine \u00dcberlastung des Netzes oder des Generators.<\/p>\n<p>Das System regelt die Batterieladung auf intelligente Weise, wenn der Wechselstrombedarf den eingestellten Grenzwert \u00fcberschreitet, und gew\u00e4hrleistet so eine sichere und effiziente Nutzung der verf\u00fcgbaren Energie.<\/p>\n<h3>PowerAssist<\/h3>\n<p>Dank PowerAssist kann das Multiplus II 12\/4000 bei hohem Bedarf die Hauptstromversorgung mit Batteriestrom unterst\u00fctzen und so Verbrauchsspitzen bew\u00e4ltigen, ohne dass Schutzvorrichtungen ausgel\u00f6st werden oder die Installation beeintr\u00e4chtigt wird.<\/p>\n<h3>Ausbauf\u00e4hig und skalierbar<\/h3>\n<p>Dieses Wechselrichter-Ladeger\u00e4t kann parallel mit anderen MultiPlus II Wechselrichter-Ladeger\u00e4ten betrieben werden, um die verf\u00fcgbare Leistung zu erh\u00f6hen, oder es kann in dreiphasigen Systemen konfiguriert werden und bietet so eine skalierbare L\u00f6sung f\u00fcr private und industrielle Installationen.<\/p>\n<h3>Kompatibilit\u00e4t<\/h3>\n<p>Das MultiPlus II ist mit praktisch allen auf dem Markt befindlichen 12-V-Batterien kompatibel. Seine gro\u00dfe Konfigurationsflexibilit\u00e4t erm\u00f6glicht eine einfache Anpassung an Batterien unterschiedlicher Technologien, wie Blei-S\u00e4ure, AGM, Gel oder Lithium.<\/p>\n<h2>Vorteile des Multiplus II 12\/4000<\/h2>\n<p>Das Multiplus II 12V\/4000Va Wechselrichter-Ladeger\u00e4t bietet zahlreiche Vorteile:<\/p>\n<ul>\n<li><strong>Unterbrechungsfreie Stromversorgung (USV):<\/strong> Automatische Umschaltung in weniger als 20 ms.<\/li>\n<li><strong>Hohe Energieeffizienz:<\/strong> Optimiert die Nutzung der Batterien und reduziert die Verluste.<\/li>\n<li><strong>Doppelter AC-Ausgang:<\/strong> Erm\u00f6glicht die Trennung von kritischen und unkritischen Lasten.<\/li>\n<li><strong>Fortschrittliches Energiemanagement:<\/strong> PowerControl und PowerAssist sch\u00fctzen begrenzte Stromversorgungen.<\/li>\n<li><strong>Skalierbares System:<\/strong> Parallel- oder Dreiphasenanschluss m\u00f6glich.<\/li>\n<li><strong>Integration von Solaranlagen und ESS:<\/strong> Vollst\u00e4ndig kompatibel mit Victron Solarreglern und Energiespeichersystemen.<\/li>\n<\/ul>\n<h2>Technische Daten des Wechselrichter-Ladeger\u00e4ts Victron Multiplus II 12V\/4000VA 160A-32 230V - PMP122405010<\/h2>\n<table>\n<thead>\n<tr>\n<th>Merkmal<\/th>\n<th>Wert<\/th>\n<\/tr>\n<\/thead>\n<tbody>\n<tr>\n<td><strong>Nennspannung<\/strong><\/td>\n<td>12 V<\/td>\n<\/tr>\n<tr>\n<td><strong>Strom\u00a0<\/strong><\/td>\n<td>4000 VA<\/td>\n<\/tr>\n<tr>\n<td><strong>Maximaler Laststrom<\/strong><\/td>\n<td>160 A<\/td>\n<\/tr>\n<tr>\n<td><strong>Maximaler AC-Strom<\/strong><\/td>\n<td>32 A<\/td>\n<\/tr>\n<tr>\n<td><strong>UPS \u00dcbertragungsrate<\/strong><\/td>\n<td>20 ms<\/td>\n<\/tr>\n<tr>\n<td><strong>Funktionen<\/strong><\/td>\n<td>PowerControl, PowerAssist<\/td>\n<\/tr>\n<tr>\n<td><strong>Ausgangswelle<\/strong><\/td>\n<td>Rein sinusf\u00f6rmig<\/td>\n<\/tr>\n<tr>\n<td><strong>IP-Schutz<\/strong><\/td>\n<td>IP22<\/td>\n<\/tr>\n<tr>\n<td><strong>Arbeitstemperatur<\/strong><\/td>\n<td>-40 \u00b0C bis +65 \u00b0C<\/td>\n<\/tr>\n<tr>\n<td><strong>Montage<\/strong><\/td>\n<td>Starre Oberfl\u00e4che<\/td>\n<\/tr>\n<tr>\n<td><strong>Abmessungen<\/strong><\/td>\n<td>576 \u00d7 276 \u00d7 164 mm<\/td>\n<\/tr>\n<tr>\n<td><strong>Gewicht<\/strong><\/td>\n<td>22 kg<\/td>\n<\/tr>\n<tr>\n<td><strong>Entspricht den Vorschriften<\/strong><\/td>\n<td>Anwendbare IEC\/EN-Sicherheits- und EMV-Normen<\/td>\n<\/tr>\n<\/tbody>\n<\/table>\n<h2>Technische Informationen \u00fcber das Wechselrichter-Ladeger\u00e4t Victron Multiplus II 12V\/4000VA 160A-32 230V - PMP122405010<\/h2>\n<p><a href=\"https:\/\/fvcomponentes.com\/wp-content\/uploads\/2026\/01\/32424-MultiPlus-II___Quattro-II-pdf_compressed-1-1.pdf\" target=\"_blank\" rel=\"noopener\">Multiplus II 12V\/4000VA Datenblatt<\/a><\/p>\n<p><a href=\"https:\/\/fvcomponentes.com\/wp-content\/uploads\/2026\/01\/32424-MultiPlus-II___Quattro-II-pdf_compressed-1.pdf\" target=\"_blank\" rel=\"noopener\">Multiplus II 12V\/4000VA Handbuch<\/a><\/p>","protected":false},"excerpt":{"rendered":"<p><strong><span style=\"color: #ff0000\">Verf\u00fcgbar ab M\u00e4rz!<\/span><\/strong><\/p>\n<p><strong><span style=\"color: #ff9900\">Bilder zur Anleitung<\/span><\/strong><\/p>\n<p>Wechselrichter-Spitzenleistung: 6000W<br \/>\nWechselrichter Betriebsspannung: 12V<br \/>\nKontinuierliche Leistungsabgabe: 3,4 kW<br \/>\nWirkungsgrad des Wechselrichters: 93 %<br \/>\nWechselrichter Gewicht: 22Kg<br \/>\nAbmessungen des Wechselrichters: 576 x 276 x 164 mm<\/p>","protected":false},"featured_media":35945,"comment_status":"closed","ping_status":"closed","template":"","meta":{"site-sidebar-layout":"default","site-content-layout":"","ast-site-content-layout":"default","site-content-style":"default","site-sidebar-style":"default","ast-global-header-display":"","ast-banner-title-visibility":"","ast-main-header-display":"","ast-hfb-above-header-display":"","ast-hfb-below-header-display":"","ast-hfb-mobile-header-display":"","site-post-title":"","ast-breadcrumbs-content":"","ast-featured-img":"","footer-sml-layout":"","ast-disable-related-posts":"","theme-transparent-header-meta":"default","adv-header-id-meta":"","stick-header-meta":"","header-above-stick-meta":"","header-main-stick-meta":"","header-below-stick-meta":"","astra-migrate-meta-layouts":"set","ast-page-background-enabled":"default","ast-page-background-meta":{"desktop":{"background-color":"var(--ast-global-color-4)","background-image":"","background-repeat":"repeat","background-position":"center center","background-size":"auto","background-attachment":"scroll","background-type":"","background-media":"","overlay-type":"","overlay-color":"","overlay-opacity":"","overlay-gradient":""},"tablet":{"background-color":"","background-image":"","background-repeat":"repeat","background-position":"center center","background-size":"auto","background-attachment":"scroll","background-type":"","background-media":"","overlay-type":"","overlay-color":"","overlay-opacity":"","overlay-gradient":""},"mobile":{"background-color":"","background-image":"","background-repeat":"repeat","background-position":"center center","background-size":"auto","background-attachment":"scroll","background-type":"","background-media":"","overlay-type":"","overlay-color":"","overlay-opacity":"","overlay-gradient":""}},"ast-content-background-meta":{"desktop":{"background-color":"var(--ast-global-color-5)","background-image":"","background-repeat":"repeat","background-position":"center center","background-size":"auto","background-attachment":"scroll","background-type":"","background-media":"","overlay-type":"","overlay-color":"","overlay-opacity":"","overlay-gradient":""},"tablet":{"background-color":"var(--ast-global-color-5)","background-image":"","background-repeat":"repeat","background-position":"center center","background-size":"auto","background-attachment":"scroll","background-type":"","background-media":"","overlay-type":"","overlay-color":"","overlay-opacity":"","overlay-gradient":""},"mobile":{"background-color":"var(--ast-global-color-5)","background-image":"","background-repeat":"repeat","background-position":"center center","background-size":"auto","background-attachment":"scroll","background-type":"","background-media":"","overlay-type":"","overlay-color":"","overlay-opacity":"","overlay-gradient":""}}},"pwb-brand":[332],"product_brand":[],"product_cat":[333,388],"product_tag":[],"class_list":{"0":"post-35663","1":"product","2":"type-product","3":"status-publish","4":"has-post-thumbnail","6":"pwb-brand-victron","7":"product_cat-inversores","8":"product_cat-inversores-cargadores-12v","9":"desktop-align-left","10":"tablet-align-left","11":"mobile-align-left","12":"ast-product-gallery-layout-horizontal-slider","13":"ast-product-tabs-layout-horizontal","15":"first","16":"onbackorder","17":"taxable","18":"shipping-taxable","19":"purchasable","20":"product-type-simple"},"wcpa_form_fields":null,"brands":[{"id":332,"name":"Victron Energie","slug":"victron"}],"_links":{"self":[{"href":"https:\/\/fvcomponentes.com\/de\/wp-json\/wp\/v2\/product\/35663","targetHints":{"allow":["GET"]}}],"collection":[{"href":"https:\/\/fvcomponentes.com\/de\/wp-json\/wp\/v2\/product"}],"about":[{"href":"https:\/\/fvcomponentes.com\/de\/wp-json\/wp\/v2\/types\/product"}],"replies":[{"embeddable":true,"href":"https:\/\/fvcomponentes.com\/de\/wp-json\/wp\/v2\/comments?post=35663"}],"wp:featuredmedia":[{"embeddable":true,"href":"https:\/\/fvcomponentes.com\/de\/wp-json\/wp\/v2\/media\/35945"}],"wp:attachment":[{"href":"https:\/\/fvcomponentes.com\/de\/wp-json\/wp\/v2\/media?parent=35663"}],"wp:term":[{"taxonomy":"pwb-brand","embeddable":true,"href":"https:\/\/fvcomponentes.com\/de\/wp-json\/wp\/v2\/pwb-brand?post=35663"},{"taxonomy":"product_brand","embeddable":true,"href":"https:\/\/fvcomponentes.com\/de\/wp-json\/wp\/v2\/product_brand?post=35663"},{"taxonomy":"product_cat","embeddable":true,"href":"https:\/\/fvcomponentes.com\/de\/wp-json\/wp\/v2\/product_cat?post=35663"},{"taxonomy":"product_tag","embeddable":true,"href":"https:\/\/fvcomponentes.com\/de\/wp-json\/wp\/v2\/product_tag?post=35663"}],"curies":[{"name":"wp","href":"https:\/\/api.w.org\/{rel}","templated":true}]}}