{"id":35642,"date":"2026-01-29T20:33:37","date_gmt":"2026-01-29T19:33:37","guid":{"rendered":"https:\/\/fvcomponentes.com\/?post_type=product&#038;p=35642"},"modified":"2026-02-06T14:51:09","modified_gmt":"2026-02-06T13:51:09","slug":"magnetotherm1-pol-125a-80vdc-projoy-pebs-l-125-17-01peb0410","status":"publish","type":"product","link":"https:\/\/fvcomponentes.com\/de\/producto\/magnetotermico1-polo-125a-80vcc-projoy-pebs-l-125-17-01peb0410\/","title":{"rendered":"Schutzschalter 1-polig 125A 80VDC Projoy PEBS-L-125 - 17.01PEB0410"},"content":{"rendered":"<h2>Leitungsschutzschalter PEBS-L-125 1P 125A 80VDC Projoy - 17.01PEB0410<\/h2>\n<p>Der PEBS-L-125 von Projoy ist ein magnetothermischer Miniatur-Leistungsschalter (MCB), der f\u00fcr Gleichstromsysteme (DC) entwickelt wurde. Seine Hauptfunktion ist der Schutz von Stromkreisen vor \u00dcberlastungen und Kurzschl\u00fcssen, insbesondere bei Solar-Photovoltaik-Anwendungen, Batterien, Speichern und Gleichstromsystemen im Allgemeinen.<\/p>\n<h2>Merkmale des Projoy-Leistungsschalters PEBS-L-125<\/h2>\n<ul>\n<li>Nennstrom: 125A<\/li>\n<li>Pole: 1P<\/li>\n<li>Nennspannung: 80VDC<\/li>\n<li>Isolationsspannung: 500V<\/li>\n<li>Ausschaltverm\u00f6gen: 10000A<\/li>\n<li>Ausl\u00f6setechnologie: Thermisch-magnetisch<\/li>\n<li>Nenn-Sto\u00dfspannung: 6kV<\/li>\n<li>Maximales Kurzschlussausschaltverm\u00f6gen Icu: 10 kA<\/li>\n<li>Bemessungsbetriebskurzschlussausschaltverm\u00f6gen Ics: 7,5 kA<\/li>\n<li>Grad der Verschmutzung: 3<\/li>\n<li>Elektrische Lebensdauer: 1000<\/li>\n<li>Mechanische Lebensdauer: 10000<\/li>\n<li>Schutzart: IP40; Anschlussklemme IP20<\/li>\n<li>Umgebungstemperatur: -30\u2103 - +70\u2103<\/li>\n<li>Lagertemperatur: -40\u2103 - +85\u2103<\/li>\n<li>Montage: 35 mm DIN-Schiene<\/li>\n<li>Physikalische Anzeigen: In der Regel ein sichtbarer Griff f\u00fcr den EIN\/AUS-Status und ein Standard-Ausl\u00f6sesignal.<\/li>\n<li>Geh\u00e4usematerial: Flammenhemmendes und hitzebest\u00e4ndiges Material.<\/li>\n<\/ul>\n<h2>Technische Daten des Leistungsschalters PEBS-L-125 1P 125A 80VDC Projoy - 17.01PEB0410<\/h2>\n<p><a href=\"https:\/\/fvcomponentes.com\/wp-content\/uploads\/2026\/01\/breaker-dc-projoy-1p-80v-63-80-100-125a.pdf\" target=\"_blank\" rel=\"noopener\">Datenblatt des PEBS-L-125 Leistungsschalters <\/a><\/p>","protected":false},"excerpt":{"rendered":"<ul>\n<li>Polarit\u00e4tsfreie Ausf\u00fchrung, 1P<\/li>\n<li>Die elektrische Lebensdauer kann bis zu 1500 Mal betragen<\/li>\n<li>Ics\u22656KA<\/li>\n<li>Unterst\u00fctzte Umgebungstemperatur: 30\u2103 ~+70\u2103<\/li>\n<li>Entspricht den ROHS- und REACH-Umweltschutzbestimmungen.<\/li>\n<li>TUV-, CE-, CB-, UL- und SAA-Zertifizierung<\/li>\n<\/ul>","protected":false},"featured_media":35650,"comment_status":"closed","ping_status":"closed","template":"","meta":{"site-sidebar-layout":"default","site-content-layout":"","ast-site-content-layout":"default","site-content-style":"default","site-sidebar-style":"default","ast-global-header-display":"","ast-banner-title-visibility":"","ast-main-header-display":"","ast-hfb-above-header-display":"","ast-hfb-below-header-display":"","ast-hfb-mobile-header-display":"","site-post-title":"","ast-breadcrumbs-content":"","ast-featured-img":"","footer-sml-layout":"","ast-disable-related-posts":"","theme-transparent-header-meta":"default","adv-header-id-meta":"","stick-header-meta":"","header-above-stick-meta":"","header-main-stick-meta":"","header-below-stick-meta":"","astra-migrate-meta-layouts":"set","ast-page-background-enabled":"default","ast-page-background-meta":{"desktop":{"background-color":"var(--ast-global-color-4)","background-image":"","background-repeat":"repeat","background-position":"center center","background-size":"auto","background-attachment":"scroll","background-type":"","background-media":"","overlay-type":"","overlay-color":"","overlay-opacity":"","overlay-gradient":""},"tablet":{"background-color":"","background-image":"","background-repeat":"repeat","background-position":"center center","background-size":"auto","background-attachment":"scroll","background-type":"","background-media":"","overlay-type":"","overlay-color":"","overlay-opacity":"","overlay-gradient":""},"mobile":{"background-color":"","background-image":"","background-repeat":"repeat","background-position":"center center","background-size":"auto","background-attachment":"scroll","background-type":"","background-media":"","overlay-type":"","overlay-color":"","overlay-opacity":"","overlay-gradient":""}},"ast-content-background-meta":{"desktop":{"background-color":"var(--ast-global-color-5)","background-image":"","background-repeat":"repeat","background-position":"center center","background-size":"auto","background-attachment":"scroll","background-type":"","background-media":"","overlay-type":"","overlay-color":"","overlay-opacity":"","overlay-gradient":""},"tablet":{"background-color":"var(--ast-global-color-5)","background-image":"","background-repeat":"repeat","background-position":"center center","background-size":"auto","background-attachment":"scroll","background-type":"","background-media":"","overlay-type":"","overlay-color":"","overlay-opacity":"","overlay-gradient":""},"mobile":{"background-color":"var(--ast-global-color-5)","background-image":"","background-repeat":"repeat","background-position":"center center","background-size":"auto","background-attachment":"scroll","background-type":"","background-media":"","overlay-type":"","overlay-color":"","overlay-opacity":"","overlay-gradient":""}}},"pwb-brand":[1019],"product_brand":[],"product_cat":[410,990],"product_tag":[],"class_list":{"0":"post-35642","1":"product","2":"type-product","3":"status-publish","4":"has-post-thumbnail","6":"pwb-brand-projoy","7":"product_cat-material-electrico","8":"product_cat-magnetotermicos","9":"desktop-align-left","10":"tablet-align-left","11":"mobile-align-left","12":"ast-product-gallery-layout-horizontal-slider","13":"ast-product-gallery-with-no-image","14":"ast-product-tabs-layout-horizontal","16":"first","17":"instock","18":"taxable","19":"shipping-taxable","20":"purchasable","21":"product-type-simple"},"wcpa_form_fields":null,"brands":[{"id":1019,"name":"ProJoy Elektrische Schutzeinrichtungen","slug":"projoy"}],"_links":{"self":[{"href":"https:\/\/fvcomponentes.com\/de\/wp-json\/wp\/v2\/product\/35642","targetHints":{"allow":["GET"]}}],"collection":[{"href":"https:\/\/fvcomponentes.com\/de\/wp-json\/wp\/v2\/product"}],"about":[{"href":"https:\/\/fvcomponentes.com\/de\/wp-json\/wp\/v2\/types\/product"}],"replies":[{"embeddable":true,"href":"https:\/\/fvcomponentes.com\/de\/wp-json\/wp\/v2\/comments?post=35642"}],"wp:featuredmedia":[{"embeddable":true,"href":"https:\/\/fvcomponentes.com\/de\/wp-json\/wp\/v2\/media\/35650"}],"wp:attachment":[{"href":"https:\/\/fvcomponentes.com\/de\/wp-json\/wp\/v2\/media?parent=35642"}],"wp:term":[{"taxonomy":"pwb-brand","embeddable":true,"href":"https:\/\/fvcomponentes.com\/de\/wp-json\/wp\/v2\/pwb-brand?post=35642"},{"taxonomy":"product_brand","embeddable":true,"href":"https:\/\/fvcomponentes.com\/de\/wp-json\/wp\/v2\/product_brand?post=35642"},{"taxonomy":"product_cat","embeddable":true,"href":"https:\/\/fvcomponentes.com\/de\/wp-json\/wp\/v2\/product_cat?post=35642"},{"taxonomy":"product_tag","embeddable":true,"href":"https:\/\/fvcomponentes.com\/de\/wp-json\/wp\/v2\/product_tag?post=35642"}],"curies":[{"name":"wp","href":"https:\/\/api.w.org\/{rel}","templated":true}]}}