{"id":35633,"date":"2026-01-29T20:34:30","date_gmt":"2026-01-29T19:34:30","guid":{"rendered":"https:\/\/fvcomponentes.com\/?post_type=product&#038;p=35633"},"modified":"2026-02-06T14:51:02","modified_gmt":"2026-02-06T13:51:02","slug":"magnetothermischer-schutzschalter-1-pol-16a-250vdc-projoy-pebs-h-63-17-01peb0013","status":"publish","type":"product","link":"https:\/\/fvcomponentes.com\/de\/producto\/magnetotermico-1-polo-16a-250vcc-projoy-pebs-h-63-17-01peb0013\/","title":{"rendered":"Leitungsschutzschalter 1-polig 16A 250VDC Projoy - PEBS-H-63 - 17.01PEB0013"},"content":{"rendered":"<h2>Leitungsschutzschalter PEBS-H-63 1P 16A 250VDC Projoy - 17.01PEB0013<\/h2>\n<p>Der PEBS-H-63 von Projoy ist ein magnetothermischer Miniatur-Leistungsschalter (MCB) zum Schutz von Gleichstromkreisen vor \u00dcberlast und Kurzschluss, insbesondere in Photovoltaikanlagen, Energiespeichern und Solarsystemen.<\/p>\n<h2>Merkmale des Projoy-Leistungsschalters PEBS-H-63<\/h2>\n<ul>\n<li>Nennstrom: 16A<\/li>\n<li>Pole: 1P<\/li>\n<li>Nennspannung: 250VDC<\/li>\n<li>Isolationsspannung: 1000V<\/li>\n<li>Ausschaltverm\u00f6gen: 6000A<\/li>\n<li>Ausl\u00f6setechnologie: Thermisch-magnetisch<\/li>\n<li>Nenn-Sto\u00dfspannung: 6kV<\/li>\n<li>Grad der Verschmutzung: 3<\/li>\n<li>Elektrische Lebensdauer: 1000<\/li>\n<li>Mechanische Lebensdauer: 10000<\/li>\n<li>Schutzart: IP40; Anschlussklemme IP20<\/li>\n<li>Umgebungstemperatur: -30\u2103 - +70\u2103<\/li>\n<li>Lagertemperatur: -40\u2103 - +85\u2103<\/li>\n<li>Montage: Ausgelegt f\u00fcr 35 mm DIN-Schienenmontage<\/li>\n<li>Physikalische Anzeigen: In der Regel ein sichtbarer Griff f\u00fcr den EIN\/AUS-Status und ein Standard-Ausl\u00f6sesignal.<\/li>\n<li>Geh\u00e4usematerial: Thermoplast, selbstverl\u00f6schend, schlagfest und hitzebest\u00e4ndig.<\/li>\n<\/ul>\n<h2>Technische Daten des Leistungsschalters PEBS-H-63 1P 16A 250VDC Projoy - 17.01PEB0013<\/h2>\n<p><a href=\"https:\/\/fvcomponentes.com\/wp-content\/uploads\/2026\/01\/Datasheet_PEBS-H-63-DC-Miniature-Circuit-BreakerV202308250V.pdf\" target=\"_blank\" rel=\"noopener\">PEBS-H-63 Leistungsschalter technisches Datenblatt auf Englisch<\/a><\/p>\n<p><a href=\"https:\/\/fvcomponentes.com\/wp-content\/uploads\/2026\/01\/BREAKER-DC-10A-63A-PROJOY-Espanol.pdf\" target=\"_blank\" rel=\"noopener\">PEBS-H-63 Leistungsschalter technisches Datenblatt auf Englisch<\/a><\/p>","protected":false},"excerpt":{"rendered":"<ul>\n<li>Polarit\u00e4tsfreie Ausf\u00fchrung, 1P<\/li>\n<li>Die elektrische Lebensdauer kann bis zu 1500 Mal betragen<\/li>\n<li>Ics\u22656KA<\/li>\n<li>Unterst\u00fctzte Umgebungstemperatur: 30\u2103 ~+70\u2103<\/li>\n<li>Entspricht den ROHS- und REACH-Umweltschutzbestimmungen.<\/li>\n<li>TUV-, CE-, CB-, UL- und SAA-Zertifizierung<\/li>\n<\/ul>","protected":false},"featured_media":35641,"comment_status":"closed","ping_status":"closed","template":"","meta":{"site-sidebar-layout":"default","site-content-layout":"","ast-site-content-layout":"default","site-content-style":"default","site-sidebar-style":"default","ast-global-header-display":"","ast-banner-title-visibility":"","ast-main-header-display":"","ast-hfb-above-header-display":"","ast-hfb-below-header-display":"","ast-hfb-mobile-header-display":"","site-post-title":"","ast-breadcrumbs-content":"","ast-featured-img":"","footer-sml-layout":"","ast-disable-related-posts":"","theme-transparent-header-meta":"default","adv-header-id-meta":"","stick-header-meta":"","header-above-stick-meta":"","header-main-stick-meta":"","header-below-stick-meta":"","astra-migrate-meta-layouts":"set","ast-page-background-enabled":"default","ast-page-background-meta":{"desktop":{"background-color":"var(--ast-global-color-4)","background-image":"","background-repeat":"repeat","background-position":"center center","background-size":"auto","background-attachment":"scroll","background-type":"","background-media":"","overlay-type":"","overlay-color":"","overlay-opacity":"","overlay-gradient":""},"tablet":{"background-color":"","background-image":"","background-repeat":"repeat","background-position":"center center","background-size":"auto","background-attachment":"scroll","background-type":"","background-media":"","overlay-type":"","overlay-color":"","overlay-opacity":"","overlay-gradient":""},"mobile":{"background-color":"","background-image":"","background-repeat":"repeat","background-position":"center center","background-size":"auto","background-attachment":"scroll","background-type":"","background-media":"","overlay-type":"","overlay-color":"","overlay-opacity":"","overlay-gradient":""}},"ast-content-background-meta":{"desktop":{"background-color":"var(--ast-global-color-5)","background-image":"","background-repeat":"repeat","background-position":"center center","background-size":"auto","background-attachment":"scroll","background-type":"","background-media":"","overlay-type":"","overlay-color":"","overlay-opacity":"","overlay-gradient":""},"tablet":{"background-color":"var(--ast-global-color-5)","background-image":"","background-repeat":"repeat","background-position":"center center","background-size":"auto","background-attachment":"scroll","background-type":"","background-media":"","overlay-type":"","overlay-color":"","overlay-opacity":"","overlay-gradient":""},"mobile":{"background-color":"var(--ast-global-color-5)","background-image":"","background-repeat":"repeat","background-position":"center center","background-size":"auto","background-attachment":"scroll","background-type":"","background-media":"","overlay-type":"","overlay-color":"","overlay-opacity":"","overlay-gradient":""}}},"pwb-brand":[1019],"product_brand":[],"product_cat":[990,410],"product_tag":[],"class_list":{"0":"post-35633","1":"product","2":"type-product","3":"status-publish","4":"has-post-thumbnail","6":"pwb-brand-projoy","7":"product_cat-magnetotermicos","8":"product_cat-material-electrico","9":"desktop-align-left","10":"tablet-align-left","11":"mobile-align-left","12":"ast-product-gallery-layout-horizontal-slider","13":"ast-product-tabs-layout-horizontal","15":"first","16":"instock","17":"taxable","18":"shipping-taxable","19":"purchasable","20":"product-type-simple"},"wcpa_form_fields":null,"brands":[{"id":1019,"name":"ProJoy Elektrische Schutzeinrichtungen","slug":"projoy"}],"_links":{"self":[{"href":"https:\/\/fvcomponentes.com\/de\/wp-json\/wp\/v2\/product\/35633","targetHints":{"allow":["GET"]}}],"collection":[{"href":"https:\/\/fvcomponentes.com\/de\/wp-json\/wp\/v2\/product"}],"about":[{"href":"https:\/\/fvcomponentes.com\/de\/wp-json\/wp\/v2\/types\/product"}],"replies":[{"embeddable":true,"href":"https:\/\/fvcomponentes.com\/de\/wp-json\/wp\/v2\/comments?post=35633"}],"wp:featuredmedia":[{"embeddable":true,"href":"https:\/\/fvcomponentes.com\/de\/wp-json\/wp\/v2\/media\/35641"}],"wp:attachment":[{"href":"https:\/\/fvcomponentes.com\/de\/wp-json\/wp\/v2\/media?parent=35633"}],"wp:term":[{"taxonomy":"pwb-brand","embeddable":true,"href":"https:\/\/fvcomponentes.com\/de\/wp-json\/wp\/v2\/pwb-brand?post=35633"},{"taxonomy":"product_brand","embeddable":true,"href":"https:\/\/fvcomponentes.com\/de\/wp-json\/wp\/v2\/product_brand?post=35633"},{"taxonomy":"product_cat","embeddable":true,"href":"https:\/\/fvcomponentes.com\/de\/wp-json\/wp\/v2\/product_cat?post=35633"},{"taxonomy":"product_tag","embeddable":true,"href":"https:\/\/fvcomponentes.com\/de\/wp-json\/wp\/v2\/product_tag?post=35633"}],"curies":[{"name":"wp","href":"https:\/\/api.w.org\/{rel}","templated":true}]}}