{"id":35619,"date":"2026-01-29T20:44:20","date_gmt":"2026-01-29T19:44:20","guid":{"rendered":"https:\/\/fvcomponentes.com\/?post_type=product&#038;p=35619"},"modified":"2026-04-10T18:23:01","modified_gmt":"2026-04-10T16:23:01","slug":"einphasiges-elektroautoladekabel-74kw-typ-2-5m-304001615","status":"publish","type":"product","link":"https:\/\/fvcomponentes.com\/de\/producto\/cable-carga-coche-electrico-monofasico-74kw-tipo-2-5m-304001615\/","title":{"rendered":"Einphasiges Elektroauto-Ladekabel 7,4kW Typ 2 5m - 304001615"},"content":{"rendered":"<h2>Einphasiges Elektroauto-Ladekabel 7,4kW Typ 2 5m - 304001615<\/h2>\n<p>Dieses Ladekabel ist f\u00fcr das Aufladen von Elektrofahrzeugen und Plug-in-Hybridfahrzeugen mit Wechselstrom (AC) gem\u00e4\u00df der europ\u00e4ischen Norm Typ 2 (IEC 62196-2) an beiden Enden ausgelegt.<\/p>\n<p>Das einphasige 7,4-kW-Ladekabel des Typs 2 hat eine L\u00e4nge von 5 Metern, was eine gute Reichweite zwischen der Ladestation und dem Fahrzeug gew\u00e4hrleistet.<\/p>\n<p>Au\u00dferdem ist er aus flexiblen und widerstandsf\u00e4higen Materialien gefertigt, die eine einfache Handhabung im Alltag erm\u00f6glichen.<\/p>\n<h2>Eigenschaften des Ladekabels<\/h2>\n<h3>Verwendung und Kompatibilit\u00e4t<\/h3>\n<p>Dieses Kabel ist mit den meisten europ\u00e4ischen Elektroautos und h\u00e4uslichen oder \u00f6ffentlichen Ladestationen kompatibel, die diesen Standard akzeptieren, und ist f\u00fcr h\u00e4usliche oder gewerbliche Installationen mit typischem einphasigem (230 V) Netzstrom vorgesehen.<\/p>\n<p>Es hat eine Nennleistung von bis zu 7,4 kW, was ein relativ schnelles und effizientes Aufladen erm\u00f6glicht und eine einphasige 32-A-Haushaltsinstallation optimal ausnutzt.<\/p>\n<h3>Langlebigkeit und Au\u00dfeneinsatz<\/h3>\n<p>Das Kabel und die Steckverbinder sind f\u00fcr den t\u00e4glichen Gebrauch ausgelegt und widerstehen den typischen Umgebungsbedingungen (Temperaturen von Minusgraden bis zu warmen Umgebungen) sowie einem gewissen Schutz vor Staub und Spritzwasser.<\/p>\n<p>Dar\u00fcber hinaus kann es aufgrund seiner Robustheit sowohl in Innen- als auch in Au\u00dfengaragen eingesetzt werden (verwindungssteif und verschlei\u00dffest bei h\u00e4ufigem Gebrauch).<\/p>\n<h2>Vorteile des Ladekabels<\/h2>\n<ul>\n<li>Erm\u00f6glicht das Aufladen Ihres Fahrzeugs, sofern die Ladestation und das Fahrzeug \u00fcber einen Typ-2-Anschluss verf\u00fcgen.<\/li>\n<li>Ideal f\u00fcr den h\u00e4uslichen und st\u00e4dtischen Gebrauch, sowohl in Garagen als auch an halb-\u00f6ffentlichen Bahnh\u00f6fen.<\/li>\n<li>Ausgewogenes Design zwischen L\u00e4nge, Flexibilit\u00e4t und St\u00e4rke<\/li>\n<\/ul>\n<h2>Technische Daten des einphasigen Elektroauto-Ladekabels 7,4kW Typ 2 5m - 304001615<\/h2>\n<table>\n<thead>\n<tr>\n<th><strong>Technische Daten<\/strong><\/th>\n<th><strong>Einzelheiten<\/strong><\/th>\n<\/tr>\n<\/thead>\n<tbody>\n<tr>\n<td><strong>Modell<\/strong><\/td>\n<td>Einphasig 7,4kW Typ 2 5m Ladekabel<\/td>\n<\/tr>\n<tr>\n<td><strong>Referenz<\/strong><\/td>\n<td>304001615<\/td>\n<\/tr>\n<tr>\n<td><strong>Steckverbinder<\/strong><\/td>\n<td>Typ 2 (IEC 62196-2) - beide Enden<\/td>\n<\/tr>\n<tr>\n<td><strong>Auflade-Modus<\/strong><\/td>\n<td>Modus 3<\/td>\n<\/tr>\n<tr>\n<td><strong>Phasen<\/strong><\/td>\n<td>Einphasig (1 Phase)<\/td>\n<\/tr>\n<tr>\n<td><strong>Maximale Leistung<\/strong><\/td>\n<td>7,4 kW<\/td>\n<\/tr>\n<tr>\n<td><strong>Maximaler Strom<\/strong><\/td>\n<td>32 A<\/td>\n<\/tr>\n<tr>\n<td><strong>Nennspannung<\/strong><\/td>\n<td>230 V AC einphasig<\/td>\n<\/tr>\n<tr>\n<td><strong>L\u00e4nge des Kabels<\/strong><\/td>\n<td>5 Meter<\/td>\n<\/tr>\n<tr>\n<td><strong>Betriebstemperatur<\/strong><\/td>\n<td>Ungef\u00e4hr -30 \u00b0C bis +50 \u00b0C<\/td>\n<\/tr>\n<tr>\n<td><strong>Grad des Schutzes<\/strong><\/td>\n<td>IP44\/IP54<\/td>\n<\/tr>\n<tr>\n<td><strong>Material der Kabel<\/strong><\/td>\n<td>Flexibles Kabel (knickfest und UV-best\u00e4ndig)<\/td>\n<\/tr>\n<tr>\n<td><strong>Vorschriften\/Normen<\/strong><\/td>\n<td>IEC 62196-2 \/ EC<\/td>\n<\/tr>\n<tr>\n<td><strong>Ungef\u00e4hres Gewicht<\/strong><\/td>\n<td>2,55 kg<\/td>\n<\/tr>\n<\/tbody>\n<\/table>","protected":false},"excerpt":{"rendered":"<ul>\n<li>Marke: Autel<\/li>\n<li>Phase: Einphasig<\/li>\n<li>Maximale Leistung: 7,4 kW<\/li>\n<li>Kategorie: Kabel Typ 2<\/li>\n<li>Kabel: 5 Meter<\/li>\n<li>DC-Leckage-Erkennung: Nein<\/li>\n<li>Abmessungen: 39 x 39 x 9 cm<\/li>\n<li>Gewicht: 2,55 kg<\/li>\n<\/ul>","protected":false},"featured_media":35621,"comment_status":"closed","ping_status":"closed","template":"","meta":{"site-sidebar-layout":"default","site-content-layout":"","ast-site-content-layout":"default","site-content-style":"default","site-sidebar-style":"default","ast-global-header-display":"","ast-banner-title-visibility":"","ast-main-header-display":"","ast-hfb-above-header-display":"","ast-hfb-below-header-display":"","ast-hfb-mobile-header-display":"","site-post-title":"","ast-breadcrumbs-content":"","ast-featured-img":"","footer-sml-layout":"","ast-disable-related-posts":"","theme-transparent-header-meta":"default","adv-header-id-meta":"","stick-header-meta":"","header-above-stick-meta":"","header-main-stick-meta":"","header-below-stick-meta":"","astra-migrate-meta-layouts":"set","ast-page-background-enabled":"default","ast-page-background-meta":{"desktop":{"background-color":"var(--ast-global-color-4)","background-image":"","background-repeat":"repeat","background-position":"center center","background-size":"auto","background-attachment":"scroll","background-type":"","background-media":"","overlay-type":"","overlay-color":"","overlay-opacity":"","overlay-gradient":""},"tablet":{"background-color":"","background-image":"","background-repeat":"repeat","background-position":"center center","background-size":"auto","background-attachment":"scroll","background-type":"","background-media":"","overlay-type":"","overlay-color":"","overlay-opacity":"","overlay-gradient":""},"mobile":{"background-color":"","background-image":"","background-repeat":"repeat","background-position":"center center","background-size":"auto","background-attachment":"scroll","background-type":"","background-media":"","overlay-type":"","overlay-color":"","overlay-opacity":"","overlay-gradient":""}},"ast-content-background-meta":{"desktop":{"background-color":"var(--ast-global-color-5)","background-image":"","background-repeat":"repeat","background-position":"center center","background-size":"auto","background-attachment":"scroll","background-type":"","background-media":"","overlay-type":"","overlay-color":"","overlay-opacity":"","overlay-gradient":""},"tablet":{"background-color":"var(--ast-global-color-5)","background-image":"","background-repeat":"repeat","background-position":"center center","background-size":"auto","background-attachment":"scroll","background-type":"","background-media":"","overlay-type":"","overlay-color":"","overlay-opacity":"","overlay-gradient":""},"mobile":{"background-color":"var(--ast-global-color-5)","background-image":"","background-repeat":"repeat","background-position":"center center","background-size":"auto","background-attachment":"scroll","background-type":"","background-media":"","overlay-type":"","overlay-color":"","overlay-opacity":"","overlay-gradient":""}}},"pwb-brand":[],"product_brand":[],"product_cat":[385],"product_tag":[],"class_list":{"0":"post-35619","1":"product","2":"type-product","3":"status-publish","4":"has-post-thumbnail","6":"product_cat-cargadores-para-vehiculo-electrico","7":"desktop-align-left","8":"tablet-align-left","9":"mobile-align-left","10":"ast-product-gallery-layout-horizontal-slider","11":"ast-product-tabs-layout-horizontal","13":"first","14":"instock","15":"taxable","16":"shipping-taxable","17":"purchasable","18":"product-type-simple"},"wcpa_form_fields":null,"brands":[],"_links":{"self":[{"href":"https:\/\/fvcomponentes.com\/de\/wp-json\/wp\/v2\/product\/35619","targetHints":{"allow":["GET"]}}],"collection":[{"href":"https:\/\/fvcomponentes.com\/de\/wp-json\/wp\/v2\/product"}],"about":[{"href":"https:\/\/fvcomponentes.com\/de\/wp-json\/wp\/v2\/types\/product"}],"replies":[{"embeddable":true,"href":"https:\/\/fvcomponentes.com\/de\/wp-json\/wp\/v2\/comments?post=35619"}],"wp:featuredmedia":[{"embeddable":true,"href":"https:\/\/fvcomponentes.com\/de\/wp-json\/wp\/v2\/media\/35621"}],"wp:attachment":[{"href":"https:\/\/fvcomponentes.com\/de\/wp-json\/wp\/v2\/media?parent=35619"}],"wp:term":[{"taxonomy":"pwb-brand","embeddable":true,"href":"https:\/\/fvcomponentes.com\/de\/wp-json\/wp\/v2\/pwb-brand?post=35619"},{"taxonomy":"product_brand","embeddable":true,"href":"https:\/\/fvcomponentes.com\/de\/wp-json\/wp\/v2\/product_brand?post=35619"},{"taxonomy":"product_cat","embeddable":true,"href":"https:\/\/fvcomponentes.com\/de\/wp-json\/wp\/v2\/product_cat?post=35619"},{"taxonomy":"product_tag","embeddable":true,"href":"https:\/\/fvcomponentes.com\/de\/wp-json\/wp\/v2\/product_tag?post=35619"}],"curies":[{"name":"wp","href":"https:\/\/api.w.org\/{rel}","templated":true}]}}