{"id":35606,"date":"2026-01-29T20:46:38","date_gmt":"2026-01-29T19:46:38","guid":{"rendered":"https:\/\/fvcomponentes.com\/?post_type=product&#038;p=35606"},"modified":"2026-01-29T20:46:41","modified_gmt":"2026-01-29T19:46:41","slug":"lithium-batterie-512v-16kwh-lifepo4-pytes-v16-110402100209","status":"publish","type":"product","link":"https:\/\/fvcomponentes.com\/de\/producto\/bateria-de-litio-512v-16kwh-lifepo4-pytes-v16-110402100209\/","title":{"rendered":"51.2V\/16kWh LiFePO4 Pytes V16 Lithium-Batterie - 110402100209"},"content":{"rendered":"<h2>51.2V\/16kWh LiFePO4 Pytes V16 Lithium-Batterie - 110402100209<\/h2>\n<p>Der Pytes V16 ist ein leistungsstarker, f\u00fcr den Au\u00dfenbereich geeigneter LiFePO\u2084-Lithium-Ionen-Energiespeicher mit hochwertigen Tier-1-Zellen in Automobilqualit\u00e4t, IP66-Zertifizierung und integriertem Feuerl\u00f6schsystem.<\/p>\n<p>Mit einer Kapazit\u00e4t von 16 kWh und 314 Ah kann diese Batterie an der Wand oder auf dem Boden installiert werden und bietet zuverl\u00e4ssige Notstromversorgung und skalierbare Energiespeicherung.<br \/>\nEs k\u00f6nnen bis zu 16 Einheiten parallel geschaltet werden (bis zu 256 kWh) und beinhaltet ein Paar Batterie-Wechselrichter-Kabel (positiv und negativ 2 Meter).<\/p>\n<p>Der Pytes V16 garantiert eine lange Lebensdauer, erh\u00f6hte Sicherheit und stabile Leistung.<\/p>\n<h2>Merkmale der Pytes V16-Batterie<\/h2>\n<h3>Gestaltung<\/h3>\n<p>Der Pytes V16 zeichnet sich durch ein kompaktes und robustes Design aus, das auch bei tiefen Lade- und Entladezyklen eine konstante Leistung gew\u00e4hrleistet.<\/p>\n<p>Diese Batterie ist so konzipiert, dass sie den t\u00e4glichen Solarzyklen, hohen Back-up-Lasten und extremen Wetterbedingungen standh\u00e4lt.<br \/>\nEr verf\u00fcgt \u00fcber ein f\u00fcr den Au\u00dfenbereich geeignetes Geh\u00e4use, eine integrierte Heizung f\u00fcr das Laden bei kaltem Wetter (sogar bis -20 \u00b0C) und fortschrittliche Sicherheitssysteme und bietet eine nahtlose Integration mit zahlreichen konventionellen Wechselrichtern in einem geschlossenen Kreislauf.<\/p>\n<p>Dar\u00fcber hinaus bietet seine LiFePO\u2084 (LFP)-Chemie eine hohe thermische Stabilit\u00e4t, hohe Sicherheit und lange Lebensdauer.<\/p>\n<h3>Integrierte Sicherheit<\/h3>\n<p>Der Pytes V16 verf\u00fcgt \u00fcber mehrere Sicherheitsfunktionen, wie z. B. \u00dcberladungs-, \u00dcberentladungs-, \u00dcberstrom- und Kurzschlussschutz, eine Notabschaltung, um die Batterie im Falle einer St\u00f6rung abzutrennen, und einen Brandschutzmechanismus (internes Aerosol-Feuerl\u00f6schsystem und Sicherheitsentl\u00fcftung).<\/p>\n<p>Diese Batterie verf\u00fcgt \u00fcber ein fortschrittliches Batteriemanagementsystem (BMS), das zus\u00e4tzlichen Schutz bietet, indem es die Zellen ausgleicht, den Lade- und Entladestrom begrenzt und die Batterieinformationen in einem Systemprotokoll aufzeichnet.<\/p>\n<p>Dar\u00fcber hinaus ist die V16-Batterie nach IP66 gesch\u00fctzt und korrosionsbest\u00e4ndig nach C4-M, so dass sie staub- und wasserfest ist (sogar gegen starkes Strahlwasser) und sowohl im Innen- als auch im Au\u00dfenbereich installiert werden kann, ohne dass die Haltbarkeit beeintr\u00e4chtigt wird.<\/p>\n<h3>Konnektivit\u00e4t<\/h3>\n<p>Der Pytes V16 kommuniziert mit Wechselrichtern und Steuerungen \u00fcber mehrere Schnittstellen, wie CAN, RS485, RS232, Trockenkontakt und Wi-Fi, zur Fern\u00fcberwachung und -steuerung.<\/p>\n<h3>Installation und Skalierbarkeit<\/h3>\n<p>Die V16-Spule kann an der Wand oder am Boden montiert werden, was die Installation vereinfacht und gleichzeitig Haltbarkeit und Effizienz gew\u00e4hrleistet.<\/p>\n<p>Dar\u00fcber hinaus bietet der Pytes V16 die M\u00f6glichkeit, bis zu 16 Ger\u00e4te parallel anzuschlie\u00dfen, um eine maximale Speicherkapazit\u00e4t von insgesamt 256 kWh zu erreichen, ohne dass zus\u00e4tzliche Hardware ben\u00f6tigt wird.<\/p>\n<h3>Dauer und Garantie<\/h3>\n<p>Diese Batterie hat eine Lebensdauer von mehr als 8.000 Zyklen bei 90 % Entladetiefe (DOD), was mehr als ein Jahrzehnt Dauerbetrieb unter normalen Bedingungen bedeutet.<\/p>\n<p>Au\u00dferdem wird eine 10-Jahres-Garantie mit Herstellersupport gew\u00e4hrt.<\/p>\n<h2>Kompatibilit\u00e4t der Pytes V16 Lithium-Batterie - 110402100209<\/h2>\n<p>Der Pytes V16 verf\u00fcgt \u00fcber einen geschlossenen Kommunikationskreislauf, der seine Integration und Kompatibilit\u00e4t mit den meisten modernen Wechselrichtern und Energiemanagementsystemen gew\u00e4hrleistet und so komplexe Konfigurationen oder zuk\u00fcnftige Erweiterungen erleichtert.<br \/>\nDas macht ihn zu einer vielseitigen Option f\u00fcr netzunabh\u00e4ngige, hybride und netzgekoppelte Solaranwendungen.<\/p>\n<h2>Anwendungen und Einsatzm\u00f6glichkeiten der Pytes V16-Batterie<\/h2>\n<p>Der Pytes V16 ist ideal f\u00fcr:<\/p>\n<ul>\n<li><strong>Photovoltaik-Solarsysteme mit Speicher<\/strong> f\u00fcr den Eigenverbrauch am Tag und als Reserve f\u00fcr die Nacht.<\/li>\n<li><strong>Notfall-Backup<\/strong> f\u00fcr Haushalte und kleine Unternehmen.<\/li>\n<li><strong>Hybride Solarsysteme<\/strong> <strong>oder au\u00dferhalb des Netzes<\/strong> mit Wechselrichtern, die CAN\/RS485\/Wi-Fi-Kommunikation unterst\u00fctzen.<\/li>\n<li><strong>Leichte Industrieanlagen<\/strong> die eine hohe Anzahl von Zyklen und eine hohe Zuverl\u00e4ssigkeit erfordern.<\/li>\n<li><strong>Installationen in kaltem Klima<\/strong> da die interne Heizung dazu beitr\u00e4gt, die Ladeleistung bei niedrigen Temperaturen aufrechtzuerhalten.<\/li>\n<li><strong>Anlagen an der K\u00fcste\/Offshore<\/strong> denn das Geh\u00e4use des V16 ist korrosionsbest\u00e4ndig und entspricht der Schutzklasse IP66, um auch in raueren Umgebungen zu bestehen.<\/li>\n<\/ul>\n<h2>Technische Daten der 51.2V\/16kWh LiFePO4 Pytes V16 Lithium-Batterie - 110402100209<\/h2>\n<table>\n<thead>\n<tr>\n<th><strong>Kategorie<\/strong><\/th>\n<th><strong>Spezifikation<\/strong><\/th>\n<\/tr>\n<\/thead>\n<tbody>\n<tr>\n<td><strong>Modell<\/strong><\/td>\n<td>Pytes V16<\/td>\n<\/tr>\n<tr>\n<td><strong>Chemie<\/strong><\/td>\n<td>LiFePO\u2084 (Lithium-Eisenphosphat)<\/td>\n<\/tr>\n<tr>\n<td><strong>Nennspannung<\/strong><\/td>\n<td>51,2 V<\/td>\n<\/tr>\n<tr>\n<td><strong>Betriebsspannungsbereich<\/strong><\/td>\n<td>46,5 V - 56,8 V<\/td>\n<\/tr>\n<tr>\n<td><strong>Nennkapazit\u00e4t<\/strong><\/td>\n<td>314 Ah<\/td>\n<\/tr>\n<tr>\n<td><strong>Nominale Energie<\/strong><\/td>\n<td>16 kWh<\/td>\n<\/tr>\n<tr>\n<td><strong>Empfohlener Ladestrom<\/strong><\/td>\n<td>125 A<\/td>\n<\/tr>\n<tr>\n<td><strong>Empfohlener Entladestrom<\/strong><\/td>\n<td>150 A<\/td>\n<\/tr>\n<tr>\n<td><strong>Max. Dauerstrom<\/strong><\/td>\n<td>200 A<\/td>\n<\/tr>\n<tr>\n<td><strong>Spitzenstrom (Entladung)<\/strong><\/td>\n<td>300 A f\u00fcr 15 s<\/td>\n<\/tr>\n<tr>\n<td><strong>Nennleistung<\/strong><\/td>\n<td>500 W<\/td>\n<\/tr>\n<tr>\n<td><strong>Abmessungen (B\u00d7T\u00d7H)<\/strong><\/td>\n<td>688,4 \u00d7 260 \u00d7 700 mm<\/td>\n<\/tr>\n<tr>\n<td><strong>Gewicht<\/strong><\/td>\n<td>130,5 kg<\/td>\n<\/tr>\n<tr>\n<td><strong>Umweltschutz (IP)<\/strong><\/td>\n<td>IP66<\/td>\n<\/tr>\n<tr>\n<td><strong>Methode der Montage<\/strong><\/td>\n<td>Wand oder Boden (optionaler St\u00e4nder)<\/td>\n<\/tr>\n<tr>\n<td><strong>Stromanschluss<\/strong><\/td>\n<td>Phoenix Plug&amp;Play DC-Anschl\u00fcsse<\/td>\n<\/tr>\n<tr>\n<td><strong>Kommunikation\/Schnittstellen<\/strong><\/td>\n<td>CAN, RS485, RS232, potentialfreier Kontakt, Wi-Fi<\/td>\n<\/tr>\n<tr>\n<td><strong>Nutzungsdauer (Zyklen)<\/strong><\/td>\n<td>\u2265 8 000 Zyklen (90 % DoD)<\/td>\n<\/tr>\n<tr>\n<td><strong>B\u00fcrgschaft<\/strong><\/td>\n<td>10 Jahre (oder entsprechende Zyklen)<\/td>\n<\/tr>\n<tr>\n<td><strong>Ladetemperatur<\/strong><\/td>\n<td>0 \u00b0C - 55 \u00b0C<\/td>\n<\/tr>\n<tr>\n<td><strong>Temperatur im Auslass<\/strong><\/td>\n<td>-20 \u00b0C - 55 \u00b0C<\/td>\n<\/tr>\n<tr>\n<td><strong>Empfohlene Betriebsh\u00f6he<\/strong><\/td>\n<td>\u2264 3000 m<\/td>\n<\/tr>\n<tr>\n<td><strong>Relative Luftfeuchtigkeit<\/strong><\/td>\n<td>0 - 95 % (nicht kondensierend)<\/td>\n<\/tr>\n<tr>\n<td><strong>Zertifizierungen \/ Konformit\u00e4t<\/strong><\/td>\n<td>UL 9540 Ed.3 (2023), UL9540A, UL 1973, UN 38.3<\/td>\n<\/tr>\n<\/tbody>\n<\/table>\n<h2>51.2V\/16kWh LiFePO4 Pytes V16 Lithium Batterie Technische Informationen - 110402100209<\/h2>\n<p><a href=\"https:\/\/fvcomponentes.com\/wp-content\/uploads\/2026\/01\/5fb27d4fad05476107cf7a7753d18bbe-1.pdf\" target=\"_blank\" rel=\"noopener\">Datenblatt der Pytes V16-Batterie<\/a><\/p>\n<p><a href=\"https:\/\/fvcomponentes.com\/wp-content\/uploads\/2026\/01\/pytes-v16-manual.pdf\" target=\"_blank\" rel=\"noopener\">Pytes V16 Batterie Handbuch<\/a><\/p>\n<p><a href=\"https:\/\/fvcomponentes.com\/wp-content\/uploads\/2026\/01\/5a587e321752ad652bd435e95d7be7867267f81aad54e35453d9068eaf244bc1_optim.pdf\" target=\"_blank\" rel=\"noopener\">Pytes V16 Akku-Installationsanleitung<\/a><\/p>","protected":false},"excerpt":{"rendered":"<p><span style=\"color: #ff0000;\">BALD VERF\u00dcGBAR, BITTE KONTAKTIEREN SIE UNS.<\/span><\/p>\n<ul>\n<li>Nennspannung: 51,2 V<\/li>\n<li>Nennenergie: 16 kWh<\/li>\n<li>Spannungsbereich: 314 Ah<\/li>\n<li>Empfohlener Lade-\/Entladestrom: 200 A<\/li>\n<li>Betriebstemperaturbereich: -20\u00b0C - +55\u00b0C<\/li>\n<li>Lebenszyklen: 8.000<\/li>\n<li>Gewicht: 130,5 kg<\/li>\n<li>Abmessungen: 68,84 x 26 x 70 cm<\/li>\n<li>Garantie: 10 Jahre<\/li>\n<\/ul>","protected":false},"featured_media":35616,"comment_status":"closed","ping_status":"closed","template":"","meta":{"site-sidebar-layout":"default","site-content-layout":"","ast-site-content-layout":"default","site-content-style":"default","site-sidebar-style":"default","ast-global-header-display":"","ast-banner-title-visibility":"","ast-main-header-display":"","ast-hfb-above-header-display":"","ast-hfb-below-header-display":"","ast-hfb-mobile-header-display":"","site-post-title":"","ast-breadcrumbs-content":"","ast-featured-img":"","footer-sml-layout":"","ast-disable-related-posts":"","theme-transparent-header-meta":"default","adv-header-id-meta":"","stick-header-meta":"","header-above-stick-meta":"","header-main-stick-meta":"","header-below-stick-meta":"","astra-migrate-meta-layouts":"set","ast-page-background-enabled":"default","ast-page-background-meta":{"desktop":{"background-color":"var(--ast-global-color-4)","background-image":"","background-repeat":"repeat","background-position":"center center","background-size":"auto","background-attachment":"scroll","background-type":"","background-media":"","overlay-type":"","overlay-color":"","overlay-opacity":"","overlay-gradient":""},"tablet":{"background-color":"","background-image":"","background-repeat":"repeat","background-position":"center center","background-size":"auto","background-attachment":"scroll","background-type":"","background-media":"","overlay-type":"","overlay-color":"","overlay-opacity":"","overlay-gradient":""},"mobile":{"background-color":"","background-image":"","background-repeat":"repeat","background-position":"center center","background-size":"auto","background-attachment":"scroll","background-type":"","background-media":"","overlay-type":"","overlay-color":"","overlay-opacity":"","overlay-gradient":""}},"ast-content-background-meta":{"desktop":{"background-color":"var(--ast-global-color-5)","background-image":"","background-repeat":"repeat","background-position":"center center","background-size":"auto","background-attachment":"scroll","background-type":"","background-media":"","overlay-type":"","overlay-color":"","overlay-opacity":"","overlay-gradient":""},"tablet":{"background-color":"var(--ast-global-color-5)","background-image":"","background-repeat":"repeat","background-position":"center center","background-size":"auto","background-attachment":"scroll","background-type":"","background-media":"","overlay-type":"","overlay-color":"","overlay-opacity":"","overlay-gradient":""},"mobile":{"background-color":"var(--ast-global-color-5)","background-image":"","background-repeat":"repeat","background-position":"center center","background-size":"auto","background-attachment":"scroll","background-type":"","background-media":"","overlay-type":"","overlay-color":"","overlay-opacity":"","overlay-gradient":""}}},"pwb-brand":[1007],"product_brand":[],"product_cat":[340,341],"product_tag":[],"class_list":{"0":"post-35606","1":"product","2":"type-product","3":"status-publish","4":"has-post-thumbnail","6":"pwb-brand-baterias-pytes","7":"product_cat-baterias","8":"product_cat-baterias-litio-48v","9":"product_shipping_class-baterias","10":"desktop-align-left","11":"tablet-align-left","12":"mobile-align-left","13":"ast-product-gallery-layout-horizontal-slider","14":"ast-product-tabs-layout-horizontal","16":"first","17":"instock","18":"taxable","19":"shipping-taxable","20":"product-type-simple"},"wcpa_form_fields":null,"brands":[{"id":1007,"name":"Pytes-Batterien","slug":"pytes-batterien"}],"_links":{"self":[{"href":"https:\/\/fvcomponentes.com\/de\/wp-json\/wp\/v2\/product\/35606","targetHints":{"allow":["GET"]}}],"collection":[{"href":"https:\/\/fvcomponentes.com\/de\/wp-json\/wp\/v2\/product"}],"about":[{"href":"https:\/\/fvcomponentes.com\/de\/wp-json\/wp\/v2\/types\/product"}],"replies":[{"embeddable":true,"href":"https:\/\/fvcomponentes.com\/de\/wp-json\/wp\/v2\/comments?post=35606"}],"wp:featuredmedia":[{"embeddable":true,"href":"https:\/\/fvcomponentes.com\/de\/wp-json\/wp\/v2\/media\/35616"}],"wp:attachment":[{"href":"https:\/\/fvcomponentes.com\/de\/wp-json\/wp\/v2\/media?parent=35606"}],"wp:term":[{"taxonomy":"pwb-brand","embeddable":true,"href":"https:\/\/fvcomponentes.com\/de\/wp-json\/wp\/v2\/pwb-brand?post=35606"},{"taxonomy":"product_brand","embeddable":true,"href":"https:\/\/fvcomponentes.com\/de\/wp-json\/wp\/v2\/product_brand?post=35606"},{"taxonomy":"product_cat","embeddable":true,"href":"https:\/\/fvcomponentes.com\/de\/wp-json\/wp\/v2\/product_cat?post=35606"},{"taxonomy":"product_tag","embeddable":true,"href":"https:\/\/fvcomponentes.com\/de\/wp-json\/wp\/v2\/product_tag?post=35606"}],"curies":[{"name":"wp","href":"https:\/\/api.w.org\/{rel}","templated":true}]}}