{"id":35592,"date":"2026-01-29T20:34:55","date_gmt":"2026-01-29T19:34:55","guid":{"rendered":"https:\/\/fvcomponentes.com\/?post_type=product&#038;p=35592"},"modified":"2026-01-29T20:34:57","modified_gmt":"2026-01-29T19:34:57","slug":"unterstutzung-v5-bk2-pytes-fur-v5-und-v5%ce%b1-plus-batterien-151204100203","status":"publish","type":"product","link":"https:\/\/fvcomponentes.com\/de\/producto\/soporte-v5-bk2-pytes-para-baterias-v5-y-v5%ce%b1-plus-151204100203\/","title":{"rendered":"V5 BK2 Pytes V5 und V5\u03b1 PLUS Batteriehalter - 151204100203"},"content":{"rendered":"<h2>V5 BK2 Pytes V5 und V5\u03b1 PLUS Batteriehalter - 151204100203<\/h2>\n<p>Die Pytes V5 BK2 Halterung ist ein robustes Zubeh\u00f6r f\u00fcr die Wandmontage, das entwickelt wurde, um zwei Pytes V5 oder V5\u03b1 PLUS Batterien stabil, sicher und ordentlich in einer aufrechten Position an der Wand zu befestigen.<\/p>\n<p>Diese Montagel\u00f6sung erm\u00f6glicht es, den verf\u00fcgbaren Raum zu optimieren, eine professionelle Ordnung bei der Installation zu gew\u00e4hrleisten und sicherzustellen, dass die Spulen korrekt an der Wand befestigt werden, ohne die Sicherheit und Zug\u00e4nglichkeit zu beeintr\u00e4chtigen.<\/p>\n<h2>Merkmale der V5 BK2 Pytes-Halterung<\/h2>\n<h3>Gestaltung<\/h3>\n<p>Die Halterung V5 BK2 besteht aus verzinktem Stahl (SGCC), einem robusten und langlebigen Material, das eine hohe strukturelle Festigkeit und Tragf\u00e4higkeit sowie einen guten Schutz vor Korrosion und Alterung bietet.<\/p>\n<p>Die Metallkonstruktion erm\u00f6glicht au\u00dferdem eine feste Verankerung auf der gew\u00fcnschten Oberfl\u00e4che, so dass sie das Gewicht von zwei Pytes V5 oder V5\u03b1 PLUS Akkumodulen zuverl\u00e4ssig tragen kann.<\/p>\n<p>Die Halterung besteht aus mehreren Befestigungsteilen, die zusammen die beiden Batterien senkrecht halten und daf\u00fcr sorgen, dass sie nach der Montage gut ausgerichtet und fest bleiben.<\/p>\n<h3>Einbau und Montage<\/h3>\n<p>Die V5 BK2 Halterung ist so konzipiert, dass zwei Pytes V5 oder V5\u03b1 PLUS Batterien direkt an einer Wand oder einer vertikalen Oberfl\u00e4che installiert werden k\u00f6nnen, ohne den Boden zu ber\u00fchren. So k\u00f6nnen die Batterien vom Boden abgehoben werden und das Stromversorgungssystem bleibt geordnet und sicher.<\/p>\n<p>Diese Halterungen sind robust, erm\u00f6glichen eine schnelle und einfache Installation, sorgen f\u00fcr eine zuverl\u00e4ssige Befestigung der Batterien und bieten eine gut durchdachte L\u00f6sung f\u00fcr eine saubere und professionelle Installation.<\/p>\n<h3>Kompatibilit\u00e4t<\/h3>\n<p>Diese Halterungen sind speziell f\u00fcr die Abmessungen und Befestigungspunkte der Pytes V5 und V5\u03b1 PLUS Batterien gefertigt.<br \/>\nDaher sind sie nur mit diesen Batterien kompatibel.<\/p>\n<p>Es wird nicht empfohlen, diese Halterung f\u00fcr Batterien anderer Marken oder Modelle mit anderen Geh\u00e4usegr\u00f6\u00dfen und -geometrien zu verwenden.<\/p>\n<h2>Vorteile der V5 BK2-Klammern<\/h2>\n<p>Der Hauptvorteil der V5 BK2 Halterung besteht darin, dass zwei Pytes V5 \/ V5\u03b1 PLUS Batterien parallel an der Wand montiert werden k\u00f6nnen, ohne Bodenfl\u00e4che zu beanspruchen, wodurch technische Bereiche oder Lagerr\u00e4ume optimiert werden. Weitere Vorteile sind:<\/p>\n<ul>\n<li>Tr\u00e4gt bei zu mehr <strong>Organisation des Systems und der Anlage<\/strong>, Das BMS, das den Zugang zu den elektrischen und BMS-Anschl\u00fcssen sowie zur Wartung erleichtert.<\/li>\n<li>Erh\u00f6hen Sie die <strong>bauliche Sicherheit<\/strong>, Die Batterien d\u00fcrfen nicht bewegt, umgesto\u00dfen oder mechanisch belastet werden.<\/li>\n<li><strong>Bessere Bel\u00fcftung und W\u00e4rmemanagement<\/strong>, durch Trennung der Module von der Bodenfl\u00e4che.<\/li>\n<li><strong>Optisch verbessert<\/strong> <strong>die Anlage<\/strong>, ein professionelleres Aussehen.<\/li>\n<\/ul>\n<h2>Was ist in den V5 BK2-B\u00fcgeln enthalten?<\/h2>\n<p>Die V5 BK2s umfassen:<\/p>\n<ul>\n<li><strong>2 obere Halterungen<\/strong> um den oberen Teil jeder Batterie zu halten.<\/li>\n<li><strong>2 Tretlager<\/strong> Assistenten, die unterst\u00fctzen und ausgleichen.<\/li>\n<li><strong>2 Anschlussplatten<\/strong>, Diese werden verwendet, um die Einheiten zusammenzuhalten und die Baugruppe korrekt auszurichten.<\/li>\n<\/ul>\n<h2>Technische Daten Pytes V5 BK2 Pytes V5 und V5\u03b1 PLUS Batteriehalter - 151204100203<\/h2>\n<table>\n<thead>\n<tr>\n<th><strong>Spezifikation<\/strong><\/th>\n<th><strong>Einzelheiten<\/strong><\/th>\n<\/tr>\n<\/thead>\n<tbody>\n<tr>\n<td><strong>Produkt<\/strong><\/td>\n<td>Unterst\u00fctzung V5 BK2 Pytes<\/td>\n<\/tr>\n<tr>\n<td><strong>Modell \/ Referenz<\/strong><\/td>\n<td>151204100203<\/td>\n<\/tr>\n<tr>\n<td><strong>Kompatibilit\u00e4t \/ Montierbarkeit<\/strong><\/td>\n<td>Bis zu 2 Batterien V5 und V5\u03b1 PLUS<\/td>\n<\/tr>\n<tr>\n<td><strong>Art der Befestigung<\/strong><\/td>\n<td>Wandmontage<\/td>\n<\/tr>\n<tr>\n<td><strong>Material<\/strong><\/td>\n<td>Verzinkter Stahl (SGCC)<\/td>\n<\/tr>\n<tr>\n<td><strong>Inhalt der Verpackung<\/strong><\/td>\n<td>2 \u00d7 obere Halterungen<\/p>\n<p>2 \u00d7 untere Hilfsst\u00fctzen<\/p>\n<p>2 \u00d7 Verbindungsplatten<\/td>\n<\/tr>\n<tr>\n<td><strong>Abmessungen - obere Halterungen (B \u00d7 H \u00d7 T)<\/strong><\/td>\n<td>291 \u00d7 187 \u00d7 27 mm<\/td>\n<\/tr>\n<tr>\n<td><strong>Abmessungen - Untere Hilfsst\u00fctzen (B \u00d7 H \u00d7 T)<\/strong><\/td>\n<td>60 \u00d7 50 \u00d7 53 mm<\/td>\n<\/tr>\n<tr>\n<td><strong>Abmessungen - Verbindungsplatten (B \u00d7 H \u00d7 T)<\/strong><\/td>\n<td>27,5 \u00d7 60 \u00d7 100 mm<\/td>\n<\/tr>\n<tr>\n<td><strong>Gesamtgewicht der St\u00fctze<\/strong><\/td>\n<td>2,09 kg<\/td>\n<\/tr>\n<\/tbody>\n<\/table>\n<h2>Technische Informationen f\u00fcr V5 BK2 Pytes V5 und V5\u03b1 PLUS Batteriehalter - 151204100203<\/h2>\n<p><a href=\"https:\/\/fvcomponentes.com\/wp-content\/uploads\/2026\/01\/123e058db5fc94588b3bfc5a9b7ee783c65baf9013dfabeda3c3fb0855668835.pdf\" target=\"_blank\" rel=\"noopener\">Datenblatt f\u00fcr die Halterung Pytes V5 BK2 Pytes BK2<\/a><\/p>\n<p><a href=\"https:\/\/fvcomponentes.com\/wp-content\/uploads\/2026\/01\/37965ca076628dc65bd91dac65c2a7cfa6750d8533c986abaf94d8f6e0eb3fe5.pdf\" target=\"_blank\" rel=\"noopener\">V5 BK2 Pytes BK2 Halterung Installationsanleitung<\/a><\/p>","protected":false},"excerpt":{"rendered":"<ul>\n<li>Maximale Stapelung: bis zu 2 Batterien V5 \/ V5\u00b0\u03b1 Plus<\/li>\n<li>Wandmontage<\/li>\n<li>Material: Verzinkter Stahl (SGCC)<\/li>\n<li>Obere Halterung: 29,1 x 18,7 x 2,7 cm<\/li>\n<li>Tretlager: 6 x 5 x 5,3 cm<\/li>\n<li>Verbindungsplatten: 10 x 6 x 2,75 cm<\/li>\n<li>Gewicht: 2,09 kg<\/li>\n<\/ul>","protected":false},"featured_media":35599,"comment_status":"closed","ping_status":"closed","template":"","meta":{"site-sidebar-layout":"default","site-content-layout":"","ast-site-content-layout":"default","site-content-style":"default","site-sidebar-style":"default","ast-global-header-display":"","ast-banner-title-visibility":"","ast-main-header-display":"","ast-hfb-above-header-display":"","ast-hfb-below-header-display":"","ast-hfb-mobile-header-display":"","site-post-title":"","ast-breadcrumbs-content":"","ast-featured-img":"","footer-sml-layout":"","ast-disable-related-posts":"","theme-transparent-header-meta":"default","adv-header-id-meta":"","stick-header-meta":"","header-above-stick-meta":"","header-main-stick-meta":"","header-below-stick-meta":"","astra-migrate-meta-layouts":"set","ast-page-background-enabled":"default","ast-page-background-meta":{"desktop":{"background-color":"var(--ast-global-color-4)","background-image":"","background-repeat":"repeat","background-position":"center center","background-size":"auto","background-attachment":"scroll","background-type":"","background-media":"","overlay-type":"","overlay-color":"","overlay-opacity":"","overlay-gradient":""},"tablet":{"background-color":"","background-image":"","background-repeat":"repeat","background-position":"center center","background-size":"auto","background-attachment":"scroll","background-type":"","background-media":"","overlay-type":"","overlay-color":"","overlay-opacity":"","overlay-gradient":""},"mobile":{"background-color":"","background-image":"","background-repeat":"repeat","background-position":"center center","background-size":"auto","background-attachment":"scroll","background-type":"","background-media":"","overlay-type":"","overlay-color":"","overlay-opacity":"","overlay-gradient":""}},"ast-content-background-meta":{"desktop":{"background-color":"var(--ast-global-color-5)","background-image":"","background-repeat":"repeat","background-position":"center center","background-size":"auto","background-attachment":"scroll","background-type":"","background-media":"","overlay-type":"","overlay-color":"","overlay-opacity":"","overlay-gradient":""},"tablet":{"background-color":"var(--ast-global-color-5)","background-image":"","background-repeat":"repeat","background-position":"center center","background-size":"auto","background-attachment":"scroll","background-type":"","background-media":"","overlay-type":"","overlay-color":"","overlay-opacity":"","overlay-gradient":""},"mobile":{"background-color":"var(--ast-global-color-5)","background-image":"","background-repeat":"repeat","background-position":"center center","background-size":"auto","background-attachment":"scroll","background-type":"","background-media":"","overlay-type":"","overlay-color":"","overlay-opacity":"","overlay-gradient":""}}},"pwb-brand":[1007],"product_brand":[],"product_cat":[340,435],"product_tag":[],"class_list":{"0":"post-35592","1":"product","2":"type-product","3":"status-publish","4":"has-post-thumbnail","6":"pwb-brand-baterias-pytes","7":"product_cat-baterias","8":"product_cat-bms-sistemas-de-supervision-de-baterias","9":"desktop-align-left","10":"tablet-align-left","11":"mobile-align-left","12":"ast-product-gallery-layout-horizontal-slider","13":"ast-product-tabs-layout-horizontal","15":"first","16":"onbackorder","17":"taxable","18":"shipping-taxable","19":"purchasable","20":"product-type-simple"},"wcpa_form_fields":null,"brands":[{"id":1007,"name":"Pytes-Batterien","slug":"pytes-batterien"}],"_links":{"self":[{"href":"https:\/\/fvcomponentes.com\/de\/wp-json\/wp\/v2\/product\/35592","targetHints":{"allow":["GET"]}}],"collection":[{"href":"https:\/\/fvcomponentes.com\/de\/wp-json\/wp\/v2\/product"}],"about":[{"href":"https:\/\/fvcomponentes.com\/de\/wp-json\/wp\/v2\/types\/product"}],"replies":[{"embeddable":true,"href":"https:\/\/fvcomponentes.com\/de\/wp-json\/wp\/v2\/comments?post=35592"}],"wp:featuredmedia":[{"embeddable":true,"href":"https:\/\/fvcomponentes.com\/de\/wp-json\/wp\/v2\/media\/35599"}],"wp:attachment":[{"href":"https:\/\/fvcomponentes.com\/de\/wp-json\/wp\/v2\/media?parent=35592"}],"wp:term":[{"taxonomy":"pwb-brand","embeddable":true,"href":"https:\/\/fvcomponentes.com\/de\/wp-json\/wp\/v2\/pwb-brand?post=35592"},{"taxonomy":"product_brand","embeddable":true,"href":"https:\/\/fvcomponentes.com\/de\/wp-json\/wp\/v2\/product_brand?post=35592"},{"taxonomy":"product_cat","embeddable":true,"href":"https:\/\/fvcomponentes.com\/de\/wp-json\/wp\/v2\/product_cat?post=35592"},{"taxonomy":"product_tag","embeddable":true,"href":"https:\/\/fvcomponentes.com\/de\/wp-json\/wp\/v2\/product_tag?post=35592"}],"curies":[{"name":"wp","href":"https:\/\/api.w.org\/{rel}","templated":true}]}}