{"id":35525,"date":"2026-01-21T09:45:52","date_gmt":"2026-01-21T08:45:52","guid":{"rendered":"https:\/\/fvcomponentes.com\/?post_type=product&#038;p=35525"},"modified":"2026-01-30T11:41:33","modified_gmt":"2026-01-30T10:41:33","slug":"bcu-lithium-batterie-lifepo4-pytes-pi-lv1-110404100001","status":"publish","type":"product","link":"https:\/\/fvcomponentes.com\/de\/producto\/bcu-bateria-de-litio-lifepo4-pytes-pi-lv1-110404100001\/","title":{"rendered":"BCU Lithium LiFePO4 Akku Pytes Pi LV1 - 110404100001"},"content":{"rendered":"<h2>BCU Lithium LiFePO4 Akku Pytes Pi LV1 - 110404100001<\/h2>\n<p>Die Pytes Pi LV1 BCU (Battery Control Unit) ist die zentrale Steuereinheit f\u00fcr Pytes Pi LV1 LiFePO\u2084-Akkumodule, die speziell f\u00fcr die Verwaltung, den Schutz und die Optimierung des Betriebs dieser Module entwickelt wurde.<\/p>\n<p>Seine Rolle als Steuermodul ist der Schl\u00fcssel zur Gew\u00e4hrleistung von Sicherheit, Effizienz, Stabilit\u00e4t, Kommunikation und Skalierbarkeit in privaten und gewerblichen Solaranlagen.<\/p>\n<p>Die BCU fungiert als Gehirn des Systems, koordiniert den Betrieb der angeschlossenen Batterien, sorgt f\u00fcr eine ausgewogene Energieverteilung und erm\u00f6glicht eine effiziente Integration mit modernen Hybrid-Wechselrichtern.<\/p>\n<h2>Merkmale der Pytes Pi LV1 BCU<\/h2>\n<h3>Funktionsweise<\/h3>\n<p>Die Pytes Pi LV1 BCU wird oben auf der gestapelten Baugruppe\/Batteriebank installiert und ist f\u00fcr den Betrieb des Pi LV1-Systems unerl\u00e4sslich, wenn mehrere Module parallel verwendet werden.<\/p>\n<p>Die BCU \u00fcberwacht den elektrischen und thermischen Status jeder angeschlossenen Batterie, steuert das Laden und Entladen auf koordinierte Weise, zentralisiert die Kommunikation mit dem Wechselrichter und stellt sicher, dass das System innerhalb der von Pytes definierten sicheren Parameter arbeitet.<\/p>\n<p>Dank dieser Architektur wird das Pi LV1-System zu einer modularen, aufger\u00e4umten und leicht erweiterbaren L\u00f6sung, ohne dass komplexe Konfigurationen erforderlich sind.<\/p>\n<h3>Gestaltung<\/h3>\n<p>Die BCU hat viele Vorteile, wie z. B. ihre Rolle bei der Skalierbarkeit des Systems, da sie den Anschluss mehrerer Pi LV1-Batteriemodule an eine einzige Bank erm\u00f6glicht, k\u00fcnftige Erweiterungen ohne Austausch bestehender Komponenten erleichtert und eine stabile Steuerung auch bei steigender Gesamtkapazit\u00e4t des Systems gew\u00e4hrleistet.<\/p>\n<p>Dank der Pytes Pi LV1 BCU k\u00f6nnen Sie also mit einer Grundkapazit\u00e4t von Pi LV1-Batteriemodulen beginnen und das System schrittweise erweitern, wenn Ihr Energiebedarf steigt.<\/p>\n<h3>Verl\u00e4sslichkeit und Langlebigkeit<\/h3>\n<p>Die BCU wurde nach den Qualit\u00e4tsstandards von Pytes entwickelt und zeichnet sich durch einen langzeitstabilen Betrieb, eine \u00e4u\u00dferst zuverl\u00e4ssige Elektronik und ein f\u00fcr den Dauerbetrieb mit Pi LV1-Batteriemodulen optimiertes Design aus.<\/p>\n<p>Ihre Integration in das System tr\u00e4gt direkt zur Maximierung der Lebensdauer der Batteriebank und zur Aufrechterhaltung einer konstanten Leistung \u00fcber Jahre hinweg bei.<\/p>\n<h3>Zentrales BMS-System<\/h3>\n<p>In die Pytes Pi LV1 BCU ist ein fortschrittliches Batteriemanagementsystem (BMS) integriert, das mehrere Schutzstufen bietet:<\/p>\n<ul>\n<li>\u00dcberlastungs- und \u00dcberentladungsschutz.<\/li>\n<li>\u00dcberstrom- und Kurzschlussschutz.<\/li>\n<li>Temperaturkontrolle zur Vermeidung von \u00dcberhitzung.<\/li>\n<li>\u00dcberwachung des Spannungsgleichgewichts zwischen den Modulen.<\/li>\n<\/ul>\n<p>Diese zentrale Steuerung verl\u00e4ngert die Lebensdauer des gesamten Systems und verringert das Ausfallrisiko, auch bei Konfigurationen mit mehreren Modulen.<\/p>\n<h3>Kommunikation und Kompatibilit\u00e4t<\/h3>\n<p>Die Pytes Pi LV1 BCU erm\u00f6glicht eine stabile und zuverl\u00e4ssige Kommunikation zwischen der Batteriebank und dem Wechselrichter \u00fcber CAN-Bus- und RS485-Protokolle.<\/p>\n<p>Dank dieser Protokolle kann der Anleger Informationen in Echtzeit erhalten:<\/p>\n<ul>\n<li>Ladezustand (SOC).<\/li>\n<li>Spannungen und Str\u00f6me.<\/li>\n<li>Systemtemperatur.<\/li>\n<li>Alarme und Schutzzust\u00e4nde.<\/li>\n<\/ul>\n<p>Dies gew\u00e4hrleistet optimale Kompatibilit\u00e4t mit einer breiten Palette von 48-V-Hybrid- und Speicherwechselrichtern und erleichtert die Plug &amp; Play-Integration.<\/p>\n<h2>Die wichtigsten Vorteile der Pytes Pi LV1 BCU<\/h2>\n<p>Die BCU hat viele Vorteile, wie z. B:<\/p>\n<ul>\n<li>Pi LV1 Zentrale Batteriekontrolle<\/li>\n<li>Intelligentes Management von Be- und Entladung und Schutz<\/li>\n<li>Reibungslose Kommunikation mit Wechselrichtern \u00fcber CAN und RS485<\/li>\n<li>Erm\u00f6glicht modulare und skalierbare Systeme<\/li>\n<li>Verbessert die Sicherheit und Stabilit\u00e4t des gesamten Systems<\/li>\n<li>Einfache Installation im Inneren der Pi LV1-Batteriebank<\/li>\n<\/ul>\n<h2>BCU Technische Informationen Lithium LiFePO4 Batterie Pytes Pi LV1 - 110404100001<\/h2>\n<p><a href=\"https:\/\/fvcomponentes.com\/wp-content\/uploads\/2026\/01\/952a251cc1bc9b66ca75a9aa756e058b-1.pdf\" target=\"_blank\" rel=\"noopener\">Datenblatt Pytes Pi LV1 BCU<\/a><\/p>\n<p><a href=\"https:\/\/fvcomponentes.com\/wp-content\/uploads\/2026\/01\/c16d1033018bbe1740d1e462aa387b95-1.pdf\" target=\"_blank\" rel=\"noopener\">Pytes Pi LV1 BCU Handbuch<\/a><\/p>\n<p><a href=\"https:\/\/fvcomponentes.com\/wp-content\/uploads\/2026\/01\/26fe7be1ec8f4f9ee993a6cc940cea60e67f1001179bf3852cc77102c8e8f161.pdf\" target=\"_blank\" rel=\"noopener\">Pi LV1 Spezifikationen<\/a><\/p>","protected":false},"excerpt":{"rendered":"<p><strong><span style=\"color: #ff0000\">Unerl\u00e4sslich f\u00fcr den Betrieb des Pi LV1-Batteriemodulsystems.<\/span><\/strong><\/p>\n<ul>\n<li>Kompatibilit\u00e4t: Pytes Pi LV1 Batteriemodule<\/li>\n<li>Kontrollfunktionen: Spannungs-, Strom- und Temperatur\u00fcberwachung, Zellenausgleich und Sicherheitsvorkehrungen.<\/li>\n<li>Schnittstelle: benutzerfreundliche LCD-Anzeige zur Echtzeit\u00fcberwachung<\/li>\n<li>Kommunikation: RS485 \/ CAN-Protokolle<\/li>\n<\/ul>","protected":false},"featured_media":36365,"comment_status":"closed","ping_status":"closed","template":"","meta":{"site-sidebar-layout":"default","site-content-layout":"","ast-site-content-layout":"default","site-content-style":"default","site-sidebar-style":"default","ast-global-header-display":"","ast-banner-title-visibility":"","ast-main-header-display":"","ast-hfb-above-header-display":"","ast-hfb-below-header-display":"","ast-hfb-mobile-header-display":"","site-post-title":"","ast-breadcrumbs-content":"","ast-featured-img":"","footer-sml-layout":"","ast-disable-related-posts":"","theme-transparent-header-meta":"default","adv-header-id-meta":"","stick-header-meta":"","header-above-stick-meta":"","header-main-stick-meta":"","header-below-stick-meta":"","astra-migrate-meta-layouts":"set","ast-page-background-enabled":"default","ast-page-background-meta":{"desktop":{"background-color":"var(--ast-global-color-4)","background-image":"","background-repeat":"repeat","background-position":"center center","background-size":"auto","background-attachment":"scroll","background-type":"","background-media":"","overlay-type":"","overlay-color":"","overlay-opacity":"","overlay-gradient":""},"tablet":{"background-color":"","background-image":"","background-repeat":"repeat","background-position":"center center","background-size":"auto","background-attachment":"scroll","background-type":"","background-media":"","overlay-type":"","overlay-color":"","overlay-opacity":"","overlay-gradient":""},"mobile":{"background-color":"","background-image":"","background-repeat":"repeat","background-position":"center center","background-size":"auto","background-attachment":"scroll","background-type":"","background-media":"","overlay-type":"","overlay-color":"","overlay-opacity":"","overlay-gradient":""}},"ast-content-background-meta":{"desktop":{"background-color":"var(--ast-global-color-5)","background-image":"","background-repeat":"repeat","background-position":"center center","background-size":"auto","background-attachment":"scroll","background-type":"","background-media":"","overlay-type":"","overlay-color":"","overlay-opacity":"","overlay-gradient":""},"tablet":{"background-color":"var(--ast-global-color-5)","background-image":"","background-repeat":"repeat","background-position":"center center","background-size":"auto","background-attachment":"scroll","background-type":"","background-media":"","overlay-type":"","overlay-color":"","overlay-opacity":"","overlay-gradient":""},"mobile":{"background-color":"var(--ast-global-color-5)","background-image":"","background-repeat":"repeat","background-position":"center center","background-size":"auto","background-attachment":"scroll","background-type":"","background-media":"","overlay-type":"","overlay-color":"","overlay-opacity":"","overlay-gradient":""}}},"pwb-brand":[1007],"product_brand":[],"product_cat":[341,340,435],"product_tag":[],"class_list":{"0":"post-35525","1":"product","2":"type-product","3":"status-publish","4":"has-post-thumbnail","6":"pwb-brand-baterias-pytes","7":"product_cat-baterias-litio-48v","8":"product_cat-baterias","9":"product_cat-bms-sistemas-de-supervision-de-baterias","10":"desktop-align-left","11":"tablet-align-left","12":"mobile-align-left","13":"ast-product-gallery-layout-horizontal-slider","14":"ast-product-tabs-layout-horizontal","16":"first","17":"instock","18":"taxable","19":"shipping-taxable","20":"purchasable","21":"product-type-simple"},"wcpa_form_fields":null,"brands":[{"id":1007,"name":"Pytes-Batterien","slug":"pytes-batterien"}],"_links":{"self":[{"href":"https:\/\/fvcomponentes.com\/de\/wp-json\/wp\/v2\/product\/35525","targetHints":{"allow":["GET"]}}],"collection":[{"href":"https:\/\/fvcomponentes.com\/de\/wp-json\/wp\/v2\/product"}],"about":[{"href":"https:\/\/fvcomponentes.com\/de\/wp-json\/wp\/v2\/types\/product"}],"replies":[{"embeddable":true,"href":"https:\/\/fvcomponentes.com\/de\/wp-json\/wp\/v2\/comments?post=35525"}],"wp:featuredmedia":[{"embeddable":true,"href":"https:\/\/fvcomponentes.com\/de\/wp-json\/wp\/v2\/media\/36365"}],"wp:attachment":[{"href":"https:\/\/fvcomponentes.com\/de\/wp-json\/wp\/v2\/media?parent=35525"}],"wp:term":[{"taxonomy":"pwb-brand","embeddable":true,"href":"https:\/\/fvcomponentes.com\/de\/wp-json\/wp\/v2\/pwb-brand?post=35525"},{"taxonomy":"product_brand","embeddable":true,"href":"https:\/\/fvcomponentes.com\/de\/wp-json\/wp\/v2\/product_brand?post=35525"},{"taxonomy":"product_cat","embeddable":true,"href":"https:\/\/fvcomponentes.com\/de\/wp-json\/wp\/v2\/product_cat?post=35525"},{"taxonomy":"product_tag","embeddable":true,"href":"https:\/\/fvcomponentes.com\/de\/wp-json\/wp\/v2\/product_tag?post=35525"}],"curies":[{"name":"wp","href":"https:\/\/api.w.org\/{rel}","templated":true}]}}