{"id":35426,"date":"2026-01-29T20:29:52","date_gmt":"2026-01-29T19:29:52","guid":{"rendered":"https:\/\/fvcomponentes.com\/?post_type=product&#038;p=35426"},"modified":"2026-02-05T14:19:15","modified_gmt":"2026-02-05T13:19:15","slug":"lithium-batterie-pytes-v5a-plus-512v-5-12kwh-lifepo4-110402100134","status":"publish","type":"product","link":"https:\/\/fvcomponentes.com\/de\/producto\/bateria-de-litio-pytes-v5a-plus-512v-5-12kwh-lifepo4-110402100134\/","title":{"rendered":"Pytes V5a PLUS 51,2V\/5,12kWh LiFePO4-Lithium-Batterie - 110402100134"},"content":{"rendered":"<h2>51,2V\/5,12kWh LiFePO4 Pytes V5\u03b1 PLUS Lithium-Batterie - 110402100134<\/h2>\n<p>Das V5\u03b1 PLUS von Pytes ist ein Hightech-Batteriemodul aus Lithium-Ferrophosphat (LiFePO\u2084), das eine sehr lange Lebensdauer, hohe Zyklenfestigkeit, Sicherheit in Industriequalit\u00e4t, Plug-and-Play-Erweiterung und hervorragende Leistung bietet.<\/p>\n<p>Mit einer Nennspannung von 51,2V, einer Kapazit\u00e4t von 5,12kWh, einer hohen Zyklenfestigkeit (&gt;6000 Zyklen bei 90% DoD) und einem intelligenten Energiemanagement erm\u00f6glicht sie maximale Unabh\u00e4ngigkeit vom Stromnetz.<\/p>\n<p>Die Batterie ist mit vielen Wechselrichtern kompatibel und kann auf bis zu 430 kWh erweitert werden.<\/p>\n<p>Die V5\u03b1 PLUS-Batterie ist f\u00fcr die zuverl\u00e4ssige, effiziente und sichere Energiespeicherung in Photovoltaikanlagen, Netzersatzanlagen, solarem Eigenverbrauch oder netzfernen Anwendungen konzipiert.<\/p>\n<p>Das modulare, rack-montierbare Design bietet fortschrittlichen BMS-Schutz, Brandunterdr\u00fcckung, Fern\u00fcberwachung und eine einfache parallele Skalierbarkeit von einer einzelnen Einheit bis hin zu Konfigurationen mit gro\u00dfer Kapazit\u00e4t ohne Probleme.<\/p>\n<h2>Merkmale des Pytes V5\u03b1 PLUS-Akkus<\/h2>\n<h3>Gestaltung<\/h3>\n<p>Die V5\u03b1 PLUS-Batterie wird in einem robusten 19\u2033-Standardgeh\u00e4use gefertigt, das f\u00fcr die Rack-, Boden- oder Wandmontage ausgelegt ist.<\/p>\n<p>Seine langlebige Konstruktion hat eine Lebensdauer von mehr als 10 Jahren, die je nach Nutzung und Bedingungen auf bis zu 20 Jahre verl\u00e4ngert werden kann.<\/p>\n<p>Dar\u00fcber hinaus bietet seine LiFePO\u2084 (LFP)-Chemie im Vergleich zu herk\u00f6mmlichen Lithium-Chemien eine h\u00f6here thermische Stabilit\u00e4t, Sicherheit gegen \u00dcberhitzung und eine l\u00e4ngere Lebensdauer.<\/p>\n<h3>Intelligentes Batteriemanagement (BMS)<\/h3>\n<p>Die V5\u03b1 PLUS-Batterie verf\u00fcgt \u00fcber ein integriertes System zum Schutz vor Kurzschluss, \u00dcberladung, \u00dcberstrom, Ungleichgewicht und \u00dcbertemperatur, das die Zuverl\u00e4ssigkeit erh\u00f6ht und die Lebensdauer der Batterie verl\u00e4ngert.<\/p>\n<p>Dar\u00fcber hinaus verf\u00fcgt es \u00fcber einen Niedrigtemperaturwarnschutz und einen R\u00fcckstromkabelschutz sowie \u00fcber eine intelligente Lade- und Zellenausgleichsfunktion und eine Berechnung der verbleibenden Batterieleistung.<\/p>\n<h3>Dreifach sicherer Schutz<\/h3>\n<p>Das V5\u03b1 PLUS-Batteriemodul umfasst ein fortschrittliches BMS-Schutzsystem, einen Notausschalter und ein Aerosol-Feuerl\u00f6schsystem f\u00fcr erh\u00f6hte Betriebssicherheit.<\/p>\n<h3>Dauer und Effizienz<\/h3>\n<p>Diese Batterie hat eine Lebensdauer von \u22656000 Zyklen bei 90 % Entladetiefe (DOD), Ret bei 70 %, 25 \u2103, was viele Jahre t\u00e4glichen Betriebs mit sehr geringer Verschlechterung bedeutet.<\/p>\n<p>Seine Zykluseffizienz ist besser als die des 95%, was bedeutet, dass fast die gesamte zugef\u00fchrte Energie beim Entladen zur\u00fcckgewonnen werden kann.<\/p>\n<p>Au\u00dferdem wird eine 10-Jahres-Garantie mit Herstellersupport gew\u00e4hrt.<\/p>\n<h3>Thermische Leistung und Sicherheit<\/h3>\n<p>Die V5\u03b1 PLUS-Batterie hat einen typischen Betriebstemperaturbereich zwischen -10 \u00b0C und +50 \u00b0C f\u00fcr sicheres Entladen und Laden.<\/p>\n<p>Sie verf\u00fcgt au\u00dferdem \u00fcber ein integriertes Heizsystem, das den effizienten Betrieb der Batterie auch in kalten Klimazonen erm\u00f6glicht und die Innentemperatur im optimalen Betriebsbereich h\u00e4lt, ohne dass externes Zubeh\u00f6r erforderlich ist.<\/p>\n<h3>Intelligente \u00dcberwachung und Funktionen<\/h3>\n<p>Das V5\u03b1 PLUS-Batteriemodul verf\u00fcgt \u00fcber eine Fernsteuerung und Datenvisualisierung, da es eine Echtzeit\u00fcberwachung des Ladestatus, der Alarme, der Leistungshistorie und der Aktualisierung der BMS-Software \u00fcber WEB\/APP erm\u00f6glicht.<\/p>\n<p>Dar\u00fcber hinaus verf\u00fcgt es \u00fcber ein Alarm- und Fehlermeldesystem, das f\u00fcr die Sicherheit und Effizienz der Batterie sorgt.<\/p>\n<h3>Konnektivit\u00e4t und Skalierbarkeit<\/h3>\n<p>Der Pytes V5\u03b1 PLUS verf\u00fcgt \u00fcber CAN- und RS-485-Kommunikationsprotokolle, die den Anschluss an Wechselrichter, Steuerungen und intelligente \u00dcberwachungssysteme erleichtern.<\/p>\n<p>Was die Skalierbarkeit betrifft, so k\u00f6nnen bei dieser Batterie mehrere Einheiten parallel geschaltet werden, um die Kapazit\u00e4t des Systems zu erweitern.<br \/>\nIn fortgeschrittenen Konfigurationen k\u00f6nnen Dutzende von Modulen verwendet werden, um 430 kWh zu speichern.<\/p>\n<h2>Kompatibilit\u00e4t der Pytes V5\u03b1 PLUS Lithium-Batterie - 110402100134<\/h2>\n<p>Diese Batterie arbeitet mit einer Vielzahl von Wechselrichtern und Solarreglern auf dem Markt zusammen und bietet somit Flexibilit\u00e4t bei der Integration.<\/p>\n<p>Die Wechselrichter, die am besten mit dieser Pytes-Batterie kompatibel sind, sind Victron Energy, SMA, Goodwe, Growatt, Sol-Ark und Voltronic Power.<br \/>\nEs ist aber mit vielen weiteren Marken kompatibel.<\/p>\n<h2>Vorteile des Pytes V5\u03b1 PLUS-Akkus im Vergleich zum V5<\/h2>\n<p>Der LiFePO4 V5\u03b1 PLUS LiFePO4-Akku ist eine intelligente Weiterentwicklung des V5-Modells mit den folgenden Vorteilen:<\/p>\n<ul>\n<li>Erh\u00f6hte umfassende Sicherheit<\/li>\n<li>Funktionen zur Fern\u00fcberwachung und -wartung<\/li>\n<li>Verbesserte Leistung bei elektrischen Spitzenwerten<\/li>\n<li>Komplexere oder anspruchsvollere Installationen<\/li>\n<li>Verl\u00e4sslichkeit in k\u00e4lteren Klimazonen.<\/li>\n<\/ul>\n<p>Wenn Ihr Einsatz \u00fcber eine einfache Plug &amp; Play-Batterie hinausgeht und Sie ein H\u00f6chstma\u00df an Sicherheit, Kontrolle und Skalierbarkeit w\u00fcnschen, bietet die V5\u03b1 PLUS klare Vorteile gegen\u00fcber der V5.<\/p>\n<table>\n<thead>\n<tr>\n<th><strong>Merkmal<\/strong><\/th>\n<th><strong>V5\u03b1 PLUS<\/strong><\/th>\n<th><strong>V5<\/strong><\/th>\n<\/tr>\n<\/thead>\n<tbody>\n<tr>\n<td>BMS-Schutz<\/td>\n<td>\u2714\ufe0f Fortgeschrittene<\/td>\n<td>\u2714\ufe0f Standard<\/td>\n<\/tr>\n<tr>\n<td>Notabschaltung<\/td>\n<td>\u2714\ufe0f<\/td>\n<td>\u274c<\/td>\n<\/tr>\n<tr>\n<td>Aerosolunterdr\u00fcckung<\/td>\n<td>\u2714\ufe0f<\/td>\n<td>\u274c<\/td>\n<\/tr>\n<tr>\n<td>WEB\/APP-\u00dcberwachung<\/td>\n<td>\u2714\ufe0f Integriert<\/td>\n<td>Optional<\/td>\n<\/tr>\n<tr>\n<td>Interne Heizung<\/td>\n<td>Verbessert<\/td>\n<td>Grundlegend<\/td>\n<\/tr>\n<tr>\n<td>Spitzenwert der Entladung<\/td>\n<td>Bis zu ~200 A<\/td>\n<td>\ud83d\udd0b ~180 A<\/td>\n<\/tr>\n<tr>\n<td>Skalierbarkeit<\/td>\n<td>\ud83d\udcbc Major<\/td>\n<td>\ud83d\udcc8 Gut<\/td>\n<\/tr>\n<tr>\n<td>Mechanische Robustheit<\/td>\n<td>\u2705 Major<\/td>\n<td>\u2705 Gut<\/td>\n<\/tr>\n<\/tbody>\n<\/table>\n<h2>Technische Daten Lithiumbatterie 51.2V\/5.12kWh LiFePO4 Pytes V5\u03b1 PLUS - 110402100134<\/h2>\n<table>\n<thead>\n<tr>\n<th><strong>Eigenschaften<\/strong><\/th>\n<th><strong>Wert \/ Detail<\/strong><\/th>\n<\/tr>\n<\/thead>\n<tbody>\n<tr>\n<td><strong>Modell<\/strong><\/td>\n<td>Pytes V5\u00b0\u03b1 PLUS<\/td>\n<\/tr>\n<tr>\n<td><strong>Zellchemie<\/strong><\/td>\n<td>LiFePO\u2084 (Lithium-Eisenphosphat)<\/td>\n<\/tr>\n<tr>\n<td><strong>Nennspannung<\/strong><\/td>\n<td>51,2 V<\/td>\n<\/tr>\n<tr>\n<td><strong>Spannungsbereich<\/strong><\/td>\n<td>47,5 V - 57,6 V<\/td>\n<\/tr>\n<tr>\n<td><strong>Nennkapazit\u00e4t<\/strong><\/td>\n<td>100 Ah<\/td>\n<\/tr>\n<tr>\n<td><strong>Nominale Energie<\/strong><\/td>\n<td>5,12 kWh<\/td>\n<\/tr>\n<tr>\n<td><strong>Empfohlener Lade-\/Entladestrom<\/strong><\/td>\n<td>75 A<\/td>\n<\/tr>\n<tr>\n<td><strong>Maximaler kontinuierlicher Lade-\/Entladestrom<\/strong><\/td>\n<td>75 A (bei normaler Temperatur)<\/td>\n<\/tr>\n<tr>\n<td><strong>Maximaler Spitzenstrom<\/strong><\/td>\n<td>101 A - 120 A (3 min) \/ 121 A - 200 A (15 sec)<\/td>\n<\/tr>\n<tr>\n<td><strong>Integrierter Unterbrecher<\/strong><\/td>\n<td>DC 125 V \/ 125 A<\/td>\n<\/tr>\n<tr>\n<td><strong>Kommunikation \/ Protokolle<\/strong><\/td>\n<td>CAN \/ RS485<\/td>\n<\/tr>\n<tr>\n<td><strong>Leistungsklemmen<\/strong><\/td>\n<td>Amphenol SurLok Plus 8,0 mm<\/td>\n<\/tr>\n<tr>\n<td><strong>Effizienz der Hin- und R\u00fcckfahrt<\/strong><\/td>\n<td>\u2265 95 %<\/td>\n<\/tr>\n<tr>\n<td><strong>Lebenszyklus<\/strong><\/td>\n<td>\u2265 6000 Zyklen bei 90 % DOD<\/td>\n<\/tr>\n<tr>\n<td><strong>Leben gestalten<\/strong><\/td>\n<td>&gt; 10 Jahre (bis zu ~20 Jahre)<\/td>\n<\/tr>\n<tr>\n<td><strong>Zertifizierungen<\/strong><\/td>\n<td>UL9540 Ed.2, UL9540A, UL1973, CEC, SGIP, CE, IEC62619, UN38.3<\/td>\n<\/tr>\n<tr>\n<td><strong>Abmessungen (L\u00d7B\u00d7H)<\/strong><\/td>\n<td>484 \u00d7 578,2 \u00d7 140 mm<\/td>\n<\/tr>\n<tr>\n<td><strong>Gewicht<\/strong><\/td>\n<td>45,34 kg<\/td>\n<\/tr>\n<tr>\n<td><strong>Betriebstemperatur in der Umgebung<\/strong><\/td>\n<td>-10 \u00b0C - 50 \u00b0C<\/td>\n<\/tr>\n<tr>\n<td><strong>Heizsystem (Kissen)<\/strong><\/td>\n<td>Ja, integrierte Option f\u00fcr K\u00e4ltebetrieb (-18 \u00b0C bis 10 \u00b0C)<\/td>\n<\/tr>\n<tr>\n<td><strong>Montage<\/strong><\/td>\n<td>Wand \/ Boden \/ Rack (3.2U)<\/td>\n<\/tr>\n<tr>\n<td><strong>Parallele Skalierbarkeit<\/strong><\/td>\n<td>Bis zu 16 Einheiten (81,92 kWh) pro Gruppe<\/td>\n<\/tr>\n<\/tbody>\n<\/table>\n<h2>Technische Informationen zur Pytes V5\u03b1 PLUS-Batterie<\/h2>\n<p><a href=\"https:\/\/fvcomponentes.com\/wp-content\/uploads\/2026\/01\/e378cebd689b8706ccd74a40c612ea4b-1.pdf\" target=\"_blank\" rel=\"noopener\">Datenblatt f\u00fcr Pytes V5\u03b1 PLUS<\/a><\/p>\n<p><a href=\"https:\/\/fvcomponentes.com\/wp-content\/uploads\/2026\/01\/a237585177bae0c66b7ba4a994d9799b.pdf\" target=\"_blank\" rel=\"noopener\">Pytes V5\u03b1 PLUS Handbuch<\/a><\/p>","protected":false},"excerpt":{"rendered":"<ul>\n<li>Nennspannung: 51,2 V<\/li>\n<li>Nennenergie: 5,12 kWh<\/li>\n<li>Spannungsbereich: 47,5 - 57,6 V<\/li>\n<li>Nennkapazit\u00e4t: 100 Ah<\/li>\n<li>Empfohlener Lade-\/Entladestrom: 75 A<\/li>\n<li>Betriebstemperaturbereich: -10\u00b0C - +50\u00b0C<\/li>\n<li>Lebenszyklen: 6.000<\/li>\n<li>Gewicht: 45,34 kg<\/li>\n<li>Abmessungen: 48,4 x 57,82 x 14 cm<\/li>\n<li>Garantie: 10 Jahre<\/li>\n<\/ul>","protected":false},"featured_media":35434,"comment_status":"closed","ping_status":"closed","template":"","meta":{"site-sidebar-layout":"default","site-content-layout":"","ast-site-content-layout":"default","site-content-style":"default","site-sidebar-style":"default","ast-global-header-display":"","ast-banner-title-visibility":"","ast-main-header-display":"","ast-hfb-above-header-display":"","ast-hfb-below-header-display":"","ast-hfb-mobile-header-display":"","site-post-title":"","ast-breadcrumbs-content":"","ast-featured-img":"","footer-sml-layout":"","ast-disable-related-posts":"","theme-transparent-header-meta":"default","adv-header-id-meta":"","stick-header-meta":"","header-above-stick-meta":"","header-main-stick-meta":"","header-below-stick-meta":"","astra-migrate-meta-layouts":"set","ast-page-background-enabled":"default","ast-page-background-meta":{"desktop":{"background-color":"var(--ast-global-color-4)","background-image":"","background-repeat":"repeat","background-position":"center center","background-size":"auto","background-attachment":"scroll","background-type":"","background-media":"","overlay-type":"","overlay-color":"","overlay-opacity":"","overlay-gradient":""},"tablet":{"background-color":"","background-image":"","background-repeat":"repeat","background-position":"center center","background-size":"auto","background-attachment":"scroll","background-type":"","background-media":"","overlay-type":"","overlay-color":"","overlay-opacity":"","overlay-gradient":""},"mobile":{"background-color":"","background-image":"","background-repeat":"repeat","background-position":"center center","background-size":"auto","background-attachment":"scroll","background-type":"","background-media":"","overlay-type":"","overlay-color":"","overlay-opacity":"","overlay-gradient":""}},"ast-content-background-meta":{"desktop":{"background-color":"var(--ast-global-color-5)","background-image":"","background-repeat":"repeat","background-position":"center center","background-size":"auto","background-attachment":"scroll","background-type":"","background-media":"","overlay-type":"","overlay-color":"","overlay-opacity":"","overlay-gradient":""},"tablet":{"background-color":"var(--ast-global-color-5)","background-image":"","background-repeat":"repeat","background-position":"center center","background-size":"auto","background-attachment":"scroll","background-type":"","background-media":"","overlay-type":"","overlay-color":"","overlay-opacity":"","overlay-gradient":""},"mobile":{"background-color":"var(--ast-global-color-5)","background-image":"","background-repeat":"repeat","background-position":"center center","background-size":"auto","background-attachment":"scroll","background-type":"","background-media":"","overlay-type":"","overlay-color":"","overlay-opacity":"","overlay-gradient":""}}},"pwb-brand":[1007],"product_brand":[],"product_cat":[341,340],"product_tag":[],"class_list":{"0":"post-35426","1":"product","2":"type-product","3":"status-publish","4":"has-post-thumbnail","6":"pwb-brand-baterias-pytes","7":"product_cat-baterias-litio-48v","8":"product_cat-baterias","9":"product_shipping_class-baterias","10":"desktop-align-left","11":"tablet-align-left","12":"mobile-align-left","13":"ast-product-gallery-layout-horizontal-slider","14":"ast-product-tabs-layout-horizontal","16":"first","17":"instock","18":"taxable","19":"shipping-taxable","20":"purchasable","21":"product-type-simple"},"wcpa_form_fields":null,"brands":[{"id":1007,"name":"Pytes-Batterien","slug":"pytes-batterien"}],"_links":{"self":[{"href":"https:\/\/fvcomponentes.com\/de\/wp-json\/wp\/v2\/product\/35426","targetHints":{"allow":["GET"]}}],"collection":[{"href":"https:\/\/fvcomponentes.com\/de\/wp-json\/wp\/v2\/product"}],"about":[{"href":"https:\/\/fvcomponentes.com\/de\/wp-json\/wp\/v2\/types\/product"}],"replies":[{"embeddable":true,"href":"https:\/\/fvcomponentes.com\/de\/wp-json\/wp\/v2\/comments?post=35426"}],"wp:featuredmedia":[{"embeddable":true,"href":"https:\/\/fvcomponentes.com\/de\/wp-json\/wp\/v2\/media\/35434"}],"wp:attachment":[{"href":"https:\/\/fvcomponentes.com\/de\/wp-json\/wp\/v2\/media?parent=35426"}],"wp:term":[{"taxonomy":"pwb-brand","embeddable":true,"href":"https:\/\/fvcomponentes.com\/de\/wp-json\/wp\/v2\/pwb-brand?post=35426"},{"taxonomy":"product_brand","embeddable":true,"href":"https:\/\/fvcomponentes.com\/de\/wp-json\/wp\/v2\/product_brand?post=35426"},{"taxonomy":"product_cat","embeddable":true,"href":"https:\/\/fvcomponentes.com\/de\/wp-json\/wp\/v2\/product_cat?post=35426"},{"taxonomy":"product_tag","embeddable":true,"href":"https:\/\/fvcomponentes.com\/de\/wp-json\/wp\/v2\/product_tag?post=35426"}],"curies":[{"name":"wp","href":"https:\/\/api.w.org\/{rel}","templated":true}]}}