{"id":35411,"date":"2026-01-29T20:36:42","date_gmt":"2026-01-29T19:36:42","guid":{"rendered":"https:\/\/fvcomponentes.com\/?post_type=product&#038;p=35411"},"modified":"2026-01-29T20:36:43","modified_gmt":"2026-01-29T19:36:43","slug":"pytes-v-halterung-fur-v5-und-v5%ce%b1-plus-batterien-150208100001","status":"publish","type":"product","link":"https:\/\/fvcomponentes.com\/de\/producto\/soporte-v-bracket-pytes-para-baterias-v5-y-v5%ce%b1-plus-150208100001\/","title":{"rendered":"Pytes V-Bracket f\u00fcr V5 und V5\u03b1 PLUS Batterien - 150208100001"},"content":{"rendered":"<h2>Pytes V-Bracket f\u00fcr V5 und V5\u03b1 PLUS Batterien - 150208100001<\/h2>\n<p>Der Pytes V-Bracket ist ein modulares Montage- und Tr\u00e4gersystem, das speziell f\u00fcr die Batterien der Serien V5 und V5\u03b1 plus entwickelt wurde und haupts\u00e4chlich in Energiespeicheranlagen eingesetzt wird.<\/p>\n<p>Diese Halterungen bestehen aus vier Einzelteilen (Halterungen) und den f\u00fcr die Montage erforderlichen Schrauben und Zubeh\u00f6rteilen, die es erm\u00f6glichen, ein oder mehrere Pytes V5 oder V5\u03b1 plus Akkumodule zu halten und vertikal zu stapeln.<\/p>\n<p>Jeder Satz ist f\u00fcr eine Batterie ausgelegt und dient als \u201cgestaffelte\u201d Halterung, die die mechanische Stabilit\u00e4t verbessert und das W\u00e4rmemanagement der Baugruppe erleichtert.<\/p>\n<h2>Merkmale der V-Bracket Pytes<\/h2>\n<h3>Gestaltung<\/h3>\n<p>Die V-Brackets bestehen aus verzinktem Stahl (SGCC) f\u00fcr mechanische Festigkeit, Haltbarkeit und Korrosionsschutz in Innenr\u00e4umen.<\/p>\n<p>Dar\u00fcber hinaus sind diese Halterungen in der Regel mit einer Schutzschicht versehen, die die Korrosionsbest\u00e4ndigkeit erh\u00f6ht.<\/p>\n<h3>Thermische Optimierung<\/h3>\n<p>In V-Brackets sind die Batterien r\u00e4umlich getrennt, was die Luftzirkulation um jedes Batteriemodul verbessert.<\/p>\n<p>Dies tr\u00e4gt dazu bei, Hotspots zu reduzieren und die Gesamtleistung der Batterie zu verbessern, wodurch die Lebensdauer der Batterie verl\u00e4ngert und die Sicherheit der Batteriemodule erh\u00f6ht wird.<\/p>\n<h3>Stapelf\u00e4higkeit<\/h3>\n<p>Pytes V-Bracket Mit den Pytes V-Brackets k\u00f6nnen bis zu sechs V5- oder V5\u03b1 plus-Batteriemodule in einer stabilen S\u00e4ule gestapelt werden, wobei ausreichende Abst\u00e4nde f\u00fcr die Bel\u00fcftung und die bauliche Sicherheit eingehalten werden.<\/p>\n<p>Durch diese modulare Stapelung kann die Speicherkonfiguration je nach Energiebedarf angepasst werden, ohne dass die strukturelle Integrit\u00e4t der Anlage beeintr\u00e4chtigt wird.<\/p>\n<h3>Funktionalit\u00e4t und Leistung<\/h3>\n<p>Die Konstruktion der V-Bracket-Halterungen ist f\u00fcr eine schnelle und einfache Montage ohne Spezialwerkzeug (Schraubendreher oder Schraubenschl\u00fcssel) ausgelegt.<\/p>\n<p>Die seitlichen Flansche dieser Halterungen mit Clip- oder Schlitzmechanismus erm\u00f6glichen es, mehrere Halterungen miteinander zu verbinden und so eine stabile und ausgerichtete Struktur f\u00fcr mehrere Batterien zu schaffen.<\/p>\n<h2>Technische Daten von Pytes V-Bracket f\u00fcr V5 und V5\u03b1 PLUS Batterien - 150208100001<\/h2>\n<table>\n<thead>\n<tr>\n<th><strong>Spezifikation<\/strong><\/th>\n<th><strong>Einzelheiten<\/strong><\/th>\n<\/tr>\n<\/thead>\n<tbody>\n<tr>\n<td><strong>Produkt<\/strong><\/td>\n<td>Pytes V-Bracket Unterst\u00fctzung<\/td>\n<\/tr>\n<tr>\n<td><strong>Referenz<\/strong><\/td>\n<td>150208100001<\/td>\n<\/tr>\n<tr>\n<td><strong>Kompatibilit\u00e4t<\/strong><\/td>\n<td>Pytes-Batterien der Serien V5 und V5\u03b1 Plus<\/td>\n<\/tr>\n<tr>\n<td><strong>Material<\/strong><\/td>\n<td>Verzinkter Stahl (SGCC)<\/td>\n<\/tr>\n<tr>\n<td><strong>Gesamtgewicht (Satz)<\/strong><\/td>\n<td>1,44 kg<\/td>\n<\/tr>\n<tr>\n<td><strong>Abmessungen pro Halterung (B \u00d7 H \u00d7 T)<\/strong><\/td>\n<td>5 \u00d7 17,78 \u00d7 6,22 cm<\/td>\n<\/tr>\n<tr>\n<td><strong>Stapelf\u00e4higkeit<\/strong><\/td>\n<td>Bis zu 6 Batterien pro S\u00e4ule mit mehreren Halterungen<\/td>\n<\/tr>\n<tr>\n<td><strong>Art der Befestigung<\/strong><\/td>\n<td>Montage auf dem Boden oder einer flachen Oberfl\u00e4che f\u00fcr vertikales Stapeln<\/td>\n<\/tr>\n<tr>\n<td><strong>Fixierungssystem<\/strong><\/td>\n<td>Fixiervorrichtung\/Seitenvorrichtung zur Befestigung von Klammern und zur Gew\u00e4hrleistung der Stabilit\u00e4t<\/td>\n<\/tr>\n<tr>\n<td><strong>Umgebung der Nutzung<\/strong><\/td>\n<td>Inneninstallationen oder gesch\u00fctzte Umgebungen<\/td>\n<\/tr>\n<tr>\n<td><strong>Inhalt\u00a0<\/strong><\/td>\n<td>4 Halterungen + Befestigungsmaterial<\/td>\n<\/tr>\n<\/tbody>\n<\/table>\n<h2>Pytes V-Bracket f\u00fcr V5 und V5\u03b1 PLUS Batterien Technische Informationen - 150208100001<\/h2>\n<p><a href=\"https:\/\/fvcomponentes.com\/wp-content\/uploads\/2026\/01\/V5\u00b0-Bracket.pdf\" target=\"_blank\" rel=\"noopener\">Pytes V-Bracket Pytes technisches Datenblatt<\/a><\/p>\n<p><a href=\"https:\/\/www.youtube.com\/watch?v=xxPdO_DL9L8\" target=\"_blank\" rel=\"noopener\">Pytes V-Bracket Pytes V-Bracket Installationsanleitung<\/a><\/p>","protected":false},"excerpt":{"rendered":"<ul>\n<li>Stapelung: bis zu 6 Pytes V5 und V5\u03b1 PLUS Batterien<\/li>\n<li>Inhalt: 4 Halterungen + Befestigungsmaterial<\/li>\n<li>Montage: oberirdisch<\/li>\n<li>Material: Verzinkter Stahl (SGCC)<\/li>\n<li>Abmessungen: 5 x 17,78 x 6,22 cm<\/li>\n<li>Gewicht: 1,44 kg<\/li>\n<\/ul>","protected":false},"featured_media":35419,"comment_status":"closed","ping_status":"closed","template":"","meta":{"site-sidebar-layout":"default","site-content-layout":"","ast-site-content-layout":"default","site-content-style":"default","site-sidebar-style":"default","ast-global-header-display":"","ast-banner-title-visibility":"","ast-main-header-display":"","ast-hfb-above-header-display":"","ast-hfb-below-header-display":"","ast-hfb-mobile-header-display":"","site-post-title":"","ast-breadcrumbs-content":"","ast-featured-img":"","footer-sml-layout":"","ast-disable-related-posts":"","theme-transparent-header-meta":"default","adv-header-id-meta":"","stick-header-meta":"","header-above-stick-meta":"","header-main-stick-meta":"","header-below-stick-meta":"","astra-migrate-meta-layouts":"set","ast-page-background-enabled":"default","ast-page-background-meta":{"desktop":{"background-color":"var(--ast-global-color-4)","background-image":"","background-repeat":"repeat","background-position":"center center","background-size":"auto","background-attachment":"scroll","background-type":"","background-media":"","overlay-type":"","overlay-color":"","overlay-opacity":"","overlay-gradient":""},"tablet":{"background-color":"","background-image":"","background-repeat":"repeat","background-position":"center center","background-size":"auto","background-attachment":"scroll","background-type":"","background-media":"","overlay-type":"","overlay-color":"","overlay-opacity":"","overlay-gradient":""},"mobile":{"background-color":"","background-image":"","background-repeat":"repeat","background-position":"center center","background-size":"auto","background-attachment":"scroll","background-type":"","background-media":"","overlay-type":"","overlay-color":"","overlay-opacity":"","overlay-gradient":""}},"ast-content-background-meta":{"desktop":{"background-color":"var(--ast-global-color-5)","background-image":"","background-repeat":"repeat","background-position":"center center","background-size":"auto","background-attachment":"scroll","background-type":"","background-media":"","overlay-type":"","overlay-color":"","overlay-opacity":"","overlay-gradient":""},"tablet":{"background-color":"var(--ast-global-color-5)","background-image":"","background-repeat":"repeat","background-position":"center center","background-size":"auto","background-attachment":"scroll","background-type":"","background-media":"","overlay-type":"","overlay-color":"","overlay-opacity":"","overlay-gradient":""},"mobile":{"background-color":"var(--ast-global-color-5)","background-image":"","background-repeat":"repeat","background-position":"center center","background-size":"auto","background-attachment":"scroll","background-type":"","background-media":"","overlay-type":"","overlay-color":"","overlay-opacity":"","overlay-gradient":""}}},"pwb-brand":[1007],"product_brand":[],"product_cat":[340,414],"product_tag":[],"class_list":{"0":"post-35411","1":"product","2":"type-product","3":"status-publish","4":"has-post-thumbnail","6":"pwb-brand-baterias-pytes","7":"product_cat-baterias","8":"product_cat-armarios-rack-para-baterias","9":"desktop-align-left","10":"tablet-align-left","11":"mobile-align-left","12":"ast-product-gallery-layout-horizontal-slider","13":"ast-product-tabs-layout-horizontal","15":"first","16":"instock","17":"taxable","18":"shipping-taxable","19":"purchasable","20":"product-type-simple"},"wcpa_form_fields":null,"brands":[{"id":1007,"name":"Pytes-Batterien","slug":"pytes-batterien"}],"_links":{"self":[{"href":"https:\/\/fvcomponentes.com\/de\/wp-json\/wp\/v2\/product\/35411","targetHints":{"allow":["GET"]}}],"collection":[{"href":"https:\/\/fvcomponentes.com\/de\/wp-json\/wp\/v2\/product"}],"about":[{"href":"https:\/\/fvcomponentes.com\/de\/wp-json\/wp\/v2\/types\/product"}],"replies":[{"embeddable":true,"href":"https:\/\/fvcomponentes.com\/de\/wp-json\/wp\/v2\/comments?post=35411"}],"wp:featuredmedia":[{"embeddable":true,"href":"https:\/\/fvcomponentes.com\/de\/wp-json\/wp\/v2\/media\/35419"}],"wp:attachment":[{"href":"https:\/\/fvcomponentes.com\/de\/wp-json\/wp\/v2\/media?parent=35411"}],"wp:term":[{"taxonomy":"pwb-brand","embeddable":true,"href":"https:\/\/fvcomponentes.com\/de\/wp-json\/wp\/v2\/pwb-brand?post=35411"},{"taxonomy":"product_brand","embeddable":true,"href":"https:\/\/fvcomponentes.com\/de\/wp-json\/wp\/v2\/product_brand?post=35411"},{"taxonomy":"product_cat","embeddable":true,"href":"https:\/\/fvcomponentes.com\/de\/wp-json\/wp\/v2\/product_cat?post=35411"},{"taxonomy":"product_tag","embeddable":true,"href":"https:\/\/fvcomponentes.com\/de\/wp-json\/wp\/v2\/product_tag?post=35411"}],"curies":[{"name":"wp","href":"https:\/\/api.w.org\/{rel}","templated":true}]}}