{"id":35376,"date":"2026-01-29T20:35:19","date_gmt":"2026-01-29T19:35:19","guid":{"rendered":"https:\/\/fvcomponentes.com\/?post_type=product&#038;p=35376"},"modified":"2026-01-29T20:35:21","modified_gmt":"2026-01-29T19:35:21","slug":"r-pytes-batteriehalter-set-fur-e-box-48100r-batterien-110409100019","status":"publish","type":"product","link":"https:\/\/fvcomponentes.com\/de\/producto\/set-de-soportes-r-pytes-para-baterias-e-box-48100r-110409100019\/","title":{"rendered":"Pytes R-Bracket Set f\u00fcr E-BOX-48100R Batterien - 110409100019"},"content":{"rendered":"<h2>Pytes R-Bracket Set f\u00fcr E-BOX-48100R Batterien - 110409100019<\/h2>\n<p>Das Pytes Set aus 8 R-Brackets ist eine modulare und robuste Montagel\u00f6sung, die speziell f\u00fcr die effiziente und sichere Organisation und Stapelung von E-BOX-48100R-Batterien in Energiespeicheranlagen entwickelt wurde.<\/p>\n<p>Diese Gestelle sind so konstruiert, dass sie eine strukturelle Basis f\u00fcr die Maximierung der Speicherkapazit\u00e4t von bis zu 40 kWh (8 \u00d7 je 5,12 kWh-Batterien) bieten, ohne \u00fcberm\u00e4\u00dfig viel Bodenfl\u00e4che zu beanspruchen, was sie zu einer Alternative zu herk\u00f6mmlichen geschlossenen Schr\u00e4nken oder Gestellen macht.<\/p>\n<h2>Merkmale des R Pytes Support Sets<\/h2>\n<h3>Robuste und leichte Konstruktion<\/h3>\n<p>Jedes Set besteht aus 8 vertikal gestapelten R-Racks, die bis zu 8 Einheiten von Pytes E-BOX-48100R Batterien aufnehmen k\u00f6nnen.<br \/>\nDies erleichtert die Installation von Aufbewahrungssystemen sowohl im Wohnbereich als auch in kleinen Gewerbebetrieben, insbesondere dort, wo der nutzbare Raum begrenzt ist.<\/p>\n<p>Der R-Bracket ist aus robusten und leichten Materialien gefertigt, die so konzipiert sind, dass sie das Gewicht der Batterien tragen k\u00f6nnen, ohne die Stabilit\u00e4t und Sicherheit der Halterung zu beeintr\u00e4chtigen.<\/p>\n<p>Die solide Metallstruktur tr\u00e4gt dazu bei, die Batterien im richtigen Abstand zwischen den einzelnen Einheiten anzuordnen, was eine bessere Bel\u00fcftung und eine nat\u00fcrliche W\u00e4rmeableitung f\u00f6rdert, was f\u00fcr die Aufrechterhaltung der Effizienz wichtig ist.<\/p>\n<p>Dar\u00fcber hinaus erleichtert seine Konstruktion die Montage auf einem festen Boden oder die zus\u00e4tzliche Befestigung an einer Wand\/einem festen Bauwerk, um die Stabilit\u00e4t zu gew\u00e4hrleisten.<\/p>\n<h3>Nat\u00fcrliche Bel\u00fcftung<\/h3>\n<p>Die Pytes R-Montage erm\u00f6glicht der Batterie eine effizientere W\u00e4rmeableitung, da sie nicht von einer geschlossenen Struktur bedeckt ist. Dies tr\u00e4gt dazu bei, die Lebensdauer der Batterie zu verl\u00e4ngern und eine optimale Betriebstemperatur aufrechtzuerhalten, wodurch die interne Erw\u00e4rmung reduziert wird.<\/p>\n<h3>Installation und Wartung<\/h3>\n<p>Die R-Halterung ist so konstruiert, dass sie eine intuitive Montage erm\u00f6glicht, wobei jede Batterie mit Beschl\u00e4gen befestigt werden kann und auf Wunsch eine zus\u00e4tzliche Wandmontage m\u00f6glich ist.<\/p>\n<p>Die Wartung ist einfach, da der direkte Zugang zur Batterie die visuelle Inspektion, die Wartung oder den Austausch erleichtert, ohne dass die Struktur demontiert werden muss.<\/p>\n<h2>Technische Daten des Batteriehaltersets R Pytes E-BOX-48100R - 110409100019<\/h2>\n<table>\n<thead>\n<tr>\n<th><strong>Spezifikation<\/strong><\/th>\n<th><strong>Einzelheiten<\/strong><\/th>\n<\/tr>\n<\/thead>\n<tbody>\n<tr>\n<td><strong>Name des Produkts<\/strong><\/td>\n<td>Unterst\u00fctzungssatz R<\/td>\n<\/tr>\n<tr>\n<td><strong>Referenz \/ Code<\/strong><\/td>\n<td>110409100019<\/td>\n<\/tr>\n<tr>\n<td><strong>Kompatibilit\u00e4t<\/strong><\/td>\n<td><strong>Pytes E-BOX-48100R-Batterien\u00a0<\/strong><\/td>\n<\/tr>\n<tr>\n<td><strong>Hauptfunktion<\/strong><\/td>\n<td>Modulare, stapelbare Montagestruktur f\u00fcr die vertikale Anordnung von bis zu 8 Batterien<\/td>\n<\/tr>\n<tr>\n<td><strong>Material<\/strong><\/td>\n<td>Kaltgewalzter Stahl (robuste Struktur)<\/td>\n<\/tr>\n<tr>\n<td><strong>Abmessungen der einzelnen St\u00fctzen<\/strong><\/td>\n<td>53 \u00d7 72 \u00d7 13,5 cm (Breite \u00d7 Tiefe \u00d7 H\u00f6he)<\/td>\n<\/tr>\n<tr>\n<td><strong>Gewicht der einzelnen St\u00fctzen<\/strong><\/td>\n<td>7,7 kg<\/td>\n<\/tr>\n<tr>\n<td><strong>Gesamtgewicht des Sets<\/strong><\/td>\n<td>61,6 kg<\/td>\n<\/tr>\n<tr>\n<td><strong>Stapelf\u00e4higkeit<\/strong><\/td>\n<td>8 Halterungen zur Aufnahme von 8 Batterien<\/td>\n<\/tr>\n<tr>\n<td><strong>Empfohlene Montage<\/strong><\/td>\n<td>Aufstellung auf festem Boden; kann zur Stabilit\u00e4t zus\u00e4tzlich an der Wand\/Struktur befestigt werden<\/td>\n<\/tr>\n<tr>\n<td><strong>Bel\u00fcftung\u00a0<\/strong><\/td>\n<td>Offenes Design erleichtert die nat\u00fcrliche Bel\u00fcftung zwischen den Modulen<\/td>\n<\/tr>\n<tr>\n<td><strong>Integrierte Sammelschienen<\/strong><\/td>\n<td>Ja (um die elektrische Verbindung zwischen den Batterien zu erleichtern)<\/td>\n<\/tr>\n<tr>\n<td><strong>Typische Anwendung<\/strong><\/td>\n<td>Energiespeicher f\u00fcr Privathaushalte und kleine Gewerbebetriebe<\/td>\n<\/tr>\n<\/tbody>\n<\/table>\n<h2>Datenblatt R Pytes Batteriehalterset E-BOX-48100R - 110409100019<\/h2>\n<p><a href=\"https:\/\/fvcomponentes.com\/wp-content\/uploads\/2025\/12\/a0b78c0ac23baf094c2a34c2f039633e-1.pdf\" target=\"_blank\" rel=\"noopener\">Datenblatt zum R-Pytes-Support-Set<\/a><\/p>","protected":false},"excerpt":{"rendered":"<ul>\n<li>Bodenmontage<\/li>\n<li>Offenes Design mit nat\u00fcrlicher Bel\u00fcftung<\/li>\n<li>Abmessungen: 53 \u00d7 72 \u00d7 108 cm<\/li>\n<li>Gewicht: 61,6 kg<\/li>\n<\/ul>","protected":false},"featured_media":35378,"comment_status":"closed","ping_status":"closed","template":"","meta":{"site-sidebar-layout":"default","site-content-layout":"","ast-site-content-layout":"default","site-content-style":"default","site-sidebar-style":"default","ast-global-header-display":"","ast-banner-title-visibility":"","ast-main-header-display":"","ast-hfb-above-header-display":"","ast-hfb-below-header-display":"","ast-hfb-mobile-header-display":"","site-post-title":"","ast-breadcrumbs-content":"","ast-featured-img":"","footer-sml-layout":"","ast-disable-related-posts":"","theme-transparent-header-meta":"default","adv-header-id-meta":"","stick-header-meta":"","header-above-stick-meta":"","header-main-stick-meta":"","header-below-stick-meta":"","astra-migrate-meta-layouts":"set","ast-page-background-enabled":"default","ast-page-background-meta":{"desktop":{"background-color":"var(--ast-global-color-4)","background-image":"","background-repeat":"repeat","background-position":"center center","background-size":"auto","background-attachment":"scroll","background-type":"","background-media":"","overlay-type":"","overlay-color":"","overlay-opacity":"","overlay-gradient":""},"tablet":{"background-color":"","background-image":"","background-repeat":"repeat","background-position":"center center","background-size":"auto","background-attachment":"scroll","background-type":"","background-media":"","overlay-type":"","overlay-color":"","overlay-opacity":"","overlay-gradient":""},"mobile":{"background-color":"","background-image":"","background-repeat":"repeat","background-position":"center center","background-size":"auto","background-attachment":"scroll","background-type":"","background-media":"","overlay-type":"","overlay-color":"","overlay-opacity":"","overlay-gradient":""}},"ast-content-background-meta":{"desktop":{"background-color":"var(--ast-global-color-5)","background-image":"","background-repeat":"repeat","background-position":"center center","background-size":"auto","background-attachment":"scroll","background-type":"","background-media":"","overlay-type":"","overlay-color":"","overlay-opacity":"","overlay-gradient":""},"tablet":{"background-color":"var(--ast-global-color-5)","background-image":"","background-repeat":"repeat","background-position":"center center","background-size":"auto","background-attachment":"scroll","background-type":"","background-media":"","overlay-type":"","overlay-color":"","overlay-opacity":"","overlay-gradient":""},"mobile":{"background-color":"var(--ast-global-color-5)","background-image":"","background-repeat":"repeat","background-position":"center center","background-size":"auto","background-attachment":"scroll","background-type":"","background-media":"","overlay-type":"","overlay-color":"","overlay-opacity":"","overlay-gradient":""}}},"pwb-brand":[1007],"product_brand":[],"product_cat":[340,414],"product_tag":[],"class_list":{"0":"post-35376","1":"product","2":"type-product","3":"status-publish","4":"has-post-thumbnail","6":"pwb-brand-baterias-pytes","7":"product_cat-baterias","8":"product_cat-armarios-rack-para-baterias","9":"desktop-align-left","10":"tablet-align-left","11":"mobile-align-left","12":"ast-product-gallery-layout-horizontal-slider","13":"ast-product-tabs-layout-horizontal","15":"first","16":"instock","17":"taxable","18":"shipping-taxable","19":"purchasable","20":"product-type-simple"},"wcpa_form_fields":null,"brands":[{"id":1007,"name":"Pytes-Batterien","slug":"pytes-batterien"}],"_links":{"self":[{"href":"https:\/\/fvcomponentes.com\/de\/wp-json\/wp\/v2\/product\/35376","targetHints":{"allow":["GET"]}}],"collection":[{"href":"https:\/\/fvcomponentes.com\/de\/wp-json\/wp\/v2\/product"}],"about":[{"href":"https:\/\/fvcomponentes.com\/de\/wp-json\/wp\/v2\/types\/product"}],"replies":[{"embeddable":true,"href":"https:\/\/fvcomponentes.com\/de\/wp-json\/wp\/v2\/comments?post=35376"}],"wp:featuredmedia":[{"embeddable":true,"href":"https:\/\/fvcomponentes.com\/de\/wp-json\/wp\/v2\/media\/35378"}],"wp:attachment":[{"href":"https:\/\/fvcomponentes.com\/de\/wp-json\/wp\/v2\/media?parent=35376"}],"wp:term":[{"taxonomy":"pwb-brand","embeddable":true,"href":"https:\/\/fvcomponentes.com\/de\/wp-json\/wp\/v2\/pwb-brand?post=35376"},{"taxonomy":"product_brand","embeddable":true,"href":"https:\/\/fvcomponentes.com\/de\/wp-json\/wp\/v2\/product_brand?post=35376"},{"taxonomy":"product_cat","embeddable":true,"href":"https:\/\/fvcomponentes.com\/de\/wp-json\/wp\/v2\/product_cat?post=35376"},{"taxonomy":"product_tag","embeddable":true,"href":"https:\/\/fvcomponentes.com\/de\/wp-json\/wp\/v2\/product_tag?post=35376"}],"curies":[{"name":"wp","href":"https:\/\/api.w.org\/{rel}","templated":true}]}}