{"id":35369,"date":"2026-01-08T13:02:04","date_gmt":"2026-01-08T12:02:04","guid":{"rendered":"https:\/\/fvcomponentes.com\/?post_type=product&#038;p=35369"},"modified":"2026-01-12T08:43:03","modified_gmt":"2026-01-12T07:43:03","slug":"wechselrichter-batteriekabelsatz-35mm%c2%b2-mega-125a-sicherung","status":"publish","type":"product","link":"https:\/\/fvcomponentes.com\/de\/producto\/kit-de-cables-bateria-inversor-35mm%c2%b2-fusible-mega-125a\/","title":{"rendered":"Batterie-Wechselrichter Kabelsatz 35mm\u00b2 + Sicherung MEGA 125A"},"content":{"rendered":"<p data-start=\"1314\" data-end=\"1671\">Dieses Kit enth\u00e4lt alles, was Sie brauchen, um Ihre Batteriebank einfach, sicher und professionell an Ihren Wechselrichter anzuschlie\u00dfen. Es enth\u00e4lt eine spezielle Verkabelung f\u00fcr 35 mm\u00b2-Batterien mit gecrimpten und montagefertigen Klemmen, einen Victron-Sicherungshalter und eine 125A MEGA-Sicherung, um die DC-Leitung vor \u00dcberlast und Kurzschluss zu sch\u00fctzen.<\/p>\n<p data-start=\"1673\" data-end=\"1814\">Ideal, wenn Sie eine zuverl\u00e4ssige und saubere Installation suchen und keine Zeit mit Schneiden, Crimpen oder der Auswahl von Komponenten verschwenden wollen: Einfach montieren, festziehen und fertig.<\/p>\n<h2>Was ist im 35mm\u00b2-Batterie-Wechselrichter-Verkabelungssatz + 125A-Sicherungen enthalten?<\/h2>\n<p><strong>1x Schwarzes Kabel 35 mm\u00b2 - 200 cm:<\/strong> Klemme M8 (Wechselrichter) + Klemme M6 (Batterie)<br \/>\n<strong>1x Rotes Kabel 35 mm\u00b2 - 160 cm:<\/strong> Klemme M8 (Wechselrichter) + Klemme M8 (Sicherungshalter)<br \/>\n<strong>1x Rotes Kabel 35 mm\u00b2 - 30 cm:<\/strong> Klemme M8 (Sicherungshalter) + Klemme M6 (Batterie)<br \/>\n1x Sicherungshalter Sicherungshalter f\u00fcr MEGA-Sicherung Victron - CIP000100001<br \/>\n1x Victron MEGA-Sicherung 125A\/80V Keramik-Sicherung (5 St\u00fcck) - CIP138150020<\/p>\n<p><strong>Wichtig:<\/strong> die sicherung muss immer auf der positiven seite und so nah wie m\u00f6glich an der batterie installiert werden, um einen wirksamen schutz zu gew\u00e4hrleisten.<\/p>\n<h2>F\u00fcr welche Installationen kann ich diesen Batteriesatz verwenden?<\/h2>\n<p data-start=\"2935\" data-end=\"3231\">Dieser Bausatz ist sowohl f\u00fcr Blei- als auch f\u00fcr Lithiumbatterien geeignet.<\/p>\n<p data-start=\"2935\" data-end=\"3231\">Es wird f\u00fcr Gleichstromleitungen bis 125A empfohlen. Er ist f\u00fcr 48V- und 3000VA-Wechselrichter ausgelegt, wie z. B. den <a href=\"https:\/\/fvcomponentes.com\/de\/produkt\/victron-multiplus-ii-gx-48-3000va-48v-3532a-wechselrichter\/\" target=\"_blank\" rel=\"noopener\">Wechselrichter-Ladeger\u00e4t Victron MultiPlus II GX 48\/3000VA 48V 35A+32A - PMP482306000<\/a> oder die <a href=\"https:\/\/fvcomponentes.com\/de\/produkt\/victron-multiplus-ii-3000va-48v-3532a-wechselrichter\/\" target=\"_blank\" rel=\"noopener\">Wechselrichter-Ladeger\u00e4t Victron MultiPlus II 48\/3000VA 48V 35A-32A - PMP482305010<\/a><br \/>\nBei leistungsst\u00e4rkeren Wechselrichtern oder 12- bzw. 24-Volt-Installationen kann es erforderlich sein, den Querschnitt zu vergr\u00f6\u00dfern (z. B. auf 50 mm\u00b2) und die Absicherung zu erh\u00f6hen.<\/p>\n<p data-start=\"2935\" data-end=\"3231\"><strong><a href=\"https:\/\/fvcomponentes.com\/de\/produktkategorie\/elektrische-ausrustung\/elektrokabel\/\" target=\"_blank\" rel=\"noopener\">Hier finden Sie den Rest der verf\u00fcgbaren Kits<\/a><\/strong><\/p>\n<p data-start=\"3233\" data-end=\"3376\">Lesen Sie auch unseren Artikel zur Gr\u00f6\u00dfenbestimmung: <strong><a href=\"https:\/\/fvcomponentes.com\/de\/wie-man-den-querschnitt-eines-kabels-berechnet\/\" target=\"_blank\" rel=\"noopener\">Wie berechnet man den Querschnitt eines Kabels?<\/a><\/strong><\/p>\n<h2 data-start=\"1761\" data-end=\"1801\">Vorteile des Verdrahtungssatzes<\/h2>\n<ul>\n<li data-start=\"1804\" data-end=\"1878\"><strong data-start=\"1804\" data-end=\"1823\">35 mm\u00b2 Kabel<\/strong>Hohe Strombelastbarkeit und geringer Spannungsabfall.<\/li>\n<li data-start=\"1881\" data-end=\"1953\"><strong data-start=\"1881\" data-end=\"1905\">Crimp-Kabelschuhe<\/strong>Einbaufertig, kein Spezialwerkzeug erforderlich.<\/li>\n<li data-start=\"1956\" data-end=\"2019\"><strong data-start=\"1956\" data-end=\"1979\">Schutz inklusive<\/strong>: Sicherungshalter + MEGA Victron 125A-Sicherungen.<\/li>\n<li data-start=\"2022\" data-end=\"2092\"><strong data-start=\"2022\" data-end=\"2055\">Ordentlicher und sicherer Einbau<\/strong>ohne unn\u00f6tige Komplikationen.<\/li>\n<li data-start=\"2095\" data-end=\"2154\"><strong data-start=\"2095\" data-end=\"2118\">Victron Komponenten<\/strong>: maximale Zuverl\u00e4ssigkeit bei Gleichstrom<\/li>\n<\/ul>\n<h2>H\u00e4ufig gestellte Fragen<\/h2>\n<h3>Ist dieser Bausatz f\u00fcr Lithiumbatterien geeignet?<\/h3>\n<p>Ja, es ist sowohl f\u00fcr Lithium- als auch f\u00fcr Bleibatterien geeignet, solange der Betriebsstrom innerhalb des empfohlenen Bereichs liegt.<\/p>\n<h3>Wo ist der Sicherungshalter angebracht?<\/h3>\n<p>Am Pluspol, zwischen der Batterie und dem Wechselrichter, und so nah wie m\u00f6glich an der Batterie, um die Verkabelung richtig zu sch\u00fctzen. Verwenden Sie das kurze Kabel f\u00fcr die Verbindung von der Batterie zum Sicherungshalter und das lange Kabel f\u00fcr die Verbindung vom Sicherungshalter zum Wechselrichter.<\/p>\n<h3>Ist alles enthalten, was ich f\u00fcr die Installation ben\u00f6tige?<\/h3>\n<p>Inklusive Verdrahtung mit Crimpkontakten, Victron-Sicherungshalter und MEGA-Sicherung. Sie ben\u00f6tigen nur einfache Werkzeuge zum Befestigen und Festziehen.<\/p>\n<h3>Brauchen Sie Hilfe bei der Auswahl des richtigen Kits?<\/h3>\n<p>Kontaktieren Sie uns! Sie k\u00f6nnen uns schreiben an <a href=\"mailto:comercial@fvcomponentes.com\">comercial@fvcomponentes.com<\/a> oder an <a href=\"mailto:info@fvcomponentes.com\">info@fvcomponentes.com<\/a> wenn Ihre Frage eher technischer Natur ist.<\/p>","protected":false},"excerpt":{"rendered":"<p><strong>1x Schwarzes Kabel 35 mm\u00b2 - 200 cm:<\/strong> Klemme M8 (Wechselrichter) + Klemme M6 (Batterie)<br \/>\n<strong>1x Rotes Kabel 35 mm\u00b2 - 160 cm:<\/strong> Klemme M8 (Wechselrichter) + Klemme M8 (Sicherungshalter)<br \/>\n<strong>1x Rotes Kabel 35 mm\u00b2 - 30 cm:<\/strong> Klemme M8 (Sicherungshalter) + Klemme M6 (Batterie)<br \/>\n1x Sicherungshalter Sicherungshalter f\u00fcr MEGA-Sicherung Victron - CIP000100001<br \/>\n1x Victron MEGA-Sicherung 125A\/80V Keramik-Sicherung (5 St\u00fcck) - CIP138150020<\/p>","protected":false},"featured_media":35406,"comment_status":"closed","ping_status":"closed","template":"","meta":{"site-sidebar-layout":"default","site-content-layout":"","ast-site-content-layout":"default","site-content-style":"default","site-sidebar-style":"default","ast-global-header-display":"","ast-banner-title-visibility":"","ast-main-header-display":"","ast-hfb-above-header-display":"","ast-hfb-below-header-display":"","ast-hfb-mobile-header-display":"","site-post-title":"","ast-breadcrumbs-content":"","ast-featured-img":"","footer-sml-layout":"","ast-disable-related-posts":"","theme-transparent-header-meta":"default","adv-header-id-meta":"","stick-header-meta":"","header-above-stick-meta":"","header-main-stick-meta":"","header-below-stick-meta":"","astra-migrate-meta-layouts":"set","ast-page-background-enabled":"default","ast-page-background-meta":{"desktop":{"background-color":"var(--ast-global-color-4)","background-image":"","background-repeat":"repeat","background-position":"center center","background-size":"auto","background-attachment":"scroll","background-type":"","background-media":"","overlay-type":"","overlay-color":"","overlay-opacity":"","overlay-gradient":""},"tablet":{"background-color":"","background-image":"","background-repeat":"repeat","background-position":"center center","background-size":"auto","background-attachment":"scroll","background-type":"","background-media":"","overlay-type":"","overlay-color":"","overlay-opacity":"","overlay-gradient":""},"mobile":{"background-color":"","background-image":"","background-repeat":"repeat","background-position":"center center","background-size":"auto","background-attachment":"scroll","background-type":"","background-media":"","overlay-type":"","overlay-color":"","overlay-opacity":"","overlay-gradient":""}},"ast-content-background-meta":{"desktop":{"background-color":"var(--ast-global-color-5)","background-image":"","background-repeat":"repeat","background-position":"center center","background-size":"auto","background-attachment":"scroll","background-type":"","background-media":"","overlay-type":"","overlay-color":"","overlay-opacity":"","overlay-gradient":""},"tablet":{"background-color":"var(--ast-global-color-5)","background-image":"","background-repeat":"repeat","background-position":"center center","background-size":"auto","background-attachment":"scroll","background-type":"","background-media":"","overlay-type":"","overlay-color":"","overlay-opacity":"","overlay-gradient":""},"mobile":{"background-color":"var(--ast-global-color-5)","background-image":"","background-repeat":"repeat","background-position":"center center","background-size":"auto","background-attachment":"scroll","background-type":"","background-media":"","overlay-type":"","overlay-color":"","overlay-opacity":"","overlay-gradient":""}}},"pwb-brand":[332],"product_brand":[],"product_cat":[464,877,465,410],"product_tag":[],"class_list":{"0":"post-35369","1":"product","2":"type-product","3":"status-publish","4":"has-post-thumbnail","6":"pwb-brand-victron","7":"product_cat-kits-solares","8":"product_cat-cables-electricos","9":"product_cat-kit-solar-aislada","10":"product_cat-material-electrico","11":"desktop-align-left","12":"tablet-align-left","13":"mobile-align-left","14":"ast-product-gallery-layout-horizontal-slider","15":"ast-product-gallery-with-no-image","16":"ast-product-tabs-layout-horizontal","18":"first","19":"instock","20":"taxable","21":"shipping-taxable","22":"purchasable","23":"product-type-simple"},"wcpa_form_fields":null,"brands":[{"id":332,"name":"Victron Energie","slug":"victron"}],"_links":{"self":[{"href":"https:\/\/fvcomponentes.com\/de\/wp-json\/wp\/v2\/product\/35369","targetHints":{"allow":["GET"]}}],"collection":[{"href":"https:\/\/fvcomponentes.com\/de\/wp-json\/wp\/v2\/product"}],"about":[{"href":"https:\/\/fvcomponentes.com\/de\/wp-json\/wp\/v2\/types\/product"}],"replies":[{"embeddable":true,"href":"https:\/\/fvcomponentes.com\/de\/wp-json\/wp\/v2\/comments?post=35369"}],"wp:featuredmedia":[{"embeddable":true,"href":"https:\/\/fvcomponentes.com\/de\/wp-json\/wp\/v2\/media\/35406"}],"wp:attachment":[{"href":"https:\/\/fvcomponentes.com\/de\/wp-json\/wp\/v2\/media?parent=35369"}],"wp:term":[{"taxonomy":"pwb-brand","embeddable":true,"href":"https:\/\/fvcomponentes.com\/de\/wp-json\/wp\/v2\/pwb-brand?post=35369"},{"taxonomy":"product_brand","embeddable":true,"href":"https:\/\/fvcomponentes.com\/de\/wp-json\/wp\/v2\/product_brand?post=35369"},{"taxonomy":"product_cat","embeddable":true,"href":"https:\/\/fvcomponentes.com\/de\/wp-json\/wp\/v2\/product_cat?post=35369"},{"taxonomy":"product_tag","embeddable":true,"href":"https:\/\/fvcomponentes.com\/de\/wp-json\/wp\/v2\/product_tag?post=35369"}],"curies":[{"name":"wp","href":"https:\/\/api.w.org\/{rel}","templated":true}]}}