{"id":35360,"date":"2025-12-31T10:20:59","date_gmt":"2025-12-31T09:20:59","guid":{"rendered":"https:\/\/fvcomponentes.com\/?post_type=product&#038;p=35360"},"modified":"2026-02-16T12:07:16","modified_gmt":"2026-02-16T11:07:16","slug":"victron-multiplus-ii-48-3000-pytes-v5-cerbo-gx-isolierter-basis-satz","status":"publish","type":"product","link":"https:\/\/fvcomponentes.com\/de\/producto\/kit-basico-aislada-victron-multiplus-ii-48-3000-pytes-v5-cerbo-gx\/","title":{"rendered":"Victron Multiplus II 48\/3000 + Pytes V5 + Cerbo GX Basic Isolierter Bausatz"},"content":{"rendered":"<p data-start=\"208\" data-end=\"424\">Wir von FVComponentes haben diesen Bausatz mit Victron-Ger\u00e4ten und Pytes-Batterien f\u00fcr netzunabh\u00e4ngige Anlagen zusammengestellt. Um Strom zu haben, wenn es keinen Zugang zum Netz gibt, wie in H\u00fctten, Bergh\u00fctten, Telekommunikationsantennen, Solarpumpen oder jede andere Art von Installation in l\u00e4ndlichen Gebieten.<\/p>\n<p data-start=\"387\" data-end=\"661\">Dieser Bausatz eignet sich auch hervorragend als ESS (Energiespeichersystem) oder als Backup-System f\u00fcr Anlagen, die bereits \u00fcber Solarzellen verf\u00fcgen, um Energie zu speichern und mehr Autonomie zu haben oder um die Versorgung bei Stromausf\u00e4llen sicherzustellen.<\/p>\n<p data-start=\"663\" data-end=\"948\">Die Kombination von Victron und Pytes ist ein Synonym f\u00fcr Garantie und h\u00f6chste Qualit\u00e4t. Die Idee, die wir vorschlagen, ist einfach: Sie haben die Grundlagen, mit denen Sie beginnen k\u00f6nnen, und dann k\u00f6nnen Sie erweitern, wie Sie brauchen. Die Batterie, die wir f\u00fcr diesen Bausatz ausgew\u00e4hlt haben, die Pytes V5, ist speziell f\u00fcr den Einsatz unter schwierigsten Bedingungen konzipiert. Mit seinen prismatischen Zellen und einer eingebauten Heizplatte gew\u00e4hrleistet sein robustes und kompaktes Design eine hohe Effizienz in Umgebungen, in denen andere Batterien versagen k\u00f6nnten.<\/p>\n<h2 data-start=\"417\" data-end=\"859\">Was ist im Victron-Starterkit f\u00fcr netzunabh\u00e4ngige Ger\u00e4te enthalten?<\/h2>\n<p data-start=\"663\" data-end=\"948\">Der Bausatz enth\u00e4lt ein 48V, 3000VA Wechselrichter-Ladeger\u00e4t, das Cerbo \u00dcberwachungssystem, eine Pytes V5 5kWh Batterie und die notwendige Verkabelung, um alles anzuschlie\u00dfen.<\/p>\n<p data-start=\"663\" data-end=\"948\">Die <a href=\"https:\/\/fvcomponentes.com\/de\/produkt\/wechselrichter-victron-multiplus-ii-5000va-48v-70a50a\/\" target=\"_blank\" rel=\"noopener\">Victron MultiPlus II 48\/3000VA - PMP482305010<\/a>, ist ein Wechselrichter-Ladeger\u00e4t, das einen reinen Sinus-Wechselrichter mit einem 35-A-Batterieladeger\u00e4t kombiniert. Dank der PowerAssist-Technologie kann der MultiPlus II den Strom aus einer externen Quelle, z. B. einem Generator, mit dem Strom aus den Batterien erg\u00e4nzen und so auch bei Bedarfsspitzen eine stabile Versorgung gew\u00e4hrleisten. Es wird mit 48 V betrieben und hat eine Leistung von 3000 VA (bis zu 2400 W Dauerleistung, je nach Bedingungen), ideal f\u00fcr die Versorgung von Haushalten.<\/p>\n<p data-start=\"663\" data-end=\"948\">Um alles unter Kontrolle zu halten, enth\u00e4lt das Kit die <a href=\"https:\/\/fvcomponentes.com\/de\/produkt\/victron-cerbo-gx-steuergerat-bpp900451100\/\" target=\"_blank\" rel=\"noopener\">Victron Cerbo GX - BPP900451100<\/a>, das als \u00dcberwachungszentrale f\u00fcr das System fungiert. Es sammelt alle Informationen von den angeschlossenen Ger\u00e4ten und erm\u00f6glicht es Ihnen, die Anlage in Echtzeit zu sehen und zu verwalten, sowohl lokal als auch aus der Ferne, mit dem Victron VRM Portal.<br \/>\nEs verf\u00fcgt \u00fcber VE.Bus-, VE.Direct- und VE.Can-Anschl\u00fcsse zur einfachen Integration kompatibler Victron-Ger\u00e4te und zur Leistungs\u00fcberwachung von jedem Ger\u00e4t aus.<\/p>\n<p data-start=\"663\" data-end=\"948\">Um miteinander zu kommunizieren, haben wir eine\u00a0<a href=\"https:\/\/fvcomponentes.com\/de\/produkt\/victron-kabel-von-ve-dose-zu-dosenbus-fur-bms-typ-a-5m-ass030710150\/\" target=\"_blank\" rel=\"noopener\">Victron VE.Can zu CAN-Bus Kabel f\u00fcr BMS Typ A 5m - ASS030710150<\/a> f\u00fcr die Verbindung von Pytes V5-Lithiumbatterien mit dem Cerbo, und ein <a href=\"https:\/\/fvcomponentes.com\/de\/produkt\/victron-utp-rj45-18m-ass030064950-victron-utp-kabel-ass030064950\/\" target=\"_blank\" rel=\"noopener\">Victron UTP RJ45 1,8m Victron UTP Kabel - ASS030064950<\/a> zur Kommunikation des Wechselrichters mit dem Cerbo-Steuerger\u00e4t.<\/p>\n<p data-start=\"663\" data-end=\"948\">Schlie\u00dflich liegt ein 2 m langer Batterieverkabelungssatz mit 35 m rotem und schwarzem Kabel bei, mit M6-Schraubklemmen an den Batterieenden und M8-Schraubklemmen an den Wechselrichterenden. Das Pluskabel wird in zwei L\u00e4ngen geliefert (30 cm und 160 cm), um die Installation des MEGA-Sicherungshalters mit der entsprechenden Sicherung zu erleichtern. Diese Sicherung sch\u00fctzt die DC-Leitung f\u00fcr eine sicherere und zuverl\u00e4ssigere Installation.<\/p>\n<h3><strong data-start=\"1004\" data-end=\"1029\">Inklusive Victron-Ausr\u00fcstung<\/strong><\/h3>\n<div class=\"_tableContainer_1rjym_1\">\n<div class=\"group _tableWrapper_1rjym_13 flex w-fit flex-col-reverse\">\n<table class=\"w-fit min-w-(--thread-content-width)\" data-start=\"1031\" data-end=\"2371\">\n<thead data-start=\"1031\" data-end=\"1077\">\n<tr data-start=\"1031\" data-end=\"1077\">\n<th data-start=\"1031\" data-end=\"1044\" data-col-size=\"md\">Komponente<\/th>\n<th data-start=\"1044\" data-end=\"1062\" data-col-size=\"sm\">Code<\/th>\n<th data-start=\"1062\" data-end=\"1077\" data-col-size=\"xl\">Beschreibung<\/th>\n<\/tr>\n<\/thead>\n<tbody data-start=\"1127\" data-end=\"2371\">\n<tr data-start=\"1127\" data-end=\"1392\">\n<td data-start=\"1127\" data-end=\"1194\" data-col-size=\"md\"><strong data-start=\"1129\" data-end=\"1193\">Wechselrichter-Ladeger\u00e4t Victron MultiPlus II 48\/3000VA 48V 35A-32A<\/strong><\/td>\n<td data-start=\"1194\" data-end=\"1209\" data-col-size=\"sm\"><a href=\"https:\/\/fvcomponentes.com\/de\/produkt\/wechselrichter-victron-multiplus-ii-5000va-48v-70a50a\/\" target=\"_blank\" rel=\"noopener\">PMP482305010<\/a><\/td>\n<td data-start=\"1209\" data-end=\"1392\" data-col-size=\"xl\">Wechselrichter-Ladeger\u00e4t mit reiner Welle, PowerAssist-Funktion und automatischer Umschaltung. Kontinuierliche Leistung 2400 W \/ 3000 VA. Eingang 230 V AC und Ausgang 230 V AC. Ladestrom 35 A.<\/td>\n<\/tr>\n<tr data-start=\"1393\" data-end=\"1626\">\n<td data-start=\"1393\" data-end=\"1438\" data-col-size=\"md\"><strong data-start=\"1395\" data-end=\"1437\">Victron Cerbo GX Steuerger\u00e4t<\/strong><\/td>\n<td data-start=\"1438\" data-end=\"1453\" data-col-size=\"sm\"><a href=\"https:\/\/fvcomponentes.com\/de\/produkt\/victron-cerbo-gx-steuergerat-bpp900451100\/\" target=\"_blank\" rel=\"noopener\">PP900451100<\/a><\/td>\n<td data-start=\"1453\" data-end=\"1626\" data-col-size=\"xl\">Management- und Kommunikationsger\u00e4t, das die Daten von Wechselrichter, Ladeger\u00e4t, Batterie und Modulen zentralisiert. Erm\u00f6glicht lokale oder Fern\u00fcberwachung \u00fcber das Victron VRM Portal.<\/td>\n<\/tr>\n<tr data-start=\"1627\" data-end=\"1810\">\n<td data-start=\"1627\" data-end=\"1678\" data-col-size=\"md\"><strong data-start=\"1629\" data-end=\"1677\">VE.Can zu CAN-Bus Kabel f\u00fcr BMS Typ A (5 m)<\/strong><\/td>\n<td data-start=\"1678\" data-end=\"1693\" data-col-size=\"sm\"><a href=\"https:\/\/fvcomponentes.com\/de\/produkt\/victron-kabel-von-ve-dose-zu-dosenbus-fur-bms-typ-a-5m-ass030710150\/\" target=\"_blank\" rel=\"noopener\">ASS030710150<\/a><\/td>\n<td data-start=\"1693\" data-end=\"1810\" data-col-size=\"xl\">Kommunikationskabel f\u00fcr die Verbindung zwischen Cerbo GX und Batterie-BMS<\/td>\n<\/tr>\n<tr data-start=\"1811\" data-end=\"1938\">\n<td data-start=\"1811\" data-end=\"1841\" data-col-size=\"md\"><strong data-start=\"1941\" data-end=\"1967\">UTP-RJ45-Kabel (1,8 m)<\/strong><\/td>\n<td data-start=\"1841\" data-end=\"1856\" data-col-size=\"sm\"><a href=\"https:\/\/fvcomponentes.com\/de\/produkt\/victron-utp-rj45-18m-ass030064950-victron-utp-kabel-ass030064950\/\" target=\"_blank\" rel=\"noopener\">ASS030064950<\/a><\/td>\n<td data-start=\"1856\" data-end=\"1938\" data-col-size=\"xl\">Netzwerkkabel f\u00fcr die Verbindung von VE.Bus-Ger\u00e4ten (MultiPlus, Quattro, usw.).<\/td>\n<\/tr>\n<\/tbody>\n<\/table>\n<h2 data-start=\"87\" data-end=\"151\">Pytes V5 Lithium-Batterie: sicher, robust und langlebig<\/h2>\n<p data-start=\"153\" data-end=\"479\">Der Bausatz enth\u00e4lt eine 5,12 kWh gro\u00dfe Pytes V5-Lithiumbatterie, eine perfekte Wahl f\u00fcr 48-Volt-Installationen. Wie andere aktuelle Lithium-Batterien verwendet sie die LiFePO\u2084-Technologie (Lithium-Eisen-Phosphat), die bei t\u00e4glichem Gebrauch weitaus weniger ausf\u00e4llt und l\u00e4nger h\u00e4lt als Blei-S\u00e4ure-Batterien.<\/p>\n<p data-start=\"481\" data-end=\"777\">Die Pytes V5-Batterien werden mit prismatischen Zellen gebaut, was sie viel robuster macht als andere Batterien auf dem Markt, die Pouch-Zellen verwenden. Dar\u00fcber hinaus verf\u00fcgt jeder Akku \u00fcber eine Heizplatte, die aktiviert wird, wenn die Umgebungstemperatur unter 10 \u00b0C f\u00e4llt, um eine gute Lade- und Entladeleistung unter kalten Bedingungen zu gew\u00e4hrleisten.<\/p>\n<p data-start=\"779\" data-end=\"1109\">Die Pytes V5-Batterien haben eine Nennkapazit\u00e4t von 5,12 kWh und k\u00f6nnen parallel geschaltet werden, um die Gesamtkapazit\u00e4t des Systems problemlos zu erweitern. Ihr integriertes BMS sch\u00fctzt vor \u00dcberladung, Tiefentladung, \u00dcbertemperatur und Kurzschluss und gew\u00e4hrleistet einen stabilen und zuverl\u00e4ssigen Betrieb.<\/p>\n<p data-start=\"1111\" data-end=\"1493\">Die Pytes kommunizieren direkt mit dem Victron-System \u00fcber das im Kit enthaltene VE.Can-CAN-Bus-Kabel f\u00fcr BMS Typ A (5 m), so dass der Cerbo GX Batteriedaten anzeigen kann. Dank dieser Integration k\u00f6nnen Sie jederzeit Parameter wie Ladezustand, Spannung, Temperatur und Zyklen des VRM \u00fcberwachen.<\/p>\n<p data-start=\"1495\" data-end=\"1728\">Mit einer Lebensdauer von mehr als 6.000 Zyklen und einem Ladewirkungsgrad von bis zu 98 % ist der Pytes V5 eine zuverl\u00e4ssige, sichere und langlebige Speicherl\u00f6sung f\u00fcr Solarsysteme, insbesondere in netzunabh\u00e4ngigen Anlagen.<\/p>\n<h3 data-start=\"3923\" data-end=\"3972\"><strong data-start=\"3930\" data-end=\"3972\">Empfohlenes Zubeh\u00f6r (nicht im Lieferumfang enthalten)<\/strong><\/h3>\n<ul>\n<li data-start=\"3976\" data-end=\"4029\"><a href=\"https:\/\/fvcomponentes.com\/de\/produktkategorie\/solarladeregler\/mppt-regler\/\" target=\"_blank\" rel=\"noopener\">MPPT-Regler Victron SmartSolar 150\/35 oder h\u00f6her<\/a><\/li>\n<li data-start=\"3976\" data-end=\"4029\"><a href=\"https:\/\/fvcomponentes.com\/de\/produkt\/victron-gx-beruhrungsbildschirm-50\/\" target=\"_blank\" rel=\"noopener\">Touchscreen GX Touch 50 oder 70<\/a><\/li>\n<li data-start=\"3976\" data-end=\"4029\"><a href=\"https:\/\/fvcomponentes.com\/de\/produkt\/v-box-ic-pytes-fur-v5-und-v5%ce%b1-plus-batterien-110409100163\/\" target=\"_blank\" rel=\"noopener\">V-BOX-IC Pytes-Box f\u00fcr V5 und V5\u03b1 PLUS Batterien - 110409100163<\/a><\/li>\n<\/ul>\n<h2 data-start=\"5476\" data-end=\"5512\"><strong data-start=\"5483\" data-end=\"5512\">Empfohlene Anwendungen f\u00fcr das Victron Multiplus II 48\/3000 + Pytes V5 Isolierte Solaranlage<\/strong><\/h2>\n<p data-start=\"5514\" data-end=\"5835\">Wir haben diesen Bausatz f\u00fcr isolierte Wohnungen, l\u00e4ndliche H\u00e4user, landwirtschaftliche Anlagen, Solarpumpensysteme, Back-up-Systeme oder Elektrifizierungsprojekte in abgelegenen Gebieten mit m\u00e4\u00dfigem Verbrauch entwickelt.<\/p>\n<p data-start=\"5514\" data-end=\"5835\">Das Kit ist eine kompakte, perfekt dimensionierte L\u00f6sung, die vollst\u00e4ndig mit dem Victron-\u00d6kosystem kompatibel ist und sich sowohl an Installateure als auch an Heimwerker richtet, die ihr eigenes System aufbauen m\u00f6chten.<\/p>\n<h4 data-start=\"4124\" data-end=\"4158\">Wenn Sie irgendwelche Zweifel haben, kontaktieren Sie uns bitte!<\/h4>\n<p>Schreiben Sie uns an <a href=\"mailto:comercial@fvcomponenes.com\">comercial@fvcomponenes.com<\/a>\u00a0und wir beantworten gerne alle Ihre Fragen.<\/p>\n<\/div>\n<\/div>","protected":false},"excerpt":{"rendered":"<p>Isolierter Bausatz mit 3000VA Victron Multiplus II Wechselrichter, bestehend aus den folgenden Komponenten:<\/p>\n<p>&nbsp;<\/p>","protected":false},"featured_media":32590,"comment_status":"open","ping_status":"closed","template":"","meta":{"site-sidebar-layout":"default","site-content-layout":"","ast-site-content-layout":"default","site-content-style":"default","site-sidebar-style":"default","ast-global-header-display":"","ast-banner-title-visibility":"","ast-main-header-display":"","ast-hfb-above-header-display":"","ast-hfb-below-header-display":"","ast-hfb-mobile-header-display":"","site-post-title":"","ast-breadcrumbs-content":"","ast-featured-img":"","footer-sml-layout":"","ast-disable-related-posts":"","theme-transparent-header-meta":"default","adv-header-id-meta":"","stick-header-meta":"","header-above-stick-meta":"","header-main-stick-meta":"","header-below-stick-meta":"","astra-migrate-meta-layouts":"set","ast-page-background-enabled":"default","ast-page-background-meta":{"desktop":{"background-color":"var(--ast-global-color-4)","background-image":"","background-repeat":"repeat","background-position":"center center","background-size":"auto","background-attachment":"scroll","background-type":"","background-media":"","overlay-type":"","overlay-color":"","overlay-opacity":"","overlay-gradient":""},"tablet":{"background-color":"","background-image":"","background-repeat":"repeat","background-position":"center center","background-size":"auto","background-attachment":"scroll","background-type":"","background-media":"","overlay-type":"","overlay-color":"","overlay-opacity":"","overlay-gradient":""},"mobile":{"background-color":"","background-image":"","background-repeat":"repeat","background-position":"center center","background-size":"auto","background-attachment":"scroll","background-type":"","background-media":"","overlay-type":"","overlay-color":"","overlay-opacity":"","overlay-gradient":""}},"ast-content-background-meta":{"desktop":{"background-color":"var(--ast-global-color-5)","background-image":"","background-repeat":"repeat","background-position":"center center","background-size":"auto","background-attachment":"scroll","background-type":"","background-media":"","overlay-type":"","overlay-color":"","overlay-opacity":"","overlay-gradient":""},"tablet":{"background-color":"var(--ast-global-color-5)","background-image":"","background-repeat":"repeat","background-position":"center center","background-size":"auto","background-attachment":"scroll","background-type":"","background-media":"","overlay-type":"","overlay-color":"","overlay-opacity":"","overlay-gradient":""},"mobile":{"background-color":"var(--ast-global-color-5)","background-image":"","background-repeat":"repeat","background-position":"center center","background-size":"auto","background-attachment":"scroll","background-type":"","background-media":"","overlay-type":"","overlay-color":"","overlay-opacity":"","overlay-gradient":""}}},"pwb-brand":[332,1007],"product_brand":[],"product_cat":[465,464],"product_tag":[],"class_list":{"0":"post-35360","1":"product","2":"type-product","3":"status-publish","4":"has-post-thumbnail","6":"pwb-brand-victron","7":"pwb-brand-baterias-pytes","8":"product_cat-kit-solar-aislada","9":"product_cat-kits-solares","10":"product_shipping_class-baterias","11":"desktop-align-left","12":"tablet-align-left","13":"mobile-align-left","14":"ast-product-gallery-layout-horizontal-slider","15":"ast-product-gallery-with-no-image","16":"ast-product-tabs-layout-horizontal","18":"first","19":"instock","20":"featured","21":"taxable","22":"shipping-taxable","23":"purchasable","24":"product-type-yith_bundle"},"wcpa_form_fields":null,"brands":[{"id":1007,"name":"Pytes-Batterien","slug":"pytes-batterien"},{"id":332,"name":"Victron Energie","slug":"victron"}],"_links":{"self":[{"href":"https:\/\/fvcomponentes.com\/de\/wp-json\/wp\/v2\/product\/35360","targetHints":{"allow":["GET"]}}],"collection":[{"href":"https:\/\/fvcomponentes.com\/de\/wp-json\/wp\/v2\/product"}],"about":[{"href":"https:\/\/fvcomponentes.com\/de\/wp-json\/wp\/v2\/types\/product"}],"replies":[{"embeddable":true,"href":"https:\/\/fvcomponentes.com\/de\/wp-json\/wp\/v2\/comments?post=35360"}],"wp:featuredmedia":[{"embeddable":true,"href":"https:\/\/fvcomponentes.com\/de\/wp-json\/wp\/v2\/media\/32590"}],"wp:attachment":[{"href":"https:\/\/fvcomponentes.com\/de\/wp-json\/wp\/v2\/media?parent=35360"}],"wp:term":[{"taxonomy":"pwb-brand","embeddable":true,"href":"https:\/\/fvcomponentes.com\/de\/wp-json\/wp\/v2\/pwb-brand?post=35360"},{"taxonomy":"product_brand","embeddable":true,"href":"https:\/\/fvcomponentes.com\/de\/wp-json\/wp\/v2\/product_brand?post=35360"},{"taxonomy":"product_cat","embeddable":true,"href":"https:\/\/fvcomponentes.com\/de\/wp-json\/wp\/v2\/product_cat?post=35360"},{"taxonomy":"product_tag","embeddable":true,"href":"https:\/\/fvcomponentes.com\/de\/wp-json\/wp\/v2\/product_tag?post=35360"}],"curies":[{"name":"wp","href":"https:\/\/api.w.org\/{rel}","templated":true}]}}