{"id":35356,"date":"2026-01-29T20:35:28","date_gmt":"2026-01-29T19:35:28","guid":{"rendered":"https:\/\/fvcomponentes.com\/?post_type=product&#038;p=35356"},"modified":"2026-01-29T20:35:30","modified_gmt":"2026-01-29T19:35:30","slug":"pytes-e-bk1-pytes-e-box-48100r-batteriehalter-151204100208","status":"publish","type":"product","link":"https:\/\/fvcomponentes.com\/de\/producto\/soportes-e-bk1-pytes-para-baterias-e-box-48100r-151204100208\/","title":{"rendered":"Pytes E BK1 E-BOX-48100R Batteriehalterungen - 151204100208"},"content":{"rendered":"<h2>Pytes E BK1 E-BOX-48100R Batteriehalterungen - 151204100208<\/h2>\n<p>Die Halterungen Pytes E BK1 wurden speziell entwickelt, um die Organisation, das Stapeln und die Installation der modularen Batterien E-BOX-48100R auf sichere, stabile und kompakte Weise zu erleichtern.<\/p>\n<p>Mit diesen Halterungen k\u00f6nnen bis zu sechs Batterien vertikal \u00fcbereinander gestapelt werden, wodurch eine optimale Luftzirkulation f\u00fcr eine effiziente W\u00e4rmeableitung gew\u00e4hrleistet wird. Dies verl\u00e4ngert die Lebensdauer der Batterien und optimiert die Batterieleistung.<\/p>\n<h2>E BK1 Pytes E-Klammern Merkmale<\/h2>\n<h3>Gestaltung<\/h3>\n<p>Die Geh\u00e4use der E BK1 sind aus verzinktem Stahl (SGCC) gefertigt, der mechanische Festigkeit und Korrosionsschutz f\u00fcr Innenanwendungen garantiert.<\/p>\n<p>Ihr modulares, funktionales und offenes Design erm\u00f6glicht eine bessere W\u00e4rmeableitung und eignet sich daher sowohl f\u00fcr Hausinstallationen als auch f\u00fcr gewerbliche oder industrielle Anlagen.<\/p>\n<p>Die E BK1 verf\u00fcgt \u00fcber einen robusten und stabilen Sockel f\u00fcr die E-BOX-48100R-Batterie, der Langlebigkeit und Stabilit\u00e4t gew\u00e4hrleistet und Vibrationen oder Verrutschen bei normalem Gebrauch verhindert.<\/p>\n<h3>W\u00e4rmeableitung<\/h3>\n<p>E BK1-Halterungen erleichtern die nat\u00fcrliche Bel\u00fcftung zwischen den Batterieeinheiten, was zu einer besseren W\u00e4rmeableitung, einer optimalen Luftzirkulation und allgemein zu einer h\u00f6heren Lebensdauer und Sicherheit des Systems beitr\u00e4gt.<\/p>\n<h3>Vertikale Stapelung<\/h3>\n<p>Mit der E BK1 k\u00f6nnen bis zu sechs E-BOX-48100R-Batterien vertikal gestapelt werden, was Platz spart und eine aufger\u00e4umte Konfiguration erm\u00f6glicht.<\/p>\n<h3>Installation und Wartung<\/h3>\n<p>Die E BK1-Halterungen sind f\u00fcr die Boden- oder Sockelmontage vorgesehen, erm\u00f6glichen aber auch strukturelle Konfigurationen, bei denen mehrere Batterien vertikal gestapelt und sicher miteinander verbunden werden m\u00fcssen.<\/p>\n<p>Die Wartung ist einfach, da jede Batterie f\u00fcr Inspektion, Anschluss oder Austausch frei zug\u00e4nglich ist.<\/p>\n<h3>Kompatibilit\u00e4t<\/h3>\n<p>Die E BK1 sind speziell f\u00fcr Pytes E-Box 48100R Batteriemodule konzipiert.<\/p>\n<p>Dank ihres modularen und standardisierten Designs k\u00f6nnen diese Halterungen sowohl in neue Anlagen als auch in bestehende Systeme integriert werden, ohne dass sperrige oder kostspielige Zusatzkonstruktionen erforderlich sind.<\/p>\n<h2>Was ist in den E BK1-Klammern enthalten?<\/h2>\n<p>Der E BK1 enth\u00e4lt alles, was Sie f\u00fcr eine einfache und sichere Installation ben\u00f6tigen:<\/p>\n<ul>\n<li><strong>1 rechte vordere Halterung und 1 linke vordere Halterung<\/strong>: Halten des vorderen Teils der Batterie<\/li>\n<li><strong>2 hintere Halterungen:<\/strong> die die R\u00fcckseite der Batterie sichern und die Struktur vervollst\u00e4ndigen.<\/li>\n<li><strong>4 Sechskantschrauben:<\/strong> f\u00fcr feste Montage<\/li>\n<li><strong>8 Kreuzschlitzschrauben (Phillips):<\/strong> zur Befestigung der Halterungen an der Batteriestruktur<\/li>\n<li><strong>1 Gebrauchsanweisung:<\/strong> zur Erleichterung der Montage und Installation der Halterungen<\/li>\n<\/ul>\n<h2>Pytes E BK1 Pytes E-BOX-48100R Batteriehalterungen Technische Daten - 151204100208<\/h2>\n<table>\n<thead>\n<tr>\n<th><strong>Spezifikation<\/strong><\/th>\n<th><strong>Wert \/ Detail<\/strong><\/th>\n<\/tr>\n<\/thead>\n<tbody>\n<tr>\n<td><strong>Modell \/ Produkt<\/strong><\/td>\n<td>Unterst\u00fctzung E BK1<\/td>\n<\/tr>\n<tr>\n<td><strong>Teilenummer \/ MPN<\/strong><\/td>\n<td>151204100208<\/td>\n<\/tr>\n<tr>\n<td><strong>Kompatibilit\u00e4t<\/strong><\/td>\n<td>Entwickelt f\u00fcr Pytes-Batterien <em>E-BOX-48100R<\/em><\/td>\n<\/tr>\n<tr>\n<td><strong>Hauptverwendung<\/strong><\/td>\n<td>Batteriehalterung und Stapelhalterung<\/td>\n<\/tr>\n<tr>\n<td><b>Stapeln<\/b><\/td>\n<td>Erm\u00f6glicht die vertikale Stapelung von bis zu 6 Batteriemodulen<\/td>\n<\/tr>\n<tr>\n<td><strong>Material<\/strong><\/td>\n<td>Verzinkter Stahl SGCC<\/td>\n<\/tr>\n<tr>\n<td><strong>Abmessungen - vordere Halterung<\/strong><\/td>\n<td>78,5 \u00d7 40 \u00d7 161,5 mm<\/td>\n<\/tr>\n<tr>\n<td><strong>Abmessungen - hintere Halterung<\/strong><\/td>\n<td>62,2 \u00d7 76 \u00d7 155 mm<\/td>\n<\/tr>\n<tr>\n<td><strong>Gewicht\u00a0<\/strong><\/td>\n<td>1,65 kg<\/td>\n<\/tr>\n<tr>\n<td><strong>Einrichtung<\/strong><\/td>\n<td>Montage auf dem Boden oder einer festen Unterlage<\/td>\n<\/tr>\n<tr>\n<td><strong>Bel\u00fcftung \/ W\u00e4rmeerhaltung<\/strong><\/td>\n<td>Platz zwischen den Batterien f\u00fcr Luftzirkulation und bessere W\u00e4rmeableitung<\/td>\n<\/tr>\n<tr>\n<td><strong>Elemente, aus denen die St\u00fctzen bestehen<\/strong><\/td>\n<td>4 Halterungen und Schrauben zur Befestigung<\/td>\n<\/tr>\n<\/tbody>\n<\/table>\n<h2>Technische Informationen zu den Batteriehaltern Pytes E BK1 E-BOX-48100R - 151204100208<\/h2>\n<p><a href=\"https:\/\/fvcomponentes.com\/wp-content\/uploads\/2025\/12\/Pytes-E-BK1-Brackets-Datenblatt.pdf\" target=\"_blank\" rel=\"noopener\">E BK1 Pytes E-Klammern Datenblatt<\/a><\/p>\n<p><a href=\"https:\/\/fvcomponentes.com\/wp-content\/uploads\/2025\/12\/Pytes-E-BK1-Brackets-Installationsanleitung-Bedienungsanleitung-1.pdf\" target=\"_blank\" rel=\"noopener\">E BK1 Pytes E-Bracket Installationsanleitung<\/a><\/p>","protected":false},"excerpt":{"rendered":"<ul>\n<li>Maximale Stapelung: bis zu 6 Batterien E-Box 48100R<\/li>\n<li>Bodenmontage<\/li>\n<li>Material: Verzinkter Stahl (SGCC)<\/li>\n<li>Vordere St\u00fctze: 7,85 x 4 x 16,15 cm<\/li>\n<li>Hintere Halterung: 6,22 x 7,6 x 15,5 cm<\/li>\n<li>Gewicht: 1,65 kg<\/li>\n<\/ul>","protected":false},"featured_media":35361,"comment_status":"closed","ping_status":"closed","template":"","meta":{"site-sidebar-layout":"default","site-content-layout":"","ast-site-content-layout":"default","site-content-style":"default","site-sidebar-style":"default","ast-global-header-display":"","ast-banner-title-visibility":"","ast-main-header-display":"","ast-hfb-above-header-display":"","ast-hfb-below-header-display":"","ast-hfb-mobile-header-display":"","site-post-title":"","ast-breadcrumbs-content":"","ast-featured-img":"","footer-sml-layout":"","ast-disable-related-posts":"","theme-transparent-header-meta":"default","adv-header-id-meta":"","stick-header-meta":"","header-above-stick-meta":"","header-main-stick-meta":"","header-below-stick-meta":"","astra-migrate-meta-layouts":"set","ast-page-background-enabled":"default","ast-page-background-meta":{"desktop":{"background-color":"var(--ast-global-color-4)","background-image":"","background-repeat":"repeat","background-position":"center center","background-size":"auto","background-attachment":"scroll","background-type":"","background-media":"","overlay-type":"","overlay-color":"","overlay-opacity":"","overlay-gradient":""},"tablet":{"background-color":"","background-image":"","background-repeat":"repeat","background-position":"center center","background-size":"auto","background-attachment":"scroll","background-type":"","background-media":"","overlay-type":"","overlay-color":"","overlay-opacity":"","overlay-gradient":""},"mobile":{"background-color":"","background-image":"","background-repeat":"repeat","background-position":"center center","background-size":"auto","background-attachment":"scroll","background-type":"","background-media":"","overlay-type":"","overlay-color":"","overlay-opacity":"","overlay-gradient":""}},"ast-content-background-meta":{"desktop":{"background-color":"var(--ast-global-color-5)","background-image":"","background-repeat":"repeat","background-position":"center center","background-size":"auto","background-attachment":"scroll","background-type":"","background-media":"","overlay-type":"","overlay-color":"","overlay-opacity":"","overlay-gradient":""},"tablet":{"background-color":"var(--ast-global-color-5)","background-image":"","background-repeat":"repeat","background-position":"center center","background-size":"auto","background-attachment":"scroll","background-type":"","background-media":"","overlay-type":"","overlay-color":"","overlay-opacity":"","overlay-gradient":""},"mobile":{"background-color":"var(--ast-global-color-5)","background-image":"","background-repeat":"repeat","background-position":"center center","background-size":"auto","background-attachment":"scroll","background-type":"","background-media":"","overlay-type":"","overlay-color":"","overlay-opacity":"","overlay-gradient":""}}},"pwb-brand":[],"product_brand":[],"product_cat":[340,414],"product_tag":[],"class_list":{"0":"post-35356","1":"product","2":"type-product","3":"status-publish","4":"has-post-thumbnail","6":"product_cat-baterias","7":"product_cat-armarios-rack-para-baterias","8":"desktop-align-left","9":"tablet-align-left","10":"mobile-align-left","11":"ast-product-gallery-layout-horizontal-slider","12":"ast-product-tabs-layout-horizontal","14":"first","15":"instock","16":"taxable","17":"shipping-taxable","18":"purchasable","19":"product-type-simple"},"wcpa_form_fields":null,"brands":[],"_links":{"self":[{"href":"https:\/\/fvcomponentes.com\/de\/wp-json\/wp\/v2\/product\/35356","targetHints":{"allow":["GET"]}}],"collection":[{"href":"https:\/\/fvcomponentes.com\/de\/wp-json\/wp\/v2\/product"}],"about":[{"href":"https:\/\/fvcomponentes.com\/de\/wp-json\/wp\/v2\/types\/product"}],"replies":[{"embeddable":true,"href":"https:\/\/fvcomponentes.com\/de\/wp-json\/wp\/v2\/comments?post=35356"}],"wp:featuredmedia":[{"embeddable":true,"href":"https:\/\/fvcomponentes.com\/de\/wp-json\/wp\/v2\/media\/35361"}],"wp:attachment":[{"href":"https:\/\/fvcomponentes.com\/de\/wp-json\/wp\/v2\/media?parent=35356"}],"wp:term":[{"taxonomy":"pwb-brand","embeddable":true,"href":"https:\/\/fvcomponentes.com\/de\/wp-json\/wp\/v2\/pwb-brand?post=35356"},{"taxonomy":"product_brand","embeddable":true,"href":"https:\/\/fvcomponentes.com\/de\/wp-json\/wp\/v2\/product_brand?post=35356"},{"taxonomy":"product_cat","embeddable":true,"href":"https:\/\/fvcomponentes.com\/de\/wp-json\/wp\/v2\/product_cat?post=35356"},{"taxonomy":"product_tag","embeddable":true,"href":"https:\/\/fvcomponentes.com\/de\/wp-json\/wp\/v2\/product_tag?post=35356"}],"curies":[{"name":"wp","href":"https:\/\/api.w.org\/{rel}","templated":true}]}}