{"id":35327,"date":"2026-01-08T14:23:29","date_gmt":"2026-01-08T13:23:29","guid":{"rendered":"https:\/\/fvcomponentes.com\/?post_type=product&#038;p=35327"},"modified":"2026-01-08T14:23:31","modified_gmt":"2026-01-08T13:23:31","slug":"v-box-ic-pytes-fur-v5-und-v5%ce%b1-plus-batterien-110409100163","status":"publish","type":"product","link":"https:\/\/fvcomponentes.com\/de\/producto\/caja-v-box-ic-pytes-para-baterias-v5-y-v5%ce%b1-plus-110409100163\/","title":{"rendered":"V-BOX-IC Pytes-Box f\u00fcr V5 und V5\u03b1 PLUS Batterien - 110409100163"},"content":{"rendered":"<h2>V-BOX-IC Pytes-Box f\u00fcr V5 und V5\u03b1 PLUS Batterien - 110409100163<\/h2>\n<p data-start=\"146\" data-end=\"436\">Die Pytes V-BOX-IC ist eine Aufbewahrungsbox f\u00fcr den Innenbereich, die speziell f\u00fcr die Batterien Pytes V5 und V5\u03b1 PLUS entwickelt wurde. Ihr Zweck ist einfach: Schutz, Ordnung und Erleichterung der Installation Ihrer Batteriemodule in einem Solarenergiespeichersystem.<\/p>\n<p data-start=\"438\" data-end=\"688\">Aus verzinktem Stahl und mit passiver Bel\u00fcftung bietet er eine kompakte, sichere und modulare L\u00f6sung, ideal f\u00fcr Installationen in Wohnungen, technischen R\u00e4umen oder industriellen Umgebungen, wo eine saubere und professionelle Integration erforderlich ist.<\/p>\n<p data-start=\"690\" data-end=\"957\">In der V-BOX-IC k\u00f6nnen bis zu 3 Batterien installiert werden, die mit einer einzigen Einheit eine Gesamtkapazit\u00e4t von etwa 15 kWh erreichen. Damit eignet sie sich perfekt f\u00fcr den solaren Eigenverbrauch, Back-up-Systeme f\u00fcr Stromausf\u00e4lle, netzunabh\u00e4ngige Inselsysteme und skalierbare Innenraumprojekte.<\/p>\n<h2>Merkmale des V-BOX-IC-Pytes-Geh\u00e4uses<\/h2>\n<h3>Gestaltung und Schutz<\/h3>\n<ul>\n<li data-start=\"1044\" data-end=\"1176\">SGCC-Konstruktion aus verzinktem Stahl, stabil und langlebig, bietet strukturelle Stabilit\u00e4t und Schutz f\u00fcr die Module.<\/li>\n<li data-start=\"1179\" data-end=\"1269\">Kompaktes und elegantes Design f\u00fcr die Verwendung in Innenr\u00e4umen, das f\u00fcr eine aufger\u00e4umte und sichere Installation sorgt.<\/li>\n<li data-start=\"1272\" data-end=\"1409\">Schutzart IP20, geeignet f\u00fcr trockene Innenr\u00e4ume: sch\u00fctzt vor Staub und verhindert den versehentlichen Kontakt mit internen Teilen.<\/li>\n<\/ul>\n<h3>Kapazit\u00e4t und Skalierbarkeit<\/h3>\n<ul>\n<li data-start=\"1445\" data-end=\"1499\">Platz f\u00fcr bis zu 3 Pytes V5 oder V5\u03b1 PLUS Batterien.<\/li>\n<li data-start=\"1502\" data-end=\"1580\">Ungef\u00e4hre Gesamtkapazit\u00e4t bis zu 15 kWh pro Box (je nach Konfiguration).<\/li>\n<li data-start=\"1583\" data-end=\"1686\">Es besteht die M\u00f6glichkeit, zwei Boxen zu stapeln und so bis zu 30,72 kWh zu erreichen, ohne die genutzte Bodenfl\u00e4che zu vergr\u00f6\u00dfern.<\/li>\n<li data-start=\"1689\" data-end=\"1813\">Modularer Ansatz, der es erm\u00f6glicht, das System schrittweise zu erweitern, ohne dass es zu Komplikationen oder Umstrukturierungen der gesamten Anlage kommt.<\/li>\n<\/ul>\n<h3>Installation, Montage und Wartung<\/h3>\n<ul>\n<li data-start=\"1851\" data-end=\"1924\">Konzipiert f\u00fcr die Bodenmontage, um eine stabile Installation zu gew\u00e4hrleisten.<\/li>\n<li data-start=\"1927\" data-end=\"2030\">Bequemer Zugang zu den Batterien und Anschl\u00fcssen, was sowohl die Inbetriebnahme als auch die Wartung erleichtert.<\/li>\n<li data-start=\"2033\" data-end=\"2155\">Nat\u00fcrliche Konvektionsl\u00fcftung, keine Ventilatoren: leiser, zuverl\u00e4ssiger und wartungsarmer Betrieb.<\/li>\n<\/ul>\n<h2>V-BOX-IC Pytes V5 und V5\u03b1 PLUS Akkubox Technische Daten<\/h2>\n<table>\n<thead>\n<tr>\n<th><strong>Merkmal<\/strong><\/th>\n<th><strong>Wert<\/strong><\/th>\n<\/tr>\n<\/thead>\n<tbody>\n<tr>\n<td>Modell<\/td>\n<td>V-BOX-IC<\/td>\n<\/tr>\n<tr>\n<td>Referenz<\/td>\n<td>110409100163<\/td>\n<\/tr>\n<tr>\n<td>Hersteller<\/td>\n<td>Pytes<\/td>\n<\/tr>\n<tr>\n<td>Anmeldung<\/td>\n<td>Speicherung von Solarenergie und Backup<\/td>\n<\/tr>\n<tr>\n<td>Empfohlene Verwendung<\/td>\n<td>Innerhalb<\/td>\n<\/tr>\n<tr>\n<td>Kompatible Batterien<\/td>\n<td>Pytes V5 und V5\u03b1 PLUS<\/td>\n<\/tr>\n<tr>\n<td>Maximale Anzahl von Batterien<\/td>\n<td>3 Einheiten<\/td>\n<\/tr>\n<tr>\n<td>Installierte Gesamtkapazit\u00e4t<\/td>\n<td>15 kWh<\/td>\n<\/tr>\n<tr>\n<td>Maximale Ausdehnung<\/td>\n<td>Stapelbar bis zu 2 Schr\u00e4nke (30 kWh)<\/td>\n<\/tr>\n<tr>\n<td>Material des Geh\u00e4uses<\/td>\n<td>Verzinkter Stahl SGCC<\/td>\n<\/tr>\n<tr>\n<td>Grad des Schutzes<\/td>\n<td>IP20<\/td>\n<\/tr>\n<tr>\n<td>Bel\u00fcftung<\/td>\n<td>Nat\u00fcrlich (ohne Ventilatoren)<\/td>\n<\/tr>\n<tr>\n<td>Ger\u00e4uschpegel<\/td>\n<td>Stumm<\/td>\n<\/tr>\n<tr>\n<td>Abmessungen (L \u00d7 B \u00d7 H)<\/td>\n<td>533 \u00d7 616 \u00d7 650 mm<\/td>\n<\/tr>\n<tr>\n<td>Gewicht<\/td>\n<td>42,2 kg<\/td>\n<\/tr>\n<tr>\n<td>Art der Befestigung<\/td>\n<td>Boden (Bodenmontage)<\/td>\n<\/tr>\n<tr>\n<td>Gestaltung<\/td>\n<td>Kompakt und robust, f\u00fcr den Innenbereich geeignet<\/td>\n<\/tr>\n<tr>\n<td>Zus\u00e4tzliche Merkmale<\/td>\n<td>Einfacher Zugang zu den Modulen, saubere Anschl\u00fcsse, erweiterbar.<\/td>\n<\/tr>\n<tr>\n<td>B\u00fcrgschaft<\/td>\n<td>2 Jahre<\/td>\n<\/tr>\n<\/tbody>\n<\/table>\n<h2>V-BOX-IC Pytes technische Informationen f\u00fcr V5 und V5\u03b1 PLUS Batterien - 110409100163<\/h2>\n<p><a href=\"https:\/\/fvcomponentes.com\/wp-content\/uploads\/2025\/12\/V-BOX-IC-Datasheet.pdf\" target=\"_blank\" rel=\"noopener\">Datenblatt V-BOX-IC Pytes-Geh\u00e4use<\/a><\/p>\n<p><a href=\"https:\/\/fvcomponentes.com\/wp-content\/uploads\/2025\/12\/V-Box-IC-Installation-Guide.pdf\" target=\"_blank\" rel=\"noopener\">V-BOX-IC Pytes V-BOX Installationsanleitung<\/a><\/p>","protected":false},"excerpt":{"rendered":"<ul>\n<li>Speichert bis zu 3 Pytes V5 und V5\u03b1 PLUS Batterien<\/li>\n<li>Bodenmontage.<\/li>\n<li>Geh\u00e4usematerial: SGCC (verzinkter Stahl)<\/li>\n<li>K\u00fchlung: Nat\u00fcrliche Konvektion<\/li>\n<li>Schutzart: IP20 - Geeignet f\u00fcr Innenaufstellung<\/li>\n<li>Abmessungen: 533 \u00d7 616 \u00d7 650 mm<\/li>\n<li>Gewicht: 42,2 kg<\/li>\n<\/ul>","protected":false},"featured_media":35330,"comment_status":"closed","ping_status":"closed","template":"","meta":{"site-sidebar-layout":"default","site-content-layout":"","ast-site-content-layout":"default","site-content-style":"default","site-sidebar-style":"default","ast-global-header-display":"","ast-banner-title-visibility":"","ast-main-header-display":"","ast-hfb-above-header-display":"","ast-hfb-below-header-display":"","ast-hfb-mobile-header-display":"","site-post-title":"","ast-breadcrumbs-content":"","ast-featured-img":"","footer-sml-layout":"","ast-disable-related-posts":"","theme-transparent-header-meta":"default","adv-header-id-meta":"","stick-header-meta":"","header-above-stick-meta":"","header-main-stick-meta":"","header-below-stick-meta":"","astra-migrate-meta-layouts":"set","ast-page-background-enabled":"default","ast-page-background-meta":{"desktop":{"background-color":"var(--ast-global-color-4)","background-image":"","background-repeat":"repeat","background-position":"center center","background-size":"auto","background-attachment":"scroll","background-type":"","background-media":"","overlay-type":"","overlay-color":"","overlay-opacity":"","overlay-gradient":""},"tablet":{"background-color":"","background-image":"","background-repeat":"repeat","background-position":"center center","background-size":"auto","background-attachment":"scroll","background-type":"","background-media":"","overlay-type":"","overlay-color":"","overlay-opacity":"","overlay-gradient":""},"mobile":{"background-color":"","background-image":"","background-repeat":"repeat","background-position":"center center","background-size":"auto","background-attachment":"scroll","background-type":"","background-media":"","overlay-type":"","overlay-color":"","overlay-opacity":"","overlay-gradient":""}},"ast-content-background-meta":{"desktop":{"background-color":"var(--ast-global-color-5)","background-image":"","background-repeat":"repeat","background-position":"center center","background-size":"auto","background-attachment":"scroll","background-type":"","background-media":"","overlay-type":"","overlay-color":"","overlay-opacity":"","overlay-gradient":""},"tablet":{"background-color":"var(--ast-global-color-5)","background-image":"","background-repeat":"repeat","background-position":"center center","background-size":"auto","background-attachment":"scroll","background-type":"","background-media":"","overlay-type":"","overlay-color":"","overlay-opacity":"","overlay-gradient":""},"mobile":{"background-color":"var(--ast-global-color-5)","background-image":"","background-repeat":"repeat","background-position":"center center","background-size":"auto","background-attachment":"scroll","background-type":"","background-media":"","overlay-type":"","overlay-color":"","overlay-opacity":"","overlay-gradient":""}}},"pwb-brand":[1007],"product_brand":[],"product_cat":[340,414],"product_tag":[],"class_list":{"0":"post-35327","1":"product","2":"type-product","3":"status-publish","4":"has-post-thumbnail","6":"pwb-brand-baterias-pytes","7":"product_cat-baterias","8":"product_cat-armarios-rack-para-baterias","9":"desktop-align-left","10":"tablet-align-left","11":"mobile-align-left","12":"ast-product-gallery-layout-horizontal-slider","13":"ast-product-tabs-layout-horizontal","15":"first","16":"instock","17":"taxable","18":"shipping-taxable","19":"purchasable","20":"product-type-simple"},"wcpa_form_fields":null,"brands":[{"id":1007,"name":"Pytes-Batterien","slug":"pytes-batterien"}],"_links":{"self":[{"href":"https:\/\/fvcomponentes.com\/de\/wp-json\/wp\/v2\/product\/35327","targetHints":{"allow":["GET"]}}],"collection":[{"href":"https:\/\/fvcomponentes.com\/de\/wp-json\/wp\/v2\/product"}],"about":[{"href":"https:\/\/fvcomponentes.com\/de\/wp-json\/wp\/v2\/types\/product"}],"replies":[{"embeddable":true,"href":"https:\/\/fvcomponentes.com\/de\/wp-json\/wp\/v2\/comments?post=35327"}],"wp:featuredmedia":[{"embeddable":true,"href":"https:\/\/fvcomponentes.com\/de\/wp-json\/wp\/v2\/media\/35330"}],"wp:attachment":[{"href":"https:\/\/fvcomponentes.com\/de\/wp-json\/wp\/v2\/media?parent=35327"}],"wp:term":[{"taxonomy":"pwb-brand","embeddable":true,"href":"https:\/\/fvcomponentes.com\/de\/wp-json\/wp\/v2\/pwb-brand?post=35327"},{"taxonomy":"product_brand","embeddable":true,"href":"https:\/\/fvcomponentes.com\/de\/wp-json\/wp\/v2\/product_brand?post=35327"},{"taxonomy":"product_cat","embeddable":true,"href":"https:\/\/fvcomponentes.com\/de\/wp-json\/wp\/v2\/product_cat?post=35327"},{"taxonomy":"product_tag","embeddable":true,"href":"https:\/\/fvcomponentes.com\/de\/wp-json\/wp\/v2\/product_tag?post=35327"}],"curies":[{"name":"wp","href":"https:\/\/api.w.org\/{rel}","templated":true}]}}