{"id":35320,"date":"2026-01-29T20:35:08","date_gmt":"2026-01-29T19:35:08","guid":{"rendered":"https:\/\/fvcomponentes.com\/?post_type=product&#038;p=35320"},"modified":"2026-01-29T20:35:10","modified_gmt":"2026-01-29T19:35:10","slug":"v-box-oc-pytes-fur-v5-und-v5%ce%b1-plus-batterien-110409100154","status":"publish","type":"product","link":"https:\/\/fvcomponentes.com\/de\/producto\/caja-v-box-oc-pytes-para-baterias-v5-y-v5%ce%b1-plus-110409100154\/","title":{"rendered":"V-BOX-OC Pytes V-BOX-OC Box f\u00fcr V5 und V5\u03b1 PLUS Batterien - 110409100154"},"content":{"rendered":"<h2>V-BOX-OC Pytes-Box f\u00fcr V5 und V5\u03b1 PLUS Batterien - 110409100154<\/h2>\n<p>Die Pytes V-BOX-OC Box ist eine robuste und skalierbare Hochleistungs-Energiespeicherl\u00f6sung f\u00fcr den Au\u00dfenbereich, die speziell f\u00fcr Pytes V5- und V5\u03b1 PLUS-Batteriemodule entwickelt wurde und bis zu 4 Batterien mit bis zu 20 kWh pro Box aufnehmen kann.<\/p>\n<p>Seine robuste Struktur, die passive Bel\u00fcftung, die integrierten Stromschienen, der Wetterschutz, die einfache Installation, die modulare Architektur und die Kompatibilit\u00e4t mit den meisten Wechselrichtern auf dem Markt machen ihn zu einer vielseitigen und langlebigen L\u00f6sung f\u00fcr Solarsysteme, Notstromversorgung oder netzunabh\u00e4ngige Projekte im Freien.<\/p>\n<h2>Merkmale des V-BOX-OC Pytes-Geh\u00e4uses<\/h2>\n<h3>Design und Sicherheit<\/h3>\n<p>Die V-BOX-OC ist aus robustem, verzinktem SGCC-Stahl gefertigt und verf\u00fcgt \u00fcber die Schutzart IP55. Damit ist sie besonders f\u00fcr den Au\u00dfenbereich geeignet, wo sie Staub, Regen, Schnee, Feuchtigkeit, Temperaturschwankungen und klimatischen Ver\u00e4nderungen ausgesetzt ist, ohne dass die Sicherheit der internen Komponenten beeintr\u00e4chtigt wird. Dies erm\u00f6glicht die Installation in Innenh\u00f6fen, G\u00e4rten, auf D\u00e4chern oder in nicht klimatisierten technischen Bereichen, ohne dass die Gefahr einer vorzeitigen Besch\u00e4digung besteht.<\/p>\n<p>Das kompakte, schlanke Design umfasst korrosions- und UV-best\u00e4ndige Dichtungen und Beschichtungen, die die strukturelle Integrit\u00e4t aufrechterhalten und die Batterien vor Degradation durch l\u00e4ngere Sonneneinstrahlung sch\u00fctzen.<\/p>\n<p>Die V-BOX-OC ist daher so konzipiert, dass sie auch rauen Au\u00dfenbedingungen standh\u00e4lt und so eine langfristige Stabilit\u00e4t und einen zuverl\u00e4ssigen Schutz f\u00fcr Energiespeichersysteme gew\u00e4hrleistet.<\/p>\n<p>Die V-BOX-OC spiegelt das Engagement von Pytes f\u00fcr den Umweltschutz wider: Sie besteht aus umweltfreundlichen Materialien und nachhaltigen Herstellungsverfahren, um ihren \u00f6kologischen Fu\u00dfabdruck zu minimieren.<\/p>\n<p>Das Design der V-BOX-OC basiert auf nat\u00fcrlicher Konvektion, was bedeutet, dass keine Ventilatoren oder beweglichen Teile erforderlich sind, was einen leisen und wartungsarmen Betrieb gew\u00e4hrleistet.<\/p>\n<p>Seine intelligente und konfigurierbare Notstromfunktion gew\u00e4hrleistet eine unterbrechungsfreie Stromversorgung.<\/p>\n<p>Dar\u00fcber hinaus ist die V-BOX-OC mit fortschrittlichen Sicherheitsmerkmalen wie Schl\u00f6ssern und Alarmsystemen ausgestattet.<br \/>\nDieses Geh\u00e4use sch\u00fctzt die wertvollen Energiespeichersysteme im Inneren vor unbefugtem Zugriff und Diebstahl.<\/p>\n<h3>Lagerung<\/h3>\n<p>Die V-BOX-OC kann bis zu 4 Pytes V5- und V5\u03b1 PLUS-Batteriemodule aufnehmen, die eine maximale Energiekapazit\u00e4t von bis zu 20 kWh pro Box erreichen.<\/p>\n<p>Dank der skalierbaren Architektur k\u00f6nnen bis zu vier V-BOX-OC-Schr\u00e4nke parallel geschaltet werden, so dass das System ohne komplexe externe Komponenten auf einen Gesamtspeicher von ca. 80 kWh erweitert werden kann.<br \/>\nDank dieser Skalierbarkeit eignet sich das System f\u00fcr Solaranlagen in Privathaushalten, als Notstromversorgung f\u00fcr kleine Unternehmen oder f\u00fcr netzunabh\u00e4ngige Anlagen.<\/p>\n<h3>Kompatibilit\u00e4t und Optimierung<\/h3>\n<p>Die V-BOX-OC ist mit den meisten handels\u00fcblichen Energiespeicher-Wechselrichtern und ESS-Systemen kompatibel, was eine einfache Integration in bestehende und neue Energieinfrastrukturen erm\u00f6glicht.<\/p>\n<p>Dank seines modularen und standardisierten Aufbaus kann er an eine Vielzahl von Solar- oder Hybridsystemkonfigurationen angepasst und mit Energiemanagement- und \u00dcberwachungssystemen integriert werden, um die Gesamtenergiespeicherleistung zu optimieren.<br \/>\nDas hei\u00dft, das System unterst\u00fctzt Echtzeit\u00fcberwachung, Datenvisualisierung, Fernaktualisierung, Alarmbenachrichtigung und Fehlererkennung und bietet so eine intelligente Steuerung und ein optimiertes Benutzererlebnis.<\/p>\n<h3>Einbau und Montage<\/h3>\n<p>Die interne Struktur der V-BOX-OC umfasst integrierte Sammelschienen und DC-Schutzschalter, was die Elektroinstallation vereinfacht und den Verdrahtungsaufwand reduziert, was sowohl die Sicherheit als auch die Organisation der Anschl\u00fcsse verbessert.<\/p>\n<p>Das Geh\u00e4use hat ein robustes, bodenmontiertes Design, das Stabilit\u00e4t und einfachen Zugang f\u00fcr die Installation, Inspektion oder den Austausch von Batterien und Komponenten bietet.<\/p>\n<h2>Technische Daten der V-BOX-OC Pytes V5 und V5\u03b1 PLUS Batteriebox<\/h2>\n<table>\n<thead>\n<tr>\n<th><strong>Parameter<\/strong><\/th>\n<th><strong>Spezifikation<\/strong><\/th>\n<\/tr>\n<\/thead>\n<tbody>\n<tr>\n<td>Modell<\/td>\n<td>V-BOX-OC<\/td>\n<\/tr>\n<tr>\n<td>Referenz<\/td>\n<td>110409100154<\/td>\n<\/tr>\n<tr>\n<td>Hersteller<\/td>\n<td>Pytes<\/td>\n<\/tr>\n<tr>\n<td>Produkttyp<\/td>\n<td>Batteriekasten\/Schrank<\/td>\n<\/tr>\n<tr>\n<td>Empfohlene Verwendung<\/td>\n<td>\u00c4u\u00dferes<\/td>\n<\/tr>\n<tr>\n<td>Kompatible Batterien<\/td>\n<td>Pytes V5 und V5\u03b1 PLUS<\/td>\n<\/tr>\n<tr>\n<td>Maximale Anzahl von Batterien<\/td>\n<td>4 Einheiten<\/td>\n<\/tr>\n<tr>\n<td>Installierte Gesamtkapazit\u00e4t<\/td>\n<td>20 kWh<\/td>\n<\/tr>\n<tr>\n<td>Maximale Ausdehnung<\/td>\n<td>Bis zu 4 Schr\u00e4nke parallel (80 kWh)<\/td>\n<\/tr>\n<tr>\n<td>Material des Geh\u00e4uses<\/td>\n<td>Verzinkter Stahl SGCC<\/td>\n<\/tr>\n<tr>\n<td>Grad des Schutzes<\/td>\n<td>IP55 \/ NEMA3<\/td>\n<\/tr>\n<tr>\n<td>Bel\u00fcftung<\/td>\n<td>Nat\u00fcrliche Konvektion (keine Ventilatoren)<\/td>\n<\/tr>\n<tr>\n<td>Ger\u00e4uschpegel<\/td>\n<td>Stumm<\/td>\n<\/tr>\n<tr>\n<td>Abmessungen (L \u00d7 B \u00d7 H)<\/td>\n<td>645 x 395 x 1395 mm<\/td>\n<\/tr>\n<tr>\n<td>Leergewicht<\/td>\n<td>88 kg<\/td>\n<\/tr>\n<tr>\n<td>Art der Befestigung<\/td>\n<td>Boden (Bodenmontage)<\/td>\n<\/tr>\n<tr>\n<td>Gestaltung<\/td>\n<td>Robust, outdoor-tauglich<\/td>\n<\/tr>\n<tr>\n<td>Zus\u00e4tzliche Merkmale<\/td>\n<td>Integrierte Sammelschienen, DC-Schutzschalter, saubere und sichere Anschl\u00fcsse, wettergesch\u00fctzt<\/td>\n<\/tr>\n<tr>\n<td>B\u00fcrgschaft<\/td>\n<td>2 Jahre<\/td>\n<\/tr>\n<\/tbody>\n<\/table>\n<h2>V-BOX-OC Pytes technische Informationen f\u00fcr V5 und V5\u03b1 PLUS Batterien - 110409100154<\/h2>\n<p><a href=\"https:\/\/fvcomponentes.com\/wp-content\/uploads\/2025\/12\/5965_450-0019-Brochure.pdf\" target=\"_blank\" rel=\"noopener\">V-BOX-OC Pytes-Geh\u00e4use Datenblatt<\/a><\/p>\n<p><a href=\"https:\/\/fvcomponentes.com\/wp-content\/uploads\/2025\/12\/V-BOX-OC-Installation-Guide-V231129.pdf\" target=\"_blank\" rel=\"noopener\">V-BOX-OC Pytes V-BOX-OC Box Installationsanleitung<\/a><\/p>","protected":false},"excerpt":{"rendered":"<ul>\n<li>F\u00fcr bis zu 4 Pytes V5 und V5\u03b1 PLUS Batterien<\/li>\n<li>Bodenmontage.<\/li>\n<li>Geh\u00e4usematerial: SGCC (verzinkter Stahl)<\/li>\n<li>K\u00fchlung: Nat\u00fcrliche Konvektion<\/li>\n<li>Geeignet f\u00fcr die Installation im Freien<\/li>\n<li>Stromschiene, integrierter DC-Schutzschalter und Kabel inklusive<\/li>\n<li>Schutzart: IP55 und NEMA 3<\/li>\n<li>Abmessungen: 64,5 x 39,5 x 139,5 cm<\/li>\n<li>Gewicht: 88 kg<\/li>\n<\/ul>","protected":false},"featured_media":35324,"comment_status":"closed","ping_status":"closed","template":"","meta":{"site-sidebar-layout":"default","site-content-layout":"","ast-site-content-layout":"default","site-content-style":"default","site-sidebar-style":"default","ast-global-header-display":"","ast-banner-title-visibility":"","ast-main-header-display":"","ast-hfb-above-header-display":"","ast-hfb-below-header-display":"","ast-hfb-mobile-header-display":"","site-post-title":"","ast-breadcrumbs-content":"","ast-featured-img":"","footer-sml-layout":"","ast-disable-related-posts":"","theme-transparent-header-meta":"default","adv-header-id-meta":"","stick-header-meta":"","header-above-stick-meta":"","header-main-stick-meta":"","header-below-stick-meta":"","astra-migrate-meta-layouts":"set","ast-page-background-enabled":"default","ast-page-background-meta":{"desktop":{"background-color":"var(--ast-global-color-4)","background-image":"","background-repeat":"repeat","background-position":"center center","background-size":"auto","background-attachment":"scroll","background-type":"","background-media":"","overlay-type":"","overlay-color":"","overlay-opacity":"","overlay-gradient":""},"tablet":{"background-color":"","background-image":"","background-repeat":"repeat","background-position":"center center","background-size":"auto","background-attachment":"scroll","background-type":"","background-media":"","overlay-type":"","overlay-color":"","overlay-opacity":"","overlay-gradient":""},"mobile":{"background-color":"","background-image":"","background-repeat":"repeat","background-position":"center center","background-size":"auto","background-attachment":"scroll","background-type":"","background-media":"","overlay-type":"","overlay-color":"","overlay-opacity":"","overlay-gradient":""}},"ast-content-background-meta":{"desktop":{"background-color":"var(--ast-global-color-5)","background-image":"","background-repeat":"repeat","background-position":"center center","background-size":"auto","background-attachment":"scroll","background-type":"","background-media":"","overlay-type":"","overlay-color":"","overlay-opacity":"","overlay-gradient":""},"tablet":{"background-color":"var(--ast-global-color-5)","background-image":"","background-repeat":"repeat","background-position":"center center","background-size":"auto","background-attachment":"scroll","background-type":"","background-media":"","overlay-type":"","overlay-color":"","overlay-opacity":"","overlay-gradient":""},"mobile":{"background-color":"var(--ast-global-color-5)","background-image":"","background-repeat":"repeat","background-position":"center center","background-size":"auto","background-attachment":"scroll","background-type":"","background-media":"","overlay-type":"","overlay-color":"","overlay-opacity":"","overlay-gradient":""}}},"pwb-brand":[1007],"product_brand":[],"product_cat":[340,414],"product_tag":[],"class_list":{"0":"post-35320","1":"product","2":"type-product","3":"status-publish","4":"has-post-thumbnail","6":"pwb-brand-baterias-pytes","7":"product_cat-baterias","8":"product_cat-armarios-rack-para-baterias","9":"desktop-align-left","10":"tablet-align-left","11":"mobile-align-left","12":"ast-product-gallery-layout-horizontal-slider","13":"ast-product-tabs-layout-horizontal","15":"first","16":"instock","17":"taxable","18":"shipping-taxable","19":"purchasable","20":"product-type-simple"},"wcpa_form_fields":null,"brands":[{"id":1007,"name":"Pytes-Batterien","slug":"pytes-batterien"}],"_links":{"self":[{"href":"https:\/\/fvcomponentes.com\/de\/wp-json\/wp\/v2\/product\/35320","targetHints":{"allow":["GET"]}}],"collection":[{"href":"https:\/\/fvcomponentes.com\/de\/wp-json\/wp\/v2\/product"}],"about":[{"href":"https:\/\/fvcomponentes.com\/de\/wp-json\/wp\/v2\/types\/product"}],"replies":[{"embeddable":true,"href":"https:\/\/fvcomponentes.com\/de\/wp-json\/wp\/v2\/comments?post=35320"}],"wp:featuredmedia":[{"embeddable":true,"href":"https:\/\/fvcomponentes.com\/de\/wp-json\/wp\/v2\/media\/35324"}],"wp:attachment":[{"href":"https:\/\/fvcomponentes.com\/de\/wp-json\/wp\/v2\/media?parent=35320"}],"wp:term":[{"taxonomy":"pwb-brand","embeddable":true,"href":"https:\/\/fvcomponentes.com\/de\/wp-json\/wp\/v2\/pwb-brand?post=35320"},{"taxonomy":"product_brand","embeddable":true,"href":"https:\/\/fvcomponentes.com\/de\/wp-json\/wp\/v2\/product_brand?post=35320"},{"taxonomy":"product_cat","embeddable":true,"href":"https:\/\/fvcomponentes.com\/de\/wp-json\/wp\/v2\/product_cat?post=35320"},{"taxonomy":"product_tag","embeddable":true,"href":"https:\/\/fvcomponentes.com\/de\/wp-json\/wp\/v2\/product_tag?post=35320"}],"curies":[{"name":"wp","href":"https:\/\/api.w.org\/{rel}","templated":true}]}}