{"id":35317,"date":"2026-01-29T20:35:32","date_gmt":"2026-01-29T19:35:32","guid":{"rendered":"https:\/\/fvcomponentes.com\/?post_type=product&#038;p=35317"},"modified":"2026-01-29T20:35:34","modified_gmt":"2026-01-29T19:35:34","slug":"r-box-oc-ii-pytes-pytes-fur-e-box-48100r-batterien-110409100133","status":"publish","type":"product","link":"https:\/\/fvcomponentes.com\/de\/producto\/caja-r-box-oc-ii-pytes-para-baterias-e-box-48100r-110409100133\/","title":{"rendered":"R-BOX-OC II Pytes Box f\u00fcr E-BOX 48100R Batterien - 110409100133"},"content":{"rendered":"<h2>R-BOX-OC II Pytes Box f\u00fcr E-BOX 48100R Batterien - 110409100133<\/h2>\n<p>Die Pytes R-BOX-OC II Box ist ein Speichersystem, das speziell f\u00fcr den Einsatz im Freien entwickelt wurde und bis zu zwei Pytes E-BOX 48100R Batterien in einer einzigen robusten und widerstandsf\u00e4higen Struktur aufnehmen kann. Sie bietet eine nutzbare Gesamtenergiekapazit\u00e4t von 10,24kWh.<\/p>\n<p>Diese Box ist Teil der R-BOX-OC-Familie, die speziell f\u00fcr Installationen im Freien hergestellt wird, wo ein hoher Schutz gegen Staub, Regen und anspruchsvollere Umweltbedingungen als in Innenr\u00e4umen erforderlich ist. Dies macht sie zu einer der besten Optionen f\u00fcr die Energiespeicherung im Freien.<\/p>\n<p>Sein Design mit Sammelschienen, integrierten Schutzschaltern und nat\u00fcrlicher Konvektionsk\u00fchlung macht ihn zu einer idealen L\u00f6sung f\u00fcr solare Eigenverbrauchs- und Notstromprojekte in anspruchsvollen Umgebungen.<\/p>\n<h2>Merkmale des R-BOX-OC II Pytes-Geh\u00e4uses<\/h2>\n<h3>F\u00fcr den Au\u00dfeneinsatz konzipiert<\/h3>\n<p>Die R-BOX-OC II ist aus hochfestem, verzinktem SGCC-Stahl gefertigt, was ihr eine dauerhafte und stabile Struktur verleiht, die den Bedingungen im Freien standh\u00e4lt, ohne die Sicherheit der Batterien oder internen Komponenten zu beeintr\u00e4chtigen. Mit anderen Worten: Das witterungsbest\u00e4ndige Geh\u00e4use und die verst\u00e4rkte Struktur machen die R-BOX-OC II widerstandsf\u00e4hig gegen raue Umgebungen.<\/p>\n<p>In das Geh\u00e4use der R-BOX-OC II sind Stromschienen und DC-Schutzschalter integriert, was die externe Verdrahtung reduziert, die interne Organisation verbessert und die Anschl\u00fcsse an Wechselrichter und andere Systemelemente erleichtert. Au\u00dferdem gew\u00e4hrleistet es eine sichere und effiziente Strom\u00fcbertragung und vereinfacht den Installationsprozess.<\/p>\n<h3>Erweiterte Sicherheitsfunktionen<\/h3>\n<p>Die R-BOX-OC II bietet dank der Schutzart IP55 einen hohen Schutz gegen Staub und Strahlwasser. Damit ist sie f\u00fcr G\u00e4rten, Terrassen, D\u00e4cher oder unbeheizte Technikr\u00e4ume geeignet.<\/p>\n<p>Die hochformatige Struktur erleichtert die geordnete Verteilung der Batteriemodule und l\u00e4sst Platz f\u00fcr Sammelschienen und integrierte Schutzschalter, die die elektrische Sicherheit des Systems insgesamt verbessern.<\/p>\n<p>Ein weiteres Sicherheitsmerkmal ist, dass das Geh\u00e4use ohne L\u00fcfter, d. h. mit nat\u00fcrlicher Konvektionsk\u00fchlung, arbeitet, was die Ger\u00e4uschentwicklung minimiert und die Notwendigkeit zus\u00e4tzlicher Wartung aufgrund beweglicher Teile eliminiert. Dieses Design sorgt f\u00fcr eine leise und zuverl\u00e4ssige Leistung, selbst wenn die Batterien eingelegt sind.<\/p>\n<p>Dar\u00fcber hinaus verf\u00fcgt das Geh\u00e4use der Pytes R-BOX-OC II \u00fcber ein integriertes Feuerl\u00f6schsystem.<\/p>\n<h3>Lagerung<\/h3>\n<p>Die R-BOX-OC II ist f\u00fcr die Aufnahme von 2 Pytes E-BOX 48100R-Batterien mit jeweils ca. 5,12 kWh Nennenergie ausgelegt, so dass die installierte Gesamtkapazit\u00e4t mit 2 Batterien 10,24 kWh betr\u00e4gt.<\/p>\n<p>Andererseits kann die R-BOX-OC II dank ihres leistungsstarken Akkus in jeder Situation eine gro\u00dfe Menge an verf\u00fcgbarer Leistung bereitstellen und bietet so eine Absicherung bei Stromausfall oder Naturkatastrophen.<\/p>\n<h3>Kompatibilit\u00e4t<\/h3>\n<p>Die R-BOX-OC II ist mit den Batterien der Serie E-BOX 48100R von Pytes kompatibel, die auf einer \u00e4u\u00dferst zuverl\u00e4ssigen und langlebigen LiFePO4-Chemie basieren und sich ideal f\u00fcr Eigenverbrauchsl\u00f6sungen, die Sicherung kritischer Lasten und die Energiespeicherung in abgelegenen oder klimatisch anspruchsvollen Anlagen eignen.<\/p>\n<p>Diese Box kann mit den meisten auf dem Markt befindlichen Wechselrichtern und Energieverwaltungssystemen integriert werden, da ihr Standarddesign und ihr Anschlussschema f\u00fcr eine einfache Verbindung mit den vorhandenen elektrischen Ger\u00e4ten ausgelegt sind. Das bedeutet, dass sie nahtlos in ein bestehendes Stromsystem integriert werden kann.<\/p>\n<h3>Installation, Wartung und Montage<\/h3>\n<p>Pytes hat die R-BOX-OC II so konzipiert, dass sie einfach zu installieren und zu warten ist, mit leichtem Zugang zu den internen Komponenten, klar gekennzeichneten elektrischen Anschlusspunkten und einem internen Layout, das die visuelle \u00dcberpr\u00fcfung und zuk\u00fcnftige System-Upgrades erleichtert.<\/p>\n<p>Die Installation dieser Box ist dank der leicht verst\u00e4ndlichen Anweisungen und der benutzerfreundlichen Oberfl\u00e4che sehr einfach. F\u00fcr die Bedienung ist kein Experte erforderlich, da Pytes die notwendigen Schritte unternommen hat, um sicherzustellen, dass jeder, unabh\u00e4ngig von seinen F\u00e4higkeiten, die R-BOX-OC II Box bedienen kann.<\/p>\n<p>Die R-BOX-OC II ist f\u00fcr die Bodenmontage konzipiert und bietet eine stabile und sichere Basis f\u00fcr das Gewicht der Batterien und des integrierten Zubeh\u00f6rs.<\/p>\n<h2>R-BOX-OC II Pytes R-BOX-OC Pytes f\u00fcr E-BOX 48100R-Batterien Technische Daten<\/h2>\n<table>\n<thead>\n<tr>\n<th><strong>Parameter<\/strong><\/th>\n<th><strong>Spezifikation<\/strong><\/th>\n<\/tr>\n<\/thead>\n<tbody>\n<tr>\n<td>Modell<\/td>\n<td>R-BOX-OC II<\/td>\n<\/tr>\n<tr>\n<td>Referenz<\/td>\n<td>110409100133<\/td>\n<\/tr>\n<tr>\n<td>Hersteller<\/td>\n<td>Pytes<\/td>\n<\/tr>\n<tr>\n<td>Produkttyp<\/td>\n<td>Batteriekasten\/Schrank<\/td>\n<\/tr>\n<tr>\n<td>Anmeldung<\/td>\n<td>Speicherung von Solarenergie und Backup<\/td>\n<\/tr>\n<tr>\n<td>Empfohlene Verwendung<\/td>\n<td>\u00c4u\u00dferes<\/td>\n<\/tr>\n<tr>\n<td>Kompatible Batterien<\/td>\n<td>Pytes E-BOX 48100R<\/td>\n<\/tr>\n<tr>\n<td>Maximale Anzahl von Batterien<\/td>\n<td>2 Einheiten<\/td>\n<\/tr>\n<tr>\n<td>Installierte Gesamtkapazit\u00e4t<\/td>\n<td>10,24 kWh<\/td>\n<\/tr>\n<tr>\n<td>Normale Spannung<\/td>\n<td>51,2 V<\/td>\n<\/tr>\n<tr>\n<td>Standard-Lade-\/Entladestrom<\/td>\n<td>100 A<\/td>\n<\/tr>\n<tr>\n<td>Material des Geh\u00e4uses<\/td>\n<td>Verzinkter Stahl SGCC<\/td>\n<\/tr>\n<tr>\n<td>Grad des Schutzes<\/td>\n<td>IP65 \/ NEMA 3R<\/td>\n<\/tr>\n<tr>\n<td>Bel\u00fcftung<\/td>\n<td>Nat\u00fcrlich (ohne Ventilatoren)<\/td>\n<\/tr>\n<tr>\n<td>Ger\u00e4uschpegel<\/td>\n<td>Stumm<\/td>\n<\/tr>\n<tr>\n<td>Betriebstemperatur<\/td>\n<td>Aufladen: 0 - 56\u00b0C, Entladen: -10 - 50\u00b0C<\/td>\n<\/tr>\n<tr>\n<td>Positive und negative Batteriesammelschienen<\/td>\n<td>300A, 2*12 Punkte, Klemmringe M8\/M6<\/td>\n<\/tr>\n<tr>\n<td>Stromkreisunterbrecher<\/td>\n<td>100A<\/td>\n<\/tr>\n<tr>\n<td>Abmessungen (L \u00d7 B \u00d7 H)<\/td>\n<td>80,01 \u00d7 33,02 \u00d7 107,70 cm<\/td>\n<\/tr>\n<tr>\n<td>Leergewicht<\/td>\n<td>65,09 kg<\/td>\n<\/tr>\n<tr>\n<td>Art der Befestigung<\/td>\n<td>Boden (Bodenmontage)<\/td>\n<\/tr>\n<tr>\n<td>Gestaltung<\/td>\n<td>Robust, outdoor-tauglich<\/td>\n<\/tr>\n<tr>\n<td>Zus\u00e4tzliche Merkmale<\/td>\n<td>Integrierte Sammelschienen, DC-Schutzschalter, saubere und sichere Anschl\u00fcsse, wettergesch\u00fctzt<\/td>\n<\/tr>\n<tr>\n<td>B\u00fcrgschaft<\/td>\n<td>2 Jahre<\/td>\n<\/tr>\n<\/tbody>\n<\/table>\n<h2>Technische Daten der R-BOX-OC II Pytes Box f\u00fcr E-BOX 48100R Batterien - 110409100133<\/h2>\n<p><a href=\"https:\/\/fvcomponentes.com\/wp-content\/uploads\/2025\/12\/pytes_48100r_quickStartGuide.pdf\" target=\"_blank\" rel=\"noopener\">Installationshandbuch R-BOX-OC II Pytes-Geh\u00e4use<\/a><\/p>","protected":false},"excerpt":{"rendered":"<ul>\n<li>F\u00fcr bis zu 2 Batterien Pytes E-Box 48100R<\/li>\n<li>Bodenmontage.<\/li>\n<li>Geh\u00e4usematerial: SGCC (verzinkter Stahl)<\/li>\n<li>K\u00fchlung: Nat\u00fcrliche Konvektion<\/li>\n<li>Geeignet f\u00fcr die Installation im Freien<\/li>\n<li>Stromschiene, integrierter DC-Schutzschalter und Kabel inklusive<\/li>\n<li>Schutzart: IP55 und NEMA 3<\/li>\n<li>Abmessungen: 80,01 \u00d7 33,02 \u00d7 107,70 cm<\/li>\n<li>Gewicht: 65,09 kg<\/li>\n<\/ul>","protected":false},"featured_media":35318,"comment_status":"closed","ping_status":"closed","template":"","meta":{"site-sidebar-layout":"default","site-content-layout":"","ast-site-content-layout":"default","site-content-style":"default","site-sidebar-style":"default","ast-global-header-display":"","ast-banner-title-visibility":"","ast-main-header-display":"","ast-hfb-above-header-display":"","ast-hfb-below-header-display":"","ast-hfb-mobile-header-display":"","site-post-title":"","ast-breadcrumbs-content":"","ast-featured-img":"","footer-sml-layout":"","ast-disable-related-posts":"","theme-transparent-header-meta":"default","adv-header-id-meta":"","stick-header-meta":"","header-above-stick-meta":"","header-main-stick-meta":"","header-below-stick-meta":"","astra-migrate-meta-layouts":"set","ast-page-background-enabled":"default","ast-page-background-meta":{"desktop":{"background-color":"var(--ast-global-color-4)","background-image":"","background-repeat":"repeat","background-position":"center center","background-size":"auto","background-attachment":"scroll","background-type":"","background-media":"","overlay-type":"","overlay-color":"","overlay-opacity":"","overlay-gradient":""},"tablet":{"background-color":"","background-image":"","background-repeat":"repeat","background-position":"center center","background-size":"auto","background-attachment":"scroll","background-type":"","background-media":"","overlay-type":"","overlay-color":"","overlay-opacity":"","overlay-gradient":""},"mobile":{"background-color":"","background-image":"","background-repeat":"repeat","background-position":"center center","background-size":"auto","background-attachment":"scroll","background-type":"","background-media":"","overlay-type":"","overlay-color":"","overlay-opacity":"","overlay-gradient":""}},"ast-content-background-meta":{"desktop":{"background-color":"var(--ast-global-color-5)","background-image":"","background-repeat":"repeat","background-position":"center center","background-size":"auto","background-attachment":"scroll","background-type":"","background-media":"","overlay-type":"","overlay-color":"","overlay-opacity":"","overlay-gradient":""},"tablet":{"background-color":"var(--ast-global-color-5)","background-image":"","background-repeat":"repeat","background-position":"center center","background-size":"auto","background-attachment":"scroll","background-type":"","background-media":"","overlay-type":"","overlay-color":"","overlay-opacity":"","overlay-gradient":""},"mobile":{"background-color":"var(--ast-global-color-5)","background-image":"","background-repeat":"repeat","background-position":"center center","background-size":"auto","background-attachment":"scroll","background-type":"","background-media":"","overlay-type":"","overlay-color":"","overlay-opacity":"","overlay-gradient":""}}},"pwb-brand":[1007],"product_brand":[],"product_cat":[414,340],"product_tag":[],"class_list":{"0":"post-35317","1":"product","2":"type-product","3":"status-publish","4":"has-post-thumbnail","6":"pwb-brand-baterias-pytes","7":"product_cat-armarios-rack-para-baterias","8":"product_cat-baterias","9":"desktop-align-left","10":"tablet-align-left","11":"mobile-align-left","12":"ast-product-gallery-layout-horizontal-slider","13":"ast-product-tabs-layout-horizontal","15":"first","16":"instock","17":"taxable","18":"shipping-taxable","19":"product-type-simple"},"wcpa_form_fields":null,"brands":[{"id":1007,"name":"Pytes-Batterien","slug":"pytes-batterien"}],"_links":{"self":[{"href":"https:\/\/fvcomponentes.com\/de\/wp-json\/wp\/v2\/product\/35317","targetHints":{"allow":["GET"]}}],"collection":[{"href":"https:\/\/fvcomponentes.com\/de\/wp-json\/wp\/v2\/product"}],"about":[{"href":"https:\/\/fvcomponentes.com\/de\/wp-json\/wp\/v2\/types\/product"}],"replies":[{"embeddable":true,"href":"https:\/\/fvcomponentes.com\/de\/wp-json\/wp\/v2\/comments?post=35317"}],"wp:featuredmedia":[{"embeddable":true,"href":"https:\/\/fvcomponentes.com\/de\/wp-json\/wp\/v2\/media\/35318"}],"wp:attachment":[{"href":"https:\/\/fvcomponentes.com\/de\/wp-json\/wp\/v2\/media?parent=35317"}],"wp:term":[{"taxonomy":"pwb-brand","embeddable":true,"href":"https:\/\/fvcomponentes.com\/de\/wp-json\/wp\/v2\/pwb-brand?post=35317"},{"taxonomy":"product_brand","embeddable":true,"href":"https:\/\/fvcomponentes.com\/de\/wp-json\/wp\/v2\/product_brand?post=35317"},{"taxonomy":"product_cat","embeddable":true,"href":"https:\/\/fvcomponentes.com\/de\/wp-json\/wp\/v2\/product_cat?post=35317"},{"taxonomy":"product_tag","embeddable":true,"href":"https:\/\/fvcomponentes.com\/de\/wp-json\/wp\/v2\/product_tag?post=35317"}],"curies":[{"name":"wp","href":"https:\/\/api.w.org\/{rel}","templated":true}]}}