{"id":3529,"date":"2021-07-06T09:46:36","date_gmt":"2021-07-06T07:46:36","guid":{"rendered":"https:\/\/fvcomponentes.com\/producto\/inversor-victron-multiplus-compact-12v-2000va-80-30a-cmp122200000\/"},"modified":"2026-04-04T12:51:36","modified_gmt":"2026-04-04T10:51:36","slug":"wechselrichter-victron-multiplus-kompakt-12v-2000va-80-30a-cmp122200000","status":"publish","type":"product","link":"https:\/\/fvcomponentes.com\/de\/producto\/inversor-victron-multiplus-compact-12v-2000va-80-30a-cmp122200000\/","title":{"rendered":"Wechselrichter-Ladeger\u00e4t Victron Multiplus Compact 12V 2000VA 80A-30A - CMP122200000"},"content":{"rendered":"<h2>Wechselrichter Victron Multiplus Compact 12V 2000VA 80-30A<\/h2>\n<h3>Zwei AC-Ausg\u00e4nge<\/h3>\n<p>Der Hauptausgang hat eine \"No-Break\"-Funktion. Der Victron Multiplus Compact Inverter 12V 2000VA 80-30A \u00fcbernimmt die Versorgung der angeschlossenen Verbraucher im Falle eines Stromausfalls oder einer Netz-\/Generatorunterbrechung. Dies geschieht so schnell (weniger als 20 Millisekunden), dass Computer und andere elektronische Ger\u00e4te ohne Unterbrechung weiterarbeiten.<br \/>\nDer zweite Ausgang ist nur aktiv, wenn einer der MultiPlus-Eing\u00e4nge mit Wechselstrom versorgt wird. An diesen Ausgang k\u00f6nnen Ger\u00e4te angeschlossen werden, die die Batterie nicht entladen sollen, wie z. B. ein Warmwasserbereiter (zweiter Ausgang verf\u00fcgbar bei Modellen mit einer Nennleistung von 3 kVA oder mehr).<\/p>\n<h3>Praktisch unbegrenzte Leistung durch Parallelbetrieb<\/h3>\n<p>Bis zu 6 Multis wie der Victron Multiplus Compact 12V 2000VA 80-30A Wechselrichter k\u00f6nnen parallel geschaltet werden, um eine h\u00f6here Ausgangsleistung zu erzielen. Sechs 24\/5000\/120-Ger\u00e4te ergeben zum Beispiel eine Ausgangsleistung von 25 kW\/30 kVA und eine Belastbarkeit von 720 Ampere.<\/p>\n<h3>Dreiphasiges Betriebsverm\u00f6gen<\/h3>\n<p>Zus\u00e4tzlich zur Parallelschaltung k\u00f6nnen drei Ger\u00e4te desselben Modells f\u00fcr einen dreiphasigen Ausgang konfiguriert werden.<br \/>\nAber das ist noch nicht alles: Bis zu 6 S\u00e4tze von drei Einheiten k\u00f6nnen parallel geschaltet werden, was eine Ausgangsleistung von 75 kW \/ 90 kVA und eine Lastkapazit\u00e4t von \u00fcber 2000 Ampere ergibt.<\/p>\n<h3>PowerControl - Begrenzte Stromversorgung durch Generator, Landstrom oder Netzstrom<\/h3>\n<p>Der Victron Multiplus Compact Inverter 12V 12V 2000VA 80-30A ist ein sehr leistungsstarkes Batterieladeger\u00e4t. Daher verbraucht er viel Strom aus dem Generator oder dem Netz (fast 10A pro 5kVA Multi bei 230 VAC). Ein maximaler Strom vom Generator kann auf dem Multi Control Panel eingestellt werden.<\/p>\n<p>Der MultiPlus \u00fcbernimmt andere AC-Lasten und nutzt den \u00fcbersch\u00fcssigen Strom zum Laden, um eine \u00dcberlastung des Generators oder des Landstroms zu vermeiden.<\/p>\n<h3>PowerAssist - Erh\u00f6ht die elektrische Kapazit\u00e4t der Landstromsteckdose oder des Generators<\/h3>\n<p>Diese Funktion hebt das PowerControl-Prinzip auf eine andere Ebene. Sie erm\u00f6glicht es dem Victron Multiplus Compact Inverter 12V 2000VA 80-30A, die Leistung der alternativen Quelle zu erg\u00e4nzen.<\/p>\n<p>Wenn f\u00fcr einen kurzen Zeitraum eine Leistungsspitze ben\u00f6tigt wird, was h\u00e4ufig der Fall ist, gleicht der MultiPlus die m\u00f6glicherweise fehlende Leistung aus dem Netz- oder Generatorstrom sofort mit Leistung aus der Batterie aus. Wenn die Last reduziert wird, wird die \u00fcbersch\u00fcssige Leistung zum Aufladen der Batterie verwendet.<\/p>\n<h3>Solarenergie: AC-Strom auch bei Stromausfall verf\u00fcgbar<\/h3>\n<p>Der MultiPlus kann in netzgekoppelten oder netzunabh\u00e4ngigen PV-Anlagen sowie in anderen alternativen elektrischen Systemen eingesetzt werden.<\/p>\n<h3>Konfiguration des Systems<\/h3>\n<ul>\n<li>Wenn bei einer Standalone-Anwendung die Konfiguration ge\u00e4ndert werden muss, kann dies in wenigen Minuten durch eine DIP-Schaltereinstellung erfolgen.<\/li>\n<li>Parallele oder dreiphasige Anwendungen k\u00f6nnen mit der Software VE.Bus Quick Configure und VE.Bus System Configurator konfiguriert werden.<\/li>\n<li>Netzunabh\u00e4ngige, netzinteraktive und Eigenverbrauchsanwendungen mit netzgekoppelten Wechselrichtern und\/oder MPPT-Solarladeger\u00e4ten k\u00f6nnen mit Wizards (anwendungsspezifische Software) konfiguriert werden.<\/li>\n<\/ul>\n<h3>\u00dcberwachung und Kontrolle vor Ort<\/h3>\n<p>Es stehen mehrere Optionen zur Verf\u00fcgung: Battery Monitor, Multi Control Panel, Color Control GX und andere Ger\u00e4te, Smartphone oder Tablet (Bluetooth Smart), Laptop oder Computer (USB oder RS232).<\/p>\n<h3>Fern\u00fcberwachung und -steuerung<\/h3>\n<p>Colour Control GX und andere Ger\u00e4te.<br \/>\nDie Daten k\u00f6nnen kostenlos im Internet gespeichert und angezeigt werden. <a href=\"https:\/\/vrm.victronenergy.com\/landingpage\" target=\"_blank\" rel=\"noopener\">VRM<\/a> (Victron Fernverwaltung).<\/p>\n<h3>Fernkonfiguration<\/h3>\n<p>Mit einem Color Control GX und anderen Ger\u00e4ten, die mit dem Ethernet verbunden sind, kann auf Daten zugegriffen und k\u00f6nnen Systemeinstellungen ge\u00e4ndert werden.<\/p>\n<h2>Technisches Datenblatt und Handbuch Wechselrichter Victron Multiplus Compact 12V 2000VA 80-30A \u2013 CMP122200000<\/h2>\n<p><a href=\"https:\/\/fvcomponentes.com\/wp-content\/uploads\/2021\/10\/Datasheet-MultiPlus-inverter-charger-800VA-5kVA-ES.pdf\" target=\"_blank\" rel=\"noopener\">Victron Multiplus Compact Wechselrichter 12V 2000VA 80-30A Datenblatt anzeigen - CMP122200000<\/a><\/p>\n<p><a href=\"https:\/\/fvcomponentes.com\/wp-content\/uploads\/2025\/11\/Manual-MultiPlus-Compact-2000-230V-EN-NL-FR-DE-ES.pdf\" target=\"_blank\" rel=\"noopener\">Siehe Handbuch des Wechselrichters Victron Multiplus Compact 12V 2000VA 80-30A \u2013 CMP122200000<\/a><\/p>\n<h2>Victron Multiplus Schaltplan f\u00fcr Wohnmobile im PDF-Format herunterladen<\/h2>\n<p>Besuchen Sie unseren Blog und laden Sie das PDF-Schema f\u00fcr die Verkabelung und den Anschluss Ihres Victron Multiplus Wechselrichters in einem Wohnmobil herunter. Sie finden den Schaltplan und viele weitere technische Informationen in unserem neuen Blog-Bereich.<\/p>\n<p>Klicken Sie zum Herunterladen unserer <a href=\"https:\/\/fvcomponentes.com\/de\/victron-multiplus-schaltplan\/\" target=\"_blank\" rel=\"noopener\">Schaltplan Victron Multiplus<\/a> unseres Blogs.<\/p>","protected":false},"excerpt":{"rendered":"<ul class=\"specification\">\n<li><strong>Spannung:<\/strong> 12V<\/li>\n<li><strong>Kontinuierliche Leistungsabgabe: <\/strong>2000VA<\/li>\n<li><strong>Spitzenleistung:<\/strong> 4000W<\/li>\n<li><b>Ladestrom: <\/b>80A<\/li>\n<li><strong>Gewicht: <\/strong>13kg<\/li>\n<li><strong>Abmessungen:<\/strong> 520 x 255 x 125 mm<\/li>\n<\/ul>","protected":false},"featured_media":3530,"comment_status":"open","ping_status":"closed","template":"","meta":{"site-sidebar-layout":"default","site-content-layout":"default","ast-site-content-layout":"default","site-content-style":"default","site-sidebar-style":"default","ast-global-header-display":"","ast-banner-title-visibility":"","ast-main-header-display":"","ast-hfb-above-header-display":"","ast-hfb-below-header-display":"","ast-hfb-mobile-header-display":"","site-post-title":"","ast-breadcrumbs-content":"","ast-featured-img":"","footer-sml-layout":"","ast-disable-related-posts":"","theme-transparent-header-meta":"default","adv-header-id-meta":"","stick-header-meta":"","header-above-stick-meta":"","header-main-stick-meta":"","header-below-stick-meta":"","astra-migrate-meta-layouts":"set","ast-page-background-enabled":"default","ast-page-background-meta":{"desktop":{"background-color":"var(--ast-global-color-4)","background-image":"","background-repeat":"repeat","background-position":"center center","background-size":"auto","background-attachment":"scroll","background-type":"","background-media":"","overlay-type":"","overlay-color":"","overlay-opacity":"","overlay-gradient":""},"tablet":{"background-color":"","background-image":"","background-repeat":"repeat","background-position":"center center","background-size":"auto","background-attachment":"scroll","background-type":"","background-media":"","overlay-type":"","overlay-color":"","overlay-opacity":"","overlay-gradient":""},"mobile":{"background-color":"","background-image":"","background-repeat":"repeat","background-position":"center center","background-size":"auto","background-attachment":"scroll","background-type":"","background-media":"","overlay-type":"","overlay-color":"","overlay-opacity":"","overlay-gradient":""}},"ast-content-background-meta":{"desktop":{"background-color":"var(--ast-global-color-5)","background-image":"","background-repeat":"repeat","background-position":"center center","background-size":"auto","background-attachment":"scroll","background-type":"","background-media":"","overlay-type":"","overlay-color":"","overlay-opacity":"","overlay-gradient":""},"tablet":{"background-color":"var(--ast-global-color-5)","background-image":"","background-repeat":"repeat","background-position":"center center","background-size":"auto","background-attachment":"scroll","background-type":"","background-media":"","overlay-type":"","overlay-color":"","overlay-opacity":"","overlay-gradient":""},"mobile":{"background-color":"var(--ast-global-color-5)","background-image":"","background-repeat":"repeat","background-position":"center center","background-size":"auto","background-attachment":"scroll","background-type":"","background-media":"","overlay-type":"","overlay-color":"","overlay-opacity":"","overlay-gradient":""}}},"pwb-brand":[332],"product_brand":[],"product_cat":[388,333],"product_tag":[],"class_list":{"0":"post-3529","1":"product","2":"type-product","3":"status-publish","4":"has-post-thumbnail","6":"pwb-brand-victron","7":"product_cat-inversores-cargadores-12v","8":"product_cat-inversores","9":"desktop-align-left","10":"tablet-align-left","11":"mobile-align-left","12":"ast-product-gallery-layout-horizontal-slider","13":"ast-product-gallery-with-no-image","14":"ast-product-tabs-layout-horizontal","16":"first","17":"instock","18":"taxable","19":"shipping-taxable","20":"purchasable","21":"product-type-simple"},"wcpa_form_fields":null,"brands":[{"id":332,"name":"Victron Energie","slug":"victron"}],"_links":{"self":[{"href":"https:\/\/fvcomponentes.com\/de\/wp-json\/wp\/v2\/product\/3529","targetHints":{"allow":["GET"]}}],"collection":[{"href":"https:\/\/fvcomponentes.com\/de\/wp-json\/wp\/v2\/product"}],"about":[{"href":"https:\/\/fvcomponentes.com\/de\/wp-json\/wp\/v2\/types\/product"}],"replies":[{"embeddable":true,"href":"https:\/\/fvcomponentes.com\/de\/wp-json\/wp\/v2\/comments?post=3529"}],"wp:featuredmedia":[{"embeddable":true,"href":"https:\/\/fvcomponentes.com\/de\/wp-json\/wp\/v2\/media\/3530"}],"wp:attachment":[{"href":"https:\/\/fvcomponentes.com\/de\/wp-json\/wp\/v2\/media?parent=3529"}],"wp:term":[{"taxonomy":"pwb-brand","embeddable":true,"href":"https:\/\/fvcomponentes.com\/de\/wp-json\/wp\/v2\/pwb-brand?post=3529"},{"taxonomy":"product_brand","embeddable":true,"href":"https:\/\/fvcomponentes.com\/de\/wp-json\/wp\/v2\/product_brand?post=3529"},{"taxonomy":"product_cat","embeddable":true,"href":"https:\/\/fvcomponentes.com\/de\/wp-json\/wp\/v2\/product_cat?post=3529"},{"taxonomy":"product_tag","embeddable":true,"href":"https:\/\/fvcomponentes.com\/de\/wp-json\/wp\/v2\/product_tag?post=3529"}],"curies":[{"name":"wp","href":"https:\/\/api.w.org\/{rel}","templated":true}]}}