{"id":35259,"date":"2025-12-29T15:04:01","date_gmt":"2025-12-29T14:04:01","guid":{"rendered":"https:\/\/fvcomponentes.com\/?post_type=product&#038;p=35259"},"modified":"2026-04-08T21:26:53","modified_gmt":"2026-04-08T19:26:53","slug":"victron-utp-rj45-rj45-kabel-3m-ass030064980","status":"publish","type":"product","link":"https:\/\/fvcomponentes.com\/de\/producto\/cable-victron-utp-rj45-3m-ass030064980\/","title":{"rendered":"Victron UTP RJ45 RJ45 Kabel 3m - ASS030064980"},"content":{"rendered":"<h2>Eigenschaften des Victron UTP RJ45-Kabels 3 m \u2013 ASS030064980<\/h2>\n<p>Das Victron UTP RJ45-Kabel, 3 m \u2013 ASS030064980 ist ein Kommunikationskabel, das f\u00fcr die Verbindung von Ger\u00e4ten innerhalb des Victron Energy-\u00d6kosystems entwickelt wurde und die Verbindung zwischen kompatiblen Ger\u00e4ten \u00fcber RJ45-Anschl\u00fcsse f\u00fcr Kommunikationsbusse erm\u00f6glicht.<\/p>\n<p>Wichtig: Es handelt sich nicht um ein Kabel f\u00fcr Ethernet-\/Internetverbindungen, sondern um ein Kabel f\u00fcr die interne Kommunikation zwischen Victron-Ger\u00e4ten.<\/p>\n<h3>Anwendungen \/ Verwendungszwecke<\/h3>\n<ul>\n<li>Verbindung und Kommunikation zwischen Victron-Ger\u00e4ten mit RJ45-Schnittstelle.<\/li>\n<li>Integration von Victron-Wechselrichtern\/Ladeger\u00e4ten in Steuerungs-\/\u00dcberwachungssysteme.<\/li>\n<li>Photovoltaikanlagen, isoliert oder hybrid mit Victron-Steuerung.<\/li>\n<\/ul>\n<h3>Kompatibilit\u00e4t (Richtwerte)<\/h3>\n<ul>\n<li>Geeignet f\u00fcr Victron-Ger\u00e4te mit RJ45-Kommunikationsanschl\u00fcssen.<\/li>\n<li>Victron-Wechselrichter\/Ladeger\u00e4te (MultiPlus, Quattro usw.)<\/li>\n<li>Victron-Steuer-\/\u00dcberwachungsger\u00e4te (GX, je nach verf\u00fcgbarem Anschluss)<\/li>\n<li>Kompatible Konfigurations- und Fernsteuerungsschnittstellen<\/li>\n<\/ul>\n<h3>Technische Merkmale<\/h3>\n<ul>\n<li>Marke: Victron Energy<\/li>\n<li>Referenz \/ Modell: ASS030064980<\/li>\n<li>Typ: UTP-Kabel (Unshielded Twisted Pair)<\/li>\n<li>Anschl\u00fcsse: RJ45-Stecker \u2013 RJ45-Stecker<\/li>\n<li>L\u00e4nge: 3 m<\/li>\n<li>Farbe: Blau<\/li>\n<li>Kabelkategorie: Kompatibel mit Cat5e-Standard (Kommunikationsgebrauch)<\/li>\n<\/ul>\n<h3>Vorteile<\/h3>\n<ul>\n<li>Original Victron-Kabel, optimiert f\u00fcr Verbindungen innerhalb Ihres \u00d6kosystems.<\/li>\n<li>Ideale L\u00e4nge f\u00fcr Schalttafeln, Racks und kurze Verbindungen.<\/li>\n<li>Reduziert Kommunikationsfehler aufgrund ungeeigneter oder minderwertiger Kabel.<\/li>\n<\/ul>\n<h2>Datenblatt Victron UTP RJ45 Kabel 3m - ASS030064980<\/h2>\n<p><a href=\"https:\/\/fvcomponentes.com\/wp-content\/uploads\/2025\/09\/ve.can_to_can-bus_bms_cables_manual.pdf\" target=\"_blank\" rel=\"noopener\">Technisches Datenblatt des Kabels Victron UTP RJ45 3 m \u2013 ASS030064980 anzeigen<\/a><\/p>","protected":false},"excerpt":{"rendered":"<p><strong>L\u00e4nge: <\/strong>3m<\/p>","protected":false},"featured_media":6428,"comment_status":"open","ping_status":"closed","template":"","meta":{"site-sidebar-layout":"default","site-content-layout":"default","ast-site-content-layout":"default","site-content-style":"default","site-sidebar-style":"default","ast-global-header-display":"","ast-banner-title-visibility":"","ast-main-header-display":"","ast-hfb-above-header-display":"","ast-hfb-below-header-display":"","ast-hfb-mobile-header-display":"","site-post-title":"","ast-breadcrumbs-content":"","ast-featured-img":"","footer-sml-layout":"","ast-disable-related-posts":"","theme-transparent-header-meta":"default","adv-header-id-meta":"","stick-header-meta":"","header-above-stick-meta":"","header-main-stick-meta":"","header-below-stick-meta":"","astra-migrate-meta-layouts":"set","ast-page-background-enabled":"default","ast-page-background-meta":{"desktop":{"background-color":"var(--ast-global-color-4)","background-image":"","background-repeat":"repeat","background-position":"center center","background-size":"auto","background-attachment":"scroll","background-type":"","background-media":"","overlay-type":"","overlay-color":"","overlay-opacity":"","overlay-gradient":""},"tablet":{"background-color":"","background-image":"","background-repeat":"repeat","background-position":"center center","background-size":"auto","background-attachment":"scroll","background-type":"","background-media":"","overlay-type":"","overlay-color":"","overlay-opacity":"","overlay-gradient":""},"mobile":{"background-color":"","background-image":"","background-repeat":"repeat","background-position":"center center","background-size":"auto","background-attachment":"scroll","background-type":"","background-media":"","overlay-type":"","overlay-color":"","overlay-opacity":"","overlay-gradient":""}},"ast-content-background-meta":{"desktop":{"background-color":"var(--ast-global-color-5)","background-image":"","background-repeat":"repeat","background-position":"center center","background-size":"auto","background-attachment":"scroll","background-type":"","background-media":"","overlay-type":"","overlay-color":"","overlay-opacity":"","overlay-gradient":""},"tablet":{"background-color":"var(--ast-global-color-5)","background-image":"","background-repeat":"repeat","background-position":"center center","background-size":"auto","background-attachment":"scroll","background-type":"","background-media":"","overlay-type":"","overlay-color":"","overlay-opacity":"","overlay-gradient":""},"mobile":{"background-color":"var(--ast-global-color-5)","background-image":"","background-repeat":"repeat","background-position":"center center","background-size":"auto","background-attachment":"scroll","background-type":"","background-media":"","overlay-type":"","overlay-color":"","overlay-opacity":"","overlay-gradient":""}}},"pwb-brand":[332],"product_brand":[],"product_cat":[351,878,410],"product_tag":[],"class_list":{"0":"post-35259","1":"product","2":"type-product","3":"status-publish","4":"has-post-thumbnail","6":"pwb-brand-victron","7":"product_cat-accesorios","8":"product_cat-cables-victron","9":"product_cat-material-electrico","10":"desktop-align-left","11":"tablet-align-left","12":"mobile-align-left","13":"ast-product-gallery-layout-horizontal-slider","14":"ast-product-gallery-with-no-image","15":"ast-product-tabs-layout-horizontal","17":"first","18":"outofstock","19":"taxable","20":"shipping-taxable","21":"purchasable","22":"product-type-simple"},"wcpa_form_fields":null,"brands":[{"id":332,"name":"Victron Energie","slug":"victron"}],"_links":{"self":[{"href":"https:\/\/fvcomponentes.com\/de\/wp-json\/wp\/v2\/product\/35259","targetHints":{"allow":["GET"]}}],"collection":[{"href":"https:\/\/fvcomponentes.com\/de\/wp-json\/wp\/v2\/product"}],"about":[{"href":"https:\/\/fvcomponentes.com\/de\/wp-json\/wp\/v2\/types\/product"}],"replies":[{"embeddable":true,"href":"https:\/\/fvcomponentes.com\/de\/wp-json\/wp\/v2\/comments?post=35259"}],"wp:featuredmedia":[{"embeddable":true,"href":"https:\/\/fvcomponentes.com\/de\/wp-json\/wp\/v2\/media\/6428"}],"wp:attachment":[{"href":"https:\/\/fvcomponentes.com\/de\/wp-json\/wp\/v2\/media?parent=35259"}],"wp:term":[{"taxonomy":"pwb-brand","embeddable":true,"href":"https:\/\/fvcomponentes.com\/de\/wp-json\/wp\/v2\/pwb-brand?post=35259"},{"taxonomy":"product_brand","embeddable":true,"href":"https:\/\/fvcomponentes.com\/de\/wp-json\/wp\/v2\/product_brand?post=35259"},{"taxonomy":"product_cat","embeddable":true,"href":"https:\/\/fvcomponentes.com\/de\/wp-json\/wp\/v2\/product_cat?post=35259"},{"taxonomy":"product_tag","embeddable":true,"href":"https:\/\/fvcomponentes.com\/de\/wp-json\/wp\/v2\/product_tag?post=35259"}],"curies":[{"name":"wp","href":"https:\/\/api.w.org\/{rel}","templated":true}]}}