{"id":35258,"date":"2026-01-29T20:36:38","date_gmt":"2026-01-29T19:36:38","guid":{"rendered":"https:\/\/fvcomponentes.com\/?post_type=product&#038;p=35258"},"modified":"2026-01-29T20:36:40","modified_gmt":"2026-01-29T19:36:40","slug":"forest-rb-plus-pytes-e-box-fur-e-box-48100r-batterien-110409100166","status":"publish","type":"product","link":"https:\/\/fvcomponentes.com\/de\/producto\/caja-forest-rb-plus-pytes-para-baterias-e-box-48100r-110409100166\/","title":{"rendered":"Forest RB-PLUS Pytes Box f\u00fcr E-BOX 48100R Batterien - 110409100166"},"content":{"rendered":"<h2>Forest RB-PLUS Pytes Box f\u00fcr E-BOX 48100R Batterien - 110409100166<\/h2>\n<p>Die Pytes Forest RB-PLUS ist eine fortschrittliche Energiespeicherl\u00f6sung, die speziell f\u00fcr die Integration von bis zu 6 Pytes E-BOX 48100R-Batteriemodulen in einem einzigen strukturierten, sauberen und sicheren Geh\u00e4use entwickelt wurde und eine skalierbare L\u00f6sung mit einer Kapazit\u00e4t von bis zu 30,72 kWh bietet.<\/p>\n<p>Dieses Ger\u00e4t ist als modulare und skalierbare Option positioniert, die eine einfache Installation mit einem robusten Design verbindet und sich in die meisten Wechselrichter und Energiemanagementsysteme auf dem Markt integrieren l\u00e4sst.<\/p>\n<p>Seine robuste Konstruktion, die nat\u00fcrliche Bel\u00fcftung, die sichere Montage und die Kompatibilit\u00e4t mit modernen Energiesystemen machen ihn zu einer zuverl\u00e4ssigen Wahl f\u00fcr Wohn- und Gewerbeprojekte mit Anforderungen an eine intelligente Energiespeicherung.<\/p>\n<h2>Merkmale der Forest RB-PLUS Pytes-Box<\/h2>\n<h3>Speicherkapazit\u00e4t und Skalierbarkeit<\/h3>\n<p>Das Forest RB-PLUS-Geh\u00e4use kann bis zu 6 Pytes E-BOX 48100R-Batterien aufnehmen, was eine Gesamtspeicherkapazit\u00e4t von bis zu 30,72 kWh (6 \u00d7 5,12 kWh pro Batterie) erm\u00f6glicht.<\/p>\n<p>Dank des modularen Aufbaus ist es m\u00f6glich, mit einer geringeren Anzahl von Batterien zu beginnen und die Kapazit\u00e4t des Systems schrittweise zu erweitern, ohne dass der Schrank ausgetauscht werden muss.<br \/>\nDiese Funktion ist besonders n\u00fctzlich bei Projekten, bei denen ein Anstieg des Energiebedarfs zu erwarten ist.<\/p>\n<h3>Gestaltung<\/h3>\n<p>Die Struktur des Forest RB-PLUS besteht aus hochfestem, verzinktem Stahl (SGCC), der den Batteriemodulen mechanische Festigkeit und Schutz vor St\u00f6\u00dfen und \u00e4u\u00dferen Einfl\u00fcssen in Innenr\u00e4umen bietet.<\/p>\n<p>Das Geh\u00e4usedesign erleichtert die organisierte Batterieinstallation mit integrierten Sammelschienen, die den Anschluss der Ger\u00e4te vereinfachen und die sichtbare Verkabelung reduzieren, was sowohl die \u00c4sthetik als auch die elektrische Sicherheit verbessert.<\/p>\n<h3>Schutz und Bel\u00fcftung<\/h3>\n<p>Das Forest RB-PLUS-Geh\u00e4use bietet Schutzart IP20 f\u00fcr den Einsatz in Innenr\u00e4umen und sch\u00fctzt die Batterien vor allem vor Staub und versehentlichem Kontakt mit internen Teilen.<\/p>\n<p>Die K\u00fchlung erfolgt durch nat\u00fcrliche Konvektion, ohne eingebaute L\u00fcfter, wodurch bewegliche Teile entfallen, die Ger\u00e4uschentwicklung reduziert und der Wartungsaufwand minimiert wird.<\/p>\n<h3>Installation und Wartung<\/h3>\n<p>Bei der Konstruktion des Forest RB-PLUS wurde besonderer Wert auf eine einfache und saubere Installation gelegt, wobei die strukturellen Komponenten und die elektrischen Anschl\u00fcsse f\u00fcr die Techniker zug\u00e4nglich sind.<\/p>\n<p>Integrierte Stromschienen und gut verteilte Anschlusspunkte reduzieren die Montagezeit und die Fehlermarge bei den Anschl\u00fcssen und erleichtern die zuk\u00fcnftige Erweiterung des Systems, wenn die Kapazit\u00e4t erh\u00f6ht werden muss.<\/p>\n<h2>Technische Daten der Forest RB-PLUS Pytes Box f\u00fcr E-BOX 48100R Akkus<\/h2>\n<table>\n<thead>\n<tr>\n<th><strong>Parameter<\/strong><\/th>\n<th><strong>Spezifikation<\/strong><\/th>\n<\/tr>\n<\/thead>\n<tbody>\n<tr>\n<td>Modell<\/td>\n<td>Wald RB-PLUS<\/td>\n<\/tr>\n<tr>\n<td>Referenz<\/td>\n<td>110409100166<\/td>\n<\/tr>\n<tr>\n<td>Hersteller<\/td>\n<td>Pytes<\/td>\n<\/tr>\n<tr>\n<td>Produkttyp<\/td>\n<td>Batteriekasten\/Schrank<\/td>\n<\/tr>\n<tr>\n<td>Anmeldung<\/td>\n<td>Speicherung von Solarenergie und Backup<\/td>\n<\/tr>\n<tr>\n<td>Empfohlene Verwendung<\/td>\n<td>Innerhalb<\/td>\n<\/tr>\n<tr>\n<td>Kompatible Batterien<\/td>\n<td>Pytes E-BOX 48100R<\/td>\n<\/tr>\n<tr>\n<td>Maximale Anzahl von Batterien<\/td>\n<td>6 Einheiten<\/td>\n<\/tr>\n<tr>\n<td>Installierte Gesamtkapazit\u00e4t<\/td>\n<td>30,72 kWh<\/td>\n<\/tr>\n<tr>\n<td>Maximale Ausdehnung<\/td>\n<td>Modular, je nach Bedarf erweiterbar<\/td>\n<\/tr>\n<tr>\n<td>Kommunikationsprotokolle<\/td>\n<td>CAN \/ RS485<\/td>\n<\/tr>\n<tr>\n<td>Material des Geh\u00e4uses<\/td>\n<td>Verzinkter Stahl (SGCC)<\/td>\n<\/tr>\n<tr>\n<td>Grad des Schutzes<\/td>\n<td>IP20<\/td>\n<\/tr>\n<tr>\n<td>Bel\u00fcftung<\/td>\n<td>Nat\u00fcrlich (ohne Ventilatoren)<\/td>\n<\/tr>\n<tr>\n<td>Ger\u00e4uschpegel<\/td>\n<td>Stumm<\/td>\n<\/tr>\n<tr>\n<td>Abmessungen (L \u00d7 B \u00d7 H)<\/td>\n<td>72 \u00d7 40 \u00d7 1 15 cm<\/td>\n<\/tr>\n<tr>\n<td>Leergewicht<\/td>\n<td>68 kg<\/td>\n<\/tr>\n<tr>\n<td>Art der Befestigung<\/td>\n<td>Boden (Bodenmontage)<\/td>\n<\/tr>\n<tr>\n<td>Gestaltung<\/td>\n<td>Modular, einfache Installation und Wartung<\/td>\n<\/tr>\n<tr>\n<td>Zus\u00e4tzliche Merkmale<\/td>\n<td>Integrierte Stromschienen, zug\u00e4ngliche Anschl\u00fcsse, erweiterbar in der Zukunft<\/td>\n<\/tr>\n<tr>\n<td>B\u00fcrgschaft<\/td>\n<td>2 Jahre<\/td>\n<\/tr>\n<\/tbody>\n<\/table>\n<h2>Technische Informationen \u00fcber die Forest RB-PLUS Pytes Box f\u00fcr E-BOX 48100R Batterien - 110409100166<\/h2>\n<p><a href=\"https:\/\/fvcomponentes.com\/wp-content\/uploads\/2025\/12\/09c77ca7c7228580470dd677ba590db0.pdf\" target=\"_blank\" rel=\"noopener\">Datenblatt Forest RB-PLUS Box<\/a><\/p>\n<p><a href=\"https:\/\/fvcomponentes.com\/wp-content\/uploads\/2025\/12\/Pytes_Forest-RB_Installation-Guide.pdf\" target=\"_blank\" rel=\"noopener\">Installationsanleitung Forst RB-PLUS Box<\/a><\/p>","protected":false},"excerpt":{"rendered":"<ul>\n<li>F\u00fcr bis zu 6 Batterien Pytes E-Box 48100R<\/li>\n<li>Bodenmontage m\u00f6glich.<\/li>\n<li>Geh\u00e4usematerial: SGCC (verzinkter Stahl)<\/li>\n<li>K\u00fchlung: Nat\u00fcrliche Konvektion<\/li>\n<li>Geeignet f\u00fcr die Innenaufstellung<\/li>\n<li>Integrierte Stromschiene<\/li>\n<li>Schutzart: IP20<\/li>\n<li>Abmessungen: 720 x 400 x 1150 mm<\/li>\n<li>Gewicht: 68 kg<\/li>\n<\/ul>","protected":false},"featured_media":35270,"comment_status":"closed","ping_status":"closed","template":"","meta":{"site-sidebar-layout":"default","site-content-layout":"","ast-site-content-layout":"default","site-content-style":"default","site-sidebar-style":"default","ast-global-header-display":"","ast-banner-title-visibility":"","ast-main-header-display":"","ast-hfb-above-header-display":"","ast-hfb-below-header-display":"","ast-hfb-mobile-header-display":"","site-post-title":"","ast-breadcrumbs-content":"","ast-featured-img":"","footer-sml-layout":"","ast-disable-related-posts":"","theme-transparent-header-meta":"default","adv-header-id-meta":"","stick-header-meta":"","header-above-stick-meta":"","header-main-stick-meta":"","header-below-stick-meta":"","astra-migrate-meta-layouts":"set","ast-page-background-enabled":"default","ast-page-background-meta":{"desktop":{"background-color":"var(--ast-global-color-4)","background-image":"","background-repeat":"repeat","background-position":"center center","background-size":"auto","background-attachment":"scroll","background-type":"","background-media":"","overlay-type":"","overlay-color":"","overlay-opacity":"","overlay-gradient":""},"tablet":{"background-color":"","background-image":"","background-repeat":"repeat","background-position":"center center","background-size":"auto","background-attachment":"scroll","background-type":"","background-media":"","overlay-type":"","overlay-color":"","overlay-opacity":"","overlay-gradient":""},"mobile":{"background-color":"","background-image":"","background-repeat":"repeat","background-position":"center center","background-size":"auto","background-attachment":"scroll","background-type":"","background-media":"","overlay-type":"","overlay-color":"","overlay-opacity":"","overlay-gradient":""}},"ast-content-background-meta":{"desktop":{"background-color":"var(--ast-global-color-5)","background-image":"","background-repeat":"repeat","background-position":"center center","background-size":"auto","background-attachment":"scroll","background-type":"","background-media":"","overlay-type":"","overlay-color":"","overlay-opacity":"","overlay-gradient":""},"tablet":{"background-color":"var(--ast-global-color-5)","background-image":"","background-repeat":"repeat","background-position":"center center","background-size":"auto","background-attachment":"scroll","background-type":"","background-media":"","overlay-type":"","overlay-color":"","overlay-opacity":"","overlay-gradient":""},"mobile":{"background-color":"var(--ast-global-color-5)","background-image":"","background-repeat":"repeat","background-position":"center center","background-size":"auto","background-attachment":"scroll","background-type":"","background-media":"","overlay-type":"","overlay-color":"","overlay-opacity":"","overlay-gradient":""}}},"pwb-brand":[1007],"product_brand":[],"product_cat":[414,340],"product_tag":[],"class_list":{"0":"post-35258","1":"product","2":"type-product","3":"status-publish","4":"has-post-thumbnail","6":"pwb-brand-baterias-pytes","7":"product_cat-armarios-rack-para-baterias","8":"product_cat-baterias","9":"desktop-align-left","10":"tablet-align-left","11":"mobile-align-left","12":"ast-product-gallery-layout-horizontal-slider","13":"ast-product-tabs-layout-horizontal","15":"first","16":"instock","17":"taxable","18":"shipping-taxable","19":"purchasable","20":"product-type-simple"},"wcpa_form_fields":null,"brands":[{"id":1007,"name":"Pytes-Batterien","slug":"pytes-batterien"}],"_links":{"self":[{"href":"https:\/\/fvcomponentes.com\/de\/wp-json\/wp\/v2\/product\/35258","targetHints":{"allow":["GET"]}}],"collection":[{"href":"https:\/\/fvcomponentes.com\/de\/wp-json\/wp\/v2\/product"}],"about":[{"href":"https:\/\/fvcomponentes.com\/de\/wp-json\/wp\/v2\/types\/product"}],"replies":[{"embeddable":true,"href":"https:\/\/fvcomponentes.com\/de\/wp-json\/wp\/v2\/comments?post=35258"}],"wp:featuredmedia":[{"embeddable":true,"href":"https:\/\/fvcomponentes.com\/de\/wp-json\/wp\/v2\/media\/35270"}],"wp:attachment":[{"href":"https:\/\/fvcomponentes.com\/de\/wp-json\/wp\/v2\/media?parent=35258"}],"wp:term":[{"taxonomy":"pwb-brand","embeddable":true,"href":"https:\/\/fvcomponentes.com\/de\/wp-json\/wp\/v2\/pwb-brand?post=35258"},{"taxonomy":"product_brand","embeddable":true,"href":"https:\/\/fvcomponentes.com\/de\/wp-json\/wp\/v2\/product_brand?post=35258"},{"taxonomy":"product_cat","embeddable":true,"href":"https:\/\/fvcomponentes.com\/de\/wp-json\/wp\/v2\/product_cat?post=35258"},{"taxonomy":"product_tag","embeddable":true,"href":"https:\/\/fvcomponentes.com\/de\/wp-json\/wp\/v2\/product_tag?post=35258"}],"curies":[{"name":"wp","href":"https:\/\/api.w.org\/{rel}","templated":true}]}}