{"id":35241,"date":"2026-01-29T20:36:35","date_gmt":"2026-01-29T19:36:35","guid":{"rendered":"https:\/\/fvcomponentes.com\/?post_type=product&#038;p=35241"},"modified":"2026-01-29T20:36:37","modified_gmt":"2026-01-29T19:36:37","slug":"r-box-nema3-pytes-fur-batterien-e-box-48100r-110409100173","status":"publish","type":"product","link":"https:\/\/fvcomponentes.com\/de\/producto\/caja-r-box-nema3-pytes-para-baterias-e-box-48100r-110409100173\/","title":{"rendered":"R-BOX NEMA3 Pytes-Geh\u00e4use f\u00fcr E-BOX 48100R Batterien - 110409100173"},"content":{"rendered":"<h2>R-BOX NEMA3 Pytes-Geh\u00e4use f\u00fcr E-BOX 48100R Batterien - 110409100173<\/h2>\n<p>Das Pytes R-BOX NEMA3-Geh\u00e4use ist eine robuste, \u00e4sthetisch ansprechende und funktionale Aufbewahrungsstruktur oder ein Schrank, der speziell f\u00fcr die Unterbringung und den Schutz von E-BOX 48100R-Batterien entwickelt wurde und eine integrierte Energiespeicherl\u00f6sung f\u00fcr private und leicht kommerzielle Installationen darstellt.<\/p>\n<p>Es ist eine Schl\u00fcsselkomponente in Solarenergiespeichern oder Backup-Systemen, deren Zweck es ist, die Installation von Pytes-Batteriemodulen in einer sicheren und strukturierten Umgebung zu organisieren, zu sch\u00fctzen und zu erleichtern.<\/p>\n<p>Der modulare Aufbau, die hohe Verarbeitungsqualit\u00e4t und die Kompatibilit\u00e4t mit verschiedenen Konfigurationen machen dieses Produkt zu einem wesentlichen Bestandteil intelligenter und effizienter Energiel\u00f6sungen.<\/p>\n<h2>R-BOX NEMA3 Pytes R-BOX-Geh\u00e4use Merkmale<\/h2>\n<h3>Gestaltung<\/h3>\n<p>Das NEMA3-Geh\u00e4use der R-BOX besteht aus verzinktem Stahl (SGCC), was ihm eine solide und dauerhafte Struktur f\u00fcr den Einsatz in Innenr\u00e4umen verleiht.<br \/>\nDie Ausf\u00fchrung ist elegant und so konzipiert, dass sie sich optisch in Wohn- oder Technikr\u00e4ume einf\u00fcgt, ohne aufdringlich zu wirken.<\/p>\n<p>Die Bel\u00fcftung des Geh\u00e4uses ist passiv, d.h. sie basiert auf nat\u00fcrlicher Konvektion ohne Ventilatoren, was zu einem sehr leisen Betrieb ohne bewegliche Teile f\u00fchrt, was den Wartungsaufwand und die Ger\u00e4uschentwicklung reduziert.<\/p>\n<p>Das Geh\u00e4use entspricht der Schutzart IP20 und eignet sich f\u00fcr Innenr\u00e4ume, in denen das Eindringen von Staub minimiert wird und keine direkte Einwirkung von Feuchtigkeit oder Wasser besteht.<\/p>\n<h3>Kompatibilit\u00e4t und Kapazit\u00e4t<\/h3>\n<p>Das R-BOX NEMA3-Geh\u00e4use ist f\u00fcr die Aufnahme von bis zu zwei Pytes E-BOX 48100R-Batterien mit einer Nennleistung von jeweils 5,12 kWh ausgelegt, so dass sich eine installierte Gesamtkapazit\u00e4t von bis zu 10,24 kWh ergibt.<\/p>\n<p>Dar\u00fcber hinaus erm\u00f6glicht das modulare Design von Pytes die Erweiterung des Systems um bis zu 3 parallele Boxen, wodurch wesentlich h\u00f6here Kapazit\u00e4ten (bis zu 30,72 kWh) f\u00fcr Wohnanlagen mit h\u00f6herem Energiebedarf erreicht werden k\u00f6nnen.<\/p>\n<h3>Elektrische und funktionale Integration<\/h3>\n<p>Diese Box wurde entwickelt, um sichere und saubere elektrische Verbindungen zwischen E-BOX-Batterien und anderen Systemkomponenten wie Wechselrichtern, Reglern und Power-Management-Ger\u00e4ten zu erm\u00f6glichen.<br \/>\nEs unterst\u00fctzt Standard-Kommunikationsprotokolle wie CAN und RS485, so dass die Batterie\u00fcberwachung und -steuerung in Wechselrichter und intelligente Managementsysteme integriert werden kann.<\/p>\n<p>Dies erleichtert die \u00dcberwachung des Batteriezustands, des Ladezustands (SoC), der Zyklusstatistik und anderer wichtiger Parameter innerhalb eines Solar- oder Notstromsystems.<\/p>\n<h2>R-BOX NEMA3 Pytes R-BOX-Geh\u00e4use f\u00fcr E-BOX 48100R-Batterien Technische Daten<\/h2>\n<table>\n<thead>\n<tr>\n<th><strong>Parameter<\/strong><\/th>\n<th><strong>Spezifikation<\/strong><\/th>\n<\/tr>\n<\/thead>\n<tbody>\n<tr>\n<td>Modell<\/td>\n<td>R-BOX NEMA3<\/td>\n<\/tr>\n<tr>\n<td>Referenz<\/td>\n<td>110409100173<\/td>\n<\/tr>\n<tr>\n<td>Hersteller<\/td>\n<td>Pytes<\/td>\n<\/tr>\n<tr>\n<td>Produkttyp<\/td>\n<td>Batteriekasten\/Schrank<\/td>\n<\/tr>\n<tr>\n<td>Anmeldung<\/td>\n<td>Speicherung von Solarenergie und Backup<\/td>\n<\/tr>\n<tr>\n<td>Empfohlene Verwendung<\/td>\n<td>Innerhalb<\/td>\n<\/tr>\n<tr>\n<td>Kompatible Batterien<\/td>\n<td>Pytes E-BOX 48100R<\/td>\n<\/tr>\n<tr>\n<td>Maximale Anzahl von Batterien<\/td>\n<td>2 Einheiten<\/td>\n<\/tr>\n<tr>\n<td>Installierte Gesamtkapazit\u00e4t<\/td>\n<td>10,24 kWh<\/td>\n<\/tr>\n<tr>\n<td>Nutzbare Kapazit\u00e4t<\/td>\n<td>9,22 kWh<\/td>\n<\/tr>\n<tr>\n<td>Maximale Ausdehnung<\/td>\n<td>Bis zu 3 Boxen parallel (30,72 kWh)<\/td>\n<\/tr>\n<tr>\n<td>Kommunikationsprotokolle<\/td>\n<td>CAN \/ RS485<\/td>\n<\/tr>\n<tr>\n<td>Material des Geh\u00e4uses<\/td>\n<td>Verzinkter Stahl<\/td>\n<\/tr>\n<tr>\n<td>Grad des Schutzes<\/td>\n<td>NEMA 3<\/td>\n<\/tr>\n<tr>\n<td>Bel\u00fcftung<\/td>\n<td>Nat\u00fcrlich (ohne Ventilatoren)<\/td>\n<\/tr>\n<tr>\n<td>Ger\u00e4uschpegel<\/td>\n<td>Stumm<\/td>\n<\/tr>\n<tr>\n<td>Abmessungen (L \u00d7 B \u00d7 H)<\/td>\n<td>53 x 40,03 x 73,47 cm<\/td>\n<\/tr>\n<tr>\n<td>Leergewicht<\/td>\n<td>27,7 kg<\/td>\n<\/tr>\n<tr>\n<td>Gewicht mit installierten Batterien<\/td>\n<td>120 kg<\/td>\n<\/tr>\n<tr>\n<td>Art der Befestigung<\/td>\n<td>Boden oder Wand<\/td>\n<\/tr>\n<tr>\n<td>Gestaltung<\/td>\n<td>Modular, einfache Wartung<\/td>\n<\/tr>\n<tr>\n<td>Typische Garantie<\/td>\n<td>2 Jahre<\/td>\n<\/tr>\n<\/tbody>\n<\/table>\n<h2>Technische Informationen R-BOX NEMA3 Pytes R-BOX Box f\u00fcr E-BOX 48100R Batterien - 110409100173<\/h2>\n<p><a href=\"https:\/\/fvcomponentes.com\/wp-content\/uploads\/2025\/12\/Pytes_R-BOX-NEMA3_Datasheet.pdf\" target=\"_blank\" rel=\"noopener\">R-BOX NEMA3-Geh\u00e4use Datenblatt<\/a><\/p>\n<p><a href=\"https:\/\/fvcomponentes.com\/wp-content\/uploads\/2025\/12\/Pytes_R-BOX-NEMA3_Installation-Guide.pdf\" target=\"_blank\" rel=\"noopener\">R-BOX NEMA3-Geh\u00e4use Installationsanleitung<\/a><\/p>","protected":false},"excerpt":{"rendered":"<ul>\n<li>F\u00fcr bis zu 2 Batterien Pytes E-Box 48100R<\/li>\n<li>Wand- oder Bodenmontage m\u00f6glich.<\/li>\n<li>Geh\u00e4usematerial: SGCC (verzinkter Stahl)<\/li>\n<li>K\u00fchlung: Nat\u00fcrliche Konvektion<\/li>\n<li>Geeignet f\u00fcr die Innenaufstellung<\/li>\n<li>Schutzart: NEMA 3<\/li>\n<li>Abmessungen: 530 x 400,3 x 734,7 mm<\/li>\n<li>Gewicht: 27,7 kg<\/li>\n<\/ul>","protected":false},"featured_media":35255,"comment_status":"closed","ping_status":"closed","template":"","meta":{"site-sidebar-layout":"default","site-content-layout":"","ast-site-content-layout":"default","site-content-style":"default","site-sidebar-style":"default","ast-global-header-display":"","ast-banner-title-visibility":"","ast-main-header-display":"","ast-hfb-above-header-display":"","ast-hfb-below-header-display":"","ast-hfb-mobile-header-display":"","site-post-title":"","ast-breadcrumbs-content":"","ast-featured-img":"","footer-sml-layout":"","ast-disable-related-posts":"","theme-transparent-header-meta":"default","adv-header-id-meta":"","stick-header-meta":"","header-above-stick-meta":"","header-main-stick-meta":"","header-below-stick-meta":"","astra-migrate-meta-layouts":"set","ast-page-background-enabled":"default","ast-page-background-meta":{"desktop":{"background-color":"var(--ast-global-color-4)","background-image":"","background-repeat":"repeat","background-position":"center center","background-size":"auto","background-attachment":"scroll","background-type":"","background-media":"","overlay-type":"","overlay-color":"","overlay-opacity":"","overlay-gradient":""},"tablet":{"background-color":"","background-image":"","background-repeat":"repeat","background-position":"center center","background-size":"auto","background-attachment":"scroll","background-type":"","background-media":"","overlay-type":"","overlay-color":"","overlay-opacity":"","overlay-gradient":""},"mobile":{"background-color":"","background-image":"","background-repeat":"repeat","background-position":"center center","background-size":"auto","background-attachment":"scroll","background-type":"","background-media":"","overlay-type":"","overlay-color":"","overlay-opacity":"","overlay-gradient":""}},"ast-content-background-meta":{"desktop":{"background-color":"var(--ast-global-color-5)","background-image":"","background-repeat":"repeat","background-position":"center center","background-size":"auto","background-attachment":"scroll","background-type":"","background-media":"","overlay-type":"","overlay-color":"","overlay-opacity":"","overlay-gradient":""},"tablet":{"background-color":"var(--ast-global-color-5)","background-image":"","background-repeat":"repeat","background-position":"center center","background-size":"auto","background-attachment":"scroll","background-type":"","background-media":"","overlay-type":"","overlay-color":"","overlay-opacity":"","overlay-gradient":""},"mobile":{"background-color":"var(--ast-global-color-5)","background-image":"","background-repeat":"repeat","background-position":"center center","background-size":"auto","background-attachment":"scroll","background-type":"","background-media":"","overlay-type":"","overlay-color":"","overlay-opacity":"","overlay-gradient":""}}},"pwb-brand":[1007],"product_brand":[],"product_cat":[414,340],"product_tag":[],"class_list":{"0":"post-35241","1":"product","2":"type-product","3":"status-publish","4":"has-post-thumbnail","6":"pwb-brand-baterias-pytes","7":"product_cat-armarios-rack-para-baterias","8":"product_cat-baterias","9":"desktop-align-left","10":"tablet-align-left","11":"mobile-align-left","12":"ast-product-gallery-layout-horizontal-slider","13":"ast-product-tabs-layout-horizontal","15":"first","16":"instock","17":"taxable","18":"shipping-taxable","19":"purchasable","20":"product-type-simple"},"wcpa_form_fields":null,"brands":[{"id":1007,"name":"Pytes-Batterien","slug":"pytes-batterien"}],"_links":{"self":[{"href":"https:\/\/fvcomponentes.com\/de\/wp-json\/wp\/v2\/product\/35241","targetHints":{"allow":["GET"]}}],"collection":[{"href":"https:\/\/fvcomponentes.com\/de\/wp-json\/wp\/v2\/product"}],"about":[{"href":"https:\/\/fvcomponentes.com\/de\/wp-json\/wp\/v2\/types\/product"}],"replies":[{"embeddable":true,"href":"https:\/\/fvcomponentes.com\/de\/wp-json\/wp\/v2\/comments?post=35241"}],"wp:featuredmedia":[{"embeddable":true,"href":"https:\/\/fvcomponentes.com\/de\/wp-json\/wp\/v2\/media\/35255"}],"wp:attachment":[{"href":"https:\/\/fvcomponentes.com\/de\/wp-json\/wp\/v2\/media?parent=35241"}],"wp:term":[{"taxonomy":"pwb-brand","embeddable":true,"href":"https:\/\/fvcomponentes.com\/de\/wp-json\/wp\/v2\/pwb-brand?post=35241"},{"taxonomy":"product_brand","embeddable":true,"href":"https:\/\/fvcomponentes.com\/de\/wp-json\/wp\/v2\/product_brand?post=35241"},{"taxonomy":"product_cat","embeddable":true,"href":"https:\/\/fvcomponentes.com\/de\/wp-json\/wp\/v2\/product_cat?post=35241"},{"taxonomy":"product_tag","embeddable":true,"href":"https:\/\/fvcomponentes.com\/de\/wp-json\/wp\/v2\/product_tag?post=35241"}],"curies":[{"name":"wp","href":"https:\/\/api.w.org\/{rel}","templated":true}]}}