{"id":3520,"date":"2021-06-25T15:27:39","date_gmt":"2021-06-25T13:27:39","guid":{"rendered":"https:\/\/fvcomponentes.com\/producto\/cable-interface-ve-direct-a-usb-victron-ass030530010\/"},"modified":"2026-04-04T12:43:46","modified_gmt":"2026-04-04T10:43:46","slug":"schnittstellenkabel-ve-direkt-zu-usb-victron-ass030530010","status":"publish","type":"product","link":"https:\/\/fvcomponentes.com\/de\/producto\/cable-interface-ve-direct-a-usb-victron-ass030530010\/","title":{"rendered":"Schnittstellenkabel VE.Direct zu USB Victron - ASS030530010"},"content":{"rendered":"<h2>Schnittstellenkabel VE.Direct zu USB Victron<\/h2>\n<p>Das Victron VE.Direct-USB-Schnittstellenkabel verbindet Produkte mit VE.Direct-Anschluss mit Ger\u00e4ten mit einem USB-Anschluss, wie z. B. einem Computer.<\/p>\n<p>Mit diesem Kabel ist es m\u00f6glich, mehr als zwei VE.Direct-Produkte an einen einzigen CCGX anzuschlie\u00dfen.<\/p>\n<p><strong>Die VE.Direct-zu-USB-Schnittstelle verbindet Produkte mit einem VE.Direct-Anschluss mit Ger\u00e4ten mit einem USB-Port.<\/strong>zum Beispiel einen Computer. Mit diesem Kabel ist es auch m\u00f6glich, mehr als zwei VE.Direct-Produkte an ein einziges CCGX anzuschlie\u00dfen.<\/p>\n<h3>VE.Direct to USB Interface Kompatible Ger\u00e4te<\/h3>\n<p>Folgende Ger\u00e4te k\u00f6nnen an diese VE.Direct-USB-Schnittstelle angeschlossen werden:<\/p>\n<p>- Blue Solar MPPT-Steuerungen<\/p>\n<p>- Die Phoenix VE.Direct-Wechselrichter<\/p>\n<p>- Batterie-Monitor BMV700<\/p>\n<p>- Blue Solar MPPT-Regler.<\/p>\n<p>Je nach dem anzuschlie\u00dfenden Ger\u00e4t sind unterschiedliche Betriebsparameter zu beachten.<\/p>\n<p>Bei den Blue Solar MPPT-Reglern k\u00f6nnen die Batterieladespannungen und der von den Modulen erzeugte Strom \u00fcberwacht werden. Bei den Phoenix VE.Direct Wechselrichtern k\u00f6nnen insbesondere die Batterieunterspannung und das Alarmsignal \u00fcberwacht werden.<\/p>\n<p>Weitere Informationen zur Kompatibilit\u00e4t zwischen den Systemen entnehmen Sie bitte dem jeweiligen Datenblatt.<\/p>\n<h3>Wie schlie\u00dfe ich Victron-Ger\u00e4te \u00fcber die VE.Direct-Schnittstelle an USB an?<\/h3>\n<p>Es gibt zwei M\u00f6glichkeiten, eine Verbindung zu Victron-Ger\u00e4ten herzustellen,\u00a0<strong>mit dem VE.Direct to USB oder mit dem VE.Direct Bluetooth Smart Dongle.<\/strong>. Mit dem VE.Direct zu USB k\u00f6nnen Sie Victron-Ger\u00e4te an Windows-PCs und MAC-Computer anschlie\u00dfen. Dar\u00fcber hinaus k\u00f6nnen Sie mit dem VE.Direct Bluetooth Smart Dongle Victron-Ger\u00e4te mit Apple- und Android-Smartphones, Tablets, Macbooks und anderen Ger\u00e4ten verbinden.<\/p>","protected":false},"excerpt":{"rendered":"<p>Technische Daten des Victron VE.Direct to USB Schnittstellenkabel:<\/p>\n<ul>\n<li><b>L\u00e4nge: <\/b>0.9m<\/li>\n<li><strong>Ausgangsschnittstelle:<\/strong> USB 2.0.<\/li>\n<\/ul>\n<p>&nbsp;<\/p>","protected":false},"featured_media":3521,"comment_status":"open","ping_status":"closed","template":"","meta":{"site-sidebar-layout":"default","site-content-layout":"default","ast-site-content-layout":"default","site-content-style":"default","site-sidebar-style":"default","ast-global-header-display":"","ast-banner-title-visibility":"","ast-main-header-display":"","ast-hfb-above-header-display":"","ast-hfb-below-header-display":"","ast-hfb-mobile-header-display":"","site-post-title":"","ast-breadcrumbs-content":"","ast-featured-img":"","footer-sml-layout":"","ast-disable-related-posts":"","theme-transparent-header-meta":"default","adv-header-id-meta":"","stick-header-meta":"","header-above-stick-meta":"","header-main-stick-meta":"","header-below-stick-meta":"","astra-migrate-meta-layouts":"set","ast-page-background-enabled":"default","ast-page-background-meta":{"desktop":{"background-color":"var(--ast-global-color-4)","background-image":"","background-repeat":"repeat","background-position":"center center","background-size":"auto","background-attachment":"scroll","background-type":"","background-media":"","overlay-type":"","overlay-color":"","overlay-opacity":"","overlay-gradient":""},"tablet":{"background-color":"","background-image":"","background-repeat":"repeat","background-position":"center center","background-size":"auto","background-attachment":"scroll","background-type":"","background-media":"","overlay-type":"","overlay-color":"","overlay-opacity":"","overlay-gradient":""},"mobile":{"background-color":"","background-image":"","background-repeat":"repeat","background-position":"center center","background-size":"auto","background-attachment":"scroll","background-type":"","background-media":"","overlay-type":"","overlay-color":"","overlay-opacity":"","overlay-gradient":""}},"ast-content-background-meta":{"desktop":{"background-color":"var(--ast-global-color-5)","background-image":"","background-repeat":"repeat","background-position":"center center","background-size":"auto","background-attachment":"scroll","background-type":"","background-media":"","overlay-type":"","overlay-color":"","overlay-opacity":"","overlay-gradient":""},"tablet":{"background-color":"var(--ast-global-color-5)","background-image":"","background-repeat":"repeat","background-position":"center center","background-size":"auto","background-attachment":"scroll","background-type":"","background-media":"","overlay-type":"","overlay-color":"","overlay-opacity":"","overlay-gradient":""},"mobile":{"background-color":"var(--ast-global-color-5)","background-image":"","background-repeat":"repeat","background-position":"center center","background-size":"auto","background-attachment":"scroll","background-type":"","background-media":"","overlay-type":"","overlay-color":"","overlay-opacity":"","overlay-gradient":""}}},"pwb-brand":[332],"product_brand":[],"product_cat":[351,878,333,410],"product_tag":[],"class_list":{"0":"post-3520","1":"product","2":"type-product","3":"status-publish","4":"has-post-thumbnail","6":"pwb-brand-victron","7":"product_cat-accesorios","8":"product_cat-cables-victron","9":"product_cat-inversores","10":"product_cat-material-electrico","11":"desktop-align-left","12":"tablet-align-left","13":"mobile-align-left","14":"ast-product-gallery-layout-horizontal-slider","15":"ast-product-gallery-with-no-image","16":"ast-product-tabs-layout-horizontal","18":"first","19":"instock","20":"taxable","21":"shipping-taxable","22":"purchasable","23":"product-type-simple"},"wcpa_form_fields":null,"brands":[{"id":332,"name":"Victron Energie","slug":"victron"}],"_links":{"self":[{"href":"https:\/\/fvcomponentes.com\/de\/wp-json\/wp\/v2\/product\/3520","targetHints":{"allow":["GET"]}}],"collection":[{"href":"https:\/\/fvcomponentes.com\/de\/wp-json\/wp\/v2\/product"}],"about":[{"href":"https:\/\/fvcomponentes.com\/de\/wp-json\/wp\/v2\/types\/product"}],"replies":[{"embeddable":true,"href":"https:\/\/fvcomponentes.com\/de\/wp-json\/wp\/v2\/comments?post=3520"}],"wp:featuredmedia":[{"embeddable":true,"href":"https:\/\/fvcomponentes.com\/de\/wp-json\/wp\/v2\/media\/3521"}],"wp:attachment":[{"href":"https:\/\/fvcomponentes.com\/de\/wp-json\/wp\/v2\/media?parent=3520"}],"wp:term":[{"taxonomy":"pwb-brand","embeddable":true,"href":"https:\/\/fvcomponentes.com\/de\/wp-json\/wp\/v2\/pwb-brand?post=3520"},{"taxonomy":"product_brand","embeddable":true,"href":"https:\/\/fvcomponentes.com\/de\/wp-json\/wp\/v2\/product_brand?post=3520"},{"taxonomy":"product_cat","embeddable":true,"href":"https:\/\/fvcomponentes.com\/de\/wp-json\/wp\/v2\/product_cat?post=3520"},{"taxonomy":"product_tag","embeddable":true,"href":"https:\/\/fvcomponentes.com\/de\/wp-json\/wp\/v2\/product_tag?post=3520"}],"curies":[{"name":"wp","href":"https:\/\/api.w.org\/{rel}","templated":true}]}}