{"id":35115,"date":"2026-01-29T20:28:37","date_gmt":"2026-01-29T19:28:37","guid":{"rendered":"https:\/\/fvcomponentes.com\/?post_type=product&#038;p=35115"},"modified":"2026-04-06T09:21:35","modified_gmt":"2026-04-06T07:21:35","slug":"sicherheitssystem-huawei-smartguard-63-a-t0-01076984","status":"publish","type":"product","link":"https:\/\/fvcomponentes.com\/de\/producto\/sistema-de-backup-huawei-smartguard-63-a-t0-01076984\/","title":{"rendered":"Huawei SmartGuard-63-A-T0 Sicherungssystem - 01076984"},"content":{"rendered":"<h2 data-start=\"177\" data-end=\"234\">Huawei SmartGuard-63-A-T0 Sicherungssystem (01076984)<\/h2>\n<p data-start=\"236\" data-end=\"580\">Der Huawei SmartGuard-63-A-T0 ist die L\u00f6sung von Huawei, um Ihre PV-Anlage auch bei Stromausfall in Betrieb zu halten.<\/p>\n<p data-start=\"236\" data-end=\"580\">Wechselrichter schalten sich bei einem Stromausfall aus einem guten Grund ab: Sicherheit. Ein netzgekoppelter Wechselrichter ist so konstruiert, dass er synchron mit dem Netz arbeitet, und wenn er feststellt, dass das Netz weg ist, schaltet er die Produktion automatisch ab. Auf diese Weise wird eine sehr ernste Gefahr vermieden: Wenn der Wechselrichter w\u00e4hrend eines Stromausfalls weiterl\u00e4uft, k\u00f6nnte er \u00fcber Ihre Anlage Strom ins Netz zur\u00fccksenden. Selbst wenn der Strom in Ihrem Haus ausgefallen ist, k\u00f6nnten die Kabel in der Stra\u00dfe durch Ihren Wechselrichter wieder mit Strom versorgt werden, wodurch die Techniker, die die St\u00f6rung beheben, oder jeder, der eine Leitung ber\u00fchrt, weil er glaubt, dass sie abgeschaltet ist, gef\u00e4hrdet werden.<\/p>\n<p data-start=\"236\" data-end=\"580\">Wenn eine Anlage w\u00e4hrend eines Stromausfalls weiterhin mit Strom versorgt wird, liegt das daran, dass es ein Backup-System gibt, das das Haus vom allgemeinen Netz trennt und ein eigenes, von Batterien gest\u00fctztes Netz schafft. In diesem Fall kann der Wechselrichter weiterhin im Inselbetrieb arbeiten, aber nur, weil keine Gefahr mehr besteht, dass Energie in das \u00f6ffentliche Netz eingespeist wird.<\/p>\n<p data-start=\"236\" data-end=\"580\">Der Huawei SmartGuard-63-A-T0 Backup ist ein Ger\u00e4t, das es dem Wechselrichter erm\u00f6glicht, bei einem Stromausfall automatisch in den Backup-Modus zu wechseln, so dass die Anlage nicht ohne Strom bleibt.<\/p>\n<p data-start=\"582\" data-end=\"851\">Es ist so konzipiert, dass es in Kombination mit den Luna2000-Batterien ein vollst\u00e4ndiges Backup mit einem hohen Ma\u00df an Sicherheit und intelligentem Energiemanagement bietet. Bei einem Stromausfall koordiniert es die gesamte Anlage: Paneele, Batterien, Verbrauch und, falls vorhanden, sogar das Ladeger\u00e4t f\u00fcr das Elektroauto.<\/p>\n<h3 data-start=\"858\" data-end=\"924\">Volles Back-up bis zu 63 A: kein Problem mit kritischen Lasten<\/h3>\n<p data-start=\"926\" data-end=\"1118\">Einer der gro\u00dfen Vorteile dieses Backup-Systems ist, dass es bis zu 63 A unterst\u00fctzt, was bedeutet, dass es die gesamte elektrische Installation versorgen kann, ohne dass kritische und unkritische Stromkreise getrennt werden m\u00fcssen. Es ist jedoch f\u00fcr dreiphasige Installationen ausgelegt, und ein wichtiges Detail sollte beachtet werden: Obwohl es bis zu 63 A zum\/vom Netz und auch zum Backup-Ausgang verarbeiten kann, darf die Summe des Stroms im Backup- und Nicht-Backup-Ausgang 63 A nicht \u00fcberschreiten.<\/p>\n<p data-start=\"1120\" data-end=\"1380\">W\u00e4hrend eines Stromausfalls k\u00f6nnen Sie Ihr Haus wie gewohnt nutzen: Strom, Elektroger\u00e4te, Klimaanlage... ohne dar\u00fcber nachdenken zu m\u00fcssen, was Sie anschlie\u00dfen und was nicht. Das ist eine viel komfortablere und umfassendere Backup-Erfahrung.<\/p>\n<h3 data-start=\"1387\" data-end=\"1463\">Ersetzt die herk\u00f6mmliche Schalttafel (und sorgt f\u00fcr mehr Ordnung).<\/h3>\n<p data-start=\"1465\" data-end=\"1652\">Der SmartGuard-63-A-T0 - 01076984 wurde entwickelt, um die herk\u00f6mmliche Schalttafel zu ersetzen, indem er automatisches Schalten, elektrischen Schutz und Energiemanagement in einem einzigen System integriert. Das Innendesign bietet Platz f\u00fcr die Installation der erforderlichen Schutzvorrichtungen, und die Verarbeitung sorgt f\u00fcr eine saubere und professionelle \u00c4sthetik, passend zu den Huawei-Wechselrichtern.<\/p>\n<h3 data-start=\"2160\" data-end=\"2230\">Integration mit EMMA und FusionSolar: intelligente Steuerung<\/h3>\n<p data-start=\"0\" data-end=\"224\">Das Ger\u00e4t verf\u00fcgt \u00fcber einen speziellen Bereich zur Integration des EMMA-Managementsystems von Huawei, so dass es direkt mit der FusionSolar-App kommunizieren kann, ohne dass zus\u00e4tzliche Ger\u00e4te erforderlich sind.<\/p>\n<p data-start=\"226\" data-end=\"512\">Dank dieser Integration wird der SmartGuard zum Koordinationszentrum der Anlage und ist in der Lage, die Photovoltaikproduktion, die Batterien (ESS), die Ladeger\u00e4te f\u00fcr Elektrofahrzeuge und andere steuerbare Lasten im Haus intelligent zu verwalten.<\/p>\n<p data-start=\"514\" data-end=\"861\" data-is-last-node=\"\" data-is-only-node=\"\">Es erm\u00f6glicht den Anschluss von bis zu zwei Ladeger\u00e4ten f\u00fcr Elektroautos in derselben Anlage und verf\u00fcgt \u00fcber verschiedene Funktionen zur Energiemessung.<\/p>\n<p data-start=\"3550\" data-end=\"3570\">Zum Beispiel k\u00f6nnen Sie:<\/p>\n<ul>\n<li data-start=\"3573\" data-end=\"3630\">das Laden von Elektroautos zu bestimmten Zeiten planen<\/li>\n<li data-start=\"3633\" data-end=\"3666\">Vorrang des Verbrauchs bei Sonnenschein<\/li>\n<li data-start=\"3669\" data-end=\"3714\">W\u00e4rmepumpen oder elektrische Warmwasserbereiter zu steuern<\/li>\n<li data-start=\"3717\" data-end=\"3777\">Anpassung der Nutzung von Solarenergie zur Steigerung des Eigenverbrauchs<\/li>\n<\/ul>\n<p data-start=\"3779\" data-end=\"3863\">All dies f\u00fchrt zu mehr Effizienz, mehr Autonomie und weniger Abh\u00e4ngigkeit vom Stromnetz.<\/p>\n<h2 data-start=\"3308\" data-end=\"3381\">Einbau und Widerstand<\/h2>\n<p data-start=\"3383\" data-end=\"3867\">Dieses Backup-System arbeitet mit nat\u00fcrlicher Konvektion (ohne L\u00fcfter), was weniger L\u00e4rm und weniger Wartung bedeutet. Es entspricht der Schutzart IP55, ist f\u00fcr den Einsatz im Freien geeignet und arbeitet in einem Temperaturbereich von -25\u00b0C bis 50\u00b0C mit Leistungsreduzierung je nach Betriebsart und Temperatur, so dass es f\u00fcr die meisten Hausinstallationen geeignet ist.<\/p>\n<h2 data-start=\"3870\" data-end=\"3896\">Betriebsarten<\/h2>\n<p data-start=\"3898\" data-end=\"3942\">Der SmartGuard-63-A-T0 arbeitet in zwei Modi:<\/p>\n<ul>\n<li data-start=\"3946\" data-end=\"4006\"><strong data-start=\"3946\" data-end=\"3970\">Vernetzter Modus:<\/strong>\u00a0Kombination von Netz + Solar + Batterien.<\/li>\n<li data-start=\"4009\" data-end=\"4127\"><strong data-start=\"4009\" data-end=\"4022\">Insel-Modus:<\/strong>\u00a0wird im Falle eines Stromausfalls automatisch aktiviert und versorgt die Anlage mit Wechselrichter und Batterien.<\/li>\n<\/ul>\n<p data-start=\"4129\" data-end=\"4189\"><strong data-start=\"4129\" data-end=\"4157\">Vorrang der Lieferung:<\/strong><br data-start=\"4157\" data-end=\"4160\" \/><strong data-start=\"4160\" data-end=\"4189\">Elektrizit\u00e4tsnetz &gt; Inselbetrieb<\/strong><\/p>\n<p><img fetchpriority=\"high\" decoding=\"async\" class=\"size-full wp-image-13709\" src=\"https:\/\/fvcomponentes.com\/wp-content\/uploads\/2024\/04\/Sistema-de-Backup-Huawei-SmartGuard-63-A-S0-01076625.png\" alt=\"Huawei SmartGuard-63-A-S0 Sicherungssystem - 01076625\" width=\"398\" height=\"284\" title=\"\"><\/p>\n<h2>Huawei SmartGuard-63-A-T0 Datensicherungssystem Datenblatt und Handbuch - 01076984<\/h2>\n<p><a href=\"https:\/\/fvcomponentes.com\/wp-content\/uploads\/2025\/12\/Huawei_TDS_SmartGuard_63A_T0_EN_2024.11.pdf\" target=\"_blank\" rel=\"noopener\">Huawei SmartGuard-63-A-T0 Datensicherungssystem Datenblatt<\/a><\/p>\n<p><a href=\"https:\/\/fvcomponentes.com\/wp-content\/uploads\/2025\/12\/Manual-del-usuario-del-SmartGuard-63A-T0-AUT0.pdf\" target=\"_blank\" rel=\"noopener\">Huawei SmartGuard-63-A-T0 Sicherungssystem Handbuch<\/a><\/p>","protected":false},"excerpt":{"rendered":"<p><strong>Maximaler Arbeitsstrom:<\/strong>\u00a063A<br \/>\n<strong>IP-Schutz:<\/strong> IP55<br \/>\n<strong>Gewicht<\/strong>: 17kg<br \/>\n<strong>Abmessungen:<\/strong> 600 x 170 x 490 mm<\/p>","protected":false},"featured_media":35118,"comment_status":"closed","ping_status":"closed","template":"","meta":{"site-sidebar-layout":"default","site-content-layout":"","ast-site-content-layout":"default","site-content-style":"default","site-sidebar-style":"default","ast-global-header-display":"","ast-banner-title-visibility":"","ast-main-header-display":"","ast-hfb-above-header-display":"","ast-hfb-below-header-display":"","ast-hfb-mobile-header-display":"","site-post-title":"","ast-breadcrumbs-content":"","ast-featured-img":"","footer-sml-layout":"","ast-disable-related-posts":"","theme-transparent-header-meta":"default","adv-header-id-meta":"","stick-header-meta":"","header-above-stick-meta":"","header-main-stick-meta":"","header-below-stick-meta":"","astra-migrate-meta-layouts":"set","ast-page-background-enabled":"default","ast-page-background-meta":{"desktop":{"background-color":"var(--ast-global-color-4)","background-image":"","background-repeat":"repeat","background-position":"center center","background-size":"auto","background-attachment":"scroll","background-type":"","background-media":"","overlay-type":"","overlay-color":"","overlay-opacity":"","overlay-gradient":""},"tablet":{"background-color":"","background-image":"","background-repeat":"repeat","background-position":"center center","background-size":"auto","background-attachment":"scroll","background-type":"","background-media":"","overlay-type":"","overlay-color":"","overlay-opacity":"","overlay-gradient":""},"mobile":{"background-color":"","background-image":"","background-repeat":"repeat","background-position":"center center","background-size":"auto","background-attachment":"scroll","background-type":"","background-media":"","overlay-type":"","overlay-color":"","overlay-opacity":"","overlay-gradient":""}},"ast-content-background-meta":{"desktop":{"background-color":"var(--ast-global-color-5)","background-image":"","background-repeat":"repeat","background-position":"center center","background-size":"auto","background-attachment":"scroll","background-type":"","background-media":"","overlay-type":"","overlay-color":"","overlay-opacity":"","overlay-gradient":""},"tablet":{"background-color":"var(--ast-global-color-5)","background-image":"","background-repeat":"repeat","background-position":"center center","background-size":"auto","background-attachment":"scroll","background-type":"","background-media":"","overlay-type":"","overlay-color":"","overlay-opacity":"","overlay-gradient":""},"mobile":{"background-color":"var(--ast-global-color-5)","background-image":"","background-repeat":"repeat","background-position":"center center","background-size":"auto","background-attachment":"scroll","background-type":"","background-media":"","overlay-type":"","overlay-color":"","overlay-opacity":"","overlay-gradient":""}}},"pwb-brand":[381],"product_brand":[],"product_cat":[333,351],"product_tag":[],"class_list":{"0":"post-35115","1":"product","2":"type-product","3":"status-publish","4":"has-post-thumbnail","6":"pwb-brand-huawei","7":"product_cat-inversores","8":"product_cat-accesorios","9":"desktop-align-left","10":"tablet-align-left","11":"mobile-align-left","12":"ast-product-gallery-layout-horizontal-slider","13":"ast-product-tabs-layout-horizontal","15":"first","16":"instock","17":"taxable","18":"shipping-taxable","19":"purchasable","20":"product-type-simple"},"wcpa_form_fields":null,"brands":[{"id":381,"name":"Huawei-Wechselrichter","slug":"huawei"}],"_links":{"self":[{"href":"https:\/\/fvcomponentes.com\/de\/wp-json\/wp\/v2\/product\/35115","targetHints":{"allow":["GET"]}}],"collection":[{"href":"https:\/\/fvcomponentes.com\/de\/wp-json\/wp\/v2\/product"}],"about":[{"href":"https:\/\/fvcomponentes.com\/de\/wp-json\/wp\/v2\/types\/product"}],"replies":[{"embeddable":true,"href":"https:\/\/fvcomponentes.com\/de\/wp-json\/wp\/v2\/comments?post=35115"}],"wp:featuredmedia":[{"embeddable":true,"href":"https:\/\/fvcomponentes.com\/de\/wp-json\/wp\/v2\/media\/35118"}],"wp:attachment":[{"href":"https:\/\/fvcomponentes.com\/de\/wp-json\/wp\/v2\/media?parent=35115"}],"wp:term":[{"taxonomy":"pwb-brand","embeddable":true,"href":"https:\/\/fvcomponentes.com\/de\/wp-json\/wp\/v2\/pwb-brand?post=35115"},{"taxonomy":"product_brand","embeddable":true,"href":"https:\/\/fvcomponentes.com\/de\/wp-json\/wp\/v2\/product_brand?post=35115"},{"taxonomy":"product_cat","embeddable":true,"href":"https:\/\/fvcomponentes.com\/de\/wp-json\/wp\/v2\/product_cat?post=35115"},{"taxonomy":"product_tag","embeddable":true,"href":"https:\/\/fvcomponentes.com\/de\/wp-json\/wp\/v2\/product_tag?post=35115"}],"curies":[{"name":"wp","href":"https:\/\/api.w.org\/{rel}","templated":true}]}}