{"id":35114,"date":"2026-01-05T15:36:20","date_gmt":"2026-01-05T14:36:20","guid":{"rendered":"https:\/\/fvcomponentes.com\/?post_type=product&#038;p=35114"},"modified":"2026-03-30T12:16:20","modified_gmt":"2026-03-30T10:16:20","slug":"dreiphasiger-hybrid-wechselrichter-huawei-sun2000-12k-map0-01076948","status":"publish","type":"product","link":"https:\/\/fvcomponentes.com\/de\/producto\/inversor-hibrido-trifasico-huawei-sun2000-12k-map0-01076948\/","title":{"rendered":"Dreiphasiger Hybrid-Wechselrichter Huawei SUN2000-12K-MAP0 \u2013 01076948"},"content":{"rendered":"<h2>Dreiphasiger Hybrid-Wechselrichter Huawei SUN2000-12K-MAP0 \u2013 01076948<\/h2>\n<p data-start=\"220\" data-end=\"461\">Der Huawei SUN2000-12K-MAP0 ist ein dreiphasiger 12-kW-Hybrid-Wechselrichter f\u00fcr private Solaranlagen und kleine Industrieprojekte, die ein effizientes, sicheres und f\u00fcr den Betrieb mit Batterien geeignetes Ger\u00e4t ben\u00f6tigen.<\/p>\n<p data-start=\"463\" data-end=\"748\">Er hat eine Nennleistung von 12.000 W, kann bis zu 13.200 W Wechselstromleistung liefern und unterst\u00fctzt bis zu 22.000 W installierte Photovoltaikleistung. Er verf\u00fcgt \u00fcber zwei unabh\u00e4ngige MPPT, um die Produktion auch bei unterschiedlichen Ausrichtungen, Teilverschattungen oder wechselnden Sonneneinstrahlungsbedingungen zu optimieren.<\/p>\n<p data-start=\"750\" data-end=\"950\">Es ist die beste Option f\u00fcr Eigenverbrauchssysteme mit Batterien, mit der M\u00f6glichkeit einer Notstromversorgung (Backup) bei allgemeinen Stromausf\u00e4llen. Dar\u00fcber hinaus k\u00f6nnen Sie mit der FusionSolar-App die Anlage von \u00fcberall aus mit Ihrem Mobiltelefon \u00fcberwachen.<\/p>\n<h2>Hauptmerkmale des Wechselrichters Huawei SUN2000-12K-MAP0<\/h2>\n<h3>Hohe Effizienz und Leistung<\/h3>\n<p>Dieser Wechselrichter von Huawei hat einen Wirkungsgrad von 97,51 TP9T, wodurch Sie mehr aus Ihrer Solaranlage herausholen k\u00f6nnen.<br \/>\nDar\u00fcber hinaus kann es asymmetrische dreiphasige Lasten ausgleichen, was ideal f\u00fcr Wohnh\u00e4user oder Unternehmen ist, in denen der Verbrauch nicht gleichm\u00e4\u00dfig verteilt ist.<br \/>\nEs erm\u00f6glicht auch vor\u00fcbergehende \u00dcberlastungen, um Nachfragespitzen auszugleichen.<\/p>\n<h3>2 MPPT und gro\u00dfer Spannungsbereich<\/h3>\n<p>Der Wechselrichter SUN2000-12K-MAP0 verf\u00fcgt \u00fcber 2 unabh\u00e4ngige MPPT, die die Energiegewinnung der Solarmodule optimieren.<br \/>\nDer Eingangsspannungsbereich liegt zwischen 160 V und 1.000 V, die maximale Spannung betr\u00e4gt 1.100 V.<\/p>\n<h3>Sicherheit und <strong>Schutzma\u00dfnahmen<\/strong> fortgeschritten<\/h3>\n<p>Der Wechselrichter von Huawei verf\u00fcgt \u00fcber einen \u00dcberspannungsschutz vom Typ AC7DC Typ II, eine Lichtbogenerkennung (AFCI) sowie einen Polarit\u00e4ts- und Isolationsschutz.<br \/>\nEs verf\u00fcgt au\u00dferdem \u00fcber Anti-Islanding und andere Sicherheitsvorrichtungen, die internationalen Standards entsprechen.<\/p>\n<h3>Robustes Design und leiser Betrieb<\/h3>\n<p>Der Huawei SUN2000-12K-MAP0 kann sowohl im Innen- als auch im Au\u00dfenbereich sicher installiert werden.<br \/>\nDurch sein robustes Design eignet es sich besonders f\u00fcr anspruchsvolle Umgebungen. Mit Schutzart IP66 bietet es eine hohe Staub- und Wasserbest\u00e4ndigkeit und gew\u00e4hrleistet auch unter schwierigen Bedingungen einen zuverl\u00e4ssigen Betrieb.<\/p>\n<h3>Kommunikation und \u00dcberwachung<\/h3>\n<p>Konnektivit\u00e4t \u00fcber RS485, WLAN\/Ethernet mit Smart Dongle-WLAN-FE oder Mobilfunkverbindung mit Smart Dongle-4G.<\/p>\n<p>Vollst\u00e4ndige Steuerung \u00fcber die Huawei FusionSolar-App mit Fern\u00fcberwachung und -verwaltung.<\/p>\n<h3>Kompatibilit\u00e4t mit Batterien und Hybridfunktionen<\/h3>\n<p>Der Huawei SUN2000-12K-MAP0 ist f\u00fcr den Betrieb mit Batterien vorbereitet. <strong><a href=\"https:\/\/fvcomponentes.com\/de\/produktkategorie\/batterien\/hochspannungs-lithium-batterien\/?pwb-brand=huawei\" target=\"_blank\" rel=\"noopener\">Huawei LUNA2000 (Serien S0 und S1)<\/a><\/strong>, wodurch Sie \u00fcbersch\u00fcssigen Solarstrom nutzen, Energie speichern und Ihren Verbrauch intelligent steuern k\u00f6nnen, um das Beste aus Ihrer Anlage herauszuholen.<br \/>\nUnd wenn Sie nach einer Komplettl\u00f6sung suchen, k\u00f6nnen Sie mit Zubeh\u00f6r wie dem SmartGuard-63A-T0 eine vollst\u00e4ndige Datensicherung (Backup) integrieren, die die Stromversorgung auch bei Netzausf\u00e4llen gew\u00e4hrleistet.<\/p>\n<h2>Hauptvorteile des Wechselrichters Huawei SUN2000-12K-MAP0<\/h2>\n<ul>\n<li data-start=\"106\" data-end=\"199\"><strong>Hohe Effizienz<\/strong>, um die von Ihren Solarmodulen erzeugte Energie optimal zu nutzen.<\/li>\n<li data-start=\"202\" data-end=\"299\"><strong>Hybrides Design<\/strong>, bereit zum Einlegen von Batterien, wann immer Sie m\u00f6chten.<\/li>\n<li data-start=\"302\" data-end=\"420\"><strong>Robuste Konstruktion<\/strong> mit Schutzart IP66, ideal f\u00fcr die Installation im Au\u00dfenbereich.<\/li>\n<li data-start=\"423\" data-end=\"523\"><strong>Dreiphasig,<\/strong> Ideal sowohl f\u00fcr Wohnh\u00e4user als auch f\u00fcr kleine Unternehmen oder gewerbliche Einrichtungen.<\/li>\n<li data-start=\"526\" data-end=\"644\"><strong>M\u00f6glichkeit einer vollst\u00e4ndigen Datensicherung (Backup) <\/strong>mit zus\u00e4tzlichem Zubeh\u00f6r, um auch bei einem allgemeinen Stromausfall weiterhin mit Energie versorgt zu sein.<\/li>\n<li data-start=\"647\" data-end=\"728\"><strong>Intelligente Konnektivit\u00e4t<\/strong>, mit \u00dcberwachung und Fernsteuerung \u00fcber das Mobiltelefon.<\/li>\n<\/ul>\n<h2>Garantie f\u00fcr den Wechselrichter Huawei SUN2000-12K-MAP0<\/h2>\n<p>Dieser Wechselrichter verf\u00fcgt \u00fcber eine Standardgarantie von 10 Jahren, die auf 15 oder 20 Jahre verl\u00e4ngert werden kann, und bietet somit Sicherheit und R\u00fcckhalt.<\/p>\n<h2>Technische Daten des dreiphasigen Hybrid-Wechselrichters Huawei SUN2000-12K-MAP0<\/h2>\n<table>\n<thead>\n<tr>\n<th>Parameter<\/th>\n<th>Wert<\/th>\n<\/tr>\n<\/thead>\n<tbody>\n<tr>\n<td>Nennleistung AC<\/td>\n<td>12.000 W<\/td>\n<\/tr>\n<tr>\n<td>Maximale Wechselstromleistung<\/td>\n<td>13.2000 VA<\/td>\n<\/tr>\n<tr>\n<td>Empfohlene maximale Gleichstromleistung<\/td>\n<td>22.000 W<\/td>\n<\/tr>\n<tr>\n<td>Anzahl der MPPT<\/td>\n<td>2<\/td>\n<\/tr>\n<tr>\n<td>DC-Spannungsbereich<\/td>\n<td>160 V \u2013 1 000 V<\/td>\n<\/tr>\n<tr>\n<td>Maximale Gleichspannung<\/td>\n<td>1 100 V<\/td>\n<\/tr>\n<tr>\n<td>Maximaler Strom pro MPPT<\/td>\n<td>16 A<\/td>\n<\/tr>\n<tr>\n<td>Maximale Effizienz<\/td>\n<td>98,2 %<\/td>\n<\/tr>\n<tr>\n<td>Phase<\/td>\n<td>Dreiphasig<\/td>\n<\/tr>\n<tr>\n<td>Schutz<\/td>\n<td>IP66<\/td>\n<\/tr>\n<tr>\n<td>K\u00fchlung<\/td>\n<td>Nat\u00fcrliche Konvektion (ohne Ventilator)<\/td>\n<\/tr>\n<tr>\n<td>DC-Steckverbinder<\/td>\n<td>Amphenol H4<\/td>\n<\/tr>\n<tr>\n<td>Kommunikation<\/td>\n<td>RS485, WLAN\/Ethernet (Smart Dongle), optional 4G<\/td>\n<\/tr>\n<tr>\n<td>\u00dcberwachung<\/td>\n<td>Huawei FusionSolar<\/td>\n<\/tr>\n<tr>\n<td>Abmessungen (H \u00d7 B \u00d7 T)<\/td>\n<td>460 \u00d7 490 \u00d7 130 mm<\/td>\n<\/tr>\n<tr>\n<td>Gewicht<\/td>\n<td>21 kg<\/td>\n<\/tr>\n<tr>\n<td>Operation<\/td>\n<td>\u201325 \u00b0C bis +60 \u00b0C<\/td>\n<\/tr>\n<tr>\n<td>Standardgarantie<\/td>\n<td>10 Jahre (verl\u00e4ngerbar)<\/td>\n<\/tr>\n<\/tbody>\n<\/table>\n<h2>Technisches Datenblatt des dreiphasigen Hybrid-Wechselrichters Huawei SUN2000-12K-MAP0 \u2013 01076948<\/h2>\n<p><a href=\"https:\/\/fvcomponentes.com\/wp-content\/uploads\/2025\/12\/Huawei_TDS_SUN2000_5K-12K_MAP0_ES-1.pdf\" target=\"_blank\" rel=\"noopener\">Technisches Datenblatt des dreiphasigen Hybrid-Wechselrichters Huawei SUN2000-12K-MAP0<\/a><\/p>\n<h2>Handbuch f\u00fcr den dreiphasigen Hybrid-Wechselrichter Huawei SUN2000-12K-MAP0 \u2013 01076948<\/h2>\n<p><a href=\"https:\/\/fvcomponentes.com\/wp-content\/uploads\/2026\/01\/Manual-del-usuario-de-la-serie-SUN2000-5K-12K-MAP0.pdf\" target=\"_blank\" rel=\"noopener\">Handbuch f\u00fcr den dreiphasigen Hybrid-Wechselrichter Huawei SUN2000-12K-MAP0 \u2013 01076948<\/a><\/p>","protected":false},"excerpt":{"rendered":"<p><strong>Strom<\/strong>: 12.000<br \/>\n<strong>AC<\/strong>: 13.200 W<br \/>\n<strong>DC<\/strong>: 22.000 W<br \/>\n<strong>Wirkungsgrad<\/strong>: 98,2%<br \/>\n<strong>MPPT<\/strong>: 2<br \/>\n<strong>IP-Schutz:<\/strong> IP66<br \/>\n<strong>Kompatible Batterien:<\/strong> LUNA2000-5\/10\/15-S0 und LUNA2000-7\/14\/21-S1<\/p>","protected":false},"featured_media":35062,"comment_status":"closed","ping_status":"closed","template":"","meta":{"site-sidebar-layout":"default","site-content-layout":"","ast-site-content-layout":"default","site-content-style":"default","site-sidebar-style":"default","ast-global-header-display":"","ast-banner-title-visibility":"","ast-main-header-display":"","ast-hfb-above-header-display":"","ast-hfb-below-header-display":"","ast-hfb-mobile-header-display":"","site-post-title":"","ast-breadcrumbs-content":"","ast-featured-img":"","footer-sml-layout":"","ast-disable-related-posts":"","theme-transparent-header-meta":"default","adv-header-id-meta":"","stick-header-meta":"","header-above-stick-meta":"","header-main-stick-meta":"","header-below-stick-meta":"","astra-migrate-meta-layouts":"set","ast-page-background-enabled":"default","ast-page-background-meta":{"desktop":{"background-color":"var(--ast-global-color-4)","background-image":"","background-repeat":"repeat","background-position":"center center","background-size":"auto","background-attachment":"scroll","background-type":"","background-media":"","overlay-type":"","overlay-color":"","overlay-opacity":"","overlay-gradient":""},"tablet":{"background-color":"","background-image":"","background-repeat":"repeat","background-position":"center center","background-size":"auto","background-attachment":"scroll","background-type":"","background-media":"","overlay-type":"","overlay-color":"","overlay-opacity":"","overlay-gradient":""},"mobile":{"background-color":"","background-image":"","background-repeat":"repeat","background-position":"center center","background-size":"auto","background-attachment":"scroll","background-type":"","background-media":"","overlay-type":"","overlay-color":"","overlay-opacity":"","overlay-gradient":""}},"ast-content-background-meta":{"desktop":{"background-color":"var(--ast-global-color-5)","background-image":"","background-repeat":"repeat","background-position":"center center","background-size":"auto","background-attachment":"scroll","background-type":"","background-media":"","overlay-type":"","overlay-color":"","overlay-opacity":"","overlay-gradient":""},"tablet":{"background-color":"var(--ast-global-color-5)","background-image":"","background-repeat":"repeat","background-position":"center center","background-size":"auto","background-attachment":"scroll","background-type":"","background-media":"","overlay-type":"","overlay-color":"","overlay-opacity":"","overlay-gradient":""},"mobile":{"background-color":"var(--ast-global-color-5)","background-image":"","background-repeat":"repeat","background-position":"center center","background-size":"auto","background-attachment":"scroll","background-type":"","background-media":"","overlay-type":"","overlay-color":"","overlay-opacity":"","overlay-gradient":""}}},"pwb-brand":[381],"product_brand":[],"product_cat":[333,359,923],"product_tag":[],"class_list":{"0":"post-35114","1":"product","2":"type-product","3":"status-publish","4":"has-post-thumbnail","6":"pwb-brand-huawei","7":"product_cat-inversores","8":"product_cat-inversores-autoconsumo-hibridos","9":"product_cat-inversores-autoconsumo-hibridos-trifasicos","10":"desktop-align-left","11":"tablet-align-left","12":"mobile-align-left","13":"ast-product-gallery-layout-horizontal-slider","14":"ast-product-tabs-layout-horizontal","16":"first","17":"instock","18":"taxable","19":"shipping-taxable","20":"purchasable","21":"product-type-simple"},"wcpa_form_fields":null,"brands":[{"id":381,"name":"Huawei-Wechselrichter","slug":"huawei"}],"_links":{"self":[{"href":"https:\/\/fvcomponentes.com\/de\/wp-json\/wp\/v2\/product\/35114","targetHints":{"allow":["GET"]}}],"collection":[{"href":"https:\/\/fvcomponentes.com\/de\/wp-json\/wp\/v2\/product"}],"about":[{"href":"https:\/\/fvcomponentes.com\/de\/wp-json\/wp\/v2\/types\/product"}],"replies":[{"embeddable":true,"href":"https:\/\/fvcomponentes.com\/de\/wp-json\/wp\/v2\/comments?post=35114"}],"wp:featuredmedia":[{"embeddable":true,"href":"https:\/\/fvcomponentes.com\/de\/wp-json\/wp\/v2\/media\/35062"}],"wp:attachment":[{"href":"https:\/\/fvcomponentes.com\/de\/wp-json\/wp\/v2\/media?parent=35114"}],"wp:term":[{"taxonomy":"pwb-brand","embeddable":true,"href":"https:\/\/fvcomponentes.com\/de\/wp-json\/wp\/v2\/pwb-brand?post=35114"},{"taxonomy":"product_brand","embeddable":true,"href":"https:\/\/fvcomponentes.com\/de\/wp-json\/wp\/v2\/product_brand?post=35114"},{"taxonomy":"product_cat","embeddable":true,"href":"https:\/\/fvcomponentes.com\/de\/wp-json\/wp\/v2\/product_cat?post=35114"},{"taxonomy":"product_tag","embeddable":true,"href":"https:\/\/fvcomponentes.com\/de\/wp-json\/wp\/v2\/product_tag?post=35114"}],"curies":[{"name":"wp","href":"https:\/\/api.w.org\/{rel}","templated":true}]}}