{"id":3511,"date":"2021-06-23T10:47:44","date_gmt":"2021-06-23T08:47:44","guid":{"rendered":"https:\/\/fvcomponentes.com\/producto\/bateria-lifepo4-victron-12-8v-200ah-smart-bat512120610\/"},"modified":"2026-01-15T10:11:31","modified_gmt":"2026-01-15T09:11:31","slug":"lifepo4-victron-12-8v-200ah-intelligente-batterie-bat512120610","status":"publish","type":"product","link":"https:\/\/fvcomponentes.com\/de\/producto\/bateria-lifepo4-victron-12-8v-200ah-smart-bat512120610\/","title":{"rendered":"Victron LiFePO4 12.8V-200Ah intelligente Batterie - BAT512120610"},"content":{"rendered":"<h2>Victron LiFePO4 Akku 12.8V-200Ah Smart<\/h2>\n<p>Der Victron 12.8V-200Ah Smart LiFePO4 LiFePO4-Akku ist, wie alle LiFePO4-Akkus, einer der sichersten Li-Ionen-Akkus auf dem Markt. Die Nennspannung einer LFP-Zelle betr\u00e4gt 3,2 V (Blei-S\u00e4ure: 2 V\/Zelle). Eine 12,8-V-LFP-Batterie besteht daher aus 4 in Reihe geschalteten Zellen; eine 25,6-V-Batterie besteht aus 8 in Reihe geschalteten Zellen.<\/p>\n<h2>Robuste Batterien<\/h2>\n<p>Herk\u00f6mmliche Blei-S\u00e4ure-Batterien versagen oft vorzeitig aufgrund von Sulfatierung, wenn sie benutzt werden:<\/p>\n<p>- \u00fcber einen l\u00e4ngeren Zeitraum im Defizitmodus arbeiten (wenn der Akku nicht regelm\u00e4\u00dfig vollst\u00e4ndig aufgeladen wird)<br \/>\n- nur teilweise oder gar nicht beladen werden (z. B. auf Yachten oder Wohnwagen im Winter).<\/p>\n<p>Im Gegensatz dazu muss der Victron 12,8V-200Ah Smart LiFePO4-Akku nicht vollst\u00e4ndig aufgeladen werden. Ihre Lebensdauer verbessert sich sogar, wenn die Batterie nicht vollst\u00e4ndig, sondern nur teilweise geladen wird. Dies ist der entscheidende Vorteil, der die LFP-Batterien von den herk\u00f6mmlichen Blei-S\u00e4ure-Batterien unterscheidet. Weitere Vorteile sind der weite Betriebstemperaturbereich, das hervorragende zyklische Verhalten, der geringe Innenwiderstand und der hohe Wirkungsgrad.<\/p>\n<p>Die chemische Zusammensetzung von LFPs ist die richtige Wahl f\u00fcr sehr anspruchsvolle Anwendungen, wie z. B. die Energiespeicherung in Schiffen und Fahrzeugen.<\/p>\n<h2>Effiziente<\/h2>\n<p>Bei verschiedenen Anwendungen kann die Energieeffizienz von entscheidender Bedeutung sein, insbesondere bei netzunabh\u00e4ngigen Anwendungen wie Booten oder Fahrzeugen oder bei netzunabh\u00e4ngigen Solaranlagen.<br \/>\nDer Wirkungsgrad eines vollen Zyklus (Entladung von 100% auf 0% und zur\u00fcck auf 100%) einer Standard-Blei-S\u00e4ure-Batterie betr\u00e4gt 80%.<br \/>\nIm Gegensatz dazu betr\u00e4gt der Wirkungsgrad eines Victron 12,8V-200Ah Smart LiFePO4-Akkus bei vollem Zyklus 92%.<br \/>\nDer Ladevorgang von Blei-S\u00e4ure-Batterien wird besonders ineffizient, wenn der Ladezustand von 80% erreicht wird, was zu Wirkungsgraden von 50% oder noch niedriger in Solarsystemen f\u00fchrt, die Reserven f\u00fcr mehrere Tage ben\u00f6tigen (Batterien, die zwischen 70% und 100% geladen werden).<br \/>\nIm Gegensatz dazu erreicht eine LFP-Batterie unter leichten Entladungsbedingungen immer noch einen Wirkungsgrad von 90%.<\/p>\n<h2>Gr\u00f6\u00dfe und Gewicht der Victron LiFePO4 12.8V-200Ah Smart Batterie<\/h2>\n<p>Im Vergleich zu einer Blei-S\u00e4ure-Batterie mit den gleichen Eigenschaften k\u00f6nnen Sie bis zu 70% an Gewicht und Stellfl\u00e4che einsparen, was sie ideal f\u00fcr Anwendungen in Booten und Wohnwagen mit begrenztem Platz f\u00fcr Energiespeichersysteme macht.<\/p>\n<p>Sind LiFePO4-Batterien kosteng\u00fcnstig?<\/p>\n<p>Obwohl LFP-Batterien im Vergleich zu Blei-S\u00e4ure-Batterien teurer erscheinen m\u00f6gen, werden die hohen Anschaffungskosten bei anspruchsvollen Anwendungen durch eine l\u00e4ngere Lebensdauer, eine h\u00f6here Zuverl\u00e4ssigkeit und einen ausgezeichneten Wirkungsgrad mehr als wettgemacht. Mit anderen Worten: Sie sind mittel- bis langfristig besonders kosteneffizient, da sie eine l\u00e4ngere Lebensdauer als herk\u00f6mmliche Batterien garantieren.<\/p>\n<h2>Bluetooth-Verbindung<\/h2>\n<p>Dank der Bluetooth-Verbindung ist es einfacher denn je, den Zustand der Batterie zu kennen und Parameter wie Zellspannung, Zelltemperatur und Alarmstatus zu \u00fcberwachen. Es ist besonders n\u00fctzlich, um potenzielle Probleme, wie z. B. ein Ungleichgewicht der Zellen, zu erkennen.<\/p>\n<p>Mit Bluetooth ausgestattet, kann die Batterie mit der Anwendung kommunizieren. <a href=\"https:\/\/www.victronenergy.com.es\/panel-systems-remote-monitoring\/victronconnect\" target=\"_blank\" rel=\"noopener\">VictronConnect<\/a>. Mit der VictronConnect App k\u00f6nnen Sie Batterieinformationen ablesen, Batterieeinstellungen vornehmen oder \u00e4ndern, Alarme empfangen und die Firmware aktualisieren.<\/p>\n<p>LiFePO4-Batterien wie die Victron LiFePO4 12,8V-200Ah Smart-Batterie verf\u00fcgen \u00fcber einen integrierten Zellenausgleich und eine Steuerung. Es k\u00f6nnen bis zu 5 Batterien parallel und bis zu vier 12V- oder zwei 24V-Batterien in Reihe geschaltet werden, so dass eine 48V-Batteriebank mit bis zu 1500Ah konfiguriert werden kann. Zellausgleichs-\/Steuerkabel k\u00f6nnen in Reihe geschaltet werden und m\u00fcssen an ein Batteriemanagementsystem (BMS) angeschlossen werden.<\/p>\n<p><img fetchpriority=\"high\" decoding=\"async\" class=\"wp-image-7730\" src=\"https:\/\/fvcomponentes.com\/wp-content\/uploads\/2022\/11\/esquema-montaje-bateria-litio-12-8v-300x183.jpg\" alt=\"LiFePo4-Akkus - Montageplan\" width=\"500\" height=\"305\" title=\"\"><\/p>\n<h2>Batterie-Management-System (BMS)<\/h2>\n<p>LFP-Batterien verf\u00fcgen \u00fcber eine integrierte Balancierung und Zellensteuerung. Zellausgleichs-\/Steuerkabel k\u00f6nnen in Reihe geschaltet werden und m\u00fcssen an ein Batteriemanagementsystem (BMS) angeschlossen werden.<\/p>\n<p>Das BMS ist mit dem BTV verbunden und hat folgende wesentliche Funktionen:<br \/>\n1. es kann einen Voralarm ausl\u00f6sen, wenn die Spannung einer Batteriezelle unter 3,1 V f\u00e4llt (einstellbar zwischen 2,85 V und 3,15 V).<br \/>\n2. Trennen Sie die Last oder schalten Sie sie ab, wenn die Spannung einer Batteriezelle unter 2,8 V f\u00e4llt (einstellbar zwischen 2,6 V und 2,8 V).<br \/>\n3. Stoppen Sie den Ladevorgang, wenn die Spannung einer Batteriezelle \u00fcber 4,2 V ansteigt.<br \/>\n4. Schalten Sie das System ab, wenn die Temperatur einer Zelle 50\u00b0C \u00fcberschreitet.<\/p>\n<h2>Datenblatt Victron LiFePO4 Akku 12.8V-200Ah Smart - BAT512120610<\/h2>\n<p><a href=\"https:\/\/fvcomponentes.com\/wp-content\/uploads\/2021\/06\/Datasheet-128-256-Volt-lithium-iron-phosphate-batteries-Smart-ES-1.pdf\" target=\"_blank\" rel=\"noopener\">Victron LiFePO4 12.8V-200Ah Smart Battery Datenblatt anzeigen - BAT512120610<\/a><\/p>","protected":false},"excerpt":{"rendered":"<ul>\n<li><strong>Nennspannung:<\/strong> 12.8 V<\/li>\n<li><strong>Nennkapazit\u00e4t bei 25\u00ba:<\/strong> 200 Ah<\/li>\n<li><strong>Anzahl der Zyklen: <\/strong>80%: 2500 Zyklen \/ 70%: 3000 Zyklen \/ 50%: 5000 Zyklen<\/li>\n<li><strong>Maximaler Laststrom:<\/strong> 400 A<\/li>\n<li><strong>Empfohlener Ladestrom:<\/strong> \u2264100A<\/li>\n<li><strong>Konnektivit\u00e4t:<\/strong> Bluetooth<\/li>\n<\/ul>\n<p>&nbsp;<\/p>","protected":false},"featured_media":3512,"comment_status":"open","ping_status":"closed","template":"","meta":{"site-sidebar-layout":"default","site-content-layout":"default","ast-site-content-layout":"default","site-content-style":"default","site-sidebar-style":"default","ast-global-header-display":"","ast-banner-title-visibility":"","ast-main-header-display":"","ast-hfb-above-header-display":"","ast-hfb-below-header-display":"","ast-hfb-mobile-header-display":"","site-post-title":"","ast-breadcrumbs-content":"","ast-featured-img":"","footer-sml-layout":"","ast-disable-related-posts":"","theme-transparent-header-meta":"default","adv-header-id-meta":"","stick-header-meta":"","header-above-stick-meta":"","header-main-stick-meta":"","header-below-stick-meta":"","astra-migrate-meta-layouts":"set","ast-page-background-enabled":"default","ast-page-background-meta":{"desktop":{"background-color":"var(--ast-global-color-4)","background-image":"","background-repeat":"repeat","background-position":"center center","background-size":"auto","background-attachment":"scroll","background-type":"","background-media":"","overlay-type":"","overlay-color":"","overlay-opacity":"","overlay-gradient":""},"tablet":{"background-color":"","background-image":"","background-repeat":"repeat","background-position":"center center","background-size":"auto","background-attachment":"scroll","background-type":"","background-media":"","overlay-type":"","overlay-color":"","overlay-opacity":"","overlay-gradient":""},"mobile":{"background-color":"","background-image":"","background-repeat":"repeat","background-position":"center center","background-size":"auto","background-attachment":"scroll","background-type":"","background-media":"","overlay-type":"","overlay-color":"","overlay-opacity":"","overlay-gradient":""}},"ast-content-background-meta":{"desktop":{"background-color":"var(--ast-global-color-5)","background-image":"","background-repeat":"repeat","background-position":"center center","background-size":"auto","background-attachment":"scroll","background-type":"","background-media":"","overlay-type":"","overlay-color":"","overlay-opacity":"","overlay-gradient":""},"tablet":{"background-color":"var(--ast-global-color-5)","background-image":"","background-repeat":"repeat","background-position":"center center","background-size":"auto","background-attachment":"scroll","background-type":"","background-media":"","overlay-type":"","overlay-color":"","overlay-opacity":"","overlay-gradient":""},"mobile":{"background-color":"var(--ast-global-color-5)","background-image":"","background-repeat":"repeat","background-position":"center center","background-size":"auto","background-attachment":"scroll","background-type":"","background-media":"","overlay-type":"","overlay-color":"","overlay-opacity":"","overlay-gradient":""}}},"pwb-brand":[332],"product_brand":[],"product_cat":[431,340],"product_tag":[],"class_list":{"0":"post-3511","1":"product","2":"type-product","3":"status-publish","4":"has-post-thumbnail","6":"pwb-brand-victron","7":"product_cat-baterias-litio-12v","8":"product_cat-baterias","9":"product_shipping_class-baterias","10":"desktop-align-left","11":"tablet-align-left","12":"mobile-align-left","13":"ast-product-gallery-layout-horizontal-slider","14":"ast-product-gallery-with-no-image","15":"ast-product-tabs-layout-horizontal","17":"first","18":"instock","19":"taxable","20":"shipping-taxable","21":"purchasable","22":"product-type-simple"},"wcpa_form_fields":null,"brands":[{"id":332,"name":"Victron Energie","slug":"victron"}],"_links":{"self":[{"href":"https:\/\/fvcomponentes.com\/de\/wp-json\/wp\/v2\/product\/3511","targetHints":{"allow":["GET"]}}],"collection":[{"href":"https:\/\/fvcomponentes.com\/de\/wp-json\/wp\/v2\/product"}],"about":[{"href":"https:\/\/fvcomponentes.com\/de\/wp-json\/wp\/v2\/types\/product"}],"replies":[{"embeddable":true,"href":"https:\/\/fvcomponentes.com\/de\/wp-json\/wp\/v2\/comments?post=3511"}],"wp:featuredmedia":[{"embeddable":true,"href":"https:\/\/fvcomponentes.com\/de\/wp-json\/wp\/v2\/media\/3512"}],"wp:attachment":[{"href":"https:\/\/fvcomponentes.com\/de\/wp-json\/wp\/v2\/media?parent=3511"}],"wp:term":[{"taxonomy":"pwb-brand","embeddable":true,"href":"https:\/\/fvcomponentes.com\/de\/wp-json\/wp\/v2\/pwb-brand?post=3511"},{"taxonomy":"product_brand","embeddable":true,"href":"https:\/\/fvcomponentes.com\/de\/wp-json\/wp\/v2\/product_brand?post=3511"},{"taxonomy":"product_cat","embeddable":true,"href":"https:\/\/fvcomponentes.com\/de\/wp-json\/wp\/v2\/product_cat?post=3511"},{"taxonomy":"product_tag","embeddable":true,"href":"https:\/\/fvcomponentes.com\/de\/wp-json\/wp\/v2\/product_tag?post=3511"}],"curies":[{"name":"wp","href":"https:\/\/api.w.org\/{rel}","templated":true}]}}