{"id":34957,"date":"2025-12-19T15:44:09","date_gmt":"2025-12-19T14:44:09","guid":{"rendered":"https:\/\/fvcomponentes.com\/?post_type=product&#038;p=34957"},"modified":"2026-02-19T12:25:19","modified_gmt":"2026-02-19T11:25:19","slug":"aluminium-struktur-kit-fur-4-paneele-in-vertikaler-ausrichtung-30-auf-sunfer-blechdach-11v4_30","status":"publish","type":"product","link":"https:\/\/fvcomponentes.com\/de\/producto\/kit-estructura-aluminio-para-4-paneles-en-vertical-30o-sobre-cubierta-de-chapa-sunfer-11v4_30\/","title":{"rendered":"Bausatz aus Aluminium f\u00fcr 4 vertikale Platten. 30\u00ba. Auf Blechdach. Sonnenschutz 11V4_30"},"content":{"rendered":"<h2>Aluminium-Strukturset f\u00fcr 4 Module in vertikaler Ausrichtung mit 30\u00b0 Neigung auf Blechdach. Sunfer 11V4_30<\/h2>\n<p>Der Sunfer 11V4_30 Aluminium-Strukturbausatz f\u00fcr 4 vertikale Paneele mit 30\u00ba auf einem Blechdach besteht aus hochfestem Aluminium EN AW 6005A T6, das speziell f\u00fcr die Installation auf flachen Blechd\u00e4chern oder anderen Arten von Metallunterkonstruktionen entwickelt wurde. Diese Struktur muss an den Pfetten, auf denen das Dach ruht, verankert werden. Es handelt sich um einen vormontierten Tr\u00e4ger mit einer Standardneigung, die auf 30\u00ba eingestellt werden kann, um die Paneele in eine vertikale Position zu bringen. Er nimmt Module mit einer maximalen Gr\u00f6\u00dfe von 2400 x 1150 mm und einer Dicke von 28 bis 40 mm auf, die eine breite Palette von Modellen und Herstellern abdecken, wie zum Beispiel die Paneele von <a href=\"https:\/\/fvcomponentes.com\/de\/produkt\/kit-8x-panel-solar-ja-solar-405wp-mc4-evo2\/\" target=\"_blank\" rel=\"noopener\">JA Solar<\/a> die Sie auf unserer Website finden k\u00f6nnen.<\/p>\n<p>Diese Struktur der <a href=\"https:\/\/sunfer-energy.com\/\" target=\"_blank\" rel=\"noopener\">Sunfer<\/a> ist f\u00fcr Windgeschwindigkeiten von bis zu 150 km\/h ausgelegt, was nach der Beaufort-Skala einem Orkan entspricht, der Fahrzeuge umwerfen kann. Damit ist sichergestellt, dass das System auf den meisten D\u00e4chern installiert werden kann, ohne dass die Gefahr besteht, dass es bei normaler Windst\u00e4rke besch\u00e4digt wird. Um die Widerstandsf\u00e4higkeit gegen die maximale Auslegungsgeschwindigkeit zu gew\u00e4hrleisten, m\u00fcssen geeignete Verankerungen verwendet und der vom Hersteller f\u00fcr die jeweilige Situation angegebene Ballast eingesetzt werden.<\/p>\n<p>Inklusive Schrauben aus rostfreiem Stahl A2-70 f\u00fcr die Montage. Schrauben f\u00fcr die Oberfl\u00e4chenverankerung sind nicht enthalten.<\/p>\n<h2>Technisches Datenblatt Aluminium-Struktursatz f\u00fcr 4 Paneele in vertikaler Position bei 30\u00b0 auf Blechdach. Sunfer 11V4_30<\/h2>\n<p><a href=\"https:\/\/fvcomponentes.com\/wp-content\/uploads\/2025\/12\/SUNFER_TDS_11V_ES.pdf\" target=\"_blank\" rel=\"noopener\">Siehe technisches Datenblatt des Aluminium-Struktur-Kits f\u00fcr 4 vertikale Paneele mit 30\u00b0 Neigung. Auf Blechdach. Sunfer 11V4_30<\/a><\/p>","protected":false},"excerpt":{"rendered":"<ul>\n<li><strong>Hergestellt aus Aluminium EN AW 6005A T6<\/strong><\/li>\n<li><strong>Neigung von 30\u00ba<\/strong><\/li>\n<li><strong>Anordnung der Module: Vertikal<\/strong><\/li>\n<li><strong>Abmessungen: 195,0 x 20,0 x 22,0 cm<\/strong><\/li>\n<li><strong>Gewicht: 20,7 kg<\/strong><\/li>\n<\/ul>","protected":false},"featured_media":3371,"comment_status":"open","ping_status":"closed","template":"","meta":{"site-sidebar-layout":"default","site-content-layout":"default","ast-site-content-layout":"default","site-content-style":"default","site-sidebar-style":"default","ast-global-header-display":"","ast-banner-title-visibility":"","ast-main-header-display":"","ast-hfb-above-header-display":"","ast-hfb-below-header-display":"","ast-hfb-mobile-header-display":"","site-post-title":"","ast-breadcrumbs-content":"","ast-featured-img":"","footer-sml-layout":"","ast-disable-related-posts":"","theme-transparent-header-meta":"default","adv-header-id-meta":"","stick-header-meta":"","header-above-stick-meta":"","header-main-stick-meta":"","header-below-stick-meta":"","astra-migrate-meta-layouts":"set","ast-page-background-enabled":"default","ast-page-background-meta":{"desktop":{"background-color":"var(--ast-global-color-4)","background-image":"","background-repeat":"repeat","background-position":"center center","background-size":"auto","background-attachment":"scroll","background-type":"","background-media":"","overlay-type":"","overlay-color":"","overlay-opacity":"","overlay-gradient":""},"tablet":{"background-color":"","background-image":"","background-repeat":"repeat","background-position":"center center","background-size":"auto","background-attachment":"scroll","background-type":"","background-media":"","overlay-type":"","overlay-color":"","overlay-opacity":"","overlay-gradient":""},"mobile":{"background-color":"","background-image":"","background-repeat":"repeat","background-position":"center center","background-size":"auto","background-attachment":"scroll","background-type":"","background-media":"","overlay-type":"","overlay-color":"","overlay-opacity":"","overlay-gradient":""}},"ast-content-background-meta":{"desktop":{"background-color":"var(--ast-global-color-5)","background-image":"","background-repeat":"repeat","background-position":"center center","background-size":"auto","background-attachment":"scroll","background-type":"","background-media":"","overlay-type":"","overlay-color":"","overlay-opacity":"","overlay-gradient":""},"tablet":{"background-color":"var(--ast-global-color-5)","background-image":"","background-repeat":"repeat","background-position":"center center","background-size":"auto","background-attachment":"scroll","background-type":"","background-media":"","overlay-type":"","overlay-color":"","overlay-opacity":"","overlay-gradient":""},"mobile":{"background-color":"var(--ast-global-color-5)","background-image":"","background-repeat":"repeat","background-position":"center center","background-size":"auto","background-attachment":"scroll","background-type":"","background-media":"","overlay-type":"","overlay-color":"","overlay-opacity":"","overlay-gradient":""}}},"pwb-brand":[],"product_brand":[],"product_cat":[398,406],"product_tag":[],"class_list":{"0":"post-34957","1":"product","2":"type-product","3":"status-publish","4":"has-post-thumbnail","6":"product_cat-estructuras-placas-solares","7":"product_cat-estructuras-suelo","8":"desktop-align-left","9":"tablet-align-left","10":"mobile-align-left","11":"ast-product-gallery-layout-horizontal-slider","12":"ast-product-tabs-layout-horizontal","14":"first","15":"instock","16":"taxable","17":"shipping-taxable","18":"purchasable","19":"product-type-simple"},"wcpa_form_fields":null,"brands":[],"_links":{"self":[{"href":"https:\/\/fvcomponentes.com\/de\/wp-json\/wp\/v2\/product\/34957","targetHints":{"allow":["GET"]}}],"collection":[{"href":"https:\/\/fvcomponentes.com\/de\/wp-json\/wp\/v2\/product"}],"about":[{"href":"https:\/\/fvcomponentes.com\/de\/wp-json\/wp\/v2\/types\/product"}],"replies":[{"embeddable":true,"href":"https:\/\/fvcomponentes.com\/de\/wp-json\/wp\/v2\/comments?post=34957"}],"wp:featuredmedia":[{"embeddable":true,"href":"https:\/\/fvcomponentes.com\/de\/wp-json\/wp\/v2\/media\/3371"}],"wp:attachment":[{"href":"https:\/\/fvcomponentes.com\/de\/wp-json\/wp\/v2\/media?parent=34957"}],"wp:term":[{"taxonomy":"pwb-brand","embeddable":true,"href":"https:\/\/fvcomponentes.com\/de\/wp-json\/wp\/v2\/pwb-brand?post=34957"},{"taxonomy":"product_brand","embeddable":true,"href":"https:\/\/fvcomponentes.com\/de\/wp-json\/wp\/v2\/product_brand?post=34957"},{"taxonomy":"product_cat","embeddable":true,"href":"https:\/\/fvcomponentes.com\/de\/wp-json\/wp\/v2\/product_cat?post=34957"},{"taxonomy":"product_tag","embeddable":true,"href":"https:\/\/fvcomponentes.com\/de\/wp-json\/wp\/v2\/product_tag?post=34957"}],"curies":[{"name":"wp","href":"https:\/\/api.w.org\/{rel}","templated":true}]}}