{"id":34925,"date":"2025-12-19T07:59:40","date_gmt":"2025-12-19T06:59:40","guid":{"rendered":"https:\/\/fvcomponentes.com\/?post_type=product&#038;p=34925"},"modified":"2025-12-24T12:51:04","modified_gmt":"2025-12-24T11:51:04","slug":"pytes-box-fur-batterie-v-box-nema3-110409100177","status":"publish","type":"product","link":"https:\/\/fvcomponentes.com\/de\/producto\/caja-pytes-para-bateria-v-box-nema3-110409100177\/","title":{"rendered":"Pytes-Geh\u00e4use f\u00fcr V-Box NEMA3-Batterie \u2013 110409100177"},"content":{"rendered":"<h2>Pytes-Geh\u00e4use f\u00fcr V-Box NEMA3-Batterie \u2013 110409100177<\/h2>\n<p>Die Box ist eine elegante und robuste Hausautomationsl\u00f6sung f\u00fcr die Energiespeicherung im Haushalt. Sie wurde speziell f\u00fcr den Anschluss von bis zu <a href=\"https:\/\/fvcomponentes.com\/de\/produkt\/lithium-batterie-512v-lifepo4-pytes-v5-5-12kwh-110402100135\/\" target=\"_blank\" rel=\"noopener\">zwei Batterien der Serie V\u2011BOX\u201148100V5<\/a>, mit einer Kapazit\u00e4t von jeweils 5,12 kWh, was eine installierte Gesamtkapazit\u00e4t von 10,24 kWh (mit 9,22 kWh nutzbarer Kapazit\u00e4t) ergibt.<br \/>\nZus\u00e4tzlich zu seiner Kapazit\u00e4t bietet er eine ideale Kombination aus Flexibilit\u00e4t, Sicherheit und Integration mit Solar- oder Back-up-Systemen. Dies macht ihn perfekt f\u00fcr diejenigen, die eine \u00e4sthetisch ansprechende, langlebige Anlage mit der M\u00f6glichkeit einer zuk\u00fcnftigen Erweiterung suchen.<\/p>\n<h2>Eigenschaften der Pytes-Box f\u00fcr V-Box NEMA3-Batterie \u2013 110409100177<\/h2>\n<ul>\n<li><strong>Kompakte Abmessungen: <\/strong>52,1 cm (L) x 43,1 cm (B) x 64,7 cm (H). Das Gewicht betr\u00e4gt leer etwa 30 kg und mit Batterien etwa 120 kg.<\/li>\n<li><strong>Gepflegte \u00c4sthetik:<\/strong> aus verzinktem Stahl mit wei\u00dfer Oberfl\u00e4che.<\/li>\n<li><strong>Passive Bel\u00fcftung:<\/strong> l\u00fcfterlos, was einen leisen Betrieb erm\u00f6glicht.<\/li>\n<li><strong>NEMA3-Schutz:<\/strong> f\u00fcr die Installation im Au\u00dfenbereich, gesch\u00fctzt vor Sonne und Regen<\/li>\n<li><strong>Plug-and-Play-Installation:<\/strong> schneller und unkomplizierter Einbau durch einen qualifizierten Installateur<\/li>\n<li><strong>Sichere und zertifizierte Technologie<\/strong> (LFP, UL, CE).<\/li>\n<\/ul>\n<table>\n<thead>\n<tr>\n<th><strong>Eigenschaften<\/strong><\/th>\n<th><strong>Spezifikationen<\/strong><\/th>\n<\/tr>\n<\/thead>\n<tbody>\n<tr>\n<td><strong>Modell<\/strong><\/td>\n<td>R-BOX Basis<\/td>\n<\/tr>\n<tr>\n<td><strong>Kompatible Batterien<\/strong><\/td>\n<td>Bis zu 2 \u00d7 V\u2011BOX\u201148100V5 (jeweils 5,12 kWh)<\/td>\n<\/tr>\n<tr>\n<td><strong>Gesamtnennleistung<\/strong><\/td>\n<td>10,24 kWh<\/td>\n<\/tr>\n<tr>\n<td><strong>Nutzbare Kapazit\u00e4t<\/strong><\/td>\n<td>9,22 kWh<\/td>\n<\/tr>\n<tr>\n<td><strong>Erweiterbarkeit<\/strong><\/td>\n<td>Bis zu 3 Ger\u00e4te parallel (30,72 kWh)<\/td>\n<\/tr>\n<tr>\n<td><strong>Akku-Typ<\/strong><\/td>\n<td>Pytes-Batterie V\u2011BOX\u201148100V5<\/td>\n<\/tr>\n<tr>\n<td><strong>Nennspannung<\/strong><\/td>\n<td>51,2 V<\/td>\n<\/tr>\n<tr>\n<td><strong>Max. Lade-\/Entladestrom<\/strong><\/td>\n<td>100 A<\/td>\n<\/tr>\n<tr>\n<td><strong>Kommunikation<\/strong><\/td>\n<td>CAN \/ RS485<\/td>\n<\/tr>\n<tr>\n<td><strong>Umweltschutz\u00a0<\/strong><\/td>\n<td>NEMA 3 (F\u00fcr den Einsatz im Freien, gesch\u00fctzt vor Regen und direkter Sonneneinstrahlung)<\/td>\n<\/tr>\n<tr>\n<td><strong>Montage<\/strong><\/td>\n<td>Wand oder Boden<\/td>\n<\/tr>\n<tr>\n<td><strong>Material des Geh\u00e4uses<\/strong><\/td>\n<td>Verzinkter Stahl<\/td>\n<\/tr>\n<tr>\n<td><strong>Bel\u00fcftung<\/strong><\/td>\n<td>Passiv (keine L\u00fcfter, leiser Betrieb)<\/td>\n<\/tr>\n<tr>\n<td><strong>Abmessungen (L \u00d7 B \u00d7 H)<\/strong><\/td>\n<td>52,1 cm x 43,1 cm x 64,7 cm<\/td>\n<\/tr>\n<tr>\n<td><strong>H\u00f6he mit Sockel<\/strong><\/td>\n<td>71,70 cm<\/td>\n<\/tr>\n<tr>\n<td><strong>Gewicht (ungef\u00e4hr)<\/strong><\/td>\n<td>~30 kg leer \/ ~120 kg mit Batterien<\/td>\n<\/tr>\n<tr>\n<td><strong>Ladetemperatur<\/strong><\/td>\n<td>0 \u00b0C bis 45 \u00b0C<\/td>\n<\/tr>\n<tr>\n<td><strong>Temperatur im Auslass<\/strong><\/td>\n<td>-10 \u00b0C bis 50 \u00b0C<\/td>\n<\/tr>\n<tr>\n<td><strong>Maximal empfohlene H\u00f6he<\/strong><\/td>\n<td>2 000 m<\/td>\n<\/tr>\n<tr>\n<td><strong>N\u00fctzliche Lebenszyklen<\/strong><\/td>\n<td>Bis zu 6 000 Zyklen (bei 80 % Entladetiefe)<\/td>\n<\/tr>\n<tr>\n<td><strong>B\u00fcrgschaft<\/strong><\/td>\n<td>10 Jahre<\/td>\n<\/tr>\n<tr>\n<td><strong>Zertifizierungen<\/strong><\/td>\n<td>UL1973, CE, UN38.3<\/td>\n<\/tr>\n<tr>\n<td><strong>Empfohlene Anwendung<\/strong><\/td>\n<td>H\u00e4usliche Nutzung, Reserveenergie, solarer Eigenverbrauch<\/td>\n<\/tr>\n<\/tbody>\n<\/table>\n<h2>Technische Informationen Pytes-Geh\u00e4use f\u00fcr V-Box NEMA3-Batterie \u2013 110409100177<\/h2>\n<p><a href=\"https:\/\/fvcomponentes.com\/wp-content\/uploads\/2025\/12\/Ficha-tecnica-V-BOX-NEMA-3.pdf\" target=\"_blank\" rel=\"noopener\">Technisches Datenblatt Pytes-Geh\u00e4use f\u00fcr V-Box NEMA3-Batterie \u2013 110409100177<\/a><br \/>\n<a href=\"https:\/\/fvcomponentes.com\/wp-content\/uploads\/2025\/12\/Manual-de-instalacion-Caja-Pytes-para-bateria-V-Box-NEMA3-110409100177.pdf\" target=\"_blank\" rel=\"noopener\">E-Box-48100R Installationsanleitung<\/a><\/p>\n<h3>Liste der mit Pytes-Batterien kompatiblen Wechselrichter<\/h3>\n<p><a href=\"https:\/\/fvcomponentes.com\/wp-content\/uploads\/2025\/10\/c35d7eb1223244cecb336915b57d8a94.pdf\" target=\"_blank\" rel=\"noopener\">Liste der mit Pytes-Batterien kompatiblen Wechselrichter<\/a><\/p>","protected":false},"excerpt":{"rendered":"<p><strong>Die Box wurde speziell f\u00fcr folgende Zwecke entwickelt <a href=\"https:\/\/fvcomponentes.com\/de\/produkt\/lithium-batterie-512v-lifepo4-pytes-v5-5-12kwh-110402100135\/\" target=\"_blank\" rel=\"noopener\">Pytes V5-Batterien<\/a><\/strong><br \/>\n<strong>Abmessungen<\/strong> (L \u00d7 B \u00d7 H): 52,1 cm x 43,1 cm x 64,7 cm<br \/>\n<strong>H\u00f6he mit Sockel:<\/strong> 71,70 cm<br \/>\n<strong>Gewicht:<\/strong> ~30 kg leer \/ ~120 kg mit Batterien<br \/>\n<strong>Montage:<\/strong> Wand oder Boden<br \/>\n<strong>Material<\/strong>: Verzinkter Stahl<br \/>\n<strong>Bel\u00fcftung:<\/strong> Passiv (keine L\u00fcfter, leiser Betrieb)<br \/>\n<strong>Umweltschutz<\/strong>: NEMA3 (f\u00fcr den gesch\u00fctzten Au\u00dfenbereich)<\/p>","protected":false},"featured_media":34953,"comment_status":"closed","ping_status":"closed","template":"","meta":{"site-sidebar-layout":"default","site-content-layout":"","ast-site-content-layout":"default","site-content-style":"default","site-sidebar-style":"default","ast-global-header-display":"","ast-banner-title-visibility":"","ast-main-header-display":"","ast-hfb-above-header-display":"","ast-hfb-below-header-display":"","ast-hfb-mobile-header-display":"","site-post-title":"","ast-breadcrumbs-content":"","ast-featured-img":"","footer-sml-layout":"","ast-disable-related-posts":"","theme-transparent-header-meta":"default","adv-header-id-meta":"","stick-header-meta":"","header-above-stick-meta":"","header-main-stick-meta":"","header-below-stick-meta":"","astra-migrate-meta-layouts":"set","ast-page-background-enabled":"default","ast-page-background-meta":{"desktop":{"background-color":"var(--ast-global-color-4)","background-image":"","background-repeat":"repeat","background-position":"center center","background-size":"auto","background-attachment":"scroll","background-type":"","background-media":"","overlay-type":"","overlay-color":"","overlay-opacity":"","overlay-gradient":""},"tablet":{"background-color":"","background-image":"","background-repeat":"repeat","background-position":"center center","background-size":"auto","background-attachment":"scroll","background-type":"","background-media":"","overlay-type":"","overlay-color":"","overlay-opacity":"","overlay-gradient":""},"mobile":{"background-color":"","background-image":"","background-repeat":"repeat","background-position":"center center","background-size":"auto","background-attachment":"scroll","background-type":"","background-media":"","overlay-type":"","overlay-color":"","overlay-opacity":"","overlay-gradient":""}},"ast-content-background-meta":{"desktop":{"background-color":"var(--ast-global-color-5)","background-image":"","background-repeat":"repeat","background-position":"center center","background-size":"auto","background-attachment":"scroll","background-type":"","background-media":"","overlay-type":"","overlay-color":"","overlay-opacity":"","overlay-gradient":""},"tablet":{"background-color":"var(--ast-global-color-5)","background-image":"","background-repeat":"repeat","background-position":"center center","background-size":"auto","background-attachment":"scroll","background-type":"","background-media":"","overlay-type":"","overlay-color":"","overlay-opacity":"","overlay-gradient":""},"mobile":{"background-color":"var(--ast-global-color-5)","background-image":"","background-repeat":"repeat","background-position":"center center","background-size":"auto","background-attachment":"scroll","background-type":"","background-media":"","overlay-type":"","overlay-color":"","overlay-opacity":"","overlay-gradient":""}}},"pwb-brand":[1007],"product_brand":[],"product_cat":[414],"product_tag":[],"class_list":{"0":"post-34925","1":"product","2":"type-product","3":"status-publish","4":"has-post-thumbnail","6":"pwb-brand-baterias-pytes","7":"product_cat-armarios-rack-para-baterias","8":"desktop-align-left","9":"tablet-align-left","10":"mobile-align-left","11":"ast-product-gallery-layout-horizontal-slider","12":"ast-product-tabs-layout-horizontal","14":"first","15":"instock","16":"taxable","17":"shipping-taxable","18":"purchasable","19":"product-type-simple"},"wcpa_form_fields":null,"brands":[{"id":1007,"name":"Pytes-Batterien","slug":"pytes-batterien"}],"_links":{"self":[{"href":"https:\/\/fvcomponentes.com\/de\/wp-json\/wp\/v2\/product\/34925","targetHints":{"allow":["GET"]}}],"collection":[{"href":"https:\/\/fvcomponentes.com\/de\/wp-json\/wp\/v2\/product"}],"about":[{"href":"https:\/\/fvcomponentes.com\/de\/wp-json\/wp\/v2\/types\/product"}],"replies":[{"embeddable":true,"href":"https:\/\/fvcomponentes.com\/de\/wp-json\/wp\/v2\/comments?post=34925"}],"wp:featuredmedia":[{"embeddable":true,"href":"https:\/\/fvcomponentes.com\/de\/wp-json\/wp\/v2\/media\/34953"}],"wp:attachment":[{"href":"https:\/\/fvcomponentes.com\/de\/wp-json\/wp\/v2\/media?parent=34925"}],"wp:term":[{"taxonomy":"pwb-brand","embeddable":true,"href":"https:\/\/fvcomponentes.com\/de\/wp-json\/wp\/v2\/pwb-brand?post=34925"},{"taxonomy":"product_brand","embeddable":true,"href":"https:\/\/fvcomponentes.com\/de\/wp-json\/wp\/v2\/product_brand?post=34925"},{"taxonomy":"product_cat","embeddable":true,"href":"https:\/\/fvcomponentes.com\/de\/wp-json\/wp\/v2\/product_cat?post=34925"},{"taxonomy":"product_tag","embeddable":true,"href":"https:\/\/fvcomponentes.com\/de\/wp-json\/wp\/v2\/product_tag?post=34925"}],"curies":[{"name":"wp","href":"https:\/\/api.w.org\/{rel}","templated":true}]}}