{"id":34892,"date":"2025-12-29T10:00:44","date_gmt":"2025-12-29T09:00:44","guid":{"rendered":"https:\/\/fvcomponentes.com\/?post_type=product&#038;p=34892"},"modified":"2026-04-10T18:24:32","modified_gmt":"2026-04-10T16:24:32","slug":"lithium-batteriemodul-hv-byd-premium-hvm-2-76-14039384-00","status":"publish","type":"product","link":"https:\/\/fvcomponentes.com\/de\/producto\/modulo-de-bateria-de-litio-hv-byd-premium-hvm-2-76-14039384-00\/","title":{"rendered":"Lithium-Batteriemodul HV BYD Premium HVM 2.76 \u2013 14039384-00"},"content":{"rendered":"<h2>Lithium-Batteriemodul HV BYD Premium HVM 2.76 \u2013 14039384-00<\/h2>\n<p>Das Lithium-Batteriemodul HV BYD Premium HVM 2.76 \u2013 14039384-00 ist das Kernst\u00fcck des Hochspannungs-Speichersystems BYD Premium HVM.<br \/>\nEs ist sowohl f\u00fcr private als auch f\u00fcr industrielle Solaranlagen konzipiert und bietet eine sichere, effiziente und sehr einfach zu erweiternde L\u00f6sung, wenn der Energiebedarf steigt.<\/p>\n<p>Jedes HVM-Modul liefert 2,76 kWh nutzbare Energie und kann mit anderen Modulen derselben Serie kombiniert werden, um T\u00fcrme mit einer Kapazit\u00e4t von 8,3 kWh bis 22,1 kWh zu bauen. Wenn mehr Energie ben\u00f6tigt wird, k\u00f6nnen bis zu drei T\u00fcrme parallel geschaltet werden, um eine maximale Kapazit\u00e4t von 66,3 kWh zu erreichen.<\/p>\n<p>Dank seines modularen Designs und der Plug-&amp;-Play-Verbindung (ohne interne Verkabelung) ist die Erweiterung des Systems ganz einfach: Es m\u00fcssen lediglich weitere Module auf den Turm aufgesetzt werden, ganz unkompliziert.<\/p>\n<p>Dieses Modul nutzt Lithium-Eisenphosphat-Technologie (LFP), die sich durch hohe thermische Stabilit\u00e4t, hohe Sicherheit gegen \u00dcberhitzung und eine Lebensdauer von \u00fcber 10 Jahren auszeichnet. Da es weder L\u00fcfter noch bewegliche Teile enth\u00e4lt, ist es nahezu wartungsfrei und arbeitet v\u00f6llig ger\u00e4uschlos.<\/p>\n<p>Das HVS-Modul muss installiert werden und funktioniert zusammen mit der <strong>BCU + BYD-Batteriebox Premium HVS,<\/strong> die als Steuerungs-, Kommunikations- und Sicherheitseinheit des Systems fungiert und den Energiefluss sowie die Interaktion mit dem Wechselrichter verwaltet.<\/p>\n<h2>Hauptmerkmale des Lithium-Batteriemoduls HV BYD Premium HVM 2.76<\/h2>\n<h3>Modularer und skalierbarer Aufbau<\/h3>\n<p>Das BYD HVM-System basiert auf einer vertikal stapelbaren Architektur mit einer patentierten Steckverbindung ohne interne Verkabelung zwischen den Modulen.<\/p>\n<p>Es kann in Konfigurationen von 3 bis 8 Modulen pro Turm gestapelt werden und erreicht Nutzkapazit\u00e4ten von 8,3 kWh bis 22,1 kWh.<\/p>\n<p>Es ist m\u00f6glich, bis zu 3 HVM-T\u00fcrme parallel zu schalten, sofern alle \u00fcber die gleiche Anzahl an Modulen verf\u00fcgen, wodurch eine Gesamtkapazit\u00e4t von bis zu 66,2 kWh erreicht werden kann.<\/p>\n<p><img fetchpriority=\"high\" decoding=\"async\" class=\"size-full wp-image-35225\" src=\"https:\/\/fvcomponentes.com\/wp-content\/uploads\/2025\/12\/ByD-HV-Apilable.jpg\" alt=\"ByD HV Stapelbar\" width=\"1322\" height=\"352\" title=\"\"><\/p>\n<h3>Effiziente Lagerung<\/h3>\n<p>Jedes HVM-Modul enth\u00e4lt Lithium-Eisen-Phosphat-Zellen (LFP), eine kobaltfreie Technologie, die sich durch hohe thermische Stabilit\u00e4t, sehr geringen Leistungsabfall im Laufe der Zyklen und erh\u00f6hte Sicherheit gegen\u00fcber \u00dcberhitzung und thermischen Ausf\u00e4llen auszeichnet.<\/p>\n<p>Dank seiner Hochspannungsarchitektur erreicht das System einen Wirkungsgrad von \u00fcber 96 %, wodurch Energieverluste reduziert und die Gesamtleistung der Anlage verbessert werden.<\/p>\n<h3>Maximale Sicherheit und Zuverl\u00e4ssigkeit<\/h3>\n<p>Das HVM-Modul erf\u00fcllt die h\u00f6chsten internationalen Sicherheitsstandards, darunter UN38.3, IEC 62619, VDE 2510-50 und CE-Kennzeichnung.<\/p>\n<p>Das robuste Geh\u00e4use mit Schutzart IP55 sch\u00fctzt vor Staub und Spritzwasser und ist f\u00fcr die Installation in Innenr\u00e4umen geeignet.<br \/>\nDie LFP-Chemie und das Design ohne aktive K\u00fchlelemente garantieren einen sicheren, leisen und zuverl\u00e4ssigen Betrieb w\u00e4hrend der gesamten Lebensdauer.<\/p>\n<h3>Kompatibilit\u00e4t zwischen BYD-Batteriesystemen<\/h3>\n<p><strong><span style=\"color: #ff6600;\">Das Modul BYD HVM 2.76 ist nur mit dem System Battery Box Premium HVM kompatibel. <\/span>und die entsprechende BCU HVM.<\/strong><br \/>\n<span style=\"color: #ff6600;\"><strong>Es ist nicht kompatibel mit HVS-Systemen oder sp\u00e4teren Versionen (HVM+) und es k\u00f6nnen keine Module verschiedener Serien innerhalb desselben Turms oder parallel gemischt werden.<\/strong><\/span><\/p>\n<h3>Kompatibilit\u00e4t mit Wechselrichtern<\/h3>\n<p>Die BYD Battery Box Premium HVM-Batterien bieten eine umfassende Kompatibilit\u00e4t mit marktf\u00fchrenden einphasigen und dreiphasigen Wechselrichtern, darunter Fronius, SMA, Kostal, GoodWe, Victron, Huawei oder Solis, dank ihrer Kommunikation \u00fcber CAN \/ RS485 und vom Hersteller zertifizierten Profilen.<\/p>\n<h2>Vorteile des Lithium-Batteriemoduls HV BYD Premium HVM 2.76<\/h2>\n<h3>Einfacher Einbau<\/h3>\n<p>Der BYD Premium HVM ist vertikal auf der BCU+Base stapelbar, ohne dass eine interne Verkabelung zwischen den Modulen erforderlich ist, was die Montagezeiten erheblich verk\u00fcrzt und Installationsfehler minimiert.<br \/>\nEs erm\u00f6glicht den Start mit einer Mindestinstallation von 3 Modulen und eine einfache Erweiterung, da die Erweiterung des Systems einfach durch Hinzuf\u00fcgen neuer Module auf dem bestehenden Turm erfolgt.<\/p>\n<h3>Minimale Wartung<\/h3>\n<p>Der BYD Premium HVM 2.76 verf\u00fcgt \u00fcber eine passive K\u00fchlung, keine L\u00fcfter oder beweglichen Teile und ein IP55-zertifiziertes Geh\u00e4use, wodurch das System praktisch wartungsfrei ist und einen ger\u00e4uschlosen Betrieb gew\u00e4hrleistet.<\/p>\n<h3>Integration mit Hochspannungswechselrichtern<\/h3>\n<p>Das HVM-System ist f\u00fcr den Einsatz mit Hochspannungswechselrichtern optimiert und bietet eine hohe Entladeleistung, Backup-Kapazit\u00e4t und einen Betrieb in On-Grid-, Hybrid- und Off-Grid-Systemen.<\/p>\n<h3>Modularer und erweiterbarer Einbau<\/h3>\n<p>Es erm\u00f6glicht den Start mit einer Basisinstallation von drei Modulen und die zuk\u00fcnftige Skalierung der Energiekapazit\u00e4t, ohne die Basis oder das Steuerungssystem austauschen zu m\u00fcssen.<\/p>\n<h3>Sichere und effiziente Lagerung<\/h3>\n<p>Es enth\u00e4lt LFP-Zellen, die f\u00fcr ihre hohe thermische Stabilit\u00e4t, lange Lebensdauer und geringe Degradation bekannt sind.<\/p>\n<h2>Empfohlener Einbau einer Hochspannungs-Lithium-Batterie<\/h2>\n<ul>\n<li><strong>Standort:<\/strong> In einem trockenen, gut bel\u00fcfteten Innenraum, auf einer stabilen Oberfl\u00e4che und fern von W\u00e4rme- oder Feuchtigkeitsquellen.<\/li>\n<li><strong>Montage:<\/strong> Die Batteriemodule werden vertikal auf die BCU mit Plug-&amp;-Play-Anschluss gestapelt und \u00fcber die integrierten Steckverbinder miteinander verbunden.<\/li>\n<li><strong>Kommunikation:<\/strong> Verwaltet von der BCU \u00fcber CAN \/ RS485-Protokolle zum Wechselrichter, ohne zus\u00e4tzliche Verkabelung zwischen den Modulen.<\/li>\n<li><strong>Beauftragung:<\/strong> Dies geschieht \u00fcber die Schnittstelle des kompatiblen Wechselrichters, der die Batterie automatisch erkennt und das System entsprechend den Parametern des BMS (Battery Management System) konfiguriert.<\/li>\n<li><strong>Kompatibilit\u00e4t:<\/strong> Exklusiv mit BYD Battery Box Premium HVM- und BCU+Base-Systemen<\/li>\n<\/ul>\n<h2>B\u00fcrgschaft<\/h2>\n<p>Das Lithium-Batteriemodul HV BYD Premium HVM 2.76 verf\u00fcgt \u00fcber eine offizielle 10-j\u00e4hrige BYD-Garantie, sofern es gem\u00e4\u00df den Spezifikationen des Herstellers, mit zugelassenen Wechselrichtern und als Teil eines kompletten HVM-Systems installiert wird.<\/p>\n<h2>Technische Daten des Lithium-Batteriemoduls BYD Premium HVM 2.76 \u2013 14039384-00<\/h2>\n<table>\n<thead>\n<tr>\n<th>Parameter<\/th>\n<th>Wert<\/th>\n<\/tr>\n<\/thead>\n<tbody>\n<tr>\n<td>Modell<\/td>\n<td>Modul BYD Battery-Box Premium HVM 2.76<\/td>\n<\/tr>\n<tr>\n<td>Referenz<\/td>\n<td>14039384-00<\/td>\n<\/tr>\n<tr>\n<td>Nutzleistung (nominal)<\/td>\n<td>2,76 kWh<\/td>\n<\/tr>\n<tr>\n<td>Zelltyp<\/td>\n<td>Lithium-Eisen-Phosphat (LFP, kobaltfrei)<\/td>\n<\/tr>\n<tr>\n<td>Nennspannung pro Modul<\/td>\n<td>51,2 V<\/td>\n<\/tr>\n<tr>\n<td>Nennkapazit\u00e4t<\/td>\n<td>50 Ah<\/td>\n<\/tr>\n<tr>\n<td>Effizienz Hin- und R\u00fcckfahrt<\/td>\n<td>\u2265 96 %<\/td>\n<\/tr>\n<tr>\n<td>Betriebstemperaturbereich<\/td>\n<td>-10 \u00b0C bis +50 \u00b0C<\/td>\n<\/tr>\n<tr>\n<td>Grad des Schutzes<\/td>\n<td>IP55<\/td>\n<\/tr>\n<tr>\n<td>Ungef\u00e4hres Gewicht<\/td>\n<td>35 kg<\/td>\n<\/tr>\n<tr>\n<td>Montage<\/td>\n<td>Vertikal stapelbar auf BCU+Base<\/td>\n<\/tr>\n<tr>\n<td>Verbindung<\/td>\n<td>Plug-in-System, ohne interne Verkabelung<\/td>\n<\/tr>\n<tr>\n<td>Kommunikation<\/td>\n<td>CAN \/ RS485<\/td>\n<\/tr>\n<tr>\n<td>Zertifizierungen<\/td>\n<td>UN38.3, IEC 62619, VDE 2510-50, CE<\/td>\n<\/tr>\n<tr>\n<td>B\u00fcrgschaft<\/td>\n<td>10 Jahre<\/td>\n<\/tr>\n<\/tbody>\n<\/table>\n<h2>Technisches Datenblatt und Handbuch f\u00fcr das Lithium-Batteriemodul HV BYD Premium HVM 2.76 \u2013 14039384-00<\/h2>\n<p><a href=\"https:\/\/fvcomponentes.com\/wp-content\/uploads\/2025\/12\/BYD_TDS_B-BOX-PREMIUM_HVS_HVM_ES.pdf\" target=\"_blank\" rel=\"noopener\">Technisches Datenblatt des Lithium-Batteriemoduls HV BYD Premium HVM 2.76<\/a><\/p>\n<p><a href=\"https:\/\/fvcomponentes.com\/wp-content\/uploads\/2025\/12\/BYD_Installation_Manual_HVS-HVM_2.1_EN.pdf\" target=\"_blank\" rel=\"noopener\">Handbuch zum Lithium-Batteriemodul HV BYD Premium HVM 2.76<\/a><\/p>","protected":false},"excerpt":{"rendered":"<p><strong><span style=\"color: #ff0000;\">Begrenzte Einheiten: Buchen Sie Ihr Modul jetzt!<\/span><\/strong><\/p>\n<p><strong><span style=\"color: #ff6600;\">Das Modul BYD HVM 2.76 ist ausschlie\u00dflich mit dem System Battery Box Premium HVM kompatibel.<\/span><\/strong><br \/>\n<span style=\"color: #ff6600;\"><strong>Nicht kompatibel mit anderen Systemen als HVM und sp\u00e4teren Versionen (HVM+)<br \/>\nModule verschiedener Serien d\u00fcrfen nicht innerhalb eines Turms oder parallel miteinander kombiniert werden.<\/strong><\/span><\/p>\n<p>Batterietyp: DC Hochspannung<br \/>\nGesamtnennleistung (KWH): 2,76kW<br \/>\nMax. Lade- und Entladeleistung (KW) 50A<br \/>\nWirkungsgrad: 96.0%<br \/>\nProduktgarantie: 10 Jahre<\/p>","protected":false},"featured_media":14119,"comment_status":"closed","ping_status":"closed","template":"","meta":{"site-sidebar-layout":"default","site-content-layout":"","ast-site-content-layout":"default","site-content-style":"default","site-sidebar-style":"default","ast-global-header-display":"","ast-banner-title-visibility":"","ast-main-header-display":"","ast-hfb-above-header-display":"","ast-hfb-below-header-display":"","ast-hfb-mobile-header-display":"","site-post-title":"","ast-breadcrumbs-content":"","ast-featured-img":"","footer-sml-layout":"","ast-disable-related-posts":"","theme-transparent-header-meta":"default","adv-header-id-meta":"","stick-header-meta":"","header-above-stick-meta":"","header-main-stick-meta":"","header-below-stick-meta":"","astra-migrate-meta-layouts":"set","ast-page-background-enabled":"default","ast-page-background-meta":{"desktop":{"background-color":"var(--ast-global-color-4)","background-image":"","background-repeat":"repeat","background-position":"center center","background-size":"auto","background-attachment":"scroll","background-type":"","background-media":"","overlay-type":"","overlay-color":"","overlay-opacity":"","overlay-gradient":""},"tablet":{"background-color":"","background-image":"","background-repeat":"repeat","background-position":"center center","background-size":"auto","background-attachment":"scroll","background-type":"","background-media":"","overlay-type":"","overlay-color":"","overlay-opacity":"","overlay-gradient":""},"mobile":{"background-color":"","background-image":"","background-repeat":"repeat","background-position":"center center","background-size":"auto","background-attachment":"scroll","background-type":"","background-media":"","overlay-type":"","overlay-color":"","overlay-opacity":"","overlay-gradient":""}},"ast-content-background-meta":{"desktop":{"background-color":"var(--ast-global-color-5)","background-image":"","background-repeat":"repeat","background-position":"center center","background-size":"auto","background-attachment":"scroll","background-type":"","background-media":"","overlay-type":"","overlay-color":"","overlay-opacity":"","overlay-gradient":""},"tablet":{"background-color":"var(--ast-global-color-5)","background-image":"","background-repeat":"repeat","background-position":"center center","background-size":"auto","background-attachment":"scroll","background-type":"","background-media":"","overlay-type":"","overlay-color":"","overlay-opacity":"","overlay-gradient":""},"mobile":{"background-color":"var(--ast-global-color-5)","background-image":"","background-repeat":"repeat","background-position":"center center","background-size":"auto","background-attachment":"scroll","background-type":"","background-media":"","overlay-type":"","overlay-color":"","overlay-opacity":"","overlay-gradient":""}}},"pwb-brand":[897],"product_brand":[],"product_cat":[340,379],"product_tag":[],"class_list":{"0":"post-34892","1":"product","2":"type-product","3":"status-publish","4":"has-post-thumbnail","6":"pwb-brand-byd","7":"product_cat-baterias","8":"product_cat-baterias-de-litio-de-alto-voltaje","9":"product_shipping_class-baterias","10":"desktop-align-left","11":"tablet-align-left","12":"mobile-align-left","13":"ast-product-gallery-layout-horizontal-slider","14":"ast-product-gallery-with-no-image","15":"ast-product-tabs-layout-horizontal","17":"first","18":"instock","19":"taxable","20":"shipping-taxable","21":"purchasable","22":"product-type-simple"},"wcpa_form_fields":null,"brands":[{"id":897,"name":"B&amp;D-Batterien","slug":"byd"}],"_links":{"self":[{"href":"https:\/\/fvcomponentes.com\/de\/wp-json\/wp\/v2\/product\/34892","targetHints":{"allow":["GET"]}}],"collection":[{"href":"https:\/\/fvcomponentes.com\/de\/wp-json\/wp\/v2\/product"}],"about":[{"href":"https:\/\/fvcomponentes.com\/de\/wp-json\/wp\/v2\/types\/product"}],"replies":[{"embeddable":true,"href":"https:\/\/fvcomponentes.com\/de\/wp-json\/wp\/v2\/comments?post=34892"}],"wp:featuredmedia":[{"embeddable":true,"href":"https:\/\/fvcomponentes.com\/de\/wp-json\/wp\/v2\/media\/14119"}],"wp:attachment":[{"href":"https:\/\/fvcomponentes.com\/de\/wp-json\/wp\/v2\/media?parent=34892"}],"wp:term":[{"taxonomy":"pwb-brand","embeddable":true,"href":"https:\/\/fvcomponentes.com\/de\/wp-json\/wp\/v2\/pwb-brand?post=34892"},{"taxonomy":"product_brand","embeddable":true,"href":"https:\/\/fvcomponentes.com\/de\/wp-json\/wp\/v2\/product_brand?post=34892"},{"taxonomy":"product_cat","embeddable":true,"href":"https:\/\/fvcomponentes.com\/de\/wp-json\/wp\/v2\/product_cat?post=34892"},{"taxonomy":"product_tag","embeddable":true,"href":"https:\/\/fvcomponentes.com\/de\/wp-json\/wp\/v2\/product_tag?post=34892"}],"curies":[{"name":"wp","href":"https:\/\/api.w.org\/{rel}","templated":true}]}}