{"id":34850,"date":"2025-12-29T09:47:25","date_gmt":"2025-12-29T08:47:25","guid":{"rendered":"https:\/\/fvcomponentes.com\/?post_type=product&#038;p=34850"},"modified":"2026-04-10T18:24:26","modified_gmt":"2026-04-10T16:24:26","slug":"lithium-batteriemodul-hv-byd-premium-hvs-2-56-12911241-00","status":"publish","type":"product","link":"https:\/\/fvcomponentes.com\/de\/producto\/modulo-de-bateria-de-litio-hv-byd-premium-hvs-2-56-12911241-00\/","title":{"rendered":"Lithium-Batteriemodul HV BYD Premium HVS 2.56 \u2013 12911241-00"},"content":{"rendered":"<h2>Lithium-Batteriemodul HV BYD Premium HVS 2.56 \u2013 12911241-00<\/h2>\n<p>Das Lithium-Batteriemodul HV BYD Premium HVS 2.56 \u2013 12911241-00 ist das Kernst\u00fcck des Hochspannungs-Speichersystems BYD Premium HVS.<br \/>\nEs ist sowohl f\u00fcr private als auch f\u00fcr industrielle Solaranlagen konzipiert und bietet eine sichere, effiziente und sehr einfach zu erweiternde L\u00f6sung, wenn der Energiebedarf steigt.<\/p>\n<p>Jedes HVS-Modul liefert 2,56 kWh nutzbare Energie und kann mit anderen Modulen derselben Serie kombiniert werden, um T\u00fcrme mit einer Kapazit\u00e4t von 5,12 kWh bis 12,8 kWh zu bauen. Wenn mehr Energie ben\u00f6tigt wird, k\u00f6nnen bis zu drei T\u00fcrme parallel geschaltet werden, um eine maximale Kapazit\u00e4t von 38,4 kWh zu erreichen.<\/p>\n<p>Dank seines modularen Designs und der Plug-&amp;-Play-Verbindung (ohne interne Verkabelung) ist die Erweiterung des Systems ganz einfach: Es m\u00fcssen lediglich weitere Module auf den Turm aufgesetzt werden, ganz unkompliziert.<\/p>\n<p>Dieses Modul nutzt Lithium-Eisenphosphat-Technologie (LFP), die sich durch hohe thermische Stabilit\u00e4t, hohe Sicherheit gegen \u00dcberhitzung und eine Lebensdauer von \u00fcber 10 Jahren auszeichnet. Da es weder L\u00fcfter noch bewegliche Teile enth\u00e4lt, ist es nahezu wartungsfrei und arbeitet v\u00f6llig ger\u00e4uschlos.<\/p>\n<p>Das HVS-Modul muss installiert werden und funktioniert zusammen mit der <strong>BCU + BYD-Batteriebox Premium HVS,<\/strong> die als Steuerungs-, Kommunikations- und Sicherheitseinheit des Systems fungiert und den Energiefluss sowie die Interaktion mit dem Wechselrichter verwaltet.<\/p>\n<h2>Hauptmerkmale des Lithium-Batteriemoduls BYD Premium HVS 2.56<\/h2>\n<h3>Modularer und skalierbarer Aufbau<\/h3>\n<p>Das BYD Premium HVS-System erm\u00f6glicht es, 2 bis 5 HVS-Module in einem Turm zu stapeln, die in Reihe geschaltet sind und keine interne Verkabelung ben\u00f6tigen.<br \/>\nDas patentierte Plug-&amp;-Play-Design von BYD vereinfacht die Installation, reduziert Fehler und erleichtert die Erweiterung des Systems zu jedem Zeitpunkt durch einfaches Hinzuf\u00fcgen neuer Module.<\/p>\n<p><img fetchpriority=\"high\" decoding=\"async\" class=\"size-full wp-image-35225\" src=\"https:\/\/fvcomponentes.com\/wp-content\/uploads\/2025\/12\/ByD-HV-Apilable.jpg\" alt=\"ByD HV Stapelbar\" width=\"1322\" height=\"352\" title=\"\"><\/p>\n<h3>Effiziente Lagerung<\/h3>\n<p>Jedes HVS-Modul liefert 2,56 kWh nutzbare Energie mit einem Wirkungsgrad von \u00fcber 96%.<br \/>\nDie kobaltfreie LFP-Zelltechnologie (Lithium-Eisenphosphat) garantiert hohe thermische Stabilit\u00e4t, hohe Energiedichte und eine lange Lebensdauer, selbst unter intensiven Nutzungsbedingungen.<\/p>\n<h3>Maximale Sicherheit und Zuverl\u00e4ssigkeit<\/h3>\n<p>Die BYD Premium HVS-Module erf\u00fcllen die h\u00f6chsten internationalen Sicherheitsstandards, darunter IEC 62619, UN38.3, CE und VDE 2510-50, und gew\u00e4hrleisten einen sicheren Betrieb sowohl in netzgebundenen Systemen als auch in Backup- oder Inselanlagen.<br \/>\nDas verst\u00e4rkte Metallgeh\u00e4use und die Schutzart IP55 bieten Widerstandsf\u00e4higkeit gegen Staub und Feuchtigkeit.<\/p>\n<h3>Kompatibilit\u00e4t zwischen BYD-Batteriesystemen<\/h3>\n<p><strong><span style=\"color: #ff6600;\">Das BYD HVS 2.56-Modul ist nur mit dem Battery Box Premium HVS-System kompatibel.<\/span> und die entsprechende BCU HVS.<\/strong><br \/>\n<span style=\"color: #ff6600;\"><strong>Es ist nicht kompatibel mit HVM-Systemen oder sp\u00e4teren Versionen (HVS+) und Module verschiedener Serien k\u00f6nnen nicht innerhalb desselben Towers oder parallel gemischt werden.<\/strong><\/span><\/p>\n<h3>Kompatibilit\u00e4t mit Wechselrichtern<\/h3>\n<p>Die BYD Battery Box Premium HVS-Batterien bieten dank ihrer Kommunikation \u00fcber CAN \/ RS485 und vom Hersteller zertifizierten Profilen eine umfassende Kompatibilit\u00e4t mit marktf\u00fchrenden einphasigen und dreiphasigen Wechselrichtern, darunter Fronius, SMA, Kostal, GoodWe, Victron, Huawei oder Solis.<\/p>\n<p>Die Liste der kompatiblen Wechselrichter wird regelm\u00e4\u00dfig von BYD aktualisiert und sollte vor der Installation konsultiert werden, um eine korrekte Integration des Systems zu gew\u00e4hrleisten.<\/p>\n<h2>Vorteile des BYD Premium HVS 2.56<\/h2>\n<h3>Einfacher Einbau<\/h3>\n<p>Das vertikal stapelbare System ohne interne Verkabelung erm\u00f6glicht eine schnelle, saubere und sichere Installation und reduziert Montagezeit und -kosten.<\/p>\n<h3>Minimale Wartung<\/h3>\n<p>Das Design ohne L\u00fcfter oder bewegliche Teile in Verbindung mit passiver K\u00fchlung gew\u00e4hrleistet einen leisen und nahezu wartungsfreien Betrieb mit einer Lebensdauer von mehr als 10 Jahren unter normalen Betriebsbedingungen.<\/p>\n<h3>Hohe Leistung und Vielseitigkeit<\/h3>\n<p>Die hohe tats\u00e4chliche Systemspannung, die durch die Reihenschaltung der Module erreicht wird, erm\u00f6glicht eine h\u00f6here Effizienz und Leistung f\u00fcr On-Grid-Anwendungen (mit Netzanschluss), On-Grid-Anwendungen mit Backup und Off-Grid-Anwendungen (netzunabh\u00e4ngig).<\/p>\n<h3>Zuk\u00fcnftige Skalierbarkeit<\/h3>\n<p>Das System erm\u00f6glicht es, mit einer Grundkonfiguration zu beginnen und die Energiekapazit\u00e4t jederzeit zu erweitern, ohne die BCU oder andere Komponenten austauschen zu m\u00fcssen.<\/p>\n<h2>Empfohlener Einbau einer Hochspannungs-Lithium-Batterie<\/h2>\n<ul>\n<li><strong>Standort:<\/strong> In einem trockenen, gut bel\u00fcfteten Innenraum, auf einer stabilen Oberfl\u00e4che und fern von W\u00e4rme- oder Feuchtigkeitsquellen.<\/li>\n<li><strong>Montage:<\/strong> Die Batteriemodule werden vertikal auf die BCU mit Plug-&amp;-Play-Anschluss gestapelt und \u00fcber die integrierten Steckverbinder miteinander verbunden.<\/li>\n<li><strong>Kommunikation:<\/strong> Verwaltet von der BCU \u00fcber CAN \/ RS485-Protokolle zum Wechselrichter, ohne zus\u00e4tzliche Verkabelung zwischen den Modulen.<\/li>\n<li><strong>Beauftragung:<\/strong> Dies geschieht \u00fcber die Schnittstelle des kompatiblen Wechselrichters, der die Batterie automatisch erkennt und das System entsprechend den Parametern des BMS (Battery Management System) konfiguriert.<\/li>\n<li><strong>Kompatibilit\u00e4t:<\/strong> Exklusiv mit BYD Battery Box Premium HVS- und BCU+Base-Systemen<\/li>\n<\/ul>\n<h2>B\u00fcrgschaft<\/h2>\n<p>Das Lithium-Batteriemodul HV BYD Premium HVS 2.56 verf\u00fcgt \u00fcber eine offizielle 10-j\u00e4hrige BYD-Garantie, sofern es gem\u00e4\u00df den Herstellerangaben und als Teil eines kompletten HVS-Systems installiert wird.<\/p>\n<h2>Technische Daten des Lithium-Batteriemoduls BYD Premium HVS 2.56 \u2013 12911241-00<\/h2>\n<table>\n<thead>\n<tr>\n<th>Parameter<\/th>\n<th>Wert<\/th>\n<\/tr>\n<\/thead>\n<tbody>\n<tr>\n<td>Modell<\/td>\n<td>Modul BYD Battery Box Premium HVS 2.56<\/td>\n<\/tr>\n<tr>\n<td>Referenz<\/td>\n<td>12911241-00<\/td>\n<\/tr>\n<tr>\n<td>Nutzleistung (nominal)<\/td>\n<td>2,56 kWh<\/td>\n<\/tr>\n<tr>\n<td>Zelltyp<\/td>\n<td>Lithium-Eisen-Phosphat (LFP, kobaltfrei)<\/td>\n<\/tr>\n<tr>\n<td>Nennspannung<\/td>\n<td>102,4 V<\/td>\n<\/tr>\n<tr>\n<td>Nennkapazit\u00e4t<\/td>\n<td>25 Ah<\/td>\n<\/tr>\n<tr>\n<td>Konfiguration der Zelle<\/td>\n<td>32 Zellen in Reihe<\/td>\n<\/tr>\n<tr>\n<td>Energie-Effizienz<\/td>\n<td>\u2265 96 %<\/td>\n<\/tr>\n<tr>\n<td>Betriebstemperaturbereich<\/td>\n<td>-10 \u00b0C bis +50 \u00b0C<\/td>\n<\/tr>\n<tr>\n<td>Grad des Schutzes<\/td>\n<td>IP55<\/td>\n<\/tr>\n<tr>\n<td>Gewicht<\/td>\n<td>38,7 kg<\/td>\n<\/tr>\n<tr>\n<td>Montage<\/td>\n<td>Vertikal stapelbar auf BCU HVS<\/td>\n<\/tr>\n<tr>\n<td>Verbindung<\/td>\n<td>Plug &amp; Play ohne interne Verkabelung<\/td>\n<\/tr>\n<tr>\n<td>Kommunikation<\/td>\n<td>CAN \/ RS485<\/td>\n<\/tr>\n<tr>\n<td>Zertifizierungen<\/td>\n<td>IEC 62619, UN38.3, CE, VDE 2510-50<\/td>\n<\/tr>\n<tr>\n<td>B\u00fcrgschaft<\/td>\n<td>10 Jahre<\/td>\n<\/tr>\n<\/tbody>\n<\/table>\n<h2>Technisches Datenblatt und Installationsanleitung f\u00fcr das Lithium-Batteriemodul BYD Premium HVS 2.56 \u2013 12911241-00<\/h2>\n<p><a href=\"https:\/\/fvcomponentes.com\/wp-content\/uploads\/2025\/12\/BYD_TDS_B-BOX-PREMIUM_HVS_HVM_ES.pdf\" target=\"_blank\" rel=\"noopener\">Technisches Datenblatt des Lithium-Batteriemoduls BYD Premium HVS 2.56<\/a><\/p>\n<p><a href=\"https:\/\/fvcomponentes.com\/wp-content\/uploads\/2025\/12\/BYD_Installation_Manual_HVS-HVM_2.1_EN.pdf\" target=\"_blank\" rel=\"noopener\">Installationshandbuch f\u00fcr das Lithium-Batteriemodul BYD Premium HVS 2.56<\/a><\/p>","protected":false},"excerpt":{"rendered":"<p><span style=\"color: #ff0000;\"><strong>Begrenzte Einheiten: Buchen Sie Ihr Modul jetzt!<\/strong><\/span><\/p>\n<p><strong><span style=\"color: #ff6600;\">Das Modul BYD HVS 2.56 ist nur mit dem System Battery Box Premium HVS kompatibel.<\/span><\/strong><br \/>\n<span style=\"color: #ff6600;\"><strong>Nicht kompatibel mit HVM-Systemen oder sp\u00e4teren Versionen (HVS+)<br \/>\nModule verschiedener Serien d\u00fcrfen nicht innerhalb eines Turms oder parallel miteinander kombiniert werden.<\/strong><\/span><\/p>\n<p>Batterietyp: DC Hochspannung<br \/>\nGesamtnennleistung (KWH): 2,56kW<br \/>\nMax. Lade- und Entladeleistung (KW) 25A<br \/>\nWirkungsgrad: 96.0%<br \/>\nProduktgarantie: 10 Jahre<\/p>","protected":false},"featured_media":34860,"comment_status":"closed","ping_status":"closed","template":"","meta":{"site-sidebar-layout":"default","site-content-layout":"","ast-site-content-layout":"default","site-content-style":"default","site-sidebar-style":"default","ast-global-header-display":"","ast-banner-title-visibility":"","ast-main-header-display":"","ast-hfb-above-header-display":"","ast-hfb-below-header-display":"","ast-hfb-mobile-header-display":"","site-post-title":"","ast-breadcrumbs-content":"","ast-featured-img":"","footer-sml-layout":"","ast-disable-related-posts":"","theme-transparent-header-meta":"default","adv-header-id-meta":"","stick-header-meta":"","header-above-stick-meta":"","header-main-stick-meta":"","header-below-stick-meta":"","astra-migrate-meta-layouts":"set","ast-page-background-enabled":"default","ast-page-background-meta":{"desktop":{"background-color":"var(--ast-global-color-4)","background-image":"","background-repeat":"repeat","background-position":"center center","background-size":"auto","background-attachment":"scroll","background-type":"","background-media":"","overlay-type":"","overlay-color":"","overlay-opacity":"","overlay-gradient":""},"tablet":{"background-color":"","background-image":"","background-repeat":"repeat","background-position":"center center","background-size":"auto","background-attachment":"scroll","background-type":"","background-media":"","overlay-type":"","overlay-color":"","overlay-opacity":"","overlay-gradient":""},"mobile":{"background-color":"","background-image":"","background-repeat":"repeat","background-position":"center center","background-size":"auto","background-attachment":"scroll","background-type":"","background-media":"","overlay-type":"","overlay-color":"","overlay-opacity":"","overlay-gradient":""}},"ast-content-background-meta":{"desktop":{"background-color":"var(--ast-global-color-5)","background-image":"","background-repeat":"repeat","background-position":"center center","background-size":"auto","background-attachment":"scroll","background-type":"","background-media":"","overlay-type":"","overlay-color":"","overlay-opacity":"","overlay-gradient":""},"tablet":{"background-color":"var(--ast-global-color-5)","background-image":"","background-repeat":"repeat","background-position":"center center","background-size":"auto","background-attachment":"scroll","background-type":"","background-media":"","overlay-type":"","overlay-color":"","overlay-opacity":"","overlay-gradient":""},"mobile":{"background-color":"var(--ast-global-color-5)","background-image":"","background-repeat":"repeat","background-position":"center center","background-size":"auto","background-attachment":"scroll","background-type":"","background-media":"","overlay-type":"","overlay-color":"","overlay-opacity":"","overlay-gradient":""}}},"pwb-brand":[897],"product_brand":[],"product_cat":[340,379],"product_tag":[],"class_list":{"0":"post-34850","1":"product","2":"type-product","3":"status-publish","4":"has-post-thumbnail","6":"pwb-brand-byd","7":"product_cat-baterias","8":"product_cat-baterias-de-litio-de-alto-voltaje","9":"product_shipping_class-baterias","10":"desktop-align-left","11":"tablet-align-left","12":"mobile-align-left","13":"ast-product-gallery-layout-horizontal-slider","14":"ast-product-gallery-with-no-image","15":"ast-product-tabs-layout-horizontal","17":"first","18":"instock","19":"taxable","20":"shipping-taxable","21":"purchasable","22":"product-type-simple"},"wcpa_form_fields":null,"brands":[{"id":897,"name":"B&amp;D-Batterien","slug":"byd"}],"_links":{"self":[{"href":"https:\/\/fvcomponentes.com\/de\/wp-json\/wp\/v2\/product\/34850","targetHints":{"allow":["GET"]}}],"collection":[{"href":"https:\/\/fvcomponentes.com\/de\/wp-json\/wp\/v2\/product"}],"about":[{"href":"https:\/\/fvcomponentes.com\/de\/wp-json\/wp\/v2\/types\/product"}],"replies":[{"embeddable":true,"href":"https:\/\/fvcomponentes.com\/de\/wp-json\/wp\/v2\/comments?post=34850"}],"wp:featuredmedia":[{"embeddable":true,"href":"https:\/\/fvcomponentes.com\/de\/wp-json\/wp\/v2\/media\/34860"}],"wp:attachment":[{"href":"https:\/\/fvcomponentes.com\/de\/wp-json\/wp\/v2\/media?parent=34850"}],"wp:term":[{"taxonomy":"pwb-brand","embeddable":true,"href":"https:\/\/fvcomponentes.com\/de\/wp-json\/wp\/v2\/pwb-brand?post=34850"},{"taxonomy":"product_brand","embeddable":true,"href":"https:\/\/fvcomponentes.com\/de\/wp-json\/wp\/v2\/product_brand?post=34850"},{"taxonomy":"product_cat","embeddable":true,"href":"https:\/\/fvcomponentes.com\/de\/wp-json\/wp\/v2\/product_cat?post=34850"},{"taxonomy":"product_tag","embeddable":true,"href":"https:\/\/fvcomponentes.com\/de\/wp-json\/wp\/v2\/product_tag?post=34850"}],"curies":[{"name":"wp","href":"https:\/\/api.w.org\/{rel}","templated":true}]}}