{"id":3482,"date":"2021-06-14T15:38:21","date_gmt":"2021-06-14T13:38:21","guid":{"rendered":"https:\/\/fvcomponentes.com\/producto\/inversor-victron-multiplus-24v-500va-10-16a-pmp241500000\/"},"modified":"2026-04-04T12:49:17","modified_gmt":"2026-04-04T10:49:17","slug":"wechselrichter-victron-multiplus-24v-500va-10-16a-pmp241500000","status":"publish","type":"product","link":"https:\/\/fvcomponentes.com\/de\/producto\/inversor-victron-multiplus-24v-500va-10-16a-pmp241500000\/","title":{"rendered":"Wechselrichter-Ladeger\u00e4t Victron Multiplus 24V 500VA 10A-16A - PMP241500000"},"content":{"rendered":"<section class=\"large-padding\">\n<div class=\"productDetail__header\">\n<div class=\"container\">\n<div class=\"productDetail__header__inner\">\n<div class=\"productDetail__content\">\n<div class=\"hidden-xs\">\n<section class=\"large-padding\">\n<div class=\"productDetail__header\">\n<div class=\"container\">\n<div class=\"productDetail__header__inner\">\n<div class=\"productDetail__content\">\n<div class=\"hidden-xs\">\n<h2>Victron Multiplus Wechselrichter 24V 500VA 10-16A<\/h2>\n<div class=\"productDetail__content-subheader\">\n<h2 class=\"productDetail__content-subheader-icon\">Multifunktional<\/h2>\n<\/div>\n<\/div>\n<div class=\"productDetail__content-desc\">Der neue Victron Multiplus Wechselrichter 24V 500VA 10-16A wurde entwickelt, um die bisherige MultiPlus Compact Reihe zu ersetzen. Er vereint in einem einzigen kompakten Geh\u00e4use einen leistungsstarken Sinus-Wechselrichter, ein hochentwickeltes Batterieladeger\u00e4t mit variabler Ladetechnik und einen Hochgeschwindigkeits-AC-Transferschalter.<\/div>\n<\/div>\n<\/div>\n<\/div>\n<\/div>\n<\/section>\n<div><\/div>\n<section class=\"productDetails__blocks\">\n<div class=\"container\">\n<div class=\"productDetails__block productDetails__block--image productDetails__block--right\">\n<div class=\"productDetails__block-content\">\n<h3>Paralleler Betrieb<\/h3>\n<p>Bis zu sechs Victron Multiplus 24V 500VA 10-16A Wechselrichter k\u00f6nnen parallel betrieben werden, um eine h\u00f6here Ausgangsleistung zu erzielen.<\/p>\n<p><strong><img decoding=\"async\" src=\"https:\/\/fvcomponentes.com\/wp-content\/uploads\/2022\/11\/Diagrama-Multiplus-Paralelo.png\" alt=\"\" title=\"\"><\/strong><\/p>\n<h3 class=\"productDetails__block-title\"><span class=\"productDetails__block-title-content\">Unterbrechungsfreier Wechselstrom (UPS-Funktion)<\/span><\/h3>\n<div class=\"productDetails__block-description\">\n<p>Im Falle eines Stromausfalls oder einer Abschaltung des Landstroms oder des Generators aktiviert sich der im Victron Multiplus 24V 500VA 10-16A Wechselrichter integrierte Wechselrichter automatisch und \u00fcbernimmt die Versorgung der angeschlossenen Verbraucher. Dies geschieht so schnell (weniger als 20 Millisekunden), dass Computer und andere elektronische Ger\u00e4te ohne Unterbrechung weiterarbeiten k\u00f6nnen.<\/p>\n<\/div>\n<\/div>\n<\/div>\n<div class=\"productDetails__block productDetails__block--image productDetails__block--left\">\n<div class=\"productDetails__block-content\">\n<h3 class=\"productDetails__block-title\"><span class=\"productDetails__block-title-content\">Fern\u00fcberwachung und -steuerung<\/span><\/h3>\n<div class=\"productDetails__block-description\">\n<p>Bei Anschluss an ein GX-Ger\u00e4t (z. B. ein <a href=\"https:\/\/fvcomponentes.com\/de\/produkt\/victron-cerbo-gx-mk2-bpp900451100-victron-cerbo-mk2-monitor\/\" target=\"_blank\" rel=\"noopener\">Victron Cerbo GX MK2 \u00dcberwachung - BPP900451100<\/a>) k\u00f6nnen Sie den Victron Multiplus Wechselrichter und Ihr(e) System(e) lokal (LAN) oder aus der Ferne \u00fcber das Internet von \u00fcberall auf der Welt mit der kostenlosen VRM App und dem <a href=\"https:\/\/vrm.victronenergy.com\/landingpage\" target=\"_blank\" rel=\"noopener\">kostenloses Portal VRM<\/a>. Der Zugriff kann von einem Telefon, Tablet oder PC mit verschiedenen Betriebssystemen aus erfolgen.<\/p>\n<p>Von der Einstellung des Victron Multiplus Wechselrichters 24V 500VA 10-16A bis hin zum automatischen Start eines Notstromaggregats sind der Kontrolle keine Grenzen gesetzt. Und vieles mehr...<\/p>\n<h3>Bew\u00e4hrte Zuverl\u00e4ssigkeit<\/h3>\n<p>Die Vollbr\u00fccken- und Ringkerntransformator-Topologie hat sich \u00fcber viele Jahre hinweg als zuverl\u00e4ssig erwiesen. Der Wechselrichter ist kurzschlussfest und gegen \u00dcberhitzung, entweder durch \u00dcberlast oder hohe Umgebungstemperatur, gesch\u00fctzt.<\/p>\n<h3>PowerControl - Begrenzte Stromversorgung durch Generator, Landstrom oder Netzstrom<\/h3>\n<p>\u00dcber das Multi Control Panel kann ein maximaler Strom vom Generator oder Landstrom eingestellt werden. Der Victron Multiplus Wechselrichter 24V 500VA 10-16A \u00fcbernimmt andere AC-Lasten und nutzt den \u00fcbersch\u00fcssigen Strom zum Laden, um eine \u00dcberlastung des Generators oder des Landstroms zu vermeiden.<\/p>\n<h3>PowerAssist - Erh\u00f6ht die elektrische Kapazit\u00e4t der Landstromsteckdose oder des Generators<\/h3>\n<p>Wenn f\u00fcr einen kurzen Zeitraum eine Leistungsspitze ben\u00f6tigt wird, wie es oft der Fall ist, gleicht der Victron Multiplus Wechselrichter 24V 500VA 10-16A sofort den m\u00f6glichen Mangel an Leistung aus dem Netzstrom oder Generator mit Leistung aus der Batterie aus. Wenn die Last reduziert wird, wird die \u00fcbersch\u00fcssige Leistung zum Aufladen der Batterie verwendet.<\/p>\n<h3>Variables vierstufiges Ladeger\u00e4t und Laden von zwei Batterieb\u00e4nken<\/h3>\n<p>Der Hauptausgang versorgt das Batteriesystem \u00fcber eine fortschrittliche \"variable Ladung\"-Software mit einer leistungsstarken Ladung. Die Software passt den automatischen dreistufigen Prozess an die Batteriebedingungen an und f\u00fcgt eine vierte Stufe f\u00fcr l\u00e4ngere Erhaltungsphasen hinzu.<\/p>\n<p>Dar\u00fcber hinaus kann das MultiPlus eine zweite Batterie \u00fcber einen separaten, begrenzten Ladeausgang aufladen, der f\u00fcr das Aufladen einer Starterbatterie \u00fcber den Hauptmotor oder den Generator ausgelegt ist.<\/p>\n<h3>Hohe Startleistung<\/h3>\n<p>Erforderlich f\u00fcr den Start von Lasten mit hohem Einschaltstrom, wie z. B. Konverter f\u00fcr LED-Lampen, Halogenlampen oder Elektrowerkzeuge.<\/p>\n<h3>Suchmodus<\/h3>\n<p>Wenn der Suchmodus aktiviert ist, sinkt der Verbrauch des Wechselrichters im Leerlaufbetrieb um ca. 70%. In diesem Modus schaltet sich der Victron Multiplus Wechselrichter 24V 500VA 10-16A im Wechselrichterbetrieb bei fehlender oder sehr geringer Last aus und schaltet sich alle zwei Sekunden f\u00fcr kurze Zeit wieder ein.<\/p>\n<p>\u00dcbersteigt der Ausgangsstrom einen voreingestellten Wert, arbeitet der Wechselrichter weiter. Andernfalls wird der Wechselrichter wieder abgeschaltet.<\/p>\n<h3>Programmierbares Relais<\/h3>\n<p>Das programmierbare Relais ist standardm\u00e4\u00dfig als Alarmrelais konfiguriert, d.h. das Relais f\u00e4llt im Falle eines Alarms oder Voralarms (Wechselrichter ist zu hei\u00df, Eingangswelligkeit ist fast zu hoch und Batteriespannung ist zu niedrig) ab.<\/p>\n<\/div>\n<\/div>\n<\/div>\n<h2>Datenblatt Victron Wechselrichter Multiplus 24V 500VA 10-16A - PMP241500000<\/h2>\n<div class=\"productDetails__block productDetails__block--image productDetails__block--left\">\n<div class=\"productDetails__block-content\">\n<p><a href=\"https:\/\/fvcomponentes.com\/wp-content\/uploads\/2021\/06\/Datasheet-MultiPlus-500VA-2000VA-ES.pdf\" target=\"_blank\" rel=\"noopener\">Datenblatt Wechselrichter Victron Multiplus 24V 500VA 10-16A<\/a><\/p>\n<\/div>\n<\/div>\n<\/div>\n<\/section>\n<\/div>\n<\/div>\n<\/div>\n<\/div>\n<\/div>\n<\/section>","protected":false},"excerpt":{"rendered":"<ul class=\"specification\">\n<li><strong>Kontinuierliche Leistungsabgabe:\u00a0<\/strong>500VA<\/li>\n<li><strong>Wechselrichter-Spitzenleistung:<\/strong> 900W<\/li>\n<li><strong>Betriebsspannung des Wechselrichters:<\/strong> 24V<\/li>\n<li><strong>Wechselrichter-Wirkungsgrad:<\/strong>\u00a0Reine Sinuswelle<\/li>\n<li><strong>Das Gewicht des Investors: <\/strong>4,4kg<\/li>\n<li><strong>Wechselrichter Abmessungen:<\/strong> 311 x 182 x 100 mm<\/li>\n<\/ul>","protected":false},"featured_media":3483,"comment_status":"open","ping_status":"closed","template":"","meta":{"site-sidebar-layout":"default","site-content-layout":"default","ast-site-content-layout":"default","site-content-style":"default","site-sidebar-style":"default","ast-global-header-display":"","ast-banner-title-visibility":"","ast-main-header-display":"","ast-hfb-above-header-display":"","ast-hfb-below-header-display":"","ast-hfb-mobile-header-display":"","site-post-title":"","ast-breadcrumbs-content":"","ast-featured-img":"","footer-sml-layout":"","ast-disable-related-posts":"","theme-transparent-header-meta":"default","adv-header-id-meta":"","stick-header-meta":"","header-above-stick-meta":"","header-main-stick-meta":"","header-below-stick-meta":"","astra-migrate-meta-layouts":"set","ast-page-background-enabled":"default","ast-page-background-meta":{"desktop":{"background-color":"var(--ast-global-color-4)","background-image":"","background-repeat":"repeat","background-position":"center center","background-size":"auto","background-attachment":"scroll","background-type":"","background-media":"","overlay-type":"","overlay-color":"","overlay-opacity":"","overlay-gradient":""},"tablet":{"background-color":"","background-image":"","background-repeat":"repeat","background-position":"center center","background-size":"auto","background-attachment":"scroll","background-type":"","background-media":"","overlay-type":"","overlay-color":"","overlay-opacity":"","overlay-gradient":""},"mobile":{"background-color":"","background-image":"","background-repeat":"repeat","background-position":"center center","background-size":"auto","background-attachment":"scroll","background-type":"","background-media":"","overlay-type":"","overlay-color":"","overlay-opacity":"","overlay-gradient":""}},"ast-content-background-meta":{"desktop":{"background-color":"var(--ast-global-color-5)","background-image":"","background-repeat":"repeat","background-position":"center center","background-size":"auto","background-attachment":"scroll","background-type":"","background-media":"","overlay-type":"","overlay-color":"","overlay-opacity":"","overlay-gradient":""},"tablet":{"background-color":"var(--ast-global-color-5)","background-image":"","background-repeat":"repeat","background-position":"center center","background-size":"auto","background-attachment":"scroll","background-type":"","background-media":"","overlay-type":"","overlay-color":"","overlay-opacity":"","overlay-gradient":""},"mobile":{"background-color":"var(--ast-global-color-5)","background-image":"","background-repeat":"repeat","background-position":"center center","background-size":"auto","background-attachment":"scroll","background-type":"","background-media":"","overlay-type":"","overlay-color":"","overlay-opacity":"","overlay-gradient":""}}},"pwb-brand":[332],"product_brand":[],"product_cat":[390,333],"product_tag":[],"class_list":{"0":"post-3482","1":"product","2":"type-product","3":"status-publish","4":"has-post-thumbnail","6":"pwb-brand-victron","7":"product_cat-inversores-cargadores-24v","8":"product_cat-inversores","9":"desktop-align-left","10":"tablet-align-left","11":"mobile-align-left","12":"ast-product-gallery-layout-horizontal-slider","13":"ast-product-gallery-with-no-image","14":"ast-product-tabs-layout-horizontal","16":"first","17":"instock","18":"taxable","19":"shipping-taxable","20":"purchasable","21":"product-type-simple"},"wcpa_form_fields":null,"brands":[{"id":332,"name":"Victron Energie","slug":"victron"}],"_links":{"self":[{"href":"https:\/\/fvcomponentes.com\/de\/wp-json\/wp\/v2\/product\/3482","targetHints":{"allow":["GET"]}}],"collection":[{"href":"https:\/\/fvcomponentes.com\/de\/wp-json\/wp\/v2\/product"}],"about":[{"href":"https:\/\/fvcomponentes.com\/de\/wp-json\/wp\/v2\/types\/product"}],"replies":[{"embeddable":true,"href":"https:\/\/fvcomponentes.com\/de\/wp-json\/wp\/v2\/comments?post=3482"}],"wp:featuredmedia":[{"embeddable":true,"href":"https:\/\/fvcomponentes.com\/de\/wp-json\/wp\/v2\/media\/3483"}],"wp:attachment":[{"href":"https:\/\/fvcomponentes.com\/de\/wp-json\/wp\/v2\/media?parent=3482"}],"wp:term":[{"taxonomy":"pwb-brand","embeddable":true,"href":"https:\/\/fvcomponentes.com\/de\/wp-json\/wp\/v2\/pwb-brand?post=3482"},{"taxonomy":"product_brand","embeddable":true,"href":"https:\/\/fvcomponentes.com\/de\/wp-json\/wp\/v2\/product_brand?post=3482"},{"taxonomy":"product_cat","embeddable":true,"href":"https:\/\/fvcomponentes.com\/de\/wp-json\/wp\/v2\/product_cat?post=3482"},{"taxonomy":"product_tag","embeddable":true,"href":"https:\/\/fvcomponentes.com\/de\/wp-json\/wp\/v2\/product_tag?post=3482"}],"curies":[{"name":"wp","href":"https:\/\/api.w.org\/{rel}","templated":true}]}}