{"id":3478,"date":"2021-06-11T10:21:14","date_gmt":"2021-06-11T08:21:14","guid":{"rendered":"https:\/\/fvcomponentes.com\/producto\/fusible-cilindrico-10x38mm-12a\/"},"modified":"2024-09-06T13:54:56","modified_gmt":"2024-09-06T11:54:56","slug":"zylindrische-sicherung-10x38mm-12a","status":"publish","type":"product","link":"https:\/\/fvcomponentes.com\/de\/producto\/fusible-cilindrico-10x38mm-12a\/","title":{"rendered":"Zylindrische Sicherung 10x38mm. 12A 1000Vdc Crady Spezial-Photovoltaik - 01 18005"},"content":{"rendered":"<h2>Zylindrische Sicherung 10x38mm.  12A 1000Vdc Crady Spezial-Photovoltaik<\/h2>\n<p>Zylindrische Patronensicherung 10x38mm und Nennstrom von 12A mit Schutzkurve Klasse gG f\u00fcr Gleichstr\u00f6me. Zylindrische Sicherung 10x38mm. 12A ist f\u00fcr den Schutz von Leitungen oder Ger\u00e4ten mit Spannungen bis zu 1000Vdc geeignet. Sie bietet Schutz gegen \u00dcberlast und Kurzschluss mit einem Ausschaltverm\u00f6gen von 120kA. Keramik mit hoher Temperaturwechselbest\u00e4ndigkeit und Druckfestigkeit. Kapselkontakte aus versilbertem Kupfer. Hochreiner, chemisch behandelter Quarzsand als Lichtbogen-L\u00f6schmittel.<\/p>\n<p>Speziell f\u00fcr Fotovoltaikanlagen entwickelt. Sch\u00fctzt die installierten Ger\u00e4te vor m\u00f6glichen \u00dcberlastungen der Paneele, wenn die Spannung 12 A \u00fcberschreitet.<\/p>\n<p>F\u00fcr die\u00a0<a href=\"https:\/\/fvcomponentes.com\/de\/produkt\/10x38mm-32a-zylindrischer-sicherungshalter-df-electric-485150\/\" target=\"_blank\" rel=\"noopener\">Zylindrischer Sicherungshalter Sockel 10x38mm. Spezial-Photovoltaik 32A - DF Electric - 485150<\/a><\/p>","protected":false},"excerpt":{"rendered":"<ul>\n<li><strong>Maximale Intensit\u00e4t:<\/strong> 12A.<\/li>\n<li><strong>Maximale Spannung:<\/strong> 1000V.<\/li>\n<li><strong>Abmessungen:<\/strong>\u00a0 10\u00d732 mm<\/li>\n<li><strong>Insbesondere f\u00fcr Gleichstrom und Photovoltaik.<\/strong><\/li>\n<\/ul>","protected":false},"featured_media":3479,"comment_status":"open","ping_status":"closed","template":"","meta":{"site-sidebar-layout":"default","site-content-layout":"default","ast-site-content-layout":"default","site-content-style":"default","site-sidebar-style":"default","ast-global-header-display":"","ast-banner-title-visibility":"","ast-main-header-display":"","ast-hfb-above-header-display":"","ast-hfb-below-header-display":"","ast-hfb-mobile-header-display":"","site-post-title":"","ast-breadcrumbs-content":"","ast-featured-img":"","footer-sml-layout":"","ast-disable-related-posts":"","theme-transparent-header-meta":"default","adv-header-id-meta":"","stick-header-meta":"","header-above-stick-meta":"","header-main-stick-meta":"","header-below-stick-meta":"","astra-migrate-meta-layouts":"set","ast-page-background-enabled":"default","ast-page-background-meta":{"desktop":{"background-color":"var(--ast-global-color-4)","background-image":"","background-repeat":"repeat","background-position":"center center","background-size":"auto","background-attachment":"scroll","background-type":"","background-media":"","overlay-type":"","overlay-color":"","overlay-opacity":"","overlay-gradient":""},"tablet":{"background-color":"","background-image":"","background-repeat":"repeat","background-position":"center center","background-size":"auto","background-attachment":"scroll","background-type":"","background-media":"","overlay-type":"","overlay-color":"","overlay-opacity":"","overlay-gradient":""},"mobile":{"background-color":"","background-image":"","background-repeat":"repeat","background-position":"center center","background-size":"auto","background-attachment":"scroll","background-type":"","background-media":"","overlay-type":"","overlay-color":"","overlay-opacity":"","overlay-gradient":""}},"ast-content-background-meta":{"desktop":{"background-color":"var(--ast-global-color-5)","background-image":"","background-repeat":"repeat","background-position":"center center","background-size":"auto","background-attachment":"scroll","background-type":"","background-media":"","overlay-type":"","overlay-color":"","overlay-opacity":"","overlay-gradient":""},"tablet":{"background-color":"var(--ast-global-color-5)","background-image":"","background-repeat":"repeat","background-position":"center center","background-size":"auto","background-attachment":"scroll","background-type":"","background-media":"","overlay-type":"","overlay-color":"","overlay-opacity":"","overlay-gradient":""},"mobile":{"background-color":"var(--ast-global-color-5)","background-image":"","background-repeat":"repeat","background-position":"center center","background-size":"auto","background-attachment":"scroll","background-type":"","background-media":"","overlay-type":"","overlay-color":"","overlay-opacity":"","overlay-gradient":""}}},"pwb-brand":[],"product_brand":[],"product_cat":[862,987,410],"product_tag":[],"class_list":{"0":"post-3478","1":"product","2":"type-product","3":"status-publish","4":"has-post-thumbnail","6":"product_cat-fusibles","7":"product_cat-fusibles-cilindricos","8":"product_cat-material-electrico","9":"desktop-align-left","10":"tablet-align-left","11":"mobile-align-left","12":"ast-product-gallery-layout-horizontal-slider","13":"ast-product-gallery-with-no-image","14":"ast-product-tabs-layout-horizontal","16":"first","17":"instock","18":"taxable","19":"shipping-taxable","20":"purchasable","21":"product-type-simple"},"wcpa_form_fields":null,"brands":[],"_links":{"self":[{"href":"https:\/\/fvcomponentes.com\/de\/wp-json\/wp\/v2\/product\/3478","targetHints":{"allow":["GET"]}}],"collection":[{"href":"https:\/\/fvcomponentes.com\/de\/wp-json\/wp\/v2\/product"}],"about":[{"href":"https:\/\/fvcomponentes.com\/de\/wp-json\/wp\/v2\/types\/product"}],"replies":[{"embeddable":true,"href":"https:\/\/fvcomponentes.com\/de\/wp-json\/wp\/v2\/comments?post=3478"}],"wp:featuredmedia":[{"embeddable":true,"href":"https:\/\/fvcomponentes.com\/de\/wp-json\/wp\/v2\/media\/3479"}],"wp:attachment":[{"href":"https:\/\/fvcomponentes.com\/de\/wp-json\/wp\/v2\/media?parent=3478"}],"wp:term":[{"taxonomy":"pwb-brand","embeddable":true,"href":"https:\/\/fvcomponentes.com\/de\/wp-json\/wp\/v2\/pwb-brand?post=3478"},{"taxonomy":"product_brand","embeddable":true,"href":"https:\/\/fvcomponentes.com\/de\/wp-json\/wp\/v2\/product_brand?post=3478"},{"taxonomy":"product_cat","embeddable":true,"href":"https:\/\/fvcomponentes.com\/de\/wp-json\/wp\/v2\/product_cat?post=3478"},{"taxonomy":"product_tag","embeddable":true,"href":"https:\/\/fvcomponentes.com\/de\/wp-json\/wp\/v2\/product_tag?post=3478"}],"curies":[{"name":"wp","href":"https:\/\/api.w.org\/{rel}","templated":true}]}}