{"id":3464,"date":"2021-06-10T15:06:22","date_gmt":"2021-06-10T13:06:22","guid":{"rendered":"https:\/\/fvcomponentes.com\/producto\/inversor-victron-multiplus-12v-2000va-80-32a-pmp122200000\/"},"modified":"2026-04-08T21:36:56","modified_gmt":"2026-04-08T19:36:56","slug":"wechselrichter-victron-multiplus-12v-2000va-80-32a-pmp122200000","status":"publish","type":"product","link":"https:\/\/fvcomponentes.com\/de\/producto\/inversor-victron-multiplus-12v-2000va-80-32a-pmp122200000\/","title":{"rendered":"Wechselrichter-Ladeger\u00e4t Victron Multiplus 12V 2000VA 80A-32A - PMP122200000"},"content":{"rendered":"<section class=\"large-padding\">\n<div class=\"productDetail__header\">\n<div class=\"container\">\n<div class=\"productDetail__header__inner\">\n<div class=\"productDetail__content\">\n<div class=\"hidden-xs\">\n<section class=\"large-padding\">\n<div class=\"productDetail__header\">\n<div class=\"container\">\n<div class=\"productDetail__header__inner\">\n<div class=\"productDetail__content\">\n<div class=\"hidden-xs\">\n<h2>Wechselrichter Victron Multiplus 12V 2000VA 80-32A PMP122200000<\/h2>\n<p>&nbsp;<\/p>\n<h3 class=\"productDetail__content-subheader-icon\">Multifunktional<\/h3>\n<\/div>\n<p class=\"productDetail__content-desc\">Der neue Victron Multiplus 12V 2000VA 80-32A Wechselrichter wurde entwickelt, um die vorherige MultiPlus Compact Reihe zu ersetzen. Er vereint in einem einzigen kompakten Geh\u00e4use einen leistungsstarken Sinus-Wechselrichter, ein hochentwickeltes Batterieladeger\u00e4t mit variabler Ladetechnologie und einen Hochgeschwindigkeits-AC-Umschalter.<\/p>\n<h2>Parallelbetrieb und dreiphasige Option<\/h2>\n<p class=\"productDetail__content-desc\"><span style=\"font-size: 16px\">Bis zu sechs Multiplus 12V 2000VA 80-32A k\u00f6nnen parallel betrieben werden, um eine h\u00f6here Ausgangsleistung zu erzielen. Zus\u00e4tzlich zur Parallelschaltung k\u00f6nnen drei Ger\u00e4te f\u00fcr einen dreiphasigen Ausgang konfiguriert werden, indem jeder Wechselrichter einer der drei Phasen zugeordnet wird.<\/span><\/p>\n<\/div>\n<\/div>\n<\/div>\n<\/div>\n<\/section>\n<section class=\"productDetails__blocks\">\n<div class=\"container\">\n<div class=\"productDetails__block productDetails__block--image productDetails__block--right\">\n<div class=\"productDetails__block-content\">\n<p><strong><img decoding=\"async\" src=\"https:\/\/fvcomponentes.com\/wp-content\/uploads\/2022\/11\/Diagrama-Multiplus-trifasico.png\" alt=\"\" title=\"\"><img decoding=\"async\" src=\"https:\/\/fvcomponentes.com\/wp-content\/uploads\/2022\/11\/Diagrama-Multiplus-Paralelo.png\" alt=\"\" title=\"\"><\/strong><\/p>\n<h3 class=\"productDetails__block-title\"><span class=\"productDetails__block-title-content\">Unterbrechungsfreier Wechselstrom (UPS-Funktion)<\/span><\/h3>\n<div class=\"productDetails__block-description\">\n<p>Im Falle eines Stromausfalls oder einer Unterbrechung der Landstromversorgung oder des Generators aktiviert sich der im Victron Multiplus Wechselrichter 12V 2000VA 80-32A integrierte Wechselrichter automatisch und \u00fcbernimmt die Versorgung der angeschlossenen Verbraucher. Dies geschieht so schnell (weniger als 20 Millisekunden), dass Computer und andere elektronische Ger\u00e4te ohne Unterbrechung weiterarbeiten k\u00f6nnen.<\/p>\n<\/div>\n<\/div>\n<\/div>\n<div class=\"productDetails__block productDetails__block--image productDetails__block--left\">\n<div class=\"productDetails__block-content\">\n<h3 class=\"productDetails__block-title\"><span class=\"productDetails__block-title-content\">Fern\u00fcberwachung und -steuerung<\/span><\/h3>\n<div class=\"productDetails__block-description\">\n<p>Bei Anschluss an ein GX-Ger\u00e4t (z. B. ein <a href=\"https:\/\/fvcomponentes.com\/de\/produkt\/victron-cerbo-gx-mk2-bpp900451100-victron-cerbo-mk2-monitor\/\" target=\"_blank\" rel=\"noopener\">Victron Cerbo GX MK2 \u00dcberwachung - BPP900451100<\/a>) k\u00f6nnen Sie den Victron Multiplus Wechselrichter und Ihr(e) System(e) lokal (LAN) oder aus der Ferne \u00fcber das Internet von \u00fcberall auf der Welt mit der kostenlosen VRM App und dem <a href=\"https:\/\/vrm.victronenergy.com\/landingpage\" target=\"_blank\" rel=\"noopener\">kostenloses Portal VRM<\/a>. Der Zugriff kann \u00fcber ein Telefon, ein Tablet oder einen PC mit verschiedenen Betriebssystemen erfolgen. Die M\u00f6glichkeiten der Steuerung sind grenzenlos, von der Einstellung des Victron Multiplus Wechselrichters 12V 2000VA 80-32A bis zum automatischen Start eines Notstromaggregats. Und vieles mehr...<\/p>\n<h3>Bew\u00e4hrte Zuverl\u00e4ssigkeit<\/h3>\n<p>Die Vollbr\u00fccken- und Ringkerntransformator-Topologie hat sich \u00fcber viele Jahre hinweg als zuverl\u00e4ssig erwiesen. Der Wechselrichter ist kurzschlussfest und gegen \u00dcberhitzung, entweder durch \u00dcberlast oder hohe Umgebungstemperatur, gesch\u00fctzt.<\/p>\n<h3>PowerControl - Begrenzte Stromversorgung durch Generator, Landstrom oder Netzstrom<\/h3>\n<p>\u00dcber das Multi Control Panel kann ein maximaler Strom vom Generator oder der Anlegestelle eingestellt werden. Der Victron Multiplus Wechselrichter 12V 2000VA 80-32A \u00fcbernimmt andere AC-Lasten und nutzt den \u00fcbersch\u00fcssigen Strom zum Laden, um eine \u00dcberlastung des Generators oder des Landstroms zu vermeiden.<\/p>\n<h3>PowerAssist - Erh\u00f6ht die elektrische Kapazit\u00e4t der Landstromsteckdose oder des Generators<\/h3>\n<p>Wenn f\u00fcr einen kurzen Zeitraum eine Leistungsspitze ben\u00f6tigt wird, wie es oft der Fall ist, gleicht der Victron Multiplus Wechselrichter 12V 2000VA 80-32A die m\u00f6glicherweise fehlende Leistung des Netzstroms oder des Generators sofort mit Strom aus der Batterie aus. Wenn die Last reduziert wird, wird die \u00fcbersch\u00fcssige Leistung zum Aufladen der Batterie verwendet.<\/p>\n<h3>Variables vierstufiges Ladeger\u00e4t und Laden von zwei Batterieb\u00e4nken<\/h3>\n<p>Der Hauptausgang versorgt das Batteriesystem mit einer leistungsstarken Ladung \u00fcber eine fortschrittliche \"variable Ladung\"-Software. Die Software passt den automatischen dreistufigen Prozess an die Batteriebedingungen an und f\u00fcgt eine vierte Stufe f\u00fcr l\u00e4ngere Pufferzeiten hinzu. Dar\u00fcber hinaus kann das MultiPlus eine zweite Batterie \u00fcber einen separaten, begrenzten Ladeausgang laden, der f\u00fcr die Ladung einer Starterbatterie \u00fcber den Hauptmotor oder den Generator ausgelegt ist.<\/p>\n<h3>Hohe Startleistung<\/h3>\n<p>Erforderlich f\u00fcr den Start von Lasten mit hohem Einschaltstrom, wie z. B. Konverter f\u00fcr LED-Lampen, Halogenlampen oder Elektrowerkzeuge.<\/p>\n<h3>Suchmodus<\/h3>\n<p>Wenn der Suchmodus aktiviert ist, sinkt der Verbrauch des Wechselrichters im Leerlaufbetrieb um ca. 70%. In diesem Modus schaltet sich der Victron Multiplus Wechselrichter 12V 2000VA 80-32A im Wechselrichterbetrieb aus, wenn keine oder nur geringe Last vorhanden ist, und schaltet sich alle zwei Sekunden f\u00fcr eine kurze Zeit wieder ein. Wenn der Ausgangsstrom einen voreingestellten Wert \u00fcberschreitet, arbeitet der Wechselrichter weiter. Andernfalls schaltet sich der Wechselrichter wieder ab.<\/p>\n<h3>Programmierbares Relais<\/h3>\n<p>Das programmierbare Relais ist standardm\u00e4\u00dfig als Alarmrelais konfiguriert, d.h. das Relais f\u00e4llt im Falle eines Alarms oder Voralarms (Wechselrichter ist zu hei\u00df, Eingangswelligkeit ist fast zu hoch und Batteriespannung ist zu niedrig) ab.<\/p>\n<h3>Datenblatt Victron Multiplus 12V 2000VA 80-32A Wechselrichter PMP122200000<\/h3>\n<\/div>\n<p><a href=\"https:\/\/fvcomponentes.com\/wp-content\/uploads\/2023\/03\/Datasheet-MultiPlus-500VA-2000VA-ES.pdf\" target=\"_blank\" rel=\"noopener\">Datenblatt Victron Multiplus 12V 2000VA 80-32A Wechselrichter PMP122200000<\/a><\/p>\n<\/div>\n<\/div>\n<\/div>\n<\/section>\n<\/div>\n<\/div>\n<\/div>\n<\/div>\n<\/div>\n<\/section>\n<section class=\"productDetails__blocks\">\n<div class=\"container\">\n<div class=\"productDetails__block productDetails__block--image productDetails__block--left\">\n<div class=\"productDetails__block-content\">\n<h2>Victron Multiplus Schaltplan f\u00fcr Wohnmobile im PDF-Format herunterladen<\/h2>\n<p>Besuchen Sie unseren Blog und laden Sie das PDF-Schema f\u00fcr die Verkabelung und den Anschluss Ihres Victron Multiplus Wechselrichters in einem Wohnmobil herunter. Sie finden den Schaltplan und viele weitere technische Informationen in unserem neuen Blog-Bereich.<\/p>\n<p>Klicken Sie zum Herunterladen unserer <a href=\"https:\/\/fvcomponentes.com\/de\/victron-multiplus-schaltplan\/\" target=\"_blank\" rel=\"noopener\">Schaltplan Victron Multiplus<\/a> unseres Blogs.<\/p>\n<\/div>\n<\/div>\n<\/div>\n<\/section>","protected":false},"excerpt":{"rendered":"<ul class=\"specification\">\n<li><strong>Wechselrichter-Spitzenleistung:<\/strong> 3500W<\/li>\n<li><strong>Betriebsspannung des Wechselrichters:<\/strong>\u00a012V<\/li>\n<li><strong>Kontinuierliche Leistungsabgabe:\u00a0<\/strong>2000VA<\/li>\n<li><strong>Wechselrichter-Wirkungsgrad:<\/strong>\u00a0Reine Sinuswelle<\/li>\n<li><strong>Das Gewicht des Investors:\u00a0<\/strong>16 kg<\/li>\n<li><strong>Wechselrichter Abmessungen:<\/strong> 506x236x147 mm<\/li>\n<\/ul>","protected":false},"featured_media":3465,"comment_status":"open","ping_status":"closed","template":"","meta":{"site-sidebar-layout":"default","site-content-layout":"default","ast-site-content-layout":"default","site-content-style":"default","site-sidebar-style":"default","ast-global-header-display":"","ast-banner-title-visibility":"","ast-main-header-display":"","ast-hfb-above-header-display":"","ast-hfb-below-header-display":"","ast-hfb-mobile-header-display":"","site-post-title":"","ast-breadcrumbs-content":"","ast-featured-img":"","footer-sml-layout":"","ast-disable-related-posts":"","theme-transparent-header-meta":"default","adv-header-id-meta":"","stick-header-meta":"","header-above-stick-meta":"","header-main-stick-meta":"","header-below-stick-meta":"","astra-migrate-meta-layouts":"set","ast-page-background-enabled":"default","ast-page-background-meta":{"desktop":{"background-color":"var(--ast-global-color-4)","background-image":"","background-repeat":"repeat","background-position":"center center","background-size":"auto","background-attachment":"scroll","background-type":"","background-media":"","overlay-type":"","overlay-color":"","overlay-opacity":"","overlay-gradient":""},"tablet":{"background-color":"","background-image":"","background-repeat":"repeat","background-position":"center center","background-size":"auto","background-attachment":"scroll","background-type":"","background-media":"","overlay-type":"","overlay-color":"","overlay-opacity":"","overlay-gradient":""},"mobile":{"background-color":"","background-image":"","background-repeat":"repeat","background-position":"center center","background-size":"auto","background-attachment":"scroll","background-type":"","background-media":"","overlay-type":"","overlay-color":"","overlay-opacity":"","overlay-gradient":""}},"ast-content-background-meta":{"desktop":{"background-color":"var(--ast-global-color-5)","background-image":"","background-repeat":"repeat","background-position":"center center","background-size":"auto","background-attachment":"scroll","background-type":"","background-media":"","overlay-type":"","overlay-color":"","overlay-opacity":"","overlay-gradient":""},"tablet":{"background-color":"var(--ast-global-color-5)","background-image":"","background-repeat":"repeat","background-position":"center center","background-size":"auto","background-attachment":"scroll","background-type":"","background-media":"","overlay-type":"","overlay-color":"","overlay-opacity":"","overlay-gradient":""},"mobile":{"background-color":"var(--ast-global-color-5)","background-image":"","background-repeat":"repeat","background-position":"center center","background-size":"auto","background-attachment":"scroll","background-type":"","background-media":"","overlay-type":"","overlay-color":"","overlay-opacity":"","overlay-gradient":""}}},"pwb-brand":[332],"product_brand":[],"product_cat":[388,333],"product_tag":[],"class_list":{"0":"post-3464","1":"product","2":"type-product","3":"status-publish","4":"has-post-thumbnail","6":"pwb-brand-victron","7":"product_cat-inversores-cargadores-12v","8":"product_cat-inversores","9":"desktop-align-left","10":"tablet-align-left","11":"mobile-align-left","12":"ast-product-gallery-layout-horizontal-slider","13":"ast-product-tabs-layout-horizontal","15":"first","16":"instock","17":"taxable","18":"shipping-taxable","19":"purchasable","20":"product-type-simple"},"wcpa_form_fields":null,"brands":[{"id":332,"name":"Victron Energie","slug":"victron"}],"_links":{"self":[{"href":"https:\/\/fvcomponentes.com\/de\/wp-json\/wp\/v2\/product\/3464","targetHints":{"allow":["GET"]}}],"collection":[{"href":"https:\/\/fvcomponentes.com\/de\/wp-json\/wp\/v2\/product"}],"about":[{"href":"https:\/\/fvcomponentes.com\/de\/wp-json\/wp\/v2\/types\/product"}],"replies":[{"embeddable":true,"href":"https:\/\/fvcomponentes.com\/de\/wp-json\/wp\/v2\/comments?post=3464"}],"wp:featuredmedia":[{"embeddable":true,"href":"https:\/\/fvcomponentes.com\/de\/wp-json\/wp\/v2\/media\/3465"}],"wp:attachment":[{"href":"https:\/\/fvcomponentes.com\/de\/wp-json\/wp\/v2\/media?parent=3464"}],"wp:term":[{"taxonomy":"pwb-brand","embeddable":true,"href":"https:\/\/fvcomponentes.com\/de\/wp-json\/wp\/v2\/pwb-brand?post=3464"},{"taxonomy":"product_brand","embeddable":true,"href":"https:\/\/fvcomponentes.com\/de\/wp-json\/wp\/v2\/product_brand?post=3464"},{"taxonomy":"product_cat","embeddable":true,"href":"https:\/\/fvcomponentes.com\/de\/wp-json\/wp\/v2\/product_cat?post=3464"},{"taxonomy":"product_tag","embeddable":true,"href":"https:\/\/fvcomponentes.com\/de\/wp-json\/wp\/v2\/product_tag?post=3464"}],"curies":[{"name":"wp","href":"https:\/\/api.w.org\/{rel}","templated":true}]}}