{"id":3458,"date":"2021-06-11T10:55:28","date_gmt":"2021-06-11T08:55:28","guid":{"rendered":"https:\/\/fvcomponentes.com\/producto\/fusible-cilindrico-22x58mm-40a-gave-32f40gl\/"},"modified":"2025-09-23T11:13:50","modified_gmt":"2025-09-23T09:13:50","slug":"zylindrische-sicherung-22x58mm-40a-gab-32f40gl","status":"publish","type":"product","link":"https:\/\/fvcomponentes.com\/de\/producto\/fusible-cilindrico-22x58mm-40a-gave-32f40gl\/","title":{"rendered":"Zylindrische Sicherung 22x58mm. 40A. Gabe - 32F40GL"},"content":{"rendered":"<p><strong>Zylindrische Sicherung 22x58mm. 40A. Gab<\/strong><\/p>\n<p>Zylindrische Sicherungskassette 22x58mm. 40A. Gave und Nennstrom von 40A mit Schutzkurve Klasse gG. Geeignet f\u00fcr den Schutz von Leitungen oder Ger\u00e4ten f\u00fcr Spannungen bis zu 690V. Bietet \u00dcberlast- und Kurzschlussschutz mit 120kA Ausschaltverm\u00f6gen. Keramik mit hoher Temperaturwechselbest\u00e4ndigkeit und Druckfestigkeit. Versilberte Kupferkapselkontakte.<\/p>\n<p>F\u00fcr die <a href=\"https:\/\/fvcomponentes.com\/de\/produkt\/zylindrischer-sicherungshalter-sockel-22x58mm-125a-gab-231\/\" target=\"_blank\" rel=\"noopener\">Zylindrische Sicherungshalter 22x58mm. 125A - Gave - 231.<\/a><\/p>\n<h2>Technisches Datenblatt Zylindrische Sicherung 22x58mm. 40A. Gabe - 32F40GL<\/h2>\n<p><a href=\"https:\/\/fvcomponentes.com\/wp-content\/uploads\/2025\/09\/32F40GL.pdf\" target=\"_blank\" rel=\"noopener\">Siehe technisches Datenblatt f\u00fcr Zylindrische Sicherung 22x58mm. 40A. Gabe<\/a><\/p>","protected":false},"excerpt":{"rendered":"<ul>\n<li><strong>Maximale Intensit\u00e4t:<\/strong> 690V.<\/li>\n<li><strong>Maximale Spannung:<\/strong> 40A<\/li>\n<li><strong>Abmessungen:<\/strong> 22 x 58 mm<\/li>\n<\/ul>","protected":false},"featured_media":3459,"comment_status":"open","ping_status":"closed","template":"","meta":{"site-sidebar-layout":"default","site-content-layout":"","ast-site-content-layout":"default","site-content-style":"default","site-sidebar-style":"default","ast-global-header-display":"","ast-banner-title-visibility":"","ast-main-header-display":"","ast-hfb-above-header-display":"","ast-hfb-below-header-display":"","ast-hfb-mobile-header-display":"","site-post-title":"","ast-breadcrumbs-content":"","ast-featured-img":"","footer-sml-layout":"","ast-disable-related-posts":"","theme-transparent-header-meta":"default","adv-header-id-meta":"","stick-header-meta":"","header-above-stick-meta":"","header-main-stick-meta":"","header-below-stick-meta":"","astra-migrate-meta-layouts":"set","ast-page-background-enabled":"default","ast-page-background-meta":{"desktop":{"background-color":"var(--ast-global-color-4)","background-image":"","background-repeat":"repeat","background-position":"center center","background-size":"auto","background-attachment":"scroll","background-type":"","background-media":"","overlay-type":"","overlay-color":"","overlay-opacity":"","overlay-gradient":""},"tablet":{"background-color":"","background-image":"","background-repeat":"repeat","background-position":"center center","background-size":"auto","background-attachment":"scroll","background-type":"","background-media":"","overlay-type":"","overlay-color":"","overlay-opacity":"","overlay-gradient":""},"mobile":{"background-color":"","background-image":"","background-repeat":"repeat","background-position":"center center","background-size":"auto","background-attachment":"scroll","background-type":"","background-media":"","overlay-type":"","overlay-color":"","overlay-opacity":"","overlay-gradient":""}},"ast-content-background-meta":{"desktop":{"background-color":"var(--ast-global-color-5)","background-image":"","background-repeat":"repeat","background-position":"center center","background-size":"auto","background-attachment":"scroll","background-type":"","background-media":"","overlay-type":"","overlay-color":"","overlay-opacity":"","overlay-gradient":""},"tablet":{"background-color":"var(--ast-global-color-5)","background-image":"","background-repeat":"repeat","background-position":"center center","background-size":"auto","background-attachment":"scroll","background-type":"","background-media":"","overlay-type":"","overlay-color":"","overlay-opacity":"","overlay-gradient":""},"mobile":{"background-color":"var(--ast-global-color-5)","background-image":"","background-repeat":"repeat","background-position":"center center","background-size":"auto","background-attachment":"scroll","background-type":"","background-media":"","overlay-type":"","overlay-color":"","overlay-opacity":"","overlay-gradient":""}}},"pwb-brand":[],"product_brand":[],"product_cat":[862,987,410],"product_tag":[],"class_list":{"0":"post-3458","1":"product","2":"type-product","3":"status-publish","4":"has-post-thumbnail","6":"product_cat-fusibles","7":"product_cat-fusibles-cilindricos","8":"product_cat-material-electrico","9":"desktop-align-left","10":"tablet-align-left","11":"mobile-align-left","12":"ast-product-gallery-layout-horizontal-slider","13":"ast-product-gallery-with-no-image","14":"ast-product-tabs-layout-horizontal","16":"first","17":"instock","18":"taxable","19":"shipping-taxable","20":"purchasable","21":"product-type-simple"},"wcpa_form_fields":null,"brands":[],"_links":{"self":[{"href":"https:\/\/fvcomponentes.com\/de\/wp-json\/wp\/v2\/product\/3458","targetHints":{"allow":["GET"]}}],"collection":[{"href":"https:\/\/fvcomponentes.com\/de\/wp-json\/wp\/v2\/product"}],"about":[{"href":"https:\/\/fvcomponentes.com\/de\/wp-json\/wp\/v2\/types\/product"}],"replies":[{"embeddable":true,"href":"https:\/\/fvcomponentes.com\/de\/wp-json\/wp\/v2\/comments?post=3458"}],"wp:featuredmedia":[{"embeddable":true,"href":"https:\/\/fvcomponentes.com\/de\/wp-json\/wp\/v2\/media\/3459"}],"wp:attachment":[{"href":"https:\/\/fvcomponentes.com\/de\/wp-json\/wp\/v2\/media?parent=3458"}],"wp:term":[{"taxonomy":"pwb-brand","embeddable":true,"href":"https:\/\/fvcomponentes.com\/de\/wp-json\/wp\/v2\/pwb-brand?post=3458"},{"taxonomy":"product_brand","embeddable":true,"href":"https:\/\/fvcomponentes.com\/de\/wp-json\/wp\/v2\/product_brand?post=3458"},{"taxonomy":"product_cat","embeddable":true,"href":"https:\/\/fvcomponentes.com\/de\/wp-json\/wp\/v2\/product_cat?post=3458"},{"taxonomy":"product_tag","embeddable":true,"href":"https:\/\/fvcomponentes.com\/de\/wp-json\/wp\/v2\/product_tag?post=3458"}],"curies":[{"name":"wp","href":"https:\/\/api.w.org\/{rel}","templated":true}]}}